{"id":2203,"date":"2015-10-24T21:33:20","date_gmt":"2015-10-24T21:33:20","guid":{"rendered":"https:\/\/frouharlaw.com\/nuestro-equipo\/mash-frouhar\/"},"modified":"2023-03-02T19:25:04","modified_gmt":"2023-03-02T19:25:04","slug":"mash-frouhar","status":"publish","type":"page","link":"https:\/\/frouharlaw.com\/es\/nuestro-equipo\/mash-frouhar\/","title":{"rendered":"Mash Frouhar"},"content":{"rendered":"\t\t<div data-elementor-type=\"wp-page\" data-elementor-id=\"2203\" class=\"elementor elementor-2203 elementor-40\" data-elementor-post-type=\"page\">\n\t\t\t\t\t\t<section data-particle_enable=\"false\" data-particle-mobile-disabled=\"false\" class=\"elementor-section elementor-top-section elementor-element elementor-element-104aafa elementor-section-height-min-height elementor-section-boxed elementor-section-height-default elementor-section-items-middle\" data-id=\"104aafa\" data-element_type=\"section\" data-e-type=\"section\" data-settings=\"{&quot;background_background&quot;:&quot;classic&quot;}\">\n\t\t\t\t\t\t\t<div class=\"elementor-background-overlay\"><\/div>\n\t\t\t\t\t\t\t<div class=\"elementor-container elementor-column-gap-default\">\n\t\t\t\t\t<div class=\"elementor-column elementor-col-100 elementor-top-column elementor-element elementor-element-b003cfc\" data-id=\"b003cfc\" data-element_type=\"column\" data-e-type=\"column\">\n\t\t\t<div class=\"elementor-widget-wrap elementor-element-populated\">\n\t\t\t\t\t\t<div class=\"elementor-element elementor-element-a7da22f elementor-widget elementor-widget-heading\" data-id=\"a7da22f\" data-element_type=\"widget\" data-e-type=\"widget\" data-widget_type=\"heading.default\">\n\t\t\t\t<div class=\"elementor-widget-container\">\n\t\t\t\t\t<h1 class=\"elementor-heading-title elementor-size-default\">Mash Frouhar<\/h1>\t\t\t\t<\/div>\n\t\t\t\t<\/div>\n\t\t\t\t<div class=\"elementor-element elementor-element-e1c44e1 elementor-widget elementor-widget-heading\" data-id=\"e1c44e1\" data-element_type=\"widget\" data-e-type=\"widget\" data-widget_type=\"heading.default\">\n\t\t\t\t<div class=\"elementor-widget-container\">\n\t\t\t\t\t<span class=\"elementor-heading-title elementor-size-default\">Abogado y Procurador<\/span>\t\t\t\t<\/div>\n\t\t\t\t<\/div>\n\t\t\t\t<div class=\"elementor-element elementor-element-3c44f56 elementor-align-center elementor-widget elementor-widget-button\" data-id=\"3c44f56\" data-element_type=\"widget\" data-e-type=\"widget\" data-widget_type=\"button.default\">\n\t\t\t\t<div class=\"elementor-widget-container\">\n\t\t\t\t\t\t\t\t\t<div class=\"elementor-button-wrapper\">\n\t\t\t\t\t<a class=\"elementor-button elementor-button-link elementor-size-lg\" href=\"#bio\">\n\t\t\t\t\t\t<span class=\"elementor-button-content-wrapper\">\n\t\t\t\t\t\t<span class=\"elementor-button-icon\">\n\t\t\t\t<i aria-hidden=\"true\" class=\"fas fa-angle-down\"><\/i>\t\t\t<\/span>\n\t\t\t\t\t\t\t\t\t<span class=\"elementor-button-text\">Leer biograf\u00eda<\/span>\n\t\t\t\t\t<\/span>\n\t\t\t\t\t<\/a>\n\t\t\t\t<\/div>\n\t\t\t\t\t\t\t\t<\/div>\n\t\t\t\t<\/div>\n\t\t\t\t\t<\/div>\n\t\t<\/div>\n\t\t\t\t\t<\/div>\n\t\t<\/section>\n\t\t\t\t<section data-particle_enable=\"false\" data-particle-mobile-disabled=\"false\" class=\"elementor-section elementor-top-section elementor-element elementor-element-4713f6b elementor-section-boxed elementor-section-height-default elementor-section-height-default\" data-id=\"4713f6b\" data-element_type=\"section\" data-e-type=\"section\" id=\"bio\">\n\t\t\t\t\t\t<div class=\"elementor-container elementor-column-gap-default\">\n\t\t\t\t\t<div class=\"elementor-column elementor-col-100 elementor-top-column elementor-element elementor-element-1e994f6\" data-id=\"1e994f6\" data-element_type=\"column\" data-e-type=\"column\">\n\t\t\t<div class=\"elementor-widget-wrap elementor-element-populated\">\n\t\t\t\t\t\t<section data-particle_enable=\"false\" data-particle-mobile-disabled=\"false\" class=\"elementor-section elementor-inner-section elementor-element elementor-element-ed996d6 elementor-section-boxed elementor-section-height-default elementor-section-height-default\" data-id=\"ed996d6\" data-element_type=\"section\" data-e-type=\"section\">\n\t\t\t\t\t\t<div class=\"elementor-container elementor-column-gap-default\">\n\t\t\t\t\t<div class=\"elementor-column elementor-col-50 elementor-inner-column elementor-element elementor-element-42168f6\" data-id=\"42168f6\" data-element_type=\"column\" data-e-type=\"column\">\n\t\t\t<div class=\"elementor-widget-wrap elementor-element-populated\">\n\t\t\t\t\t\t<div class=\"elementor-element elementor-element-0132dba elementor-cta--skin-classic elementor-animated-content elementor-bg-transform elementor-bg-transform-zoom-in elementor-widget elementor-widget-call-to-action\" data-id=\"0132dba\" data-element_type=\"widget\" data-e-type=\"widget\" data-widget_type=\"call-to-action.default\">\n\t\t\t\t<div class=\"elementor-widget-container\">\n\t\t\t\t\t\t\t<div class=\"elementor-cta\">\n\t\t\t\t\t\t\t<div class=\"elementor-cta__content\">\n\t\t\t\t\n\t\t\t\t\t\t\t\t\t<h2 class=\"elementor-cta__title elementor-cta__content-item elementor-content-item\">\n\t\t\t\t\t\tN\u00famero de tel\u00e9fono:\t\t\t\t\t<\/h2>\n\t\t\t\t\n\t\t\t\t\t\t\t\t\t<div class=\"elementor-cta__description elementor-cta__content-item elementor-content-item\">\n\t\t\t\t\t\t<p>613.238.2000<\/p>\n\t\t\t\t\t<\/div>\n\t\t\t\t\n\t\t\t\t\t\t\t<\/div>\n\t\t\t\t\t\t<\/div>\n\t\t\t\t\t\t<\/div>\n\t\t\t\t<\/div>\n\t\t\t\t<div class=\"elementor-element elementor-element-c2c57ce elementor-cta--skin-classic elementor-animated-content elementor-bg-transform elementor-bg-transform-zoom-in elementor-widget elementor-widget-call-to-action\" data-id=\"c2c57ce\" data-element_type=\"widget\" data-e-type=\"widget\" data-widget_type=\"call-to-action.default\">\n\t\t\t\t<div class=\"elementor-widget-container\">\n\t\t\t\t\t\t\t<div class=\"elementor-cta\">\n\t\t\t\t\t\t\t<div class=\"elementor-cta__content\">\n\t\t\t\t\n\t\t\t\t\t\t\t\t\t<h2 class=\"elementor-cta__title elementor-cta__content-item elementor-content-item\">\n\t\t\t\t\t\tN\u00famero de emergencia (24h):\t\t\t\t\t<\/h2>\n\t\t\t\t\n\t\t\t\t\t\t\t\t\t<div class=\"elementor-cta__description elementor-cta__content-item elementor-content-item\">\n\t\t\t\t\t\t<p>613.791.4881<\/p>\n\t\t\t\t\t<\/div>\n\t\t\t\t\n\t\t\t\t\t\t\t<\/div>\n\t\t\t\t\t\t<\/div>\n\t\t\t\t\t\t<\/div>\n\t\t\t\t<\/div>\n\t\t\t\t<div class=\"elementor-element elementor-element-96763c9 elementor-cta--skin-classic elementor-animated-content elementor-bg-transform elementor-bg-transform-zoom-in elementor-widget elementor-widget-call-to-action\" data-id=\"96763c9\" data-element_type=\"widget\" data-e-type=\"widget\" data-widget_type=\"call-to-action.default\">\n\t\t\t\t<div class=\"elementor-widget-container\">\n\t\t\t\t\t\t\t<div class=\"elementor-cta\">\n\t\t\t\t\t\t\t<div class=\"elementor-cta__content\">\n\t\t\t\t\n\t\t\t\t\t\t\t\t\t<h2 class=\"elementor-cta__title elementor-cta__content-item elementor-content-item\">\n\t\t\t\t\t\tCorreo electr\u00f3nico:\t\t\t\t\t<\/h2>\n\t\t\t\t\n\t\t\t\t\t\t\t\t\t<div class=\"elementor-cta__description elementor-cta__content-item elementor-content-item\">\n\t\t\t\t\t\t<p>mash@frouharlaw.com<\/p>\n\t\t\t\t\t<\/div>\n\t\t\t\t\n\t\t\t\t\t\t\t<\/div>\n\t\t\t\t\t\t<\/div>\n\t\t\t\t\t\t<\/div>\n\t\t\t\t<\/div>\n\t\t\t\t\t<\/div>\n\t\t<\/div>\n\t\t\t\t<div class=\"elementor-column elementor-col-50 elementor-inner-column elementor-element elementor-element-c657c3f\" data-id=\"c657c3f\" data-element_type=\"column\" data-e-type=\"column\">\n\t\t\t<div class=\"elementor-widget-wrap elementor-element-populated\">\n\t\t\t\t\t\t<div class=\"elementor-element elementor-element-8c1ae5f elementor-widget elementor-widget-text-editor\" data-id=\"8c1ae5f\" data-element_type=\"widget\" data-e-type=\"widget\" data-widget_type=\"text-editor.default\">\n\t\t\t\t<div class=\"elementor-widget-container\">\n\t\t\t\t\t\t\t\t\t<p>Mash Frouhar se colegi\u00f3 en Ontario en 2009 y se incorpor\u00f3 a un destacado bufete de defensa penal de Ottawa en 2010. Antes de incorporarse al bufete, Mash trabaj\u00f3 como fiscal adjunto de la Corona y como abogado defensor en Legal Aid Ontario. Durante sus muchos a\u00f1os de pr\u00e1ctica, ha llevado a cabo numerosos juicios, incluyendo pero no limitado a la trata de personas, asesinato, intento de asesinato, delitos de conducci\u00f3n, drogas, agresi\u00f3n sexual y delitos dom\u00e9sticos relacionados.<\/p>\n<p>Antes de fundar su propio bufete, trabaj\u00f3 durante muchos a\u00f1os bajo la direcci\u00f3n de un experimentado y reputado bufete de defensa penal de Ottawa. Esta experiencia la ha guiado en la importancia de un trabajo preparatorio incansable y en la necesidad de anticipar constantemente el siguiente movimiento del contrario.<\/p>\n<p>Viaja regularmente por todo el este de Ontario para representar a clientes en diversas jurisdicciones. Mash ofrece a sus clientes servicios en ingl\u00e9s, franc\u00e9s y farsi.<\/p>\n\t\t\t\t\t\t\t\t<\/div>\n\t\t\t\t<\/div>\n\t\t\t\t<div class=\"elementor-element elementor-element-056cb6c elementor-widget elementor-widget-heading\" data-id=\"056cb6c\" data-element_type=\"widget\" data-e-type=\"widget\" data-widget_type=\"heading.default\">\n\t\t\t\t<div class=\"elementor-widget-container\">\n\t\t\t\t\t<h2 class=\"elementor-heading-title elementor-size-default\">Educaci\u00f3n<\/h2>\t\t\t\t<\/div>\n\t\t\t\t<\/div>\n\t\t\t\t<div class=\"elementor-element elementor-element-9948d73 elementor-widget elementor-widget-text-editor\" data-id=\"9948d73\" data-element_type=\"widget\" data-e-type=\"widget\" data-widget_type=\"text-editor.default\">\n\t\t\t\t<div class=\"elementor-widget-container\">\n\t\t\t\t\t\t\t\t\t<p>Mash es licenciada en Criminolog\u00eda y se gradu\u00f3 en Derecho por la Facultad de Derecho de la Universidad de Ottawa.<\/p>\n<p>Ha impartido clases de Derecho Penal en un colegio comunitario local durante numerosos a\u00f1os y ha participado como voluntaria en varios concursos de juicios simulados como mentora o juez para formar a los estudiantes en el arte de la defensa oral.<\/p>\n\t\t\t\t\t\t\t\t<\/div>\n\t\t\t\t<\/div>\n\t\t\t\t<div class=\"elementor-element elementor-element-0f5deed elementor-widget elementor-widget-heading\" data-id=\"0f5deed\" data-element_type=\"widget\" data-e-type=\"widget\" data-widget_type=\"heading.default\">\n\t\t\t\t<div class=\"elementor-widget-container\">\n\t\t\t\t\t<h2 class=\"elementor-heading-title elementor-size-default\">Asociaciones profesionales<\/h2>\t\t\t\t<\/div>\n\t\t\t\t<\/div>\n\t\t\t\t<div class=\"elementor-element elementor-element-770eb81 elementor-widget elementor-widget-text-editor\" data-id=\"770eb81\" data-element_type=\"widget\" data-e-type=\"widget\" data-widget_type=\"text-editor.default\">\n\t\t\t\t<div class=\"elementor-widget-container\">\n\t\t\t\t\t\t\t\t\t<p>Mash es miembro de pleno derecho de la Law Society of Ontario, la Criminal Lawyers Association, el Colegio de Abogados de Ontario, la Defence Counsel Association of Ottawa, la Defence Counsel Association of Brockville y la County of Carleton Law Association.<\/p>\n\t\t\t\t\t\t\t\t<\/div>\n\t\t\t\t<\/div>\n\t\t\t\t\t<\/div>\n\t\t<\/div>\n\t\t\t\t\t<\/div>\n\t\t<\/section>\n\t\t\t\t\t<\/div>\n\t\t<\/div>\n\t\t\t\t\t<\/div>\n\t\t<\/section>\n\t\t\t\t<\/div>\n\t\t","protected":false},"excerpt":{"rendered":"<p>Mash Frouhar Abogado y Procurador Leer biograf\u00eda N\u00famero de tel\u00e9fono: 613.238.2000 N\u00famero de emergencia (24h): 613.791.4881 Correo electr\u00f3nico: mash@frouharlaw.com Mash Frouhar se colegi\u00f3 en Ontario en 2009 y se incorpor\u00f3 a un destacado bufete de defensa penal de Ottawa en 2010. Antes de incorporarse al bufete, Mash trabaj\u00f3 como fiscal adjunto de la Corona y [&hellip;]<\/p>\n","protected":false},"author":5,"featured_media":563,"parent":2198,"menu_order":48,"comment_status":"closed","ping_status":"closed","template":"","meta":{"footnotes":""},"class_list":["post-2203","page","type-page","status-publish","has-post-thumbnail","hentry"],"yoast_head":"<!-- This site is optimized with the Yoast SEO plugin v27.2 - https:\/\/yoast.com\/product\/yoast-seo-wordpress\/ -->\n<title>Mash Frouhar - Frouhar Law<\/title>\n<meta name=\"robots\" content=\"index, follow, max-snippet:-1, max-image-preview:large, max-video-preview:-1\" \/>\n<link rel=\"canonical\" href=\"https:\/\/frouharlaw.com\/our-team\/mash-frouhar\/\" \/>\n<meta property=\"og:locale\" content=\"es_ES\" \/>\n<meta property=\"og:type\" content=\"article\" \/>\n<meta property=\"og:title\" content=\"Mash Frouhar - Frouhar Law\" \/>\n<meta property=\"og:description\" content=\"Mash Frouhar Abogado y Procurador Leer biograf\u00eda N\u00famero de tel\u00e9fono: 613.238.2000 N\u00famero de emergencia (24h): 613.791.4881 Correo electr\u00f3nico: mash@frouharlaw.com Mash Frouhar se colegi\u00f3 en Ontario en 2009 y se incorpor\u00f3 a un destacado bufete de defensa penal de Ottawa en 2010. Antes de incorporarse al bufete, Mash trabaj\u00f3 como fiscal adjunto de la Corona y [&hellip;]\" \/>\n<meta property=\"og:url\" content=\"https:\/\/frouharlaw.com\/our-team\/mash-frouhar\/\" \/>\n<meta property=\"og:site_name\" content=\"Frouhar Law\" \/>\n<meta property=\"article:modified_time\" content=\"2023-03-02T19:25:04+00:00\" \/>\n<meta property=\"og:image\" content=\"https:\/\/frouharlaw.com\/wp-content\/uploads\/bg1.jpg\" \/>\n\t<meta property=\"og:image:width\" content=\"1920\" \/>\n\t<meta property=\"og:image:height\" content=\"1275\" \/>\n\t<meta property=\"og:image:type\" content=\"image\/jpeg\" \/>\n<meta name=\"twitter:card\" content=\"summary_large_image\" \/>\n<meta name=\"twitter:label1\" content=\"Tiempo de lectura\" \/>\n\t<meta name=\"twitter:data1\" content=\"2 minutos\" \/>\n<script type=\"application\/ld+json\" class=\"yoast-schema-graph\">{\"@context\":\"https:\/\/schema.org\",\"@graph\":[{\"@type\":\"WebPage\",\"@id\":\"https:\/\/frouharlaw.com\/our-team\/mash-frouhar\/\",\"url\":\"https:\/\/frouharlaw.com\/our-team\/mash-frouhar\/\",\"name\":\"Mash Frouhar - Frouhar Law\",\"isPartOf\":{\"@id\":\"https:\/\/frouharlaw.com\/#website\"},\"primaryImageOfPage\":{\"@id\":\"https:\/\/frouharlaw.com\/our-team\/mash-frouhar\/#primaryimage\"},\"image\":{\"@id\":\"https:\/\/frouharlaw.com\/our-team\/mash-frouhar\/#primaryimage\"},\"thumbnailUrl\":\"https:\/\/frouharlaw.com\/wp-content\/uploads\/bg1.jpg\",\"datePublished\":\"2015-10-24T21:33:20+00:00\",\"dateModified\":\"2023-03-02T19:25:04+00:00\",\"breadcrumb\":{\"@id\":\"https:\/\/frouharlaw.com\/our-team\/mash-frouhar\/#breadcrumb\"},\"inLanguage\":\"es\",\"potentialAction\":[{\"@type\":\"ReadAction\",\"target\":[\"https:\/\/frouharlaw.com\/our-team\/mash-frouhar\/\"]}]},{\"@type\":\"ImageObject\",\"inLanguage\":\"es\",\"@id\":\"https:\/\/frouharlaw.com\/our-team\/mash-frouhar\/#primaryimage\",\"url\":\"https:\/\/frouharlaw.com\/wp-content\/uploads\/bg1.jpg\",\"contentUrl\":\"https:\/\/frouharlaw.com\/wp-content\/uploads\/bg1.jpg\",\"width\":1920,\"height\":1275,\"caption\":\"Frouhar Law: Ottawa criminal lawyers that are ready to fight for your rights.\"},{\"@type\":\"BreadcrumbList\",\"@id\":\"https:\/\/frouharlaw.com\/our-team\/mash-frouhar\/#breadcrumb\",\"itemListElement\":[{\"@type\":\"ListItem\",\"position\":1,\"name\":\"Home\",\"item\":\"https:\/\/frouharlaw.com\/es\/\"},{\"@type\":\"ListItem\",\"position\":2,\"name\":\"Nuestro equipo\",\"item\":\"https:\/\/frouharlaw.com\/our-team\/\"},{\"@type\":\"ListItem\",\"position\":3,\"name\":\"Mash Frouhar\"}]},{\"@type\":\"WebSite\",\"@id\":\"https:\/\/frouharlaw.com\/#website\",\"url\":\"https:\/\/frouharlaw.com\/\",\"name\":\"Frouhar Law\",\"description\":\"Determined. Creative. Tireless. Passionate.\",\"publisher\":{\"@id\":\"https:\/\/frouharlaw.com\/#organization\"},\"potentialAction\":[{\"@type\":\"SearchAction\",\"target\":{\"@type\":\"EntryPoint\",\"urlTemplate\":\"https:\/\/frouharlaw.com\/?s={search_term_string}\"},\"query-input\":{\"@type\":\"PropertyValueSpecification\",\"valueRequired\":true,\"valueName\":\"search_term_string\"}}],\"inLanguage\":\"es\"},{\"@type\":\"Organization\",\"@id\":\"https:\/\/frouharlaw.com\/#organization\",\"name\":\"Frouhar Law\",\"url\":\"https:\/\/frouharlaw.com\/\",\"logo\":{\"@type\":\"ImageObject\",\"inLanguage\":\"es\",\"@id\":\"https:\/\/frouharlaw.com\/#\/schema\/logo\/image\/\",\"url\":\"https:\/\/frouharlaw.com\/wp-content\/uploads\/frouhar-law-logo.png\",\"contentUrl\":\"https:\/\/frouharlaw.com\/wp-content\/uploads\/frouhar-law-logo.png\",\"width\":3601,\"height\":3600,\"caption\":\"Frouhar Law\"},\"image\":{\"@id\":\"https:\/\/frouharlaw.com\/#\/schema\/logo\/image\/\"}}]}<\/script>\n<!-- \/ Yoast SEO plugin. -->","yoast_head_json":{"title":"Mash Frouhar - Frouhar Law","robots":{"index":"index","follow":"follow","max-snippet":"max-snippet:-1","max-image-preview":"max-image-preview:large","max-video-preview":"max-video-preview:-1"},"canonical":"https:\/\/frouharlaw.com\/our-team\/mash-frouhar\/","og_locale":"es_ES","og_type":"article","og_title":"Mash Frouhar - Frouhar Law","og_description":"Mash Frouhar Abogado y Procurador Leer biograf\u00eda N\u00famero de tel\u00e9fono: 613.238.2000 N\u00famero de emergencia (24h): 613.791.4881 Correo electr\u00f3nico: mash@frouharlaw.com Mash Frouhar se colegi\u00f3 en Ontario en 2009 y se incorpor\u00f3 a un destacado bufete de defensa penal de Ottawa en 2010. Antes de incorporarse al bufete, Mash trabaj\u00f3 como fiscal adjunto de la Corona y [&hellip;]","og_url":"https:\/\/frouharlaw.com\/our-team\/mash-frouhar\/","og_site_name":"Frouhar Law","article_modified_time":"2023-03-02T19:25:04+00:00","og_image":[{"width":1920,"height":1275,"url":"https:\/\/frouharlaw.com\/wp-content\/uploads\/bg1.jpg","type":"image\/jpeg"}],"twitter_card":"summary_large_image","twitter_misc":{"Tiempo de lectura":"2 minutos"},"schema":{"@context":"https:\/\/schema.org","@graph":[{"@type":"WebPage","@id":"https:\/\/frouharlaw.com\/our-team\/mash-frouhar\/","url":"https:\/\/frouharlaw.com\/our-team\/mash-frouhar\/","name":"Mash Frouhar - Frouhar Law","isPartOf":{"@id":"https:\/\/frouharlaw.com\/#website"},"primaryImageOfPage":{"@id":"https:\/\/frouharlaw.com\/our-team\/mash-frouhar\/#primaryimage"},"image":{"@id":"https:\/\/frouharlaw.com\/our-team\/mash-frouhar\/#primaryimage"},"thumbnailUrl":"https:\/\/frouharlaw.com\/wp-content\/uploads\/bg1.jpg","datePublished":"2015-10-24T21:33:20+00:00","dateModified":"2023-03-02T19:25:04+00:00","breadcrumb":{"@id":"https:\/\/frouharlaw.com\/our-team\/mash-frouhar\/#breadcrumb"},"inLanguage":"es","potentialAction":[{"@type":"ReadAction","target":["https:\/\/frouharlaw.com\/our-team\/mash-frouhar\/"]}]},{"@type":"ImageObject","inLanguage":"es","@id":"https:\/\/frouharlaw.com\/our-team\/mash-frouhar\/#primaryimage","url":"https:\/\/frouharlaw.com\/wp-content\/uploads\/bg1.jpg","contentUrl":"https:\/\/frouharlaw.com\/wp-content\/uploads\/bg1.jpg","width":1920,"height":1275,"caption":"Frouhar Law: Ottawa criminal lawyers that are ready to fight for your rights."},{"@type":"BreadcrumbList","@id":"https:\/\/frouharlaw.com\/our-team\/mash-frouhar\/#breadcrumb","itemListElement":[{"@type":"ListItem","position":1,"name":"Home","item":"https:\/\/frouharlaw.com\/es\/"},{"@type":"ListItem","position":2,"name":"Nuestro equipo","item":"https:\/\/frouharlaw.com\/our-team\/"},{"@type":"ListItem","position":3,"name":"Mash Frouhar"}]},{"@type":"WebSite","@id":"https:\/\/frouharlaw.com\/#website","url":"https:\/\/frouharlaw.com\/","name":"Frouhar Law","description":"Determined. Creative. Tireless. Passionate.","publisher":{"@id":"https:\/\/frouharlaw.com\/#organization"},"potentialAction":[{"@type":"SearchAction","target":{"@type":"EntryPoint","urlTemplate":"https:\/\/frouharlaw.com\/?s={search_term_string}"},"query-input":{"@type":"PropertyValueSpecification","valueRequired":true,"valueName":"search_term_string"}}],"inLanguage":"es"},{"@type":"Organization","@id":"https:\/\/frouharlaw.com\/#organization","name":"Frouhar Law","url":"https:\/\/frouharlaw.com\/","logo":{"@type":"ImageObject","inLanguage":"es","@id":"https:\/\/frouharlaw.com\/#\/schema\/logo\/image\/","url":"https:\/\/frouharlaw.com\/wp-content\/uploads\/frouhar-law-logo.png","contentUrl":"https:\/\/frouharlaw.com\/wp-content\/uploads\/frouhar-law-logo.png","width":3601,"height":3600,"caption":"Frouhar Law"},"image":{"@id":"https:\/\/frouharlaw.com\/#\/schema\/logo\/image\/"}}]}},"_links":{"self":[{"href":"https:\/\/frouharlaw.com\/es\/wp-json\/wp\/v2\/pages\/2203","targetHints":{"allow":["GET"]}}],"collection":[{"href":"https:\/\/frouharlaw.com\/es\/wp-json\/wp\/v2\/pages"}],"about":[{"href":"https:\/\/frouharlaw.com\/es\/wp-json\/wp\/v2\/types\/page"}],"author":[{"embeddable":true,"href":"https:\/\/frouharlaw.com\/es\/wp-json\/wp\/v2\/users\/5"}],"replies":[{"embeddable":true,"href":"https:\/\/frouharlaw.com\/es\/wp-json\/wp\/v2\/comments?post=2203"}],"version-history":[{"count":5,"href":"https:\/\/frouharlaw.com\/es\/wp-json\/wp\/v2\/pages\/2203\/revisions"}],"predecessor-version":[{"id":2689,"href":"https:\/\/frouharlaw.com\/es\/wp-json\/wp\/v2\/pages\/2203\/revisions\/2689"}],"up":[{"embeddable":true,"href":"https:\/\/frouharlaw.com\/es\/wp-json\/wp\/v2\/pages\/2198"}],"wp:featuredmedia":[{"embeddable":true,"href":"https:\/\/frouharlaw.com\/es\/wp-json\/wp\/v2\/media\/563"}],"wp:attachment":[{"href":"https:\/\/frouharlaw.com\/es\/wp-json\/wp\/v2\/media?parent=2203"}],"curies":[{"name":"wp","href":"https:\/\/api.w.org\/{rel}","templated":true}]}}