{"id":2219,"date":"2021-12-15T16:17:44","date_gmt":"2021-12-15T16:17:44","guid":{"rendered":"https:\/\/frouharlaw.com\/nuestro-equipo\/connie-dangelo\/"},"modified":"2023-03-02T19:25:50","modified_gmt":"2023-03-02T19:25:50","slug":"connie-dangelo","status":"publish","type":"page","link":"https:\/\/frouharlaw.com\/es\/nuestro-equipo\/connie-dangelo\/","title":{"rendered":"Connie D&#8217;Angelo"},"content":{"rendered":"\t\t<div data-elementor-type=\"wp-page\" data-elementor-id=\"2219\" class=\"elementor elementor-2219 elementor-507\" data-elementor-post-type=\"page\">\n\t\t\t\t\t\t<section data-particle_enable=\"false\" data-particle-mobile-disabled=\"false\" class=\"elementor-section elementor-top-section elementor-element elementor-element-e03753d elementor-section-height-min-height elementor-section-boxed elementor-section-height-default elementor-section-items-middle\" data-id=\"e03753d\" data-element_type=\"section\" data-e-type=\"section\" data-settings=\"{&quot;background_background&quot;:&quot;classic&quot;}\">\n\t\t\t\t\t\t\t<div class=\"elementor-background-overlay\"><\/div>\n\t\t\t\t\t\t\t<div class=\"elementor-container elementor-column-gap-default\">\n\t\t\t\t\t<div class=\"elementor-column elementor-col-100 elementor-top-column elementor-element elementor-element-9247120\" data-id=\"9247120\" data-element_type=\"column\" data-e-type=\"column\">\n\t\t\t<div class=\"elementor-widget-wrap elementor-element-populated\">\n\t\t\t\t\t\t<div class=\"elementor-element elementor-element-04403ce elementor-widget elementor-widget-heading\" data-id=\"04403ce\" data-element_type=\"widget\" data-e-type=\"widget\" data-widget_type=\"heading.default\">\n\t\t\t\t<div class=\"elementor-widget-container\">\n\t\t\t\t\t<h1 class=\"elementor-heading-title elementor-size-default\">Connie D'Angelo<\/h1>\t\t\t\t<\/div>\n\t\t\t\t<\/div>\n\t\t\t\t<div class=\"elementor-element elementor-element-6e6005f elementor-widget elementor-widget-heading\" data-id=\"6e6005f\" data-element_type=\"widget\" data-e-type=\"widget\" data-widget_type=\"heading.default\">\n\t\t\t\t<div class=\"elementor-widget-container\">\n\t\t\t\t\t<span class=\"elementor-heading-title elementor-size-default\">Abogado y Procurador<\/span>\t\t\t\t<\/div>\n\t\t\t\t<\/div>\n\t\t\t\t<div class=\"elementor-element elementor-element-c2bc2d5 elementor-align-center elementor-widget elementor-widget-button\" data-id=\"c2bc2d5\" data-element_type=\"widget\" data-e-type=\"widget\" data-widget_type=\"button.default\">\n\t\t\t\t<div class=\"elementor-widget-container\">\n\t\t\t\t\t\t\t\t\t<div class=\"elementor-button-wrapper\">\n\t\t\t\t\t<a class=\"elementor-button elementor-button-link elementor-size-lg\" href=\"#bio\">\n\t\t\t\t\t\t<span class=\"elementor-button-content-wrapper\">\n\t\t\t\t\t\t<span class=\"elementor-button-icon\">\n\t\t\t\t<i aria-hidden=\"true\" class=\"fas fa-angle-down\"><\/i>\t\t\t<\/span>\n\t\t\t\t\t\t\t\t\t<span class=\"elementor-button-text\">Leer biograf\u00eda<\/span>\n\t\t\t\t\t<\/span>\n\t\t\t\t\t<\/a>\n\t\t\t\t<\/div>\n\t\t\t\t\t\t\t\t<\/div>\n\t\t\t\t<\/div>\n\t\t\t\t\t<\/div>\n\t\t<\/div>\n\t\t\t\t\t<\/div>\n\t\t<\/section>\n\t\t\t\t<section data-particle_enable=\"false\" data-particle-mobile-disabled=\"false\" class=\"elementor-section elementor-top-section elementor-element elementor-element-3219ca8 elementor-section-boxed elementor-section-height-default elementor-section-height-default\" data-id=\"3219ca8\" data-element_type=\"section\" data-e-type=\"section\">\n\t\t\t\t\t\t<div class=\"elementor-container elementor-column-gap-default\">\n\t\t\t\t\t<div class=\"elementor-column elementor-col-100 elementor-top-column elementor-element elementor-element-e16c65c\" data-id=\"e16c65c\" data-element_type=\"column\" data-e-type=\"column\">\n\t\t\t<div class=\"elementor-widget-wrap elementor-element-populated\">\n\t\t\t\t\t\t<section data-particle_enable=\"false\" data-particle-mobile-disabled=\"false\" class=\"elementor-section elementor-inner-section elementor-element elementor-element-6b80a37 elementor-section-boxed elementor-section-height-default elementor-section-height-default\" data-id=\"6b80a37\" data-element_type=\"section\" data-e-type=\"section\">\n\t\t\t\t\t\t<div class=\"elementor-container elementor-column-gap-default\">\n\t\t\t\t\t<div class=\"elementor-column elementor-col-50 elementor-inner-column elementor-element elementor-element-6b707fc\" data-id=\"6b707fc\" data-element_type=\"column\" data-e-type=\"column\">\n\t\t\t<div class=\"elementor-widget-wrap elementor-element-populated\">\n\t\t\t\t\t\t<div class=\"elementor-element elementor-element-490b7e9 elementor-cta--skin-classic elementor-animated-content elementor-bg-transform elementor-bg-transform-zoom-in elementor-widget elementor-widget-call-to-action\" data-id=\"490b7e9\" data-element_type=\"widget\" data-e-type=\"widget\" data-widget_type=\"call-to-action.default\">\n\t\t\t\t<div class=\"elementor-widget-container\">\n\t\t\t\t\t\t\t<div class=\"elementor-cta\">\n\t\t\t\t\t\t\t<div class=\"elementor-cta__content\">\n\t\t\t\t\n\t\t\t\t\t\t\t\t\t<h2 class=\"elementor-cta__title elementor-cta__content-item elementor-content-item\">\n\t\t\t\t\t\tN\u00famero de tel\u00e9fono:\t\t\t\t\t<\/h2>\n\t\t\t\t\n\t\t\t\t\t\t\t\t\t<div class=\"elementor-cta__description elementor-cta__content-item elementor-content-item\">\n\t\t\t\t\t\t<p>613.238.2000<\/p>\n\t\t\t\t\t<\/div>\n\t\t\t\t\n\t\t\t\t\t\t\t<\/div>\n\t\t\t\t\t\t<\/div>\n\t\t\t\t\t\t<\/div>\n\t\t\t\t<\/div>\n\t\t\t\t<div class=\"elementor-element elementor-element-38ef3e3 elementor-cta--skin-classic elementor-animated-content elementor-bg-transform elementor-bg-transform-zoom-in elementor-widget elementor-widget-call-to-action\" data-id=\"38ef3e3\" data-element_type=\"widget\" data-e-type=\"widget\" data-widget_type=\"call-to-action.default\">\n\t\t\t\t<div class=\"elementor-widget-container\">\n\t\t\t\t\t\t\t<div class=\"elementor-cta\">\n\t\t\t\t\t\t\t<div class=\"elementor-cta__content\">\n\t\t\t\t\n\t\t\t\t\t\t\t\t\t<h2 class=\"elementor-cta__title elementor-cta__content-item elementor-content-item\">\n\t\t\t\t\t\tN\u00famero de emergencia (24h):\t\t\t\t\t<\/h2>\n\t\t\t\t\n\t\t\t\t\t\t\t\t\t<div class=\"elementor-cta__description elementor-cta__content-item elementor-content-item\">\n\t\t\t\t\t\t<p>613.808.2508<\/p>\n\t\t\t\t\t<\/div>\n\t\t\t\t\n\t\t\t\t\t\t\t<\/div>\n\t\t\t\t\t\t<\/div>\n\t\t\t\t\t\t<\/div>\n\t\t\t\t<\/div>\n\t\t\t\t<div class=\"elementor-element elementor-element-e018c52 elementor-cta--skin-classic elementor-animated-content elementor-bg-transform elementor-bg-transform-zoom-in elementor-widget elementor-widget-call-to-action\" data-id=\"e018c52\" data-element_type=\"widget\" data-e-type=\"widget\" data-widget_type=\"call-to-action.default\">\n\t\t\t\t<div class=\"elementor-widget-container\">\n\t\t\t\t\t\t\t<div class=\"elementor-cta\">\n\t\t\t\t\t\t\t<div class=\"elementor-cta__content\">\n\t\t\t\t\n\t\t\t\t\t\t\t\t\t<h2 class=\"elementor-cta__title elementor-cta__content-item elementor-content-item\">\n\t\t\t\t\t\tCorreo electr\u00f3nico:\t\t\t\t\t<\/h2>\n\t\t\t\t\n\t\t\t\t\t\t\t\t\t<div class=\"elementor-cta__description elementor-cta__content-item elementor-content-item\">\n\t\t\t\t\t\t<p>connie@frouharlaw.com<\/p>\n\t\t\t\t\t<\/div>\n\t\t\t\t\n\t\t\t\t\t\t\t<\/div>\n\t\t\t\t\t\t<\/div>\n\t\t\t\t\t\t<\/div>\n\t\t\t\t<\/div>\n\t\t\t\t\t<\/div>\n\t\t<\/div>\n\t\t\t\t<div class=\"elementor-column elementor-col-50 elementor-inner-column elementor-element elementor-element-1a57098\" data-id=\"1a57098\" data-element_type=\"column\" data-e-type=\"column\">\n\t\t\t<div class=\"elementor-widget-wrap elementor-element-populated\">\n\t\t\t\t\t\t<div class=\"elementor-element elementor-element-8bf7d2e elementor-widget elementor-widget-text-editor\" data-id=\"8bf7d2e\" data-element_type=\"widget\" data-e-type=\"widget\" data-widget_type=\"text-editor.default\">\n\t\t\t\t<div class=\"elementor-widget-container\">\n\t\t\t\t\t\t\t\t\t<p class=\"s6\"><span class=\"s4\"><span class=\"bumpedFont15\">Connie fue llamada al Colegio de Abogados de Ontario <\/span><\/span><span class=\"s4\"><span class=\"bumpedFont15\">en<\/span><\/span><span class=\"s4\"><span class=\"bumpedFont15\">  1993<\/span><\/span> <span class=\"s4\"><span class=\"bumpedFont15\">y ha ejercido exclusivamente en el \u00e1rea del derecho penal.<\/span><\/span><span class=\"s4\"><span class=\"bumpedFont15\"> Ella tiene <\/span><\/span><span class=\"s4\"><span class=\"bumpedFont15\">m\u00e1s de treinta <\/span><\/span><span class=\"s4\"><span class=\"bumpedFont15\">a\u00f1os de experiencia en la defensa exitosa de algunos de los m\u00e1s altos <\/span><\/span><span class=\"s4\"><span class=\"bumpedFont15\">casos de perfil en <\/span><\/span><span class=\"s4\"><span class=\"bumpedFont15\">Canad\u00e1 y <\/span><\/span><span class=\"s4\"><span class=\"bumpedFont15\">Ontario, <\/span><\/span><span class=\"s4\"><span class=\"bumpedFont15\">a menudo navegando por los medios intensos y el escrutinio en relaci\u00f3n con estos clientes. Estos casos incluyen, <\/span><\/span><span class=\"s4\"><span class=\"bumpedFont15\">pol\u00edticos, polic\u00edas, atletas, celebridades y profesionales regulados.<\/span><\/span><\/p>\n<p class=\"s6\"><span class=\"s4\"><span class=\"bumpedFont15\">Connie tiene <\/span><\/span><span class=\"s4\"><span class=\"bumpedFont15\">experiencia excepcional <\/span><\/span><span class=\"s4\"><span class=\"bumpedFont15\">en la preparaci\u00f3n y defensa de <\/span><\/span><span class=\"s4\"><span class=\"bumpedFont15\">casos de conducir bajo los efectos del alcohol (DUI), muertes de veh\u00edculos motorizados, <\/span><\/span><span class=\"s4\"><span class=\"bumpedFont15\">homicidios, delitos de drogas, delitos sexuales, delitos de violencia, delitos de cuello blanco, <\/span><\/span><span class=\"s4\"><span class=\"bumpedFont15\">abuso de confianza y obstrucci\u00f3n de la justicia, <\/span><\/span><span class=\"s4\"><span class=\"bumpedFont15\">delitos contra la propiedad, <\/span><\/span><span class=\"s4\"><span class=\"bumpedFont15\">representar a agentes de polic\u00eda acusados \u200b\u200bpenalmente y\/o de <\/span><\/span><span class=\"s4\"><span class=\"bumpedFont15\">infracciones disciplinarias<\/span><\/span><span class=\"s4\"><span class=\"bumpedFont15\"> bajo la <\/span><\/span><span class=\"s7\"><span class=\"bumpedFont15\">ley de servicios policiales, <\/span><\/span><span class=\"s4\"><span class=\"bumpedFont15\">en audiencias disciplinarias, y asesorando a polic\u00edas en el curso de investigaciones realizadas por la Unidad de Investigaciones Especiales, as\u00ed como en casos grandes y complejos.<\/span><\/span><\/p>\n<p class=\"s6\"><span class=\"s4\"><span class=\"bumpedFont15\">Debido a <\/span><\/span><span class=\"s4\"><span class=\"bumpedFont15\">Connie<\/span><\/span><span class=\"s4\"><span class=\"bumpedFont15\">&#8216;s<\/span><\/span><span class=\"s4\"><span class=\"bumpedFont15\"> experiencia \u00fanica en la representaci\u00f3n de polic\u00edas<\/span><\/span><span class=\"s4\"><span class=\"bumpedFont15\">, ella<\/span><\/span><span class=\"s4\"><span class=\"bumpedFont15\"> Bien versada en las \u00e1reas de la polic\u00eda.<\/span><\/span><span class=\"s4\"><span class=\"bumpedFont15\">\/cumplimiento de la ley<\/span><\/span><span class=\"s4\"><span class=\"bumpedFont15\">capacitaci\u00f3n, protocolos y procedimientos de investigaci\u00f3n<\/span><\/span><span class=\"s4\"><span class=\"bumpedFont15\">.<\/span><\/span><\/p>\n<p class=\"s6\"><span class=\"s4\"><span class=\"bumpedFont15\">B<\/span><\/span><span class=\"s4\"><span class=\"bumpedFont15\">oncebiendo argumentos jur\u00eddicos creativos, innovadores y, a menudo, que sientan precedente, presta un servicio inigualable a sus clientes <\/span><\/span><span class=\"s4\"><span class=\"bumpedFont15\">tanto en ingl\u00e9s como en italiano.<\/span><\/span><\/p>\n\t\t\t\t\t\t\t\t<\/div>\n\t\t\t\t<\/div>\n\t\t\t\t<div class=\"elementor-element elementor-element-3f01f15 elementor-widget elementor-widget-heading\" data-id=\"3f01f15\" data-element_type=\"widget\" data-e-type=\"widget\" data-widget_type=\"heading.default\">\n\t\t\t\t<div class=\"elementor-widget-container\">\n\t\t\t\t\t<h2 class=\"elementor-heading-title elementor-size-default\">Education<\/h2>\t\t\t\t<\/div>\n\t\t\t\t<\/div>\n\t\t\t\t<div class=\"elementor-element elementor-element-cb3734f elementor-widget elementor-widget-text-editor\" data-id=\"cb3734f\" data-element_type=\"widget\" data-e-type=\"widget\" data-widget_type=\"text-editor.default\">\n\t\t\t\t<div class=\"elementor-widget-container\">\n\t\t\t\t\t\t\t\t\t<p><span class=\"s4\"><span class=\"bumpedFont15\">Connie complet\u00f3 una <\/span><\/span><span class=\"s4\"><span class=\"bumpedFont15\">Licenciatura en Ciencias Sociales, Concentraci\u00f3n Criminolog\u00eda<\/span><\/span><span class=\"s4\"><span class=\"bumpedFont15\">,<\/span><\/span><span class=\"s4\"><span class=\"bumpedFont15\"> en la Universidad de Ottawa y se gradu\u00f3 <\/span><\/span><span class=\"s4\"><span class=\"bumpedFont15\">Magna Cum Laude<\/span><\/span><span class=\"s4\"><span class=\"bumpedFont15\"> en 1998. Luego se inscribi\u00f3 en el programa de Common Law en la Universidad de Ottawa y se gradu\u00f3 Magna Cum Laude en 1991. <\/span><\/span><span class=\"s4\"><span class=\"bumpedFont15\">Desde su llamada <\/span><\/span><span class=\"s4\"><span class=\"bumpedFont15\">al Colegio de Abogados en 1993, Connie tambi\u00e9n complet\u00f3 la <\/span><\/span><span class=\"s4\"><span class=\"bumpedFont15\">Programa de Certificado de Fundamentos de Competencias Judiciales <\/span><\/span><span class=\"s4\"><span class=\"bumpedFont15\">con el <\/span><\/span><span class=\"s4\"><span class=\"bumpedFont15\">Colegio de Abogados de Ontario<\/span><\/span><span class=\"s4\"><span class=\"bumpedFont15\"> en<\/span><\/span><span class=\"s4\"><span class=\"bumpedFont15\">  202<\/span><\/span><span class=\"s4\"><span class=\"bumpedFont15\">1.<\/span><\/span><\/p>\n\t\t\t\t\t\t\t\t<\/div>\n\t\t\t\t<\/div>\n\t\t\t\t<div class=\"elementor-element elementor-element-ea68d43 elementor-widget elementor-widget-heading\" data-id=\"ea68d43\" data-element_type=\"widget\" data-e-type=\"widget\" data-widget_type=\"heading.default\">\n\t\t\t\t<div class=\"elementor-widget-container\">\n\t\t\t\t\t<h2 class=\"elementor-heading-title elementor-size-default\">asociaciones profesionales<\/h2>\t\t\t\t<\/div>\n\t\t\t\t<\/div>\n\t\t\t\t<div class=\"elementor-element elementor-element-c36119c elementor-widget elementor-widget-text-editor\" data-id=\"c36119c\" data-element_type=\"widget\" data-e-type=\"widget\" data-widget_type=\"text-editor.default\">\n\t\t\t\t<div class=\"elementor-widget-container\">\n\t\t\t\t\t\t\t\t\t<p><span class=\"s11\"><span class=\"bumpedFont15\">Connie es<\/span><\/span><span class=\"s11\"><span class=\"bumpedFont15\">s miembro de pleno derecho del Colegio de Abogados de <\/span><\/span><span class=\"s11\"><span class=\"bumpedFont15\">Ontario<\/span><\/span><span class=\"s11\"><span class=\"bumpedFont15\">la Asociaci\u00f3n de Abogados Penalistas, la Asociaci\u00f3n de Abogados Defensores de Ottawa<\/span><\/span><span class=\"s11\"><span class=\"bumpedFont15\"> y la Asociaci\u00f3n Americana de Abogados Defensores de DUI.<\/span><\/span><\/p>\n\t\t\t\t\t\t\t\t<\/div>\n\t\t\t\t<\/div>\n\t\t\t\t\t<\/div>\n\t\t<\/div>\n\t\t\t\t\t<\/div>\n\t\t<\/section>\n\t\t\t\t\t<\/div>\n\t\t<\/div>\n\t\t\t\t\t<\/div>\n\t\t<\/section>\n\t\t\t\t<\/div>\n\t\t","protected":false},"excerpt":{"rendered":"<p>Connie D&#8217;Angelo Abogado y Procurador Leer biograf\u00eda N\u00famero de tel\u00e9fono: 613.238.2000 N\u00famero de emergencia (24h): 613.808.2508 Correo electr\u00f3nico: connie@frouharlaw.com Connie fue llamada al Colegio de Abogados de Ontario en 1993 y ha ejercido exclusivamente en el \u00e1rea del derecho penal. Ella tiene m\u00e1s de treinta a\u00f1os de experiencia en la defensa exitosa de algunos de [&hellip;]<\/p>\n","protected":false},"author":5,"featured_media":0,"parent":2198,"menu_order":49,"comment_status":"closed","ping_status":"closed","template":"","meta":{"footnotes":""},"class_list":["post-2219","page","type-page","status-publish","hentry"],"yoast_head":"<!-- This site is optimized with the Yoast SEO plugin v27.2 - https:\/\/yoast.com\/product\/yoast-seo-wordpress\/ -->\n<title>Connie D&#039;Angelo - Frouhar Law<\/title>\n<meta name=\"robots\" content=\"index, follow, max-snippet:-1, max-image-preview:large, max-video-preview:-1\" \/>\n<link rel=\"canonical\" href=\"https:\/\/frouharlaw.com\/our-team\/connie-dangelo\/\" \/>\n<meta property=\"og:locale\" content=\"es_ES\" \/>\n<meta property=\"og:type\" content=\"article\" \/>\n<meta property=\"og:title\" content=\"Connie D&#039;Angelo - Frouhar Law\" \/>\n<meta property=\"og:description\" content=\"Connie D&#8217;Angelo Abogado y Procurador Leer biograf\u00eda N\u00famero de tel\u00e9fono: 613.238.2000 N\u00famero de emergencia (24h): 613.808.2508 Correo electr\u00f3nico: connie@frouharlaw.com Connie fue llamada al Colegio de Abogados de Ontario en 1993 y ha ejercido exclusivamente en el \u00e1rea del derecho penal. Ella tiene m\u00e1s de treinta a\u00f1os de experiencia en la defensa exitosa de algunos de [&hellip;]\" \/>\n<meta property=\"og:url\" content=\"https:\/\/frouharlaw.com\/our-team\/connie-dangelo\/\" \/>\n<meta property=\"og:site_name\" content=\"Frouhar Law\" \/>\n<meta property=\"article:modified_time\" content=\"2023-03-02T19:25:50+00:00\" \/>\n<meta property=\"og:image\" content=\"https:\/\/frouharlaw.com\/wp-content\/uploads\/frouharlaw-og.jpg\" \/>\n\t<meta property=\"og:image:width\" content=\"1200\" \/>\n\t<meta property=\"og:image:height\" content=\"630\" \/>\n\t<meta property=\"og:image:type\" content=\"image\/jpeg\" \/>\n<meta name=\"twitter:card\" content=\"summary_large_image\" \/>\n<meta name=\"twitter:label1\" content=\"Tiempo de lectura\" \/>\n\t<meta name=\"twitter:data1\" content=\"2 minutos\" \/>\n<script type=\"application\/ld+json\" class=\"yoast-schema-graph\">{\"@context\":\"https:\/\/schema.org\",\"@graph\":[{\"@type\":\"WebPage\",\"@id\":\"https:\/\/frouharlaw.com\/our-team\/connie-dangelo\/\",\"url\":\"https:\/\/frouharlaw.com\/our-team\/connie-dangelo\/\",\"name\":\"Connie D'Angelo - Frouhar Law\",\"isPartOf\":{\"@id\":\"https:\/\/frouharlaw.com\/#website\"},\"datePublished\":\"2021-12-15T16:17:44+00:00\",\"dateModified\":\"2023-03-02T19:25:50+00:00\",\"breadcrumb\":{\"@id\":\"https:\/\/frouharlaw.com\/our-team\/connie-dangelo\/#breadcrumb\"},\"inLanguage\":\"es\",\"potentialAction\":[{\"@type\":\"ReadAction\",\"target\":[\"https:\/\/frouharlaw.com\/our-team\/connie-dangelo\/\"]}]},{\"@type\":\"BreadcrumbList\",\"@id\":\"https:\/\/frouharlaw.com\/our-team\/connie-dangelo\/#breadcrumb\",\"itemListElement\":[{\"@type\":\"ListItem\",\"position\":1,\"name\":\"Home\",\"item\":\"https:\/\/frouharlaw.com\/es\/\"},{\"@type\":\"ListItem\",\"position\":2,\"name\":\"Nuestro equipo\",\"item\":\"https:\/\/frouharlaw.com\/our-team\/\"},{\"@type\":\"ListItem\",\"position\":3,\"name\":\"Connie D&#8217;Angelo\"}]},{\"@type\":\"WebSite\",\"@id\":\"https:\/\/frouharlaw.com\/#website\",\"url\":\"https:\/\/frouharlaw.com\/\",\"name\":\"Frouhar Law\",\"description\":\"Determined. Creative. Tireless. Passionate.\",\"publisher\":{\"@id\":\"https:\/\/frouharlaw.com\/#organization\"},\"potentialAction\":[{\"@type\":\"SearchAction\",\"target\":{\"@type\":\"EntryPoint\",\"urlTemplate\":\"https:\/\/frouharlaw.com\/?s={search_term_string}\"},\"query-input\":{\"@type\":\"PropertyValueSpecification\",\"valueRequired\":true,\"valueName\":\"search_term_string\"}}],\"inLanguage\":\"es\"},{\"@type\":\"Organization\",\"@id\":\"https:\/\/frouharlaw.com\/#organization\",\"name\":\"Frouhar Law\",\"url\":\"https:\/\/frouharlaw.com\/\",\"logo\":{\"@type\":\"ImageObject\",\"inLanguage\":\"es\",\"@id\":\"https:\/\/frouharlaw.com\/#\/schema\/logo\/image\/\",\"url\":\"https:\/\/frouharlaw.com\/wp-content\/uploads\/frouhar-law-logo.png\",\"contentUrl\":\"https:\/\/frouharlaw.com\/wp-content\/uploads\/frouhar-law-logo.png\",\"width\":3601,\"height\":3600,\"caption\":\"Frouhar Law\"},\"image\":{\"@id\":\"https:\/\/frouharlaw.com\/#\/schema\/logo\/image\/\"}}]}<\/script>\n<!-- \/ Yoast SEO plugin. -->","yoast_head_json":{"title":"Connie D'Angelo - Frouhar Law","robots":{"index":"index","follow":"follow","max-snippet":"max-snippet:-1","max-image-preview":"max-image-preview:large","max-video-preview":"max-video-preview:-1"},"canonical":"https:\/\/frouharlaw.com\/our-team\/connie-dangelo\/","og_locale":"es_ES","og_type":"article","og_title":"Connie D'Angelo - Frouhar Law","og_description":"Connie D&#8217;Angelo Abogado y Procurador Leer biograf\u00eda N\u00famero de tel\u00e9fono: 613.238.2000 N\u00famero de emergencia (24h): 613.808.2508 Correo electr\u00f3nico: connie@frouharlaw.com Connie fue llamada al Colegio de Abogados de Ontario en 1993 y ha ejercido exclusivamente en el \u00e1rea del derecho penal. Ella tiene m\u00e1s de treinta a\u00f1os de experiencia en la defensa exitosa de algunos de [&hellip;]","og_url":"https:\/\/frouharlaw.com\/our-team\/connie-dangelo\/","og_site_name":"Frouhar Law","article_modified_time":"2023-03-02T19:25:50+00:00","og_image":[{"width":1200,"height":630,"url":"https:\/\/frouharlaw.com\/wp-content\/uploads\/frouharlaw-og.jpg","type":"image\/jpeg"}],"twitter_card":"summary_large_image","twitter_misc":{"Tiempo de lectura":"2 minutos"},"schema":{"@context":"https:\/\/schema.org","@graph":[{"@type":"WebPage","@id":"https:\/\/frouharlaw.com\/our-team\/connie-dangelo\/","url":"https:\/\/frouharlaw.com\/our-team\/connie-dangelo\/","name":"Connie D'Angelo - Frouhar Law","isPartOf":{"@id":"https:\/\/frouharlaw.com\/#website"},"datePublished":"2021-12-15T16:17:44+00:00","dateModified":"2023-03-02T19:25:50+00:00","breadcrumb":{"@id":"https:\/\/frouharlaw.com\/our-team\/connie-dangelo\/#breadcrumb"},"inLanguage":"es","potentialAction":[{"@type":"ReadAction","target":["https:\/\/frouharlaw.com\/our-team\/connie-dangelo\/"]}]},{"@type":"BreadcrumbList","@id":"https:\/\/frouharlaw.com\/our-team\/connie-dangelo\/#breadcrumb","itemListElement":[{"@type":"ListItem","position":1,"name":"Home","item":"https:\/\/frouharlaw.com\/es\/"},{"@type":"ListItem","position":2,"name":"Nuestro equipo","item":"https:\/\/frouharlaw.com\/our-team\/"},{"@type":"ListItem","position":3,"name":"Connie D&#8217;Angelo"}]},{"@type":"WebSite","@id":"https:\/\/frouharlaw.com\/#website","url":"https:\/\/frouharlaw.com\/","name":"Frouhar Law","description":"Determined. Creative. Tireless. Passionate.","publisher":{"@id":"https:\/\/frouharlaw.com\/#organization"},"potentialAction":[{"@type":"SearchAction","target":{"@type":"EntryPoint","urlTemplate":"https:\/\/frouharlaw.com\/?s={search_term_string}"},"query-input":{"@type":"PropertyValueSpecification","valueRequired":true,"valueName":"search_term_string"}}],"inLanguage":"es"},{"@type":"Organization","@id":"https:\/\/frouharlaw.com\/#organization","name":"Frouhar Law","url":"https:\/\/frouharlaw.com\/","logo":{"@type":"ImageObject","inLanguage":"es","@id":"https:\/\/frouharlaw.com\/#\/schema\/logo\/image\/","url":"https:\/\/frouharlaw.com\/wp-content\/uploads\/frouhar-law-logo.png","contentUrl":"https:\/\/frouharlaw.com\/wp-content\/uploads\/frouhar-law-logo.png","width":3601,"height":3600,"caption":"Frouhar Law"},"image":{"@id":"https:\/\/frouharlaw.com\/#\/schema\/logo\/image\/"}}]}},"_links":{"self":[{"href":"https:\/\/frouharlaw.com\/es\/wp-json\/wp\/v2\/pages\/2219","targetHints":{"allow":["GET"]}}],"collection":[{"href":"https:\/\/frouharlaw.com\/es\/wp-json\/wp\/v2\/pages"}],"about":[{"href":"https:\/\/frouharlaw.com\/es\/wp-json\/wp\/v2\/types\/page"}],"author":[{"embeddable":true,"href":"https:\/\/frouharlaw.com\/es\/wp-json\/wp\/v2\/users\/5"}],"replies":[{"embeddable":true,"href":"https:\/\/frouharlaw.com\/es\/wp-json\/wp\/v2\/comments?post=2219"}],"version-history":[{"count":4,"href":"https:\/\/frouharlaw.com\/es\/wp-json\/wp\/v2\/pages\/2219\/revisions"}],"predecessor-version":[{"id":2699,"href":"https:\/\/frouharlaw.com\/es\/wp-json\/wp\/v2\/pages\/2219\/revisions\/2699"}],"up":[{"embeddable":true,"href":"https:\/\/frouharlaw.com\/es\/wp-json\/wp\/v2\/pages\/2198"}],"wp:attachment":[{"href":"https:\/\/frouharlaw.com\/es\/wp-json\/wp\/v2\/media?parent=2219"}],"curies":[{"name":"wp","href":"https:\/\/api.w.org\/{rel}","templated":true}]}}