{"id":2270,"date":"2023-02-10T17:55:34","date_gmt":"2023-02-10T17:55:34","guid":{"rendered":"https:\/\/frouharlaw.com\/nuestra-experiencia\/mociones-et-sollicitudes-relatives-a-la-carte\/retraso-irrazonable-r-v-jordan-y-charter-11b\/"},"modified":"2023-03-02T19:26:29","modified_gmt":"2023-03-02T19:26:29","slug":"retraso-irrazonable-r-v-jordan-y-charter-11b","status":"publish","type":"page","link":"https:\/\/frouharlaw.com\/es\/nuestra-experiencia\/mociones-et-sollicitudes-relatives-a-la-carte\/retraso-irrazonable-r-v-jordan-y-charter-11b\/","title":{"rendered":"Retraso irrazonable &#8211; R. v. Jordan y Charter 11(b)"},"content":{"rendered":"\t\t<div data-elementor-type=\"wp-page\" data-elementor-id=\"2270\" class=\"elementor elementor-2270 elementor-1442\" data-elementor-post-type=\"page\">\n\t\t\t\t\t\t<section data-particle_enable=\"false\" data-particle-mobile-disabled=\"false\" class=\"elementor-section elementor-top-section elementor-element elementor-element-7dbcaab9 elementor-section-height-min-height elementor-section-boxed elementor-section-height-default elementor-section-items-middle\" data-id=\"7dbcaab9\" data-element_type=\"section\" data-e-type=\"section\" data-settings=\"{&quot;background_background&quot;:&quot;classic&quot;}\">\n\t\t\t\t\t\t\t<div class=\"elementor-background-overlay\"><\/div>\n\t\t\t\t\t\t\t<div class=\"elementor-container elementor-column-gap-default\">\n\t\t\t\t\t<div class=\"elementor-column elementor-col-100 elementor-top-column elementor-element elementor-element-cdb2aa3\" data-id=\"cdb2aa3\" data-element_type=\"column\" data-e-type=\"column\">\n\t\t\t<div class=\"elementor-widget-wrap elementor-element-populated\">\n\t\t\t\t\t\t<div class=\"elementor-element elementor-element-6dc9db4d elementor-widget elementor-widget-heading\" data-id=\"6dc9db4d\" data-element_type=\"widget\" data-e-type=\"widget\" data-widget_type=\"heading.default\">\n\t\t\t\t<div class=\"elementor-widget-container\">\n\t\t\t\t\t<h1 class=\"elementor-heading-title elementor-size-default\">Retraso injustificado -<span class=\"ita\"> R. v. Jordan <\/span>y <span class=\"ita\">Carta 11(b)<\/span><\/h1>\t\t\t\t<\/div>\n\t\t\t\t<\/div>\n\t\t\t\t\t<\/div>\n\t\t<\/div>\n\t\t\t\t\t<\/div>\n\t\t<\/section>\n\t\t\t\t<section data-particle_enable=\"false\" data-particle-mobile-disabled=\"false\" class=\"elementor-section elementor-top-section elementor-element elementor-element-3ee626be elementor-section-boxed elementor-section-height-default elementor-section-height-default\" data-id=\"3ee626be\" data-element_type=\"section\" data-e-type=\"section\">\n\t\t\t\t\t\t<div class=\"elementor-container elementor-column-gap-default\">\n\t\t\t\t\t<div class=\"elementor-column elementor-col-100 elementor-top-column elementor-element elementor-element-76b4ef32\" data-id=\"76b4ef32\" data-element_type=\"column\" data-e-type=\"column\">\n\t\t\t<div class=\"elementor-widget-wrap elementor-element-populated\">\n\t\t\t\t\t\t<section data-particle_enable=\"false\" data-particle-mobile-disabled=\"false\" class=\"elementor-section elementor-inner-section elementor-element elementor-element-36d0a9d5 elementor-section-boxed elementor-section-height-default elementor-section-height-default\" data-id=\"36d0a9d5\" data-element_type=\"section\" data-e-type=\"section\">\n\t\t\t\t\t\t<div class=\"elementor-container elementor-column-gap-default\">\n\t\t\t\t\t<div class=\"elementor-column elementor-col-50 elementor-inner-column elementor-element elementor-element-31dff3b6\" data-id=\"31dff3b6\" data-element_type=\"column\" data-e-type=\"column\">\n\t\t\t<div class=\"elementor-widget-wrap elementor-element-populated\">\n\t\t\t\t\t\t<div class=\"elementor-element elementor-element-183debcd elementor-widget elementor-widget-heading\" data-id=\"183debcd\" data-element_type=\"widget\" data-e-type=\"widget\" data-widget_type=\"heading.default\">\n\t\t\t\t<div class=\"elementor-widget-container\">\n\t\t\t\t\t<span class=\"elementor-heading-title elementor-size-default\">nuestra experiencia<\/span>\t\t\t\t<\/div>\n\t\t\t\t<\/div>\n\t\t\t\t<div class=\"elementor-element elementor-element-724ce3d5 elementor-widget elementor-widget-heading\" data-id=\"724ce3d5\" data-element_type=\"widget\" data-e-type=\"widget\" data-widget_type=\"heading.default\">\n\t\t\t\t<div class=\"elementor-widget-container\">\n\t\t\t\t\t<span class=\"elementor-heading-title elementor-size-default\">Retraso injustificado -<span class=\"ita\"> R. v. Jordan <\/span>y <span class=\"ita\">Carta 11(b)<\/span><\/span>\t\t\t\t<\/div>\n\t\t\t\t<\/div>\n\t\t\t\t\t<\/div>\n\t\t<\/div>\n\t\t\t\t<div class=\"elementor-column elementor-col-50 elementor-inner-column elementor-element elementor-element-54ff7d73\" data-id=\"54ff7d73\" data-element_type=\"column\" data-e-type=\"column\">\n\t\t\t<div class=\"elementor-widget-wrap elementor-element-populated\">\n\t\t\t\t\t\t<div class=\"elementor-element elementor-element-49cd2709 elementor-widget elementor-widget-text-editor\" data-id=\"49cd2709\" data-element_type=\"widget\" data-e-type=\"widget\" data-widget_type=\"text-editor.default\">\n\t\t\t\t<div class=\"elementor-widget-container\">\n\t\t\t\t\t\t\t\t\t<p><em>R. contra Jordan<\/em> es un caso del Tribunal Supremo de Canad\u00e1 de 2016 que estableci\u00f3 nuevos plazos para los juicios penales en Canad\u00e1. El fallo establece que un juicio debe completarse dentro de un \u00abtecho presuntivo\u00bb de 30 meses para los casos juzgados en Tribunales Superiores y de 18 meses para los casos juzgados en tribunales provinciales, despu\u00e9s de lo cual se puede ordenar la suspensi\u00f3n del proceso si la demora se considera irrazonable. . La decisi\u00f3n ha tenido un impacto significativo en el sistema judicial canadiense y ha sido citada en muchos casos posteriores.<\/p>\n\t\t\t\t\t\t\t\t<\/div>\n\t\t\t\t<\/div>\n\t\t\t\t\t<\/div>\n\t\t<\/div>\n\t\t\t\t\t<\/div>\n\t\t<\/section>\n\t\t\t\t\t<\/div>\n\t\t<\/div>\n\t\t\t\t\t<\/div>\n\t\t<\/section>\n\t\t\t\t<\/div>\n\t\t","protected":false},"excerpt":{"rendered":"<p>Retraso injustificado &#8211; R. v. Jordan y Carta 11(b) nuestra experiencia Retraso injustificado &#8211; R. v. Jordan y Carta 11(b) R. contra Jordan es un caso del Tribunal Supremo de Canad\u00e1 de 2016 que estableci\u00f3 nuevos plazos para los juicios penales en Canad\u00e1. El fallo establece que un juicio debe completarse dentro de un \u00abtecho [&hellip;]<\/p>\n","protected":false},"author":5,"featured_media":0,"parent":2248,"menu_order":2,"comment_status":"closed","ping_status":"closed","template":"","meta":{"footnotes":""},"class_list":["post-2270","page","type-page","status-publish","hentry"],"yoast_head":"<!-- This site is optimized with the Yoast SEO plugin v27.2 - https:\/\/yoast.com\/product\/yoast-seo-wordpress\/ -->\n<title>Retraso irrazonable - R. v. Jordan y Charter 11(b) - Frouhar Law<\/title>\n<meta name=\"robots\" content=\"index, follow, max-snippet:-1, max-image-preview:large, max-video-preview:-1\" \/>\n<link rel=\"canonical\" href=\"https:\/\/frouharlaw.com\/es\/nuestra-experiencia\/mociones-et-sollicitudes-relatives-a-la-carte\/retraso-irrazonable-r-v-jordan-y-charter-11b\/\" \/>\n<meta property=\"og:locale\" content=\"es_ES\" \/>\n<meta property=\"og:type\" content=\"article\" \/>\n<meta property=\"og:title\" content=\"Retraso irrazonable - R. v. Jordan y Charter 11(b) - Frouhar Law\" \/>\n<meta property=\"og:description\" content=\"Retraso injustificado &#8211; R. v. Jordan y Carta 11(b) nuestra experiencia Retraso injustificado &#8211; R. v. Jordan y Carta 11(b) R. contra Jordan es un caso del Tribunal Supremo de Canad\u00e1 de 2016 que estableci\u00f3 nuevos plazos para los juicios penales en Canad\u00e1. El fallo establece que un juicio debe completarse dentro de un \u00abtecho [&hellip;]\" \/>\n<meta property=\"og:url\" content=\"https:\/\/frouharlaw.com\/es\/nuestra-experiencia\/mociones-et-sollicitudes-relatives-a-la-carte\/retraso-irrazonable-r-v-jordan-y-charter-11b\/\" \/>\n<meta property=\"og:site_name\" content=\"Frouhar Law\" \/>\n<meta property=\"article:modified_time\" content=\"2023-03-02T19:26:29+00:00\" \/>\n<meta property=\"og:image\" content=\"https:\/\/frouharlaw.com\/wp-content\/uploads\/frouharlaw-og.jpg\" \/>\n\t<meta property=\"og:image:width\" content=\"1200\" \/>\n\t<meta property=\"og:image:height\" content=\"630\" \/>\n\t<meta property=\"og:image:type\" content=\"image\/jpeg\" \/>\n<meta name=\"twitter:card\" content=\"summary_large_image\" \/>\n<meta name=\"twitter:label1\" content=\"Tiempo de lectura\" \/>\n\t<meta name=\"twitter:data1\" content=\"1 minuto\" \/>\n<script type=\"application\/ld+json\" class=\"yoast-schema-graph\">{\"@context\":\"https:\/\/schema.org\",\"@graph\":[{\"@type\":\"WebPage\",\"@id\":\"https:\/\/frouharlaw.com\/es\/nuestra-experiencia\/mociones-et-sollicitudes-relatives-a-la-carte\/retraso-irrazonable-r-v-jordan-y-charter-11b\/\",\"url\":\"https:\/\/frouharlaw.com\/es\/nuestra-experiencia\/mociones-et-sollicitudes-relatives-a-la-carte\/retraso-irrazonable-r-v-jordan-y-charter-11b\/\",\"name\":\"Retraso irrazonable - R. v. Jordan y Charter 11(b) - Frouhar Law\",\"isPartOf\":{\"@id\":\"https:\/\/frouharlaw.com\/#website\"},\"datePublished\":\"2023-02-10T17:55:34+00:00\",\"dateModified\":\"2023-03-02T19:26:29+00:00\",\"breadcrumb\":{\"@id\":\"https:\/\/frouharlaw.com\/es\/nuestra-experiencia\/mociones-et-sollicitudes-relatives-a-la-carte\/retraso-irrazonable-r-v-jordan-y-charter-11b\/#breadcrumb\"},\"inLanguage\":\"es\",\"potentialAction\":[{\"@type\":\"ReadAction\",\"target\":[\"https:\/\/frouharlaw.com\/es\/nuestra-experiencia\/mociones-et-sollicitudes-relatives-a-la-carte\/retraso-irrazonable-r-v-jordan-y-charter-11b\/\"]}]},{\"@type\":\"BreadcrumbList\",\"@id\":\"https:\/\/frouharlaw.com\/es\/nuestra-experiencia\/mociones-et-sollicitudes-relatives-a-la-carte\/retraso-irrazonable-r-v-jordan-y-charter-11b\/#breadcrumb\",\"itemListElement\":[{\"@type\":\"ListItem\",\"position\":1,\"name\":\"Home\",\"item\":\"https:\/\/frouharlaw.com\/es\/\"},{\"@type\":\"ListItem\",\"position\":2,\"name\":\"nuestra experiencia\",\"item\":\"https:\/\/frouharlaw.com\/es\/nuestra-experiencia\/\"},{\"@type\":\"ListItem\",\"position\":3,\"name\":\"Mociones et sollicitudes relatives \u00e0 la carte\",\"item\":\"https:\/\/frouharlaw.com\/es\/nuestra-experiencia\/mociones-et-sollicitudes-relatives-a-la-carte\/\"},{\"@type\":\"ListItem\",\"position\":4,\"name\":\"Retraso irrazonable &#8211; R. v. Jordan y Charter 11(b)\"}]},{\"@type\":\"WebSite\",\"@id\":\"https:\/\/frouharlaw.com\/#website\",\"url\":\"https:\/\/frouharlaw.com\/\",\"name\":\"Frouhar Law\",\"description\":\"Determined. Creative. Tireless. Passionate.\",\"publisher\":{\"@id\":\"https:\/\/frouharlaw.com\/#organization\"},\"potentialAction\":[{\"@type\":\"SearchAction\",\"target\":{\"@type\":\"EntryPoint\",\"urlTemplate\":\"https:\/\/frouharlaw.com\/?s={search_term_string}\"},\"query-input\":{\"@type\":\"PropertyValueSpecification\",\"valueRequired\":true,\"valueName\":\"search_term_string\"}}],\"inLanguage\":\"es\"},{\"@type\":\"Organization\",\"@id\":\"https:\/\/frouharlaw.com\/#organization\",\"name\":\"Frouhar Law\",\"url\":\"https:\/\/frouharlaw.com\/\",\"logo\":{\"@type\":\"ImageObject\",\"inLanguage\":\"es\",\"@id\":\"https:\/\/frouharlaw.com\/#\/schema\/logo\/image\/\",\"url\":\"https:\/\/frouharlaw.com\/wp-content\/uploads\/frouhar-law-logo.png\",\"contentUrl\":\"https:\/\/frouharlaw.com\/wp-content\/uploads\/frouhar-law-logo.png\",\"width\":3601,\"height\":3600,\"caption\":\"Frouhar Law\"},\"image\":{\"@id\":\"https:\/\/frouharlaw.com\/#\/schema\/logo\/image\/\"}}]}<\/script>\n<!-- \/ Yoast SEO plugin. -->","yoast_head_json":{"title":"Retraso irrazonable - R. v. Jordan y Charter 11(b) - Frouhar Law","robots":{"index":"index","follow":"follow","max-snippet":"max-snippet:-1","max-image-preview":"max-image-preview:large","max-video-preview":"max-video-preview:-1"},"canonical":"https:\/\/frouharlaw.com\/es\/nuestra-experiencia\/mociones-et-sollicitudes-relatives-a-la-carte\/retraso-irrazonable-r-v-jordan-y-charter-11b\/","og_locale":"es_ES","og_type":"article","og_title":"Retraso irrazonable - R. v. Jordan y Charter 11(b) - Frouhar Law","og_description":"Retraso injustificado &#8211; R. v. Jordan y Carta 11(b) nuestra experiencia Retraso injustificado &#8211; R. v. Jordan y Carta 11(b) R. contra Jordan es un caso del Tribunal Supremo de Canad\u00e1 de 2016 que estableci\u00f3 nuevos plazos para los juicios penales en Canad\u00e1. El fallo establece que un juicio debe completarse dentro de un \u00abtecho [&hellip;]","og_url":"https:\/\/frouharlaw.com\/es\/nuestra-experiencia\/mociones-et-sollicitudes-relatives-a-la-carte\/retraso-irrazonable-r-v-jordan-y-charter-11b\/","og_site_name":"Frouhar Law","article_modified_time":"2023-03-02T19:26:29+00:00","og_image":[{"width":1200,"height":630,"url":"https:\/\/frouharlaw.com\/wp-content\/uploads\/frouharlaw-og.jpg","type":"image\/jpeg"}],"twitter_card":"summary_large_image","twitter_misc":{"Tiempo de lectura":"1 minuto"},"schema":{"@context":"https:\/\/schema.org","@graph":[{"@type":"WebPage","@id":"https:\/\/frouharlaw.com\/es\/nuestra-experiencia\/mociones-et-sollicitudes-relatives-a-la-carte\/retraso-irrazonable-r-v-jordan-y-charter-11b\/","url":"https:\/\/frouharlaw.com\/es\/nuestra-experiencia\/mociones-et-sollicitudes-relatives-a-la-carte\/retraso-irrazonable-r-v-jordan-y-charter-11b\/","name":"Retraso irrazonable - R. v. Jordan y Charter 11(b) - Frouhar Law","isPartOf":{"@id":"https:\/\/frouharlaw.com\/#website"},"datePublished":"2023-02-10T17:55:34+00:00","dateModified":"2023-03-02T19:26:29+00:00","breadcrumb":{"@id":"https:\/\/frouharlaw.com\/es\/nuestra-experiencia\/mociones-et-sollicitudes-relatives-a-la-carte\/retraso-irrazonable-r-v-jordan-y-charter-11b\/#breadcrumb"},"inLanguage":"es","potentialAction":[{"@type":"ReadAction","target":["https:\/\/frouharlaw.com\/es\/nuestra-experiencia\/mociones-et-sollicitudes-relatives-a-la-carte\/retraso-irrazonable-r-v-jordan-y-charter-11b\/"]}]},{"@type":"BreadcrumbList","@id":"https:\/\/frouharlaw.com\/es\/nuestra-experiencia\/mociones-et-sollicitudes-relatives-a-la-carte\/retraso-irrazonable-r-v-jordan-y-charter-11b\/#breadcrumb","itemListElement":[{"@type":"ListItem","position":1,"name":"Home","item":"https:\/\/frouharlaw.com\/es\/"},{"@type":"ListItem","position":2,"name":"nuestra experiencia","item":"https:\/\/frouharlaw.com\/es\/nuestra-experiencia\/"},{"@type":"ListItem","position":3,"name":"Mociones et sollicitudes relatives \u00e0 la carte","item":"https:\/\/frouharlaw.com\/es\/nuestra-experiencia\/mociones-et-sollicitudes-relatives-a-la-carte\/"},{"@type":"ListItem","position":4,"name":"Retraso irrazonable &#8211; R. v. Jordan y Charter 11(b)"}]},{"@type":"WebSite","@id":"https:\/\/frouharlaw.com\/#website","url":"https:\/\/frouharlaw.com\/","name":"Frouhar Law","description":"Determined. Creative. Tireless. Passionate.","publisher":{"@id":"https:\/\/frouharlaw.com\/#organization"},"potentialAction":[{"@type":"SearchAction","target":{"@type":"EntryPoint","urlTemplate":"https:\/\/frouharlaw.com\/?s={search_term_string}"},"query-input":{"@type":"PropertyValueSpecification","valueRequired":true,"valueName":"search_term_string"}}],"inLanguage":"es"},{"@type":"Organization","@id":"https:\/\/frouharlaw.com\/#organization","name":"Frouhar Law","url":"https:\/\/frouharlaw.com\/","logo":{"@type":"ImageObject","inLanguage":"es","@id":"https:\/\/frouharlaw.com\/#\/schema\/logo\/image\/","url":"https:\/\/frouharlaw.com\/wp-content\/uploads\/frouhar-law-logo.png","contentUrl":"https:\/\/frouharlaw.com\/wp-content\/uploads\/frouhar-law-logo.png","width":3601,"height":3600,"caption":"Frouhar Law"},"image":{"@id":"https:\/\/frouharlaw.com\/#\/schema\/logo\/image\/"}}]}},"_links":{"self":[{"href":"https:\/\/frouharlaw.com\/es\/wp-json\/wp\/v2\/pages\/2270","targetHints":{"allow":["GET"]}}],"collection":[{"href":"https:\/\/frouharlaw.com\/es\/wp-json\/wp\/v2\/pages"}],"about":[{"href":"https:\/\/frouharlaw.com\/es\/wp-json\/wp\/v2\/types\/page"}],"author":[{"embeddable":true,"href":"https:\/\/frouharlaw.com\/es\/wp-json\/wp\/v2\/users\/5"}],"replies":[{"embeddable":true,"href":"https:\/\/frouharlaw.com\/es\/wp-json\/wp\/v2\/comments?post=2270"}],"version-history":[{"count":4,"href":"https:\/\/frouharlaw.com\/es\/wp-json\/wp\/v2\/pages\/2270\/revisions"}],"predecessor-version":[{"id":2705,"href":"https:\/\/frouharlaw.com\/es\/wp-json\/wp\/v2\/pages\/2270\/revisions\/2705"}],"up":[{"embeddable":true,"href":"https:\/\/frouharlaw.com\/es\/wp-json\/wp\/v2\/pages\/2248"}],"wp:attachment":[{"href":"https:\/\/frouharlaw.com\/es\/wp-json\/wp\/v2\/media?parent=2270"}],"curies":[{"name":"wp","href":"https:\/\/api.w.org\/{rel}","templated":true}]}}