{"id":2274,"date":"2023-02-10T17:55:15","date_gmt":"2023-02-10T17:55:15","guid":{"rendered":"https:\/\/frouharlaw.com\/nuestra-experiencia\/delitos-sexuales\/ley-de-registro-de-informacion-de-delincuentes-sexuales-soira\/"},"modified":"2023-03-02T19:28:32","modified_gmt":"2023-03-02T19:28:32","slug":"ley-de-registro-de-informacion-de-delincuentes-sexuales-soira","status":"publish","type":"page","link":"https:\/\/frouharlaw.com\/es\/nuestra-experiencia\/delitos-sexuales\/ley-de-registro-de-informacion-de-delincuentes-sexuales-soira\/","title":{"rendered":"Ley de Registro de Informaci\u00f3n de Delincuentes Sexuales (SOIRA)"},"content":{"rendered":"\t\t<div data-elementor-type=\"wp-page\" data-elementor-id=\"2274\" class=\"elementor elementor-2274 elementor-1440\" data-elementor-post-type=\"page\">\n\t\t\t\t\t\t<section data-particle_enable=\"false\" data-particle-mobile-disabled=\"false\" class=\"elementor-section elementor-top-section elementor-element elementor-element-7868b772 elementor-section-height-min-height elementor-section-boxed elementor-section-height-default elementor-section-items-middle\" data-id=\"7868b772\" data-element_type=\"section\" data-e-type=\"section\" data-settings=\"{&quot;background_background&quot;:&quot;classic&quot;}\">\n\t\t\t\t\t\t\t<div class=\"elementor-background-overlay\"><\/div>\n\t\t\t\t\t\t\t<div class=\"elementor-container elementor-column-gap-default\">\n\t\t\t\t\t<div class=\"elementor-column elementor-col-100 elementor-top-column elementor-element elementor-element-131e56ca\" data-id=\"131e56ca\" data-element_type=\"column\" data-e-type=\"column\">\n\t\t\t<div class=\"elementor-widget-wrap elementor-element-populated\">\n\t\t\t\t\t\t<div class=\"elementor-element elementor-element-27b702f7 elementor-widget elementor-widget-heading\" data-id=\"27b702f7\" data-element_type=\"widget\" data-e-type=\"widget\" data-widget_type=\"heading.default\">\n\t\t\t\t<div class=\"elementor-widget-container\">\n\t\t\t\t\t<h1 class=\"elementor-heading-title elementor-size-default\"><span class=\"ita\">Ley de Registro de Informaci\u00f3n de Delincuentes Sexuales (SOIRA)<\/span><\/h1>\t\t\t\t<\/div>\n\t\t\t\t<\/div>\n\t\t\t\t\t<\/div>\n\t\t<\/div>\n\t\t\t\t\t<\/div>\n\t\t<\/section>\n\t\t\t\t<section data-particle_enable=\"false\" data-particle-mobile-disabled=\"false\" class=\"elementor-section elementor-top-section elementor-element elementor-element-7cdca5f9 elementor-section-boxed elementor-section-height-default elementor-section-height-default\" data-id=\"7cdca5f9\" data-element_type=\"section\" data-e-type=\"section\">\n\t\t\t\t\t\t<div class=\"elementor-container elementor-column-gap-default\">\n\t\t\t\t\t<div class=\"elementor-column elementor-col-100 elementor-top-column elementor-element elementor-element-40e4d7e4\" data-id=\"40e4d7e4\" data-element_type=\"column\" data-e-type=\"column\">\n\t\t\t<div class=\"elementor-widget-wrap elementor-element-populated\">\n\t\t\t\t\t\t<section data-particle_enable=\"false\" data-particle-mobile-disabled=\"false\" class=\"elementor-section elementor-inner-section elementor-element elementor-element-36e9b93d elementor-section-boxed elementor-section-height-default elementor-section-height-default\" data-id=\"36e9b93d\" data-element_type=\"section\" data-e-type=\"section\">\n\t\t\t\t\t\t<div class=\"elementor-container elementor-column-gap-default\">\n\t\t\t\t\t<div class=\"elementor-column elementor-col-50 elementor-inner-column elementor-element elementor-element-3e8dc24a\" data-id=\"3e8dc24a\" data-element_type=\"column\" data-e-type=\"column\">\n\t\t\t<div class=\"elementor-widget-wrap elementor-element-populated\">\n\t\t\t\t\t\t<div class=\"elementor-element elementor-element-1fedc67f elementor-widget elementor-widget-heading\" data-id=\"1fedc67f\" data-element_type=\"widget\" data-e-type=\"widget\" data-widget_type=\"heading.default\">\n\t\t\t\t<div class=\"elementor-widget-container\">\n\t\t\t\t\t<span class=\"elementor-heading-title elementor-size-default\">nuestra experiencia<\/span>\t\t\t\t<\/div>\n\t\t\t\t<\/div>\n\t\t\t\t<div class=\"elementor-element elementor-element-618129ac elementor-widget elementor-widget-heading\" data-id=\"618129ac\" data-element_type=\"widget\" data-e-type=\"widget\" data-widget_type=\"heading.default\">\n\t\t\t\t<div class=\"elementor-widget-container\">\n\t\t\t\t\t<span class=\"elementor-heading-title elementor-size-default\"><span class=\"ita\">Ley de Registro de Informaci\u00f3n de Delincuentes Sexuales (SOIRA)<\/span><\/span>\t\t\t\t<\/div>\n\t\t\t\t<\/div>\n\t\t\t\t\t<\/div>\n\t\t<\/div>\n\t\t\t\t<div class=\"elementor-column elementor-col-50 elementor-inner-column elementor-element elementor-element-689774cf\" data-id=\"689774cf\" data-element_type=\"column\" data-e-type=\"column\">\n\t\t\t<div class=\"elementor-widget-wrap elementor-element-populated\">\n\t\t\t\t\t\t<div class=\"elementor-element elementor-element-729751c4 elementor-widget elementor-widget-text-editor\" data-id=\"729751c4\" data-element_type=\"widget\" data-e-type=\"widget\" data-widget_type=\"text-editor.default\">\n\t\t\t\t<div class=\"elementor-widget-container\">\n\t\t\t\t\t\t\t\t\t<p><em>SOIRA<\/em> son las siglas de <em>Sex Offender Information Registration Act (Ley de Registro de Informaci\u00f3n sobre Delincuentes Sexuales<\/em>), una ley federal canadiense que obliga a las personas condenadas por determinados delitos sexuales a registrar su informaci\u00f3n personal en la polic\u00eda durante un periodo de tiempo determinado por el tribunal. El objetivo de <em>SOIRA<\/em> es ayudar a la polic\u00eda a investigar delitos de naturaleza sexual proporcion\u00e1ndole informaci\u00f3n sobre personas que han sido condenadas por determinados delitos sexuales. La informaci\u00f3n recopilada incluye el nombre del individuo, direcci\u00f3n, fecha de nacimiento y una descripci\u00f3n de su apariencia f\u00edsica, as\u00ed como detalles sobre la naturaleza del delito por el cual fue condenado. La informaci\u00f3n recopilada est\u00e1 disponible para los organismos encargados de hacer cumplir la ley y se utiliza para ayudar a prevenir e investigar delitos sexuales.<\/p>\n\t\t\t\t\t\t\t\t<\/div>\n\t\t\t\t<\/div>\n\t\t\t\t\t<\/div>\n\t\t<\/div>\n\t\t\t\t\t<\/div>\n\t\t<\/section>\n\t\t\t\t\t<\/div>\n\t\t<\/div>\n\t\t\t\t\t<\/div>\n\t\t<\/section>\n\t\t\t\t<\/div>\n\t\t","protected":false},"excerpt":{"rendered":"<p>Ley de Registro de Informaci\u00f3n de Delincuentes Sexuales (SOIRA) nuestra experiencia Ley de Registro de Informaci\u00f3n de Delincuentes Sexuales (SOIRA) SOIRA son las siglas de Sex Offender Information Registration Act (Ley de Registro de Informaci\u00f3n sobre Delincuentes Sexuales), una ley federal canadiense que obliga a las personas condenadas por determinados delitos sexuales a registrar su [&hellip;]<\/p>\n","protected":false},"author":5,"featured_media":0,"parent":2272,"menu_order":3,"comment_status":"closed","ping_status":"closed","template":"","meta":{"footnotes":""},"class_list":["post-2274","page","type-page","status-publish","hentry"],"yoast_head":"<!-- This site is optimized with the Yoast SEO plugin v27.2 - https:\/\/yoast.com\/product\/yoast-seo-wordpress\/ -->\n<title>Ley de Registro de Informaci\u00f3n de Delincuentes Sexuales (SOIRA) - Frouhar Law<\/title>\n<meta name=\"robots\" content=\"index, follow, max-snippet:-1, max-image-preview:large, max-video-preview:-1\" \/>\n<link rel=\"canonical\" href=\"https:\/\/frouharlaw.com\/our-expertise\/sexual-offences\/soira\/\" \/>\n<meta property=\"og:locale\" content=\"es_ES\" \/>\n<meta property=\"og:type\" content=\"article\" \/>\n<meta property=\"og:title\" content=\"Ley de Registro de Informaci\u00f3n de Delincuentes Sexuales (SOIRA) - Frouhar Law\" \/>\n<meta property=\"og:description\" content=\"Ley de Registro de Informaci\u00f3n de Delincuentes Sexuales (SOIRA) nuestra experiencia Ley de Registro de Informaci\u00f3n de Delincuentes Sexuales (SOIRA) SOIRA son las siglas de Sex Offender Information Registration Act (Ley de Registro de Informaci\u00f3n sobre Delincuentes Sexuales), una ley federal canadiense que obliga a las personas condenadas por determinados delitos sexuales a registrar su [&hellip;]\" \/>\n<meta property=\"og:url\" content=\"https:\/\/frouharlaw.com\/our-expertise\/sexual-offences\/soira\/\" \/>\n<meta property=\"og:site_name\" content=\"Frouhar Law\" \/>\n<meta property=\"article:modified_time\" content=\"2023-03-02T19:28:32+00:00\" \/>\n<meta property=\"og:image\" content=\"https:\/\/frouharlaw.com\/wp-content\/uploads\/frouharlaw-og.jpg\" \/>\n\t<meta property=\"og:image:width\" content=\"1200\" \/>\n\t<meta property=\"og:image:height\" content=\"630\" \/>\n\t<meta property=\"og:image:type\" content=\"image\/jpeg\" \/>\n<meta name=\"twitter:card\" content=\"summary_large_image\" \/>\n<meta name=\"twitter:label1\" content=\"Tiempo de lectura\" \/>\n\t<meta name=\"twitter:data1\" content=\"1 minuto\" \/>\n<script type=\"application\/ld+json\" class=\"yoast-schema-graph\">{\"@context\":\"https:\/\/schema.org\",\"@graph\":[{\"@type\":\"WebPage\",\"@id\":\"https:\/\/frouharlaw.com\/our-expertise\/sexual-offences\/soira\/\",\"url\":\"https:\/\/frouharlaw.com\/our-expertise\/sexual-offences\/soira\/\",\"name\":\"Ley de Registro de Informaci\u00f3n de Delincuentes Sexuales (SOIRA) - Frouhar Law\",\"isPartOf\":{\"@id\":\"https:\/\/frouharlaw.com\/#website\"},\"datePublished\":\"2023-02-10T17:55:15+00:00\",\"dateModified\":\"2023-03-02T19:28:32+00:00\",\"breadcrumb\":{\"@id\":\"https:\/\/frouharlaw.com\/our-expertise\/sexual-offences\/soira\/#breadcrumb\"},\"inLanguage\":\"es\",\"potentialAction\":[{\"@type\":\"ReadAction\",\"target\":[\"https:\/\/frouharlaw.com\/our-expertise\/sexual-offences\/soira\/\"]}]},{\"@type\":\"BreadcrumbList\",\"@id\":\"https:\/\/frouharlaw.com\/our-expertise\/sexual-offences\/soira\/#breadcrumb\",\"itemListElement\":[{\"@type\":\"ListItem\",\"position\":1,\"name\":\"Home\",\"item\":\"https:\/\/frouharlaw.com\/es\/\"},{\"@type\":\"ListItem\",\"position\":2,\"name\":\"nuestra experiencia\",\"item\":\"https:\/\/frouharlaw.com\/es\/nuestra-experiencia\/\"},{\"@type\":\"ListItem\",\"position\":3,\"name\":\"Delitos sexuales\",\"item\":\"https:\/\/frouharlaw.com\/our-expertise\/sexual-offences\/\"},{\"@type\":\"ListItem\",\"position\":4,\"name\":\"Ley de Registro de Informaci\u00f3n de Delincuentes Sexuales (SOIRA)\"}]},{\"@type\":\"WebSite\",\"@id\":\"https:\/\/frouharlaw.com\/#website\",\"url\":\"https:\/\/frouharlaw.com\/\",\"name\":\"Frouhar Law\",\"description\":\"Determined. Creative. Tireless. Passionate.\",\"publisher\":{\"@id\":\"https:\/\/frouharlaw.com\/#organization\"},\"potentialAction\":[{\"@type\":\"SearchAction\",\"target\":{\"@type\":\"EntryPoint\",\"urlTemplate\":\"https:\/\/frouharlaw.com\/?s={search_term_string}\"},\"query-input\":{\"@type\":\"PropertyValueSpecification\",\"valueRequired\":true,\"valueName\":\"search_term_string\"}}],\"inLanguage\":\"es\"},{\"@type\":\"Organization\",\"@id\":\"https:\/\/frouharlaw.com\/#organization\",\"name\":\"Frouhar Law\",\"url\":\"https:\/\/frouharlaw.com\/\",\"logo\":{\"@type\":\"ImageObject\",\"inLanguage\":\"es\",\"@id\":\"https:\/\/frouharlaw.com\/#\/schema\/logo\/image\/\",\"url\":\"https:\/\/frouharlaw.com\/wp-content\/uploads\/frouhar-law-logo.png\",\"contentUrl\":\"https:\/\/frouharlaw.com\/wp-content\/uploads\/frouhar-law-logo.png\",\"width\":3601,\"height\":3600,\"caption\":\"Frouhar Law\"},\"image\":{\"@id\":\"https:\/\/frouharlaw.com\/#\/schema\/logo\/image\/\"}}]}<\/script>\n<!-- \/ Yoast SEO plugin. -->","yoast_head_json":{"title":"Ley de Registro de Informaci\u00f3n de Delincuentes Sexuales (SOIRA) - Frouhar Law","robots":{"index":"index","follow":"follow","max-snippet":"max-snippet:-1","max-image-preview":"max-image-preview:large","max-video-preview":"max-video-preview:-1"},"canonical":"https:\/\/frouharlaw.com\/our-expertise\/sexual-offences\/soira\/","og_locale":"es_ES","og_type":"article","og_title":"Ley de Registro de Informaci\u00f3n de Delincuentes Sexuales (SOIRA) - Frouhar Law","og_description":"Ley de Registro de Informaci\u00f3n de Delincuentes Sexuales (SOIRA) nuestra experiencia Ley de Registro de Informaci\u00f3n de Delincuentes Sexuales (SOIRA) SOIRA son las siglas de Sex Offender Information Registration Act (Ley de Registro de Informaci\u00f3n sobre Delincuentes Sexuales), una ley federal canadiense que obliga a las personas condenadas por determinados delitos sexuales a registrar su [&hellip;]","og_url":"https:\/\/frouharlaw.com\/our-expertise\/sexual-offences\/soira\/","og_site_name":"Frouhar Law","article_modified_time":"2023-03-02T19:28:32+00:00","og_image":[{"width":1200,"height":630,"url":"https:\/\/frouharlaw.com\/wp-content\/uploads\/frouharlaw-og.jpg","type":"image\/jpeg"}],"twitter_card":"summary_large_image","twitter_misc":{"Tiempo de lectura":"1 minuto"},"schema":{"@context":"https:\/\/schema.org","@graph":[{"@type":"WebPage","@id":"https:\/\/frouharlaw.com\/our-expertise\/sexual-offences\/soira\/","url":"https:\/\/frouharlaw.com\/our-expertise\/sexual-offences\/soira\/","name":"Ley de Registro de Informaci\u00f3n de Delincuentes Sexuales (SOIRA) - Frouhar Law","isPartOf":{"@id":"https:\/\/frouharlaw.com\/#website"},"datePublished":"2023-02-10T17:55:15+00:00","dateModified":"2023-03-02T19:28:32+00:00","breadcrumb":{"@id":"https:\/\/frouharlaw.com\/our-expertise\/sexual-offences\/soira\/#breadcrumb"},"inLanguage":"es","potentialAction":[{"@type":"ReadAction","target":["https:\/\/frouharlaw.com\/our-expertise\/sexual-offences\/soira\/"]}]},{"@type":"BreadcrumbList","@id":"https:\/\/frouharlaw.com\/our-expertise\/sexual-offences\/soira\/#breadcrumb","itemListElement":[{"@type":"ListItem","position":1,"name":"Home","item":"https:\/\/frouharlaw.com\/es\/"},{"@type":"ListItem","position":2,"name":"nuestra experiencia","item":"https:\/\/frouharlaw.com\/es\/nuestra-experiencia\/"},{"@type":"ListItem","position":3,"name":"Delitos sexuales","item":"https:\/\/frouharlaw.com\/our-expertise\/sexual-offences\/"},{"@type":"ListItem","position":4,"name":"Ley de Registro de Informaci\u00f3n de Delincuentes Sexuales (SOIRA)"}]},{"@type":"WebSite","@id":"https:\/\/frouharlaw.com\/#website","url":"https:\/\/frouharlaw.com\/","name":"Frouhar Law","description":"Determined. Creative. Tireless. Passionate.","publisher":{"@id":"https:\/\/frouharlaw.com\/#organization"},"potentialAction":[{"@type":"SearchAction","target":{"@type":"EntryPoint","urlTemplate":"https:\/\/frouharlaw.com\/?s={search_term_string}"},"query-input":{"@type":"PropertyValueSpecification","valueRequired":true,"valueName":"search_term_string"}}],"inLanguage":"es"},{"@type":"Organization","@id":"https:\/\/frouharlaw.com\/#organization","name":"Frouhar Law","url":"https:\/\/frouharlaw.com\/","logo":{"@type":"ImageObject","inLanguage":"es","@id":"https:\/\/frouharlaw.com\/#\/schema\/logo\/image\/","url":"https:\/\/frouharlaw.com\/wp-content\/uploads\/frouhar-law-logo.png","contentUrl":"https:\/\/frouharlaw.com\/wp-content\/uploads\/frouhar-law-logo.png","width":3601,"height":3600,"caption":"Frouhar Law"},"image":{"@id":"https:\/\/frouharlaw.com\/#\/schema\/logo\/image\/"}}]}},"_links":{"self":[{"href":"https:\/\/frouharlaw.com\/es\/wp-json\/wp\/v2\/pages\/2274","targetHints":{"allow":["GET"]}}],"collection":[{"href":"https:\/\/frouharlaw.com\/es\/wp-json\/wp\/v2\/pages"}],"about":[{"href":"https:\/\/frouharlaw.com\/es\/wp-json\/wp\/v2\/types\/page"}],"author":[{"embeddable":true,"href":"https:\/\/frouharlaw.com\/es\/wp-json\/wp\/v2\/users\/5"}],"replies":[{"embeddable":true,"href":"https:\/\/frouharlaw.com\/es\/wp-json\/wp\/v2\/comments?post=2274"}],"version-history":[{"count":7,"href":"https:\/\/frouharlaw.com\/es\/wp-json\/wp\/v2\/pages\/2274\/revisions"}],"predecessor-version":[{"id":2720,"href":"https:\/\/frouharlaw.com\/es\/wp-json\/wp\/v2\/pages\/2274\/revisions\/2720"}],"up":[{"embeddable":true,"href":"https:\/\/frouharlaw.com\/es\/wp-json\/wp\/v2\/pages\/2272"}],"wp:attachment":[{"href":"https:\/\/frouharlaw.com\/es\/wp-json\/wp\/v2\/media?parent=2274"}],"curies":[{"name":"wp","href":"https:\/\/api.w.org\/{rel}","templated":true}]}}