{"id":2276,"date":"2023-02-10T17:55:02","date_gmt":"2023-02-10T17:55:02","guid":{"rendered":"https:\/\/frouharlaw.com\/nuestra-experiencia\/delitos-sexuales\/agresion-sexual-agravada\/"},"modified":"2023-03-02T19:28:44","modified_gmt":"2023-03-02T19:28:44","slug":"agresion-sexual-agravada","status":"publish","type":"page","link":"https:\/\/frouharlaw.com\/es\/nuestra-experiencia\/delitos-sexuales\/agresion-sexual-agravada\/","title":{"rendered":"Agresi\u00f3n sexual agravada"},"content":{"rendered":"\t\t<div data-elementor-type=\"wp-page\" data-elementor-id=\"2276\" class=\"elementor elementor-2276 elementor-1438\" data-elementor-post-type=\"page\">\n\t\t\t\t\t\t<section data-particle_enable=\"false\" data-particle-mobile-disabled=\"false\" class=\"elementor-section elementor-top-section elementor-element elementor-element-577d937c elementor-section-height-min-height elementor-section-boxed elementor-section-height-default elementor-section-items-middle\" data-id=\"577d937c\" data-element_type=\"section\" data-e-type=\"section\" data-settings=\"{&quot;background_background&quot;:&quot;classic&quot;}\">\n\t\t\t\t\t\t\t<div class=\"elementor-background-overlay\"><\/div>\n\t\t\t\t\t\t\t<div class=\"elementor-container elementor-column-gap-default\">\n\t\t\t\t\t<div class=\"elementor-column elementor-col-100 elementor-top-column elementor-element elementor-element-72a7d1cf\" data-id=\"72a7d1cf\" data-element_type=\"column\" data-e-type=\"column\">\n\t\t\t<div class=\"elementor-widget-wrap elementor-element-populated\">\n\t\t\t\t\t\t<div class=\"elementor-element elementor-element-2678a1d0 elementor-widget elementor-widget-heading\" data-id=\"2678a1d0\" data-element_type=\"widget\" data-e-type=\"widget\" data-widget_type=\"heading.default\">\n\t\t\t\t<div class=\"elementor-widget-container\">\n\t\t\t\t\t<h1 class=\"elementor-heading-title elementor-size-default\">Agresi\u00f3n sexual agravada<\/h1>\t\t\t\t<\/div>\n\t\t\t\t<\/div>\n\t\t\t\t\t<\/div>\n\t\t<\/div>\n\t\t\t\t\t<\/div>\n\t\t<\/section>\n\t\t\t\t<section data-particle_enable=\"false\" data-particle-mobile-disabled=\"false\" class=\"elementor-section elementor-top-section elementor-element elementor-element-407dcec elementor-section-boxed elementor-section-height-default elementor-section-height-default\" data-id=\"407dcec\" data-element_type=\"section\" data-e-type=\"section\">\n\t\t\t\t\t\t<div class=\"elementor-container elementor-column-gap-default\">\n\t\t\t\t\t<div class=\"elementor-column elementor-col-100 elementor-top-column elementor-element elementor-element-2a42c8e3\" data-id=\"2a42c8e3\" data-element_type=\"column\" data-e-type=\"column\">\n\t\t\t<div class=\"elementor-widget-wrap elementor-element-populated\">\n\t\t\t\t\t\t<section data-particle_enable=\"false\" data-particle-mobile-disabled=\"false\" class=\"elementor-section elementor-inner-section elementor-element elementor-element-fb76406 elementor-section-boxed elementor-section-height-default elementor-section-height-default\" data-id=\"fb76406\" data-element_type=\"section\" data-e-type=\"section\">\n\t\t\t\t\t\t<div class=\"elementor-container elementor-column-gap-default\">\n\t\t\t\t\t<div class=\"elementor-column elementor-col-50 elementor-inner-column elementor-element elementor-element-3fc590f1\" data-id=\"3fc590f1\" data-element_type=\"column\" data-e-type=\"column\">\n\t\t\t<div class=\"elementor-widget-wrap elementor-element-populated\">\n\t\t\t\t\t\t<div class=\"elementor-element elementor-element-2ee4df73 elementor-widget elementor-widget-heading\" data-id=\"2ee4df73\" data-element_type=\"widget\" data-e-type=\"widget\" data-widget_type=\"heading.default\">\n\t\t\t\t<div class=\"elementor-widget-container\">\n\t\t\t\t\t<span class=\"elementor-heading-title elementor-size-default\">nuestra experiencia<\/span>\t\t\t\t<\/div>\n\t\t\t\t<\/div>\n\t\t\t\t<div class=\"elementor-element elementor-element-390ee9d7 elementor-widget elementor-widget-heading\" data-id=\"390ee9d7\" data-element_type=\"widget\" data-e-type=\"widget\" data-widget_type=\"heading.default\">\n\t\t\t\t<div class=\"elementor-widget-container\">\n\t\t\t\t\t<span class=\"elementor-heading-title elementor-size-default\">Agresi\u00f3n sexual agravada<\/span>\t\t\t\t<\/div>\n\t\t\t\t<\/div>\n\t\t\t\t\t<\/div>\n\t\t<\/div>\n\t\t\t\t<div class=\"elementor-column elementor-col-50 elementor-inner-column elementor-element elementor-element-454dfe4\" data-id=\"454dfe4\" data-element_type=\"column\" data-e-type=\"column\">\n\t\t\t<div class=\"elementor-widget-wrap elementor-element-populated\">\n\t\t\t\t\t\t<div class=\"elementor-element elementor-element-4f10546c elementor-widget elementor-widget-text-editor\" data-id=\"4f10546c\" data-element_type=\"widget\" data-e-type=\"widget\" data-widget_type=\"text-editor.default\">\n\t\t\t\t<div class=\"elementor-widget-container\">\n\t\t\t\t\t\t\t\t\tLa agresi\u00f3n sexual agravada implica la agresi\u00f3n sexual que causa, o tiene la intenci\u00f3n de causar, da\u00f1o corporal, heridas o mutilaci\u00f3n a la v\u00edctima. Tambi\u00e9n puede involucrar el uso de armas o amenazas de violencia, o agresi\u00f3n sexual contra alguien que est\u00e1 confinado o secuestrado ilegalmente.\nLa agresi\u00f3n sexual agravada se considera un delito particularmente grave en Canad\u00e1 y conlleva una pena m\u00e1xima de cadena perpetua. La sentencia real por una condena por agresi\u00f3n sexual agravada depender\u00e1 de las circunstancias espec\u00edficas del caso y de los antecedentes penales previos del delincuente. Si ha sido acusado de agresi\u00f3n sexual, es importante buscar asesoramiento y apoyo legal lo antes posible.\n\t\t\t\t\t\t\t\t<\/div>\n\t\t\t\t<\/div>\n\t\t\t\t\t<\/div>\n\t\t<\/div>\n\t\t\t\t\t<\/div>\n\t\t<\/section>\n\t\t\t\t\t<\/div>\n\t\t<\/div>\n\t\t\t\t\t<\/div>\n\t\t<\/section>\n\t\t\t\t<\/div>\n\t\t","protected":false},"excerpt":{"rendered":"<p>nuestra experiencia La agresi\u00f3n sexual agravada implica la agresi\u00f3n sexual que causa, o tiene la intenci\u00f3n de causar, da\u00f1o corporal, heridas o mutilaci\u00f3n a la v\u00edctima. Tambi\u00e9n puede involucrar el uso de armas o amenazas de violencia, o agresi\u00f3n sexual contra alguien que est\u00e1 confinado o secuestrado ilegalmente. La agresi\u00f3n sexual agravada se considera un [&hellip;]<\/p>\n","protected":false},"author":5,"featured_media":0,"parent":2272,"menu_order":4,"comment_status":"closed","ping_status":"closed","template":"","meta":{"footnotes":""},"class_list":["post-2276","page","type-page","status-publish","hentry"],"yoast_head":"<!-- This site is optimized with the Yoast SEO plugin v27.2 - https:\/\/yoast.com\/product\/yoast-seo-wordpress\/ -->\n<title>Agresi\u00f3n sexual agravada - Frouhar Law<\/title>\n<meta name=\"robots\" content=\"index, follow, max-snippet:-1, max-image-preview:large, max-video-preview:-1\" \/>\n<link rel=\"canonical\" href=\"https:\/\/frouharlaw.com\/our-expertise\/sexual-offences\/aggravated-sexual-assault\/\" \/>\n<meta property=\"og:locale\" content=\"es_ES\" \/>\n<meta property=\"og:type\" content=\"article\" \/>\n<meta property=\"og:title\" content=\"Agresi\u00f3n sexual agravada - Frouhar Law\" \/>\n<meta property=\"og:description\" content=\"nuestra experiencia La agresi\u00f3n sexual agravada implica la agresi\u00f3n sexual que causa, o tiene la intenci\u00f3n de causar, da\u00f1o corporal, heridas o mutilaci\u00f3n a la v\u00edctima. Tambi\u00e9n puede involucrar el uso de armas o amenazas de violencia, o agresi\u00f3n sexual contra alguien que est\u00e1 confinado o secuestrado ilegalmente. La agresi\u00f3n sexual agravada se considera un [&hellip;]\" \/>\n<meta property=\"og:url\" content=\"https:\/\/frouharlaw.com\/our-expertise\/sexual-offences\/aggravated-sexual-assault\/\" \/>\n<meta property=\"og:site_name\" content=\"Frouhar Law\" \/>\n<meta property=\"article:modified_time\" content=\"2023-03-02T19:28:44+00:00\" \/>\n<meta property=\"og:image\" content=\"https:\/\/frouharlaw.com\/wp-content\/uploads\/frouharlaw-og.jpg\" \/>\n\t<meta property=\"og:image:width\" content=\"1200\" \/>\n\t<meta property=\"og:image:height\" content=\"630\" \/>\n\t<meta property=\"og:image:type\" content=\"image\/jpeg\" \/>\n<meta name=\"twitter:card\" content=\"summary_large_image\" \/>\n<meta name=\"twitter:label1\" content=\"Tiempo de lectura\" \/>\n\t<meta name=\"twitter:data1\" content=\"1 minuto\" \/>\n<script type=\"application\/ld+json\" class=\"yoast-schema-graph\">{\"@context\":\"https:\/\/schema.org\",\"@graph\":[{\"@type\":\"WebPage\",\"@id\":\"https:\/\/frouharlaw.com\/our-expertise\/sexual-offences\/aggravated-sexual-assault\/\",\"url\":\"https:\/\/frouharlaw.com\/our-expertise\/sexual-offences\/aggravated-sexual-assault\/\",\"name\":\"Agresi\u00f3n sexual agravada - Frouhar Law\",\"isPartOf\":{\"@id\":\"https:\/\/frouharlaw.com\/#website\"},\"datePublished\":\"2023-02-10T17:55:02+00:00\",\"dateModified\":\"2023-03-02T19:28:44+00:00\",\"breadcrumb\":{\"@id\":\"https:\/\/frouharlaw.com\/our-expertise\/sexual-offences\/aggravated-sexual-assault\/#breadcrumb\"},\"inLanguage\":\"es\",\"potentialAction\":[{\"@type\":\"ReadAction\",\"target\":[\"https:\/\/frouharlaw.com\/our-expertise\/sexual-offences\/aggravated-sexual-assault\/\"]}]},{\"@type\":\"BreadcrumbList\",\"@id\":\"https:\/\/frouharlaw.com\/our-expertise\/sexual-offences\/aggravated-sexual-assault\/#breadcrumb\",\"itemListElement\":[{\"@type\":\"ListItem\",\"position\":1,\"name\":\"Home\",\"item\":\"https:\/\/frouharlaw.com\/es\/\"},{\"@type\":\"ListItem\",\"position\":2,\"name\":\"nuestra experiencia\",\"item\":\"https:\/\/frouharlaw.com\/es\/nuestra-experiencia\/\"},{\"@type\":\"ListItem\",\"position\":3,\"name\":\"Delitos sexuales\",\"item\":\"https:\/\/frouharlaw.com\/our-expertise\/sexual-offences\/\"},{\"@type\":\"ListItem\",\"position\":4,\"name\":\"Agresi\u00f3n sexual agravada\"}]},{\"@type\":\"WebSite\",\"@id\":\"https:\/\/frouharlaw.com\/#website\",\"url\":\"https:\/\/frouharlaw.com\/\",\"name\":\"Frouhar Law\",\"description\":\"Determined. Creative. Tireless. Passionate.\",\"publisher\":{\"@id\":\"https:\/\/frouharlaw.com\/#organization\"},\"potentialAction\":[{\"@type\":\"SearchAction\",\"target\":{\"@type\":\"EntryPoint\",\"urlTemplate\":\"https:\/\/frouharlaw.com\/?s={search_term_string}\"},\"query-input\":{\"@type\":\"PropertyValueSpecification\",\"valueRequired\":true,\"valueName\":\"search_term_string\"}}],\"inLanguage\":\"es\"},{\"@type\":\"Organization\",\"@id\":\"https:\/\/frouharlaw.com\/#organization\",\"name\":\"Frouhar Law\",\"url\":\"https:\/\/frouharlaw.com\/\",\"logo\":{\"@type\":\"ImageObject\",\"inLanguage\":\"es\",\"@id\":\"https:\/\/frouharlaw.com\/#\/schema\/logo\/image\/\",\"url\":\"https:\/\/frouharlaw.com\/wp-content\/uploads\/frouhar-law-logo.png\",\"contentUrl\":\"https:\/\/frouharlaw.com\/wp-content\/uploads\/frouhar-law-logo.png\",\"width\":3601,\"height\":3600,\"caption\":\"Frouhar Law\"},\"image\":{\"@id\":\"https:\/\/frouharlaw.com\/#\/schema\/logo\/image\/\"}}]}<\/script>\n<!-- \/ Yoast SEO plugin. -->","yoast_head_json":{"title":"Agresi\u00f3n sexual agravada - Frouhar Law","robots":{"index":"index","follow":"follow","max-snippet":"max-snippet:-1","max-image-preview":"max-image-preview:large","max-video-preview":"max-video-preview:-1"},"canonical":"https:\/\/frouharlaw.com\/our-expertise\/sexual-offences\/aggravated-sexual-assault\/","og_locale":"es_ES","og_type":"article","og_title":"Agresi\u00f3n sexual agravada - Frouhar Law","og_description":"nuestra experiencia La agresi\u00f3n sexual agravada implica la agresi\u00f3n sexual que causa, o tiene la intenci\u00f3n de causar, da\u00f1o corporal, heridas o mutilaci\u00f3n a la v\u00edctima. Tambi\u00e9n puede involucrar el uso de armas o amenazas de violencia, o agresi\u00f3n sexual contra alguien que est\u00e1 confinado o secuestrado ilegalmente. La agresi\u00f3n sexual agravada se considera un [&hellip;]","og_url":"https:\/\/frouharlaw.com\/our-expertise\/sexual-offences\/aggravated-sexual-assault\/","og_site_name":"Frouhar Law","article_modified_time":"2023-03-02T19:28:44+00:00","og_image":[{"width":1200,"height":630,"url":"https:\/\/frouharlaw.com\/wp-content\/uploads\/frouharlaw-og.jpg","type":"image\/jpeg"}],"twitter_card":"summary_large_image","twitter_misc":{"Tiempo de lectura":"1 minuto"},"schema":{"@context":"https:\/\/schema.org","@graph":[{"@type":"WebPage","@id":"https:\/\/frouharlaw.com\/our-expertise\/sexual-offences\/aggravated-sexual-assault\/","url":"https:\/\/frouharlaw.com\/our-expertise\/sexual-offences\/aggravated-sexual-assault\/","name":"Agresi\u00f3n sexual agravada - Frouhar Law","isPartOf":{"@id":"https:\/\/frouharlaw.com\/#website"},"datePublished":"2023-02-10T17:55:02+00:00","dateModified":"2023-03-02T19:28:44+00:00","breadcrumb":{"@id":"https:\/\/frouharlaw.com\/our-expertise\/sexual-offences\/aggravated-sexual-assault\/#breadcrumb"},"inLanguage":"es","potentialAction":[{"@type":"ReadAction","target":["https:\/\/frouharlaw.com\/our-expertise\/sexual-offences\/aggravated-sexual-assault\/"]}]},{"@type":"BreadcrumbList","@id":"https:\/\/frouharlaw.com\/our-expertise\/sexual-offences\/aggravated-sexual-assault\/#breadcrumb","itemListElement":[{"@type":"ListItem","position":1,"name":"Home","item":"https:\/\/frouharlaw.com\/es\/"},{"@type":"ListItem","position":2,"name":"nuestra experiencia","item":"https:\/\/frouharlaw.com\/es\/nuestra-experiencia\/"},{"@type":"ListItem","position":3,"name":"Delitos sexuales","item":"https:\/\/frouharlaw.com\/our-expertise\/sexual-offences\/"},{"@type":"ListItem","position":4,"name":"Agresi\u00f3n sexual agravada"}]},{"@type":"WebSite","@id":"https:\/\/frouharlaw.com\/#website","url":"https:\/\/frouharlaw.com\/","name":"Frouhar Law","description":"Determined. Creative. Tireless. Passionate.","publisher":{"@id":"https:\/\/frouharlaw.com\/#organization"},"potentialAction":[{"@type":"SearchAction","target":{"@type":"EntryPoint","urlTemplate":"https:\/\/frouharlaw.com\/?s={search_term_string}"},"query-input":{"@type":"PropertyValueSpecification","valueRequired":true,"valueName":"search_term_string"}}],"inLanguage":"es"},{"@type":"Organization","@id":"https:\/\/frouharlaw.com\/#organization","name":"Frouhar Law","url":"https:\/\/frouharlaw.com\/","logo":{"@type":"ImageObject","inLanguage":"es","@id":"https:\/\/frouharlaw.com\/#\/schema\/logo\/image\/","url":"https:\/\/frouharlaw.com\/wp-content\/uploads\/frouhar-law-logo.png","contentUrl":"https:\/\/frouharlaw.com\/wp-content\/uploads\/frouhar-law-logo.png","width":3601,"height":3600,"caption":"Frouhar Law"},"image":{"@id":"https:\/\/frouharlaw.com\/#\/schema\/logo\/image\/"}}]}},"_links":{"self":[{"href":"https:\/\/frouharlaw.com\/es\/wp-json\/wp\/v2\/pages\/2276","targetHints":{"allow":["GET"]}}],"collection":[{"href":"https:\/\/frouharlaw.com\/es\/wp-json\/wp\/v2\/pages"}],"about":[{"href":"https:\/\/frouharlaw.com\/es\/wp-json\/wp\/v2\/types\/page"}],"author":[{"embeddable":true,"href":"https:\/\/frouharlaw.com\/es\/wp-json\/wp\/v2\/users\/5"}],"replies":[{"embeddable":true,"href":"https:\/\/frouharlaw.com\/es\/wp-json\/wp\/v2\/comments?post=2276"}],"version-history":[{"count":7,"href":"https:\/\/frouharlaw.com\/es\/wp-json\/wp\/v2\/pages\/2276\/revisions"}],"predecessor-version":[{"id":2723,"href":"https:\/\/frouharlaw.com\/es\/wp-json\/wp\/v2\/pages\/2276\/revisions\/2723"}],"up":[{"embeddable":true,"href":"https:\/\/frouharlaw.com\/es\/wp-json\/wp\/v2\/pages\/2272"}],"wp:attachment":[{"href":"https:\/\/frouharlaw.com\/es\/wp-json\/wp\/v2\/media?parent=2276"}],"curies":[{"name":"wp","href":"https:\/\/api.w.org\/{rel}","templated":true}]}}