{"id":2282,"date":"2023-02-10T17:54:32","date_gmt":"2023-02-10T17:54:32","guid":{"rendered":"https:\/\/frouharlaw.com\/nuestra-experiencia\/delitos-contra-la-propiedad\/posesion-de-bienes-obtenidos-por-el-delito\/"},"modified":"2023-03-02T19:30:51","modified_gmt":"2023-03-02T19:30:51","slug":"posesion-de-bienes-obtenidos-por-el-delito","status":"publish","type":"page","link":"https:\/\/frouharlaw.com\/es\/nuestra-experiencia\/delitos-contra-la-propiedad\/posesion-de-bienes-obtenidos-por-el-delito\/","title":{"rendered":"Posesi\u00f3n de Bienes Obtenidos por el Delito"},"content":{"rendered":"\t\t<div data-elementor-type=\"wp-page\" data-elementor-id=\"2282\" class=\"elementor elementor-2282 elementor-1434\" data-elementor-post-type=\"page\">\n\t\t\t\t\t\t<section data-particle_enable=\"false\" data-particle-mobile-disabled=\"false\" class=\"elementor-section elementor-top-section elementor-element elementor-element-230d0444 elementor-section-height-min-height elementor-section-boxed elementor-section-height-default elementor-section-items-middle\" data-id=\"230d0444\" data-element_type=\"section\" data-e-type=\"section\" data-settings=\"{&quot;background_background&quot;:&quot;classic&quot;}\">\n\t\t\t\t\t\t\t<div class=\"elementor-background-overlay\"><\/div>\n\t\t\t\t\t\t\t<div class=\"elementor-container elementor-column-gap-default\">\n\t\t\t\t\t<div class=\"elementor-column elementor-col-100 elementor-top-column elementor-element elementor-element-5bcf6d0b\" data-id=\"5bcf6d0b\" data-element_type=\"column\" data-e-type=\"column\">\n\t\t\t<div class=\"elementor-widget-wrap elementor-element-populated\">\n\t\t\t\t\t\t<div class=\"elementor-element elementor-element-2182b215 elementor-widget elementor-widget-heading\" data-id=\"2182b215\" data-element_type=\"widget\" data-e-type=\"widget\" data-widget_type=\"heading.default\">\n\t\t\t\t<div class=\"elementor-widget-container\">\n\t\t\t\t\t<h1 class=\"elementor-heading-title elementor-size-default\">Posesi\u00f3n de Bienes Obtenidos por el Delito<\/h1>\t\t\t\t<\/div>\n\t\t\t\t<\/div>\n\t\t\t\t\t<\/div>\n\t\t<\/div>\n\t\t\t\t\t<\/div>\n\t\t<\/section>\n\t\t\t\t<section data-particle_enable=\"false\" data-particle-mobile-disabled=\"false\" class=\"elementor-section elementor-top-section elementor-element elementor-element-35552932 elementor-section-boxed elementor-section-height-default elementor-section-height-default\" data-id=\"35552932\" data-element_type=\"section\" data-e-type=\"section\">\n\t\t\t\t\t\t<div class=\"elementor-container elementor-column-gap-default\">\n\t\t\t\t\t<div class=\"elementor-column elementor-col-100 elementor-top-column elementor-element elementor-element-751e3c83\" data-id=\"751e3c83\" data-element_type=\"column\" data-e-type=\"column\">\n\t\t\t<div class=\"elementor-widget-wrap elementor-element-populated\">\n\t\t\t\t\t\t<section data-particle_enable=\"false\" data-particle-mobile-disabled=\"false\" class=\"elementor-section elementor-inner-section elementor-element elementor-element-622acfa7 elementor-section-boxed elementor-section-height-default elementor-section-height-default\" data-id=\"622acfa7\" data-element_type=\"section\" data-e-type=\"section\">\n\t\t\t\t\t\t<div class=\"elementor-container elementor-column-gap-default\">\n\t\t\t\t\t<div class=\"elementor-column elementor-col-50 elementor-inner-column elementor-element elementor-element-75279481\" data-id=\"75279481\" data-element_type=\"column\" data-e-type=\"column\">\n\t\t\t<div class=\"elementor-widget-wrap elementor-element-populated\">\n\t\t\t\t\t\t<div class=\"elementor-element elementor-element-3db000cf elementor-widget elementor-widget-heading\" data-id=\"3db000cf\" data-element_type=\"widget\" data-e-type=\"widget\" data-widget_type=\"heading.default\">\n\t\t\t\t<div class=\"elementor-widget-container\">\n\t\t\t\t\t<span class=\"elementor-heading-title elementor-size-default\">nuestra experiencia<\/span>\t\t\t\t<\/div>\n\t\t\t\t<\/div>\n\t\t\t\t<div class=\"elementor-element elementor-element-7639774a elementor-widget elementor-widget-heading\" data-id=\"7639774a\" data-element_type=\"widget\" data-e-type=\"widget\" data-widget_type=\"heading.default\">\n\t\t\t\t<div class=\"elementor-widget-container\">\n\t\t\t\t\t<span class=\"elementor-heading-title elementor-size-default\">Posesi\u00f3n de Bienes Obtenidos por el Delito<\/span>\t\t\t\t<\/div>\n\t\t\t\t<\/div>\n\t\t\t\t\t<\/div>\n\t\t<\/div>\n\t\t\t\t<div class=\"elementor-column elementor-col-50 elementor-inner-column elementor-element elementor-element-459660b6\" data-id=\"459660b6\" data-element_type=\"column\" data-e-type=\"column\">\n\t\t\t<div class=\"elementor-widget-wrap elementor-element-populated\">\n\t\t\t\t\t\t<div class=\"elementor-element elementor-element-6b2f2286 elementor-widget elementor-widget-text-editor\" data-id=\"6b2f2286\" data-element_type=\"widget\" data-e-type=\"widget\" data-widget_type=\"text-editor.default\">\n\t\t\t\t<div class=\"elementor-widget-container\">\n\t\t\t\t\t\t\t\t\tLa posesi\u00f3n de bienes obtenidos por medio de un delito ocurre cuando una persona tiene posesi\u00f3n o control de bienes que sabe, o deber\u00eda saber, que fueron obtenidos por medio de un delito. Esto incluye propiedad que haya sido robada, obtenida de manera fraudulenta u obtenida de otro modo por medios ilegales.\n\nLas sanciones por posesi\u00f3n de bienes obtenidos mediante el delito pueden variar desde una multa y prisi\u00f3n hasta antecedentes penales y una mancha permanente en la reputaci\u00f3n de una persona. La severidad de la pena depende de las circunstancias del delito, como el valor de la propiedad y el da\u00f1o causado a la v\u00edctima.\n\nEs importante se\u00f1alar que la posesi\u00f3n de bienes obtenidos mediante el delito es un delito penal grave que puede tener consecuencias de largo alcance para el acusado. Si ha sido acusado de este delito, es importante que busque asesoramiento legal lo antes posible.\n\t\t\t\t\t\t\t\t<\/div>\n\t\t\t\t<\/div>\n\t\t\t\t\t<\/div>\n\t\t<\/div>\n\t\t\t\t\t<\/div>\n\t\t<\/section>\n\t\t\t\t\t<\/div>\n\t\t<\/div>\n\t\t\t\t\t<\/div>\n\t\t<\/section>\n\t\t\t\t<\/div>\n\t\t","protected":false},"excerpt":{"rendered":"<p>nuestra experiencia La posesi\u00f3n de bienes obtenidos por medio de un delito ocurre cuando una persona tiene posesi\u00f3n o control de bienes que sabe, o deber\u00eda saber, que fueron obtenidos por medio de un delito. Esto incluye propiedad que haya sido robada, obtenida de manera fraudulenta u obtenida de otro modo por medios ilegales. Las [&hellip;]<\/p>\n","protected":false},"author":5,"featured_media":0,"parent":2280,"menu_order":6,"comment_status":"closed","ping_status":"closed","template":"","meta":{"footnotes":""},"class_list":["post-2282","page","type-page","status-publish","hentry"],"yoast_head":"<!-- This site is optimized with the Yoast SEO plugin v27.2 - https:\/\/yoast.com\/product\/yoast-seo-wordpress\/ -->\n<title>Posesi\u00f3n de Bienes Obtenidos por el Delito - Frouhar Law<\/title>\n<meta name=\"robots\" content=\"index, follow, max-snippet:-1, max-image-preview:large, max-video-preview:-1\" \/>\n<link rel=\"canonical\" href=\"https:\/\/frouharlaw.com\/our-expertise\/offences-against-rights-of-property\/possession-of-property-obtained-by-crime\/\" \/>\n<meta property=\"og:locale\" content=\"es_ES\" \/>\n<meta property=\"og:type\" content=\"article\" \/>\n<meta property=\"og:title\" content=\"Posesi\u00f3n de Bienes Obtenidos por el Delito - Frouhar Law\" \/>\n<meta property=\"og:description\" content=\"nuestra experiencia La posesi\u00f3n de bienes obtenidos por medio de un delito ocurre cuando una persona tiene posesi\u00f3n o control de bienes que sabe, o deber\u00eda saber, que fueron obtenidos por medio de un delito. Esto incluye propiedad que haya sido robada, obtenida de manera fraudulenta u obtenida de otro modo por medios ilegales. Las [&hellip;]\" \/>\n<meta property=\"og:url\" content=\"https:\/\/frouharlaw.com\/our-expertise\/offences-against-rights-of-property\/possession-of-property-obtained-by-crime\/\" \/>\n<meta property=\"og:site_name\" content=\"Frouhar Law\" \/>\n<meta property=\"article:modified_time\" content=\"2023-03-02T19:30:51+00:00\" \/>\n<meta property=\"og:image\" content=\"https:\/\/frouharlaw.com\/wp-content\/uploads\/frouharlaw-og.jpg\" \/>\n\t<meta property=\"og:image:width\" content=\"1200\" \/>\n\t<meta property=\"og:image:height\" content=\"630\" \/>\n\t<meta property=\"og:image:type\" content=\"image\/jpeg\" \/>\n<meta name=\"twitter:card\" content=\"summary_large_image\" \/>\n<meta name=\"twitter:label1\" content=\"Tiempo de lectura\" \/>\n\t<meta name=\"twitter:data1\" content=\"1 minuto\" \/>\n<script type=\"application\/ld+json\" class=\"yoast-schema-graph\">{\"@context\":\"https:\/\/schema.org\",\"@graph\":[{\"@type\":\"WebPage\",\"@id\":\"https:\/\/frouharlaw.com\/our-expertise\/offences-against-rights-of-property\/possession-of-property-obtained-by-crime\/\",\"url\":\"https:\/\/frouharlaw.com\/our-expertise\/offences-against-rights-of-property\/possession-of-property-obtained-by-crime\/\",\"name\":\"Posesi\u00f3n de Bienes Obtenidos por el Delito - Frouhar Law\",\"isPartOf\":{\"@id\":\"https:\/\/frouharlaw.com\/#website\"},\"datePublished\":\"2023-02-10T17:54:32+00:00\",\"dateModified\":\"2023-03-02T19:30:51+00:00\",\"breadcrumb\":{\"@id\":\"https:\/\/frouharlaw.com\/our-expertise\/offences-against-rights-of-property\/possession-of-property-obtained-by-crime\/#breadcrumb\"},\"inLanguage\":\"es\",\"potentialAction\":[{\"@type\":\"ReadAction\",\"target\":[\"https:\/\/frouharlaw.com\/our-expertise\/offences-against-rights-of-property\/possession-of-property-obtained-by-crime\/\"]}]},{\"@type\":\"BreadcrumbList\",\"@id\":\"https:\/\/frouharlaw.com\/our-expertise\/offences-against-rights-of-property\/possession-of-property-obtained-by-crime\/#breadcrumb\",\"itemListElement\":[{\"@type\":\"ListItem\",\"position\":1,\"name\":\"Home\",\"item\":\"https:\/\/frouharlaw.com\/es\/\"},{\"@type\":\"ListItem\",\"position\":2,\"name\":\"nuestra experiencia\",\"item\":\"https:\/\/frouharlaw.com\/es\/nuestra-experiencia\/\"},{\"@type\":\"ListItem\",\"position\":3,\"name\":\"Delitos contra la propiedad\",\"item\":\"https:\/\/frouharlaw.com\/our-expertise\/offences-against-rights-of-property\/\"},{\"@type\":\"ListItem\",\"position\":4,\"name\":\"Posesi\u00f3n de Bienes Obtenidos por el Delito\"}]},{\"@type\":\"WebSite\",\"@id\":\"https:\/\/frouharlaw.com\/#website\",\"url\":\"https:\/\/frouharlaw.com\/\",\"name\":\"Frouhar Law\",\"description\":\"Determined. Creative. Tireless. Passionate.\",\"publisher\":{\"@id\":\"https:\/\/frouharlaw.com\/#organization\"},\"potentialAction\":[{\"@type\":\"SearchAction\",\"target\":{\"@type\":\"EntryPoint\",\"urlTemplate\":\"https:\/\/frouharlaw.com\/?s={search_term_string}\"},\"query-input\":{\"@type\":\"PropertyValueSpecification\",\"valueRequired\":true,\"valueName\":\"search_term_string\"}}],\"inLanguage\":\"es\"},{\"@type\":\"Organization\",\"@id\":\"https:\/\/frouharlaw.com\/#organization\",\"name\":\"Frouhar Law\",\"url\":\"https:\/\/frouharlaw.com\/\",\"logo\":{\"@type\":\"ImageObject\",\"inLanguage\":\"es\",\"@id\":\"https:\/\/frouharlaw.com\/#\/schema\/logo\/image\/\",\"url\":\"https:\/\/frouharlaw.com\/wp-content\/uploads\/frouhar-law-logo.png\",\"contentUrl\":\"https:\/\/frouharlaw.com\/wp-content\/uploads\/frouhar-law-logo.png\",\"width\":3601,\"height\":3600,\"caption\":\"Frouhar Law\"},\"image\":{\"@id\":\"https:\/\/frouharlaw.com\/#\/schema\/logo\/image\/\"}}]}<\/script>\n<!-- \/ Yoast SEO plugin. -->","yoast_head_json":{"title":"Posesi\u00f3n de Bienes Obtenidos por el Delito - Frouhar Law","robots":{"index":"index","follow":"follow","max-snippet":"max-snippet:-1","max-image-preview":"max-image-preview:large","max-video-preview":"max-video-preview:-1"},"canonical":"https:\/\/frouharlaw.com\/our-expertise\/offences-against-rights-of-property\/possession-of-property-obtained-by-crime\/","og_locale":"es_ES","og_type":"article","og_title":"Posesi\u00f3n de Bienes Obtenidos por el Delito - Frouhar Law","og_description":"nuestra experiencia La posesi\u00f3n de bienes obtenidos por medio de un delito ocurre cuando una persona tiene posesi\u00f3n o control de bienes que sabe, o deber\u00eda saber, que fueron obtenidos por medio de un delito. Esto incluye propiedad que haya sido robada, obtenida de manera fraudulenta u obtenida de otro modo por medios ilegales. Las [&hellip;]","og_url":"https:\/\/frouharlaw.com\/our-expertise\/offences-against-rights-of-property\/possession-of-property-obtained-by-crime\/","og_site_name":"Frouhar Law","article_modified_time":"2023-03-02T19:30:51+00:00","og_image":[{"width":1200,"height":630,"url":"https:\/\/frouharlaw.com\/wp-content\/uploads\/frouharlaw-og.jpg","type":"image\/jpeg"}],"twitter_card":"summary_large_image","twitter_misc":{"Tiempo de lectura":"1 minuto"},"schema":{"@context":"https:\/\/schema.org","@graph":[{"@type":"WebPage","@id":"https:\/\/frouharlaw.com\/our-expertise\/offences-against-rights-of-property\/possession-of-property-obtained-by-crime\/","url":"https:\/\/frouharlaw.com\/our-expertise\/offences-against-rights-of-property\/possession-of-property-obtained-by-crime\/","name":"Posesi\u00f3n de Bienes Obtenidos por el Delito - Frouhar Law","isPartOf":{"@id":"https:\/\/frouharlaw.com\/#website"},"datePublished":"2023-02-10T17:54:32+00:00","dateModified":"2023-03-02T19:30:51+00:00","breadcrumb":{"@id":"https:\/\/frouharlaw.com\/our-expertise\/offences-against-rights-of-property\/possession-of-property-obtained-by-crime\/#breadcrumb"},"inLanguage":"es","potentialAction":[{"@type":"ReadAction","target":["https:\/\/frouharlaw.com\/our-expertise\/offences-against-rights-of-property\/possession-of-property-obtained-by-crime\/"]}]},{"@type":"BreadcrumbList","@id":"https:\/\/frouharlaw.com\/our-expertise\/offences-against-rights-of-property\/possession-of-property-obtained-by-crime\/#breadcrumb","itemListElement":[{"@type":"ListItem","position":1,"name":"Home","item":"https:\/\/frouharlaw.com\/es\/"},{"@type":"ListItem","position":2,"name":"nuestra experiencia","item":"https:\/\/frouharlaw.com\/es\/nuestra-experiencia\/"},{"@type":"ListItem","position":3,"name":"Delitos contra la propiedad","item":"https:\/\/frouharlaw.com\/our-expertise\/offences-against-rights-of-property\/"},{"@type":"ListItem","position":4,"name":"Posesi\u00f3n de Bienes Obtenidos por el Delito"}]},{"@type":"WebSite","@id":"https:\/\/frouharlaw.com\/#website","url":"https:\/\/frouharlaw.com\/","name":"Frouhar Law","description":"Determined. Creative. Tireless. Passionate.","publisher":{"@id":"https:\/\/frouharlaw.com\/#organization"},"potentialAction":[{"@type":"SearchAction","target":{"@type":"EntryPoint","urlTemplate":"https:\/\/frouharlaw.com\/?s={search_term_string}"},"query-input":{"@type":"PropertyValueSpecification","valueRequired":true,"valueName":"search_term_string"}}],"inLanguage":"es"},{"@type":"Organization","@id":"https:\/\/frouharlaw.com\/#organization","name":"Frouhar Law","url":"https:\/\/frouharlaw.com\/","logo":{"@type":"ImageObject","inLanguage":"es","@id":"https:\/\/frouharlaw.com\/#\/schema\/logo\/image\/","url":"https:\/\/frouharlaw.com\/wp-content\/uploads\/frouhar-law-logo.png","contentUrl":"https:\/\/frouharlaw.com\/wp-content\/uploads\/frouhar-law-logo.png","width":3601,"height":3600,"caption":"Frouhar Law"},"image":{"@id":"https:\/\/frouharlaw.com\/#\/schema\/logo\/image\/"}}]}},"_links":{"self":[{"href":"https:\/\/frouharlaw.com\/es\/wp-json\/wp\/v2\/pages\/2282","targetHints":{"allow":["GET"]}}],"collection":[{"href":"https:\/\/frouharlaw.com\/es\/wp-json\/wp\/v2\/pages"}],"about":[{"href":"https:\/\/frouharlaw.com\/es\/wp-json\/wp\/v2\/types\/page"}],"author":[{"embeddable":true,"href":"https:\/\/frouharlaw.com\/es\/wp-json\/wp\/v2\/users\/5"}],"replies":[{"embeddable":true,"href":"https:\/\/frouharlaw.com\/es\/wp-json\/wp\/v2\/comments?post=2282"}],"version-history":[{"count":4,"href":"https:\/\/frouharlaw.com\/es\/wp-json\/wp\/v2\/pages\/2282\/revisions"}],"predecessor-version":[{"id":2746,"href":"https:\/\/frouharlaw.com\/es\/wp-json\/wp\/v2\/pages\/2282\/revisions\/2746"}],"up":[{"embeddable":true,"href":"https:\/\/frouharlaw.com\/es\/wp-json\/wp\/v2\/pages\/2280"}],"wp:attachment":[{"href":"https:\/\/frouharlaw.com\/es\/wp-json\/wp\/v2\/media?parent=2282"}],"curies":[{"name":"wp","href":"https:\/\/api.w.org\/{rel}","templated":true}]}}