{"id":2332,"date":"2023-02-10T17:53:18","date_gmt":"2023-02-10T17:53:18","guid":{"rendered":"https:\/\/frouharlaw.com\/nuestra-experiencia\/delitos-del-sistema-de-justicia\/obstruccion-de-la-justicia-y-perjurio\/"},"modified":"2023-03-02T19:29:02","modified_gmt":"2023-03-02T19:29:02","slug":"obstruccion-de-la-justicia-y-perjurio","status":"publish","type":"page","link":"https:\/\/frouharlaw.com\/es\/nuestra-experiencia\/delitos-del-sistema-de-justicia\/obstruccion-de-la-justicia-y-perjurio\/","title":{"rendered":"Obstrucci\u00f3n de la justicia y perjurio"},"content":{"rendered":"\t\t<div data-elementor-type=\"wp-page\" data-elementor-id=\"2332\" class=\"elementor elementor-2332 elementor-1426\" data-elementor-post-type=\"page\">\n\t\t\t\t\t\t<section data-particle_enable=\"false\" data-particle-mobile-disabled=\"false\" class=\"elementor-section elementor-top-section elementor-element elementor-element-15c4dd70 elementor-section-height-min-height elementor-section-boxed elementor-section-height-default elementor-section-items-middle\" data-id=\"15c4dd70\" data-element_type=\"section\" data-e-type=\"section\" data-settings=\"{&quot;background_background&quot;:&quot;classic&quot;}\">\n\t\t\t\t\t\t\t<div class=\"elementor-background-overlay\"><\/div>\n\t\t\t\t\t\t\t<div class=\"elementor-container elementor-column-gap-default\">\n\t\t\t\t\t<div class=\"elementor-column elementor-col-100 elementor-top-column elementor-element elementor-element-5c6e0361\" data-id=\"5c6e0361\" data-element_type=\"column\" data-e-type=\"column\">\n\t\t\t<div class=\"elementor-widget-wrap elementor-element-populated\">\n\t\t\t\t\t\t<div class=\"elementor-element elementor-element-6ff26439 elementor-widget elementor-widget-heading\" data-id=\"6ff26439\" data-element_type=\"widget\" data-e-type=\"widget\" data-widget_type=\"heading.default\">\n\t\t\t\t<div class=\"elementor-widget-container\">\n\t\t\t\t\t<h1 class=\"elementor-heading-title elementor-size-default\">Obstrucci\u00f3n de la justicia y perjurio<\/h1>\t\t\t\t<\/div>\n\t\t\t\t<\/div>\n\t\t\t\t\t<\/div>\n\t\t<\/div>\n\t\t\t\t\t<\/div>\n\t\t<\/section>\n\t\t\t\t<section data-particle_enable=\"false\" data-particle-mobile-disabled=\"false\" class=\"elementor-section elementor-top-section elementor-element elementor-element-4a5a365d elementor-section-boxed elementor-section-height-default elementor-section-height-default\" data-id=\"4a5a365d\" data-element_type=\"section\" data-e-type=\"section\">\n\t\t\t\t\t\t<div class=\"elementor-container elementor-column-gap-default\">\n\t\t\t\t\t<div class=\"elementor-column elementor-col-100 elementor-top-column elementor-element elementor-element-59a75933\" data-id=\"59a75933\" data-element_type=\"column\" data-e-type=\"column\">\n\t\t\t<div class=\"elementor-widget-wrap elementor-element-populated\">\n\t\t\t\t\t\t<section data-particle_enable=\"false\" data-particle-mobile-disabled=\"false\" class=\"elementor-section elementor-inner-section elementor-element elementor-element-1843b832 elementor-section-boxed elementor-section-height-default elementor-section-height-default\" data-id=\"1843b832\" data-element_type=\"section\" data-e-type=\"section\">\n\t\t\t\t\t\t<div class=\"elementor-container elementor-column-gap-default\">\n\t\t\t\t\t<div class=\"elementor-column elementor-col-50 elementor-inner-column elementor-element elementor-element-1040fa07\" data-id=\"1040fa07\" data-element_type=\"column\" data-e-type=\"column\">\n\t\t\t<div class=\"elementor-widget-wrap elementor-element-populated\">\n\t\t\t\t\t\t<div class=\"elementor-element elementor-element-1e1e1341 elementor-widget elementor-widget-heading\" data-id=\"1e1e1341\" data-element_type=\"widget\" data-e-type=\"widget\" data-widget_type=\"heading.default\">\n\t\t\t\t<div class=\"elementor-widget-container\">\n\t\t\t\t\t<span class=\"elementor-heading-title elementor-size-default\">nuestra experiencia<\/span>\t\t\t\t<\/div>\n\t\t\t\t<\/div>\n\t\t\t\t<div class=\"elementor-element elementor-element-4495c3f6 elementor-widget elementor-widget-heading\" data-id=\"4495c3f6\" data-element_type=\"widget\" data-e-type=\"widget\" data-widget_type=\"heading.default\">\n\t\t\t\t<div class=\"elementor-widget-container\">\n\t\t\t\t\t<span class=\"elementor-heading-title elementor-size-default\">Obstrucci\u00f3n de la justicia y perjurio<\/span>\t\t\t\t<\/div>\n\t\t\t\t<\/div>\n\t\t\t\t\t<\/div>\n\t\t<\/div>\n\t\t\t\t<div class=\"elementor-column elementor-col-50 elementor-inner-column elementor-element elementor-element-552c62e4\" data-id=\"552c62e4\" data-element_type=\"column\" data-e-type=\"column\">\n\t\t\t<div class=\"elementor-widget-wrap elementor-element-populated\">\n\t\t\t\t\t\t<div class=\"elementor-element elementor-element-79d8559b elementor-widget elementor-widget-text-editor\" data-id=\"79d8559b\" data-element_type=\"widget\" data-e-type=\"widget\" data-widget_type=\"text-editor.default\">\n\t\t\t\t<div class=\"elementor-widget-container\">\n\t\t\t\t\t\t\t\t\t<p>La obstrucci\u00f3n a la justicia es un delito penal en Canad\u00e1 tipificado en el art\u00edculo 139 del <em>C\u00f3digo Penal<\/em>. Implica interferir en la administraci\u00f3n de justicia obstruyendo, obstaculizando o interfiriendo de otro modo con una persona o personas que se dedican a la administraci\u00f3n de justicia.<\/p>\n<p>Esto puede incluir acciones como amenazar a un testigo, fabricar evidencia o sobornar a un oficial de polic\u00eda.<\/p>\n<p>Las sanciones por obstrucci\u00f3n de la justicia pueden ser severas y pueden incluir penas de prisi\u00f3n de hasta 10 a\u00f1os, seg\u00fan las circunstancias del delito. La severidad del castigo est\u00e1 influenciada por factores como la naturaleza de la obstrucci\u00f3n, el papel de la persona que obstruye la justicia y el impacto potencial de la obstrucci\u00f3n en la administraci\u00f3n de justicia.<\/p>\n\t\t\t\t\t\t\t\t<\/div>\n\t\t\t\t<\/div>\n\t\t\t\t\t<\/div>\n\t\t<\/div>\n\t\t\t\t\t<\/div>\n\t\t<\/section>\n\t\t\t\t\t<\/div>\n\t\t<\/div>\n\t\t\t\t\t<\/div>\n\t\t<\/section>\n\t\t\t\t<\/div>\n\t\t","protected":false},"excerpt":{"rendered":"<p>nuestra experiencia La obstrucci\u00f3n a la justicia es un delito penal en Canad\u00e1 tipificado en el art\u00edculo 139 del C\u00f3digo Penal. Implica interferir en la administraci\u00f3n de justicia obstruyendo, obstaculizando o interfiriendo de otro modo con una persona o personas que se dedican a la administraci\u00f3n de justicia. Esto puede incluir acciones como amenazar a [&hellip;]<\/p>\n","protected":false},"author":5,"featured_media":0,"parent":2330,"menu_order":10,"comment_status":"closed","ping_status":"closed","template":"","meta":{"footnotes":""},"class_list":["post-2332","page","type-page","status-publish","hentry"],"yoast_head":"<!-- This site is optimized with the Yoast SEO plugin v27.2 - https:\/\/yoast.com\/product\/yoast-seo-wordpress\/ -->\n<title>Obstrucci\u00f3n de la justicia y perjurio - Frouhar Law<\/title>\n<meta name=\"robots\" content=\"index, follow, max-snippet:-1, max-image-preview:large, max-video-preview:-1\" \/>\n<link rel=\"canonical\" href=\"https:\/\/frouharlaw.com\/our-expertise\/justice-system-crimes\/obstruction-of-justice-and-perjury\/\" \/>\n<meta property=\"og:locale\" content=\"es_ES\" \/>\n<meta property=\"og:type\" content=\"article\" \/>\n<meta property=\"og:title\" content=\"Obstrucci\u00f3n de la justicia y perjurio - Frouhar Law\" \/>\n<meta property=\"og:description\" content=\"nuestra experiencia La obstrucci\u00f3n a la justicia es un delito penal en Canad\u00e1 tipificado en el art\u00edculo 139 del C\u00f3digo Penal. Implica interferir en la administraci\u00f3n de justicia obstruyendo, obstaculizando o interfiriendo de otro modo con una persona o personas que se dedican a la administraci\u00f3n de justicia. Esto puede incluir acciones como amenazar a [&hellip;]\" \/>\n<meta property=\"og:url\" content=\"https:\/\/frouharlaw.com\/our-expertise\/justice-system-crimes\/obstruction-of-justice-and-perjury\/\" \/>\n<meta property=\"og:site_name\" content=\"Frouhar Law\" \/>\n<meta property=\"article:modified_time\" content=\"2023-03-02T19:29:02+00:00\" \/>\n<meta property=\"og:image\" content=\"https:\/\/frouharlaw.com\/wp-content\/uploads\/frouharlaw-og.jpg\" \/>\n\t<meta property=\"og:image:width\" content=\"1200\" \/>\n\t<meta property=\"og:image:height\" content=\"630\" \/>\n\t<meta property=\"og:image:type\" content=\"image\/jpeg\" \/>\n<meta name=\"twitter:card\" content=\"summary_large_image\" \/>\n<meta name=\"twitter:label1\" content=\"Tiempo de lectura\" \/>\n\t<meta name=\"twitter:data1\" content=\"1 minuto\" \/>\n<script type=\"application\/ld+json\" class=\"yoast-schema-graph\">{\"@context\":\"https:\/\/schema.org\",\"@graph\":[{\"@type\":\"WebPage\",\"@id\":\"https:\/\/frouharlaw.com\/our-expertise\/justice-system-crimes\/obstruction-of-justice-and-perjury\/\",\"url\":\"https:\/\/frouharlaw.com\/our-expertise\/justice-system-crimes\/obstruction-of-justice-and-perjury\/\",\"name\":\"Obstrucci\u00f3n de la justicia y perjurio - Frouhar Law\",\"isPartOf\":{\"@id\":\"https:\/\/frouharlaw.com\/#website\"},\"datePublished\":\"2023-02-10T17:53:18+00:00\",\"dateModified\":\"2023-03-02T19:29:02+00:00\",\"breadcrumb\":{\"@id\":\"https:\/\/frouharlaw.com\/our-expertise\/justice-system-crimes\/obstruction-of-justice-and-perjury\/#breadcrumb\"},\"inLanguage\":\"es\",\"potentialAction\":[{\"@type\":\"ReadAction\",\"target\":[\"https:\/\/frouharlaw.com\/our-expertise\/justice-system-crimes\/obstruction-of-justice-and-perjury\/\"]}]},{\"@type\":\"BreadcrumbList\",\"@id\":\"https:\/\/frouharlaw.com\/our-expertise\/justice-system-crimes\/obstruction-of-justice-and-perjury\/#breadcrumb\",\"itemListElement\":[{\"@type\":\"ListItem\",\"position\":1,\"name\":\"Home\",\"item\":\"https:\/\/frouharlaw.com\/es\/\"},{\"@type\":\"ListItem\",\"position\":2,\"name\":\"nuestra experiencia\",\"item\":\"https:\/\/frouharlaw.com\/es\/nuestra-experiencia\/\"},{\"@type\":\"ListItem\",\"position\":3,\"name\":\"Delitos del Sistema de Justicia\",\"item\":\"https:\/\/frouharlaw.com\/our-expertise\/justice-system-crimes\/\"},{\"@type\":\"ListItem\",\"position\":4,\"name\":\"Obstrucci\u00f3n de la justicia y perjurio\"}]},{\"@type\":\"WebSite\",\"@id\":\"https:\/\/frouharlaw.com\/#website\",\"url\":\"https:\/\/frouharlaw.com\/\",\"name\":\"Frouhar Law\",\"description\":\"Determined. Creative. Tireless. Passionate.\",\"publisher\":{\"@id\":\"https:\/\/frouharlaw.com\/#organization\"},\"potentialAction\":[{\"@type\":\"SearchAction\",\"target\":{\"@type\":\"EntryPoint\",\"urlTemplate\":\"https:\/\/frouharlaw.com\/?s={search_term_string}\"},\"query-input\":{\"@type\":\"PropertyValueSpecification\",\"valueRequired\":true,\"valueName\":\"search_term_string\"}}],\"inLanguage\":\"es\"},{\"@type\":\"Organization\",\"@id\":\"https:\/\/frouharlaw.com\/#organization\",\"name\":\"Frouhar Law\",\"url\":\"https:\/\/frouharlaw.com\/\",\"logo\":{\"@type\":\"ImageObject\",\"inLanguage\":\"es\",\"@id\":\"https:\/\/frouharlaw.com\/#\/schema\/logo\/image\/\",\"url\":\"https:\/\/frouharlaw.com\/wp-content\/uploads\/frouhar-law-logo.png\",\"contentUrl\":\"https:\/\/frouharlaw.com\/wp-content\/uploads\/frouhar-law-logo.png\",\"width\":3601,\"height\":3600,\"caption\":\"Frouhar Law\"},\"image\":{\"@id\":\"https:\/\/frouharlaw.com\/#\/schema\/logo\/image\/\"}}]}<\/script>\n<!-- \/ Yoast SEO plugin. -->","yoast_head_json":{"title":"Obstrucci\u00f3n de la justicia y perjurio - Frouhar Law","robots":{"index":"index","follow":"follow","max-snippet":"max-snippet:-1","max-image-preview":"max-image-preview:large","max-video-preview":"max-video-preview:-1"},"canonical":"https:\/\/frouharlaw.com\/our-expertise\/justice-system-crimes\/obstruction-of-justice-and-perjury\/","og_locale":"es_ES","og_type":"article","og_title":"Obstrucci\u00f3n de la justicia y perjurio - Frouhar Law","og_description":"nuestra experiencia La obstrucci\u00f3n a la justicia es un delito penal en Canad\u00e1 tipificado en el art\u00edculo 139 del C\u00f3digo Penal. Implica interferir en la administraci\u00f3n de justicia obstruyendo, obstaculizando o interfiriendo de otro modo con una persona o personas que se dedican a la administraci\u00f3n de justicia. Esto puede incluir acciones como amenazar a [&hellip;]","og_url":"https:\/\/frouharlaw.com\/our-expertise\/justice-system-crimes\/obstruction-of-justice-and-perjury\/","og_site_name":"Frouhar Law","article_modified_time":"2023-03-02T19:29:02+00:00","og_image":[{"width":1200,"height":630,"url":"https:\/\/frouharlaw.com\/wp-content\/uploads\/frouharlaw-og.jpg","type":"image\/jpeg"}],"twitter_card":"summary_large_image","twitter_misc":{"Tiempo de lectura":"1 minuto"},"schema":{"@context":"https:\/\/schema.org","@graph":[{"@type":"WebPage","@id":"https:\/\/frouharlaw.com\/our-expertise\/justice-system-crimes\/obstruction-of-justice-and-perjury\/","url":"https:\/\/frouharlaw.com\/our-expertise\/justice-system-crimes\/obstruction-of-justice-and-perjury\/","name":"Obstrucci\u00f3n de la justicia y perjurio - Frouhar Law","isPartOf":{"@id":"https:\/\/frouharlaw.com\/#website"},"datePublished":"2023-02-10T17:53:18+00:00","dateModified":"2023-03-02T19:29:02+00:00","breadcrumb":{"@id":"https:\/\/frouharlaw.com\/our-expertise\/justice-system-crimes\/obstruction-of-justice-and-perjury\/#breadcrumb"},"inLanguage":"es","potentialAction":[{"@type":"ReadAction","target":["https:\/\/frouharlaw.com\/our-expertise\/justice-system-crimes\/obstruction-of-justice-and-perjury\/"]}]},{"@type":"BreadcrumbList","@id":"https:\/\/frouharlaw.com\/our-expertise\/justice-system-crimes\/obstruction-of-justice-and-perjury\/#breadcrumb","itemListElement":[{"@type":"ListItem","position":1,"name":"Home","item":"https:\/\/frouharlaw.com\/es\/"},{"@type":"ListItem","position":2,"name":"nuestra experiencia","item":"https:\/\/frouharlaw.com\/es\/nuestra-experiencia\/"},{"@type":"ListItem","position":3,"name":"Delitos del Sistema de Justicia","item":"https:\/\/frouharlaw.com\/our-expertise\/justice-system-crimes\/"},{"@type":"ListItem","position":4,"name":"Obstrucci\u00f3n de la justicia y perjurio"}]},{"@type":"WebSite","@id":"https:\/\/frouharlaw.com\/#website","url":"https:\/\/frouharlaw.com\/","name":"Frouhar Law","description":"Determined. Creative. Tireless. Passionate.","publisher":{"@id":"https:\/\/frouharlaw.com\/#organization"},"potentialAction":[{"@type":"SearchAction","target":{"@type":"EntryPoint","urlTemplate":"https:\/\/frouharlaw.com\/?s={search_term_string}"},"query-input":{"@type":"PropertyValueSpecification","valueRequired":true,"valueName":"search_term_string"}}],"inLanguage":"es"},{"@type":"Organization","@id":"https:\/\/frouharlaw.com\/#organization","name":"Frouhar Law","url":"https:\/\/frouharlaw.com\/","logo":{"@type":"ImageObject","inLanguage":"es","@id":"https:\/\/frouharlaw.com\/#\/schema\/logo\/image\/","url":"https:\/\/frouharlaw.com\/wp-content\/uploads\/frouhar-law-logo.png","contentUrl":"https:\/\/frouharlaw.com\/wp-content\/uploads\/frouhar-law-logo.png","width":3601,"height":3600,"caption":"Frouhar Law"},"image":{"@id":"https:\/\/frouharlaw.com\/#\/schema\/logo\/image\/"}}]}},"_links":{"self":[{"href":"https:\/\/frouharlaw.com\/es\/wp-json\/wp\/v2\/pages\/2332","targetHints":{"allow":["GET"]}}],"collection":[{"href":"https:\/\/frouharlaw.com\/es\/wp-json\/wp\/v2\/pages"}],"about":[{"href":"https:\/\/frouharlaw.com\/es\/wp-json\/wp\/v2\/types\/page"}],"author":[{"embeddable":true,"href":"https:\/\/frouharlaw.com\/es\/wp-json\/wp\/v2\/users\/5"}],"replies":[{"embeddable":true,"href":"https:\/\/frouharlaw.com\/es\/wp-json\/wp\/v2\/comments?post=2332"}],"version-history":[{"count":4,"href":"https:\/\/frouharlaw.com\/es\/wp-json\/wp\/v2\/pages\/2332\/revisions"}],"predecessor-version":[{"id":2726,"href":"https:\/\/frouharlaw.com\/es\/wp-json\/wp\/v2\/pages\/2332\/revisions\/2726"}],"up":[{"embeddable":true,"href":"https:\/\/frouharlaw.com\/es\/wp-json\/wp\/v2\/pages\/2330"}],"wp:attachment":[{"href":"https:\/\/frouharlaw.com\/es\/wp-json\/wp\/v2\/media?parent=2332"}],"curies":[{"name":"wp","href":"https:\/\/api.w.org\/{rel}","templated":true}]}}