{"id":2338,"date":"2023-02-10T17:53:02","date_gmt":"2023-02-10T17:53:02","guid":{"rendered":"https:\/\/frouharlaw.com\/nuestra-experiencia\/delito-de-cuello-blanco\/falsificacion-de-libros-y-documentos\/"},"modified":"2023-03-02T19:35:05","modified_gmt":"2023-03-02T19:35:05","slug":"falsificacion-de-libros-y-documentos","status":"publish","type":"page","link":"https:\/\/frouharlaw.com\/es\/nuestra-experiencia\/delito-de-cuello-blanco\/falsificacion-de-libros-y-documentos\/","title":{"rendered":"Falsificaci\u00f3n de Libros y Documentos"},"content":{"rendered":"\t\t<div data-elementor-type=\"wp-page\" data-elementor-id=\"2338\" class=\"elementor elementor-2338 elementor-1424\" data-elementor-post-type=\"page\">\n\t\t\t\t\t\t<section data-particle_enable=\"false\" data-particle-mobile-disabled=\"false\" class=\"elementor-section elementor-top-section elementor-element elementor-element-1fc94d98 elementor-section-height-min-height elementor-section-boxed elementor-section-height-default elementor-section-items-middle\" data-id=\"1fc94d98\" data-element_type=\"section\" data-e-type=\"section\" data-settings=\"{&quot;background_background&quot;:&quot;classic&quot;}\">\n\t\t\t\t\t\t\t<div class=\"elementor-background-overlay\"><\/div>\n\t\t\t\t\t\t\t<div class=\"elementor-container elementor-column-gap-default\">\n\t\t\t\t\t<div class=\"elementor-column elementor-col-100 elementor-top-column elementor-element elementor-element-3c0a98a5\" data-id=\"3c0a98a5\" data-element_type=\"column\" data-e-type=\"column\">\n\t\t\t<div class=\"elementor-widget-wrap elementor-element-populated\">\n\t\t\t\t\t\t<div class=\"elementor-element elementor-element-50f46f8a elementor-widget elementor-widget-heading\" data-id=\"50f46f8a\" data-element_type=\"widget\" data-e-type=\"widget\" data-widget_type=\"heading.default\">\n\t\t\t\t<div class=\"elementor-widget-container\">\n\t\t\t\t\t<h1 class=\"elementor-heading-title elementor-size-default\">Falsificaci\u00f3n de Libros y Documentos<\/h1>\t\t\t\t<\/div>\n\t\t\t\t<\/div>\n\t\t\t\t\t<\/div>\n\t\t<\/div>\n\t\t\t\t\t<\/div>\n\t\t<\/section>\n\t\t\t\t<section data-particle_enable=\"false\" data-particle-mobile-disabled=\"false\" class=\"elementor-section elementor-top-section elementor-element elementor-element-11a382db elementor-section-boxed elementor-section-height-default elementor-section-height-default\" data-id=\"11a382db\" data-element_type=\"section\" data-e-type=\"section\">\n\t\t\t\t\t\t<div class=\"elementor-container elementor-column-gap-default\">\n\t\t\t\t\t<div class=\"elementor-column elementor-col-100 elementor-top-column elementor-element elementor-element-7452e7a9\" data-id=\"7452e7a9\" data-element_type=\"column\" data-e-type=\"column\">\n\t\t\t<div class=\"elementor-widget-wrap elementor-element-populated\">\n\t\t\t\t\t\t<section data-particle_enable=\"false\" data-particle-mobile-disabled=\"false\" class=\"elementor-section elementor-inner-section elementor-element elementor-element-15c8d63a elementor-section-boxed elementor-section-height-default elementor-section-height-default\" data-id=\"15c8d63a\" data-element_type=\"section\" data-e-type=\"section\">\n\t\t\t\t\t\t<div class=\"elementor-container elementor-column-gap-default\">\n\t\t\t\t\t<div class=\"elementor-column elementor-col-50 elementor-inner-column elementor-element elementor-element-619b461b\" data-id=\"619b461b\" data-element_type=\"column\" data-e-type=\"column\">\n\t\t\t<div class=\"elementor-widget-wrap elementor-element-populated\">\n\t\t\t\t\t\t<div class=\"elementor-element elementor-element-204f891f elementor-widget elementor-widget-heading\" data-id=\"204f891f\" data-element_type=\"widget\" data-e-type=\"widget\" data-widget_type=\"heading.default\">\n\t\t\t\t<div class=\"elementor-widget-container\">\n\t\t\t\t\t<span class=\"elementor-heading-title elementor-size-default\">nuestra experiencia<\/span>\t\t\t\t<\/div>\n\t\t\t\t<\/div>\n\t\t\t\t<div class=\"elementor-element elementor-element-200e7d7 elementor-widget elementor-widget-heading\" data-id=\"200e7d7\" data-element_type=\"widget\" data-e-type=\"widget\" data-widget_type=\"heading.default\">\n\t\t\t\t<div class=\"elementor-widget-container\">\n\t\t\t\t\t<span class=\"elementor-heading-title elementor-size-default\">Falsificaci\u00f3n de Libros y Documentos<\/span>\t\t\t\t<\/div>\n\t\t\t\t<\/div>\n\t\t\t\t\t<\/div>\n\t\t<\/div>\n\t\t\t\t<div class=\"elementor-column elementor-col-50 elementor-inner-column elementor-element elementor-element-2f8ffe21\" data-id=\"2f8ffe21\" data-element_type=\"column\" data-e-type=\"column\">\n\t\t\t<div class=\"elementor-widget-wrap elementor-element-populated\">\n\t\t\t\t\t\t<div class=\"elementor-element elementor-element-3b69e616 elementor-widget elementor-widget-text-editor\" data-id=\"3b69e616\" data-element_type=\"widget\" data-e-type=\"widget\" data-widget_type=\"text-editor.default\">\n\t\t\t\t<div class=\"elementor-widget-container\">\n\t\t\t\t\t\t\t\t\t<p>En virtud del art\u00edculo 397(1) del <em>C\u00f3digo<\/em> Penal, es delito alterar, hacer,<br \/>respaldar, pronunciar, publicar o utilizar un documento falso con la intenci\u00f3n de enga\u00f1ar a otra persona. Esto incluye la falsificaci\u00f3n de registros comerciales, estados financieros y otros documentos oficiales.<\/p>\n<p>Las sanciones por este delito pueden ser severas y pueden incluir multas y prisi\u00f3n, seg\u00fan las circunstancias del caso y el da\u00f1o causado a la v\u00edctima.<\/p>\n<p>Es importante se\u00f1alar que la falsificaci\u00f3n de libros y documentos puede tener graves consecuencias, tanto para el acusado como para las empresas u organizaciones involucradas. Si ha sido acusado de este delito, es importante que busque asesoramiento legal lo antes posible.<\/p>\n\t\t\t\t\t\t\t\t<\/div>\n\t\t\t\t<\/div>\n\t\t\t\t\t<\/div>\n\t\t<\/div>\n\t\t\t\t\t<\/div>\n\t\t<\/section>\n\t\t\t\t\t<\/div>\n\t\t<\/div>\n\t\t\t\t\t<\/div>\n\t\t<\/section>\n\t\t\t\t<\/div>\n\t\t","protected":false},"excerpt":{"rendered":"<p>nuestra experiencia En virtud del art\u00edculo 397(1) del C\u00f3digo Penal, es delito alterar, hacer,respaldar, pronunciar, publicar o utilizar un documento falso con la intenci\u00f3n de enga\u00f1ar a otra persona. Esto incluye la falsificaci\u00f3n de registros comerciales, estados financieros y otros documentos oficiales. Las sanciones por este delito pueden ser severas y pueden incluir multas y [&hellip;]<\/p>\n","protected":false},"author":5,"featured_media":0,"parent":2336,"menu_order":11,"comment_status":"closed","ping_status":"closed","template":"","meta":{"footnotes":""},"class_list":["post-2338","page","type-page","status-publish","hentry"],"yoast_head":"<!-- This site is optimized with the Yoast SEO plugin v27.2 - https:\/\/yoast.com\/product\/yoast-seo-wordpress\/ -->\n<title>Falsificaci\u00f3n de Libros y Documentos - Frouhar Law<\/title>\n<meta name=\"robots\" content=\"index, follow, max-snippet:-1, max-image-preview:large, max-video-preview:-1\" \/>\n<link rel=\"canonical\" href=\"https:\/\/frouharlaw.com\/our-expertise\/white-collar-crime\/falsification-of-books-and-documents\/\" \/>\n<meta property=\"og:locale\" content=\"es_ES\" \/>\n<meta property=\"og:type\" content=\"article\" \/>\n<meta property=\"og:title\" content=\"Falsificaci\u00f3n de Libros y Documentos - Frouhar Law\" \/>\n<meta property=\"og:description\" content=\"nuestra experiencia En virtud del art\u00edculo 397(1) del C\u00f3digo Penal, es delito alterar, hacer,respaldar, pronunciar, publicar o utilizar un documento falso con la intenci\u00f3n de enga\u00f1ar a otra persona. Esto incluye la falsificaci\u00f3n de registros comerciales, estados financieros y otros documentos oficiales. Las sanciones por este delito pueden ser severas y pueden incluir multas y [&hellip;]\" \/>\n<meta property=\"og:url\" content=\"https:\/\/frouharlaw.com\/our-expertise\/white-collar-crime\/falsification-of-books-and-documents\/\" \/>\n<meta property=\"og:site_name\" content=\"Frouhar Law\" \/>\n<meta property=\"article:modified_time\" content=\"2023-03-02T19:35:05+00:00\" \/>\n<meta property=\"og:image\" content=\"https:\/\/frouharlaw.com\/wp-content\/uploads\/frouharlaw-og.jpg\" \/>\n\t<meta property=\"og:image:width\" content=\"1200\" \/>\n\t<meta property=\"og:image:height\" content=\"630\" \/>\n\t<meta property=\"og:image:type\" content=\"image\/jpeg\" \/>\n<meta name=\"twitter:card\" content=\"summary_large_image\" \/>\n<meta name=\"twitter:label1\" content=\"Tiempo de lectura\" \/>\n\t<meta name=\"twitter:data1\" content=\"1 minuto\" \/>\n<script type=\"application\/ld+json\" class=\"yoast-schema-graph\">{\"@context\":\"https:\/\/schema.org\",\"@graph\":[{\"@type\":\"WebPage\",\"@id\":\"https:\/\/frouharlaw.com\/our-expertise\/white-collar-crime\/falsification-of-books-and-documents\/\",\"url\":\"https:\/\/frouharlaw.com\/our-expertise\/white-collar-crime\/falsification-of-books-and-documents\/\",\"name\":\"Falsificaci\u00f3n de Libros y Documentos - Frouhar Law\",\"isPartOf\":{\"@id\":\"https:\/\/frouharlaw.com\/#website\"},\"datePublished\":\"2023-02-10T17:53:02+00:00\",\"dateModified\":\"2023-03-02T19:35:05+00:00\",\"breadcrumb\":{\"@id\":\"https:\/\/frouharlaw.com\/our-expertise\/white-collar-crime\/falsification-of-books-and-documents\/#breadcrumb\"},\"inLanguage\":\"es\",\"potentialAction\":[{\"@type\":\"ReadAction\",\"target\":[\"https:\/\/frouharlaw.com\/our-expertise\/white-collar-crime\/falsification-of-books-and-documents\/\"]}]},{\"@type\":\"BreadcrumbList\",\"@id\":\"https:\/\/frouharlaw.com\/our-expertise\/white-collar-crime\/falsification-of-books-and-documents\/#breadcrumb\",\"itemListElement\":[{\"@type\":\"ListItem\",\"position\":1,\"name\":\"Home\",\"item\":\"https:\/\/frouharlaw.com\/es\/\"},{\"@type\":\"ListItem\",\"position\":2,\"name\":\"nuestra experiencia\",\"item\":\"https:\/\/frouharlaw.com\/es\/nuestra-experiencia\/\"},{\"@type\":\"ListItem\",\"position\":3,\"name\":\"Delito de cuello blanco\",\"item\":\"https:\/\/frouharlaw.com\/our-expertise\/white-collar-crime\/\"},{\"@type\":\"ListItem\",\"position\":4,\"name\":\"Falsificaci\u00f3n de Libros y Documentos\"}]},{\"@type\":\"WebSite\",\"@id\":\"https:\/\/frouharlaw.com\/#website\",\"url\":\"https:\/\/frouharlaw.com\/\",\"name\":\"Frouhar Law\",\"description\":\"Determined. Creative. Tireless. Passionate.\",\"publisher\":{\"@id\":\"https:\/\/frouharlaw.com\/#organization\"},\"potentialAction\":[{\"@type\":\"SearchAction\",\"target\":{\"@type\":\"EntryPoint\",\"urlTemplate\":\"https:\/\/frouharlaw.com\/?s={search_term_string}\"},\"query-input\":{\"@type\":\"PropertyValueSpecification\",\"valueRequired\":true,\"valueName\":\"search_term_string\"}}],\"inLanguage\":\"es\"},{\"@type\":\"Organization\",\"@id\":\"https:\/\/frouharlaw.com\/#organization\",\"name\":\"Frouhar Law\",\"url\":\"https:\/\/frouharlaw.com\/\",\"logo\":{\"@type\":\"ImageObject\",\"inLanguage\":\"es\",\"@id\":\"https:\/\/frouharlaw.com\/#\/schema\/logo\/image\/\",\"url\":\"https:\/\/frouharlaw.com\/wp-content\/uploads\/frouhar-law-logo.png\",\"contentUrl\":\"https:\/\/frouharlaw.com\/wp-content\/uploads\/frouhar-law-logo.png\",\"width\":3601,\"height\":3600,\"caption\":\"Frouhar Law\"},\"image\":{\"@id\":\"https:\/\/frouharlaw.com\/#\/schema\/logo\/image\/\"}}]}<\/script>\n<!-- \/ Yoast SEO plugin. -->","yoast_head_json":{"title":"Falsificaci\u00f3n de Libros y Documentos - Frouhar Law","robots":{"index":"index","follow":"follow","max-snippet":"max-snippet:-1","max-image-preview":"max-image-preview:large","max-video-preview":"max-video-preview:-1"},"canonical":"https:\/\/frouharlaw.com\/our-expertise\/white-collar-crime\/falsification-of-books-and-documents\/","og_locale":"es_ES","og_type":"article","og_title":"Falsificaci\u00f3n de Libros y Documentos - Frouhar Law","og_description":"nuestra experiencia En virtud del art\u00edculo 397(1) del C\u00f3digo Penal, es delito alterar, hacer,respaldar, pronunciar, publicar o utilizar un documento falso con la intenci\u00f3n de enga\u00f1ar a otra persona. Esto incluye la falsificaci\u00f3n de registros comerciales, estados financieros y otros documentos oficiales. Las sanciones por este delito pueden ser severas y pueden incluir multas y [&hellip;]","og_url":"https:\/\/frouharlaw.com\/our-expertise\/white-collar-crime\/falsification-of-books-and-documents\/","og_site_name":"Frouhar Law","article_modified_time":"2023-03-02T19:35:05+00:00","og_image":[{"width":1200,"height":630,"url":"https:\/\/frouharlaw.com\/wp-content\/uploads\/frouharlaw-og.jpg","type":"image\/jpeg"}],"twitter_card":"summary_large_image","twitter_misc":{"Tiempo de lectura":"1 minuto"},"schema":{"@context":"https:\/\/schema.org","@graph":[{"@type":"WebPage","@id":"https:\/\/frouharlaw.com\/our-expertise\/white-collar-crime\/falsification-of-books-and-documents\/","url":"https:\/\/frouharlaw.com\/our-expertise\/white-collar-crime\/falsification-of-books-and-documents\/","name":"Falsificaci\u00f3n de Libros y Documentos - Frouhar Law","isPartOf":{"@id":"https:\/\/frouharlaw.com\/#website"},"datePublished":"2023-02-10T17:53:02+00:00","dateModified":"2023-03-02T19:35:05+00:00","breadcrumb":{"@id":"https:\/\/frouharlaw.com\/our-expertise\/white-collar-crime\/falsification-of-books-and-documents\/#breadcrumb"},"inLanguage":"es","potentialAction":[{"@type":"ReadAction","target":["https:\/\/frouharlaw.com\/our-expertise\/white-collar-crime\/falsification-of-books-and-documents\/"]}]},{"@type":"BreadcrumbList","@id":"https:\/\/frouharlaw.com\/our-expertise\/white-collar-crime\/falsification-of-books-and-documents\/#breadcrumb","itemListElement":[{"@type":"ListItem","position":1,"name":"Home","item":"https:\/\/frouharlaw.com\/es\/"},{"@type":"ListItem","position":2,"name":"nuestra experiencia","item":"https:\/\/frouharlaw.com\/es\/nuestra-experiencia\/"},{"@type":"ListItem","position":3,"name":"Delito de cuello blanco","item":"https:\/\/frouharlaw.com\/our-expertise\/white-collar-crime\/"},{"@type":"ListItem","position":4,"name":"Falsificaci\u00f3n de Libros y Documentos"}]},{"@type":"WebSite","@id":"https:\/\/frouharlaw.com\/#website","url":"https:\/\/frouharlaw.com\/","name":"Frouhar Law","description":"Determined. Creative. Tireless. Passionate.","publisher":{"@id":"https:\/\/frouharlaw.com\/#organization"},"potentialAction":[{"@type":"SearchAction","target":{"@type":"EntryPoint","urlTemplate":"https:\/\/frouharlaw.com\/?s={search_term_string}"},"query-input":{"@type":"PropertyValueSpecification","valueRequired":true,"valueName":"search_term_string"}}],"inLanguage":"es"},{"@type":"Organization","@id":"https:\/\/frouharlaw.com\/#organization","name":"Frouhar Law","url":"https:\/\/frouharlaw.com\/","logo":{"@type":"ImageObject","inLanguage":"es","@id":"https:\/\/frouharlaw.com\/#\/schema\/logo\/image\/","url":"https:\/\/frouharlaw.com\/wp-content\/uploads\/frouhar-law-logo.png","contentUrl":"https:\/\/frouharlaw.com\/wp-content\/uploads\/frouhar-law-logo.png","width":3601,"height":3600,"caption":"Frouhar Law"},"image":{"@id":"https:\/\/frouharlaw.com\/#\/schema\/logo\/image\/"}}]}},"_links":{"self":[{"href":"https:\/\/frouharlaw.com\/es\/wp-json\/wp\/v2\/pages\/2338","targetHints":{"allow":["GET"]}}],"collection":[{"href":"https:\/\/frouharlaw.com\/es\/wp-json\/wp\/v2\/pages"}],"about":[{"href":"https:\/\/frouharlaw.com\/es\/wp-json\/wp\/v2\/types\/page"}],"author":[{"embeddable":true,"href":"https:\/\/frouharlaw.com\/es\/wp-json\/wp\/v2\/users\/5"}],"replies":[{"embeddable":true,"href":"https:\/\/frouharlaw.com\/es\/wp-json\/wp\/v2\/comments?post=2338"}],"version-history":[{"count":7,"href":"https:\/\/frouharlaw.com\/es\/wp-json\/wp\/v2\/pages\/2338\/revisions"}],"predecessor-version":[{"id":2784,"href":"https:\/\/frouharlaw.com\/es\/wp-json\/wp\/v2\/pages\/2338\/revisions\/2784"}],"up":[{"embeddable":true,"href":"https:\/\/frouharlaw.com\/es\/wp-json\/wp\/v2\/pages\/2336"}],"wp:attachment":[{"href":"https:\/\/frouharlaw.com\/es\/wp-json\/wp\/v2\/media?parent=2338"}],"curies":[{"name":"wp","href":"https:\/\/api.w.org\/{rel}","templated":true}]}}