{"id":2340,"date":"2023-02-10T17:52:43","date_gmt":"2023-02-10T17:52:43","guid":{"rendered":"https:\/\/frouharlaw.com\/nuestra-experiencia\/delito-de-cuello-blanco\/robo-de-identidad-y-fraude-de-identidad\/"},"modified":"2023-03-02T19:34:50","modified_gmt":"2023-03-02T19:34:50","slug":"robo-de-identidad-y-fraude-de-identidad","status":"publish","type":"page","link":"https:\/\/frouharlaw.com\/es\/nuestra-experiencia\/delito-de-cuello-blanco\/robo-de-identidad-y-fraude-de-identidad\/","title":{"rendered":"Robo de identidad y fraude de identidad"},"content":{"rendered":"\t\t<div data-elementor-type=\"wp-page\" data-elementor-id=\"2340\" class=\"elementor elementor-2340 elementor-1422\" data-elementor-post-type=\"page\">\n\t\t\t\t\t\t<section data-particle_enable=\"false\" data-particle-mobile-disabled=\"false\" class=\"elementor-section elementor-top-section elementor-element elementor-element-d7cf2a1 elementor-section-height-min-height elementor-section-boxed elementor-section-height-default elementor-section-items-middle\" data-id=\"d7cf2a1\" data-element_type=\"section\" data-e-type=\"section\" data-settings=\"{&quot;background_background&quot;:&quot;classic&quot;}\">\n\t\t\t\t\t\t\t<div class=\"elementor-background-overlay\"><\/div>\n\t\t\t\t\t\t\t<div class=\"elementor-container elementor-column-gap-default\">\n\t\t\t\t\t<div class=\"elementor-column elementor-col-100 elementor-top-column elementor-element elementor-element-7d9a4c64\" data-id=\"7d9a4c64\" data-element_type=\"column\" data-e-type=\"column\">\n\t\t\t<div class=\"elementor-widget-wrap elementor-element-populated\">\n\t\t\t\t\t\t<div class=\"elementor-element elementor-element-1cf26193 elementor-widget elementor-widget-heading\" data-id=\"1cf26193\" data-element_type=\"widget\" data-e-type=\"widget\" data-widget_type=\"heading.default\">\n\t\t\t\t<div class=\"elementor-widget-container\">\n\t\t\t\t\t<h1 class=\"elementor-heading-title elementor-size-default\">Robo de identidad y fraude de identidad<\/h1>\t\t\t\t<\/div>\n\t\t\t\t<\/div>\n\t\t\t\t\t<\/div>\n\t\t<\/div>\n\t\t\t\t\t<\/div>\n\t\t<\/section>\n\t\t\t\t<section data-particle_enable=\"false\" data-particle-mobile-disabled=\"false\" class=\"elementor-section elementor-top-section elementor-element elementor-element-4de6b7f3 elementor-section-boxed elementor-section-height-default elementor-section-height-default\" data-id=\"4de6b7f3\" data-element_type=\"section\" data-e-type=\"section\">\n\t\t\t\t\t\t<div class=\"elementor-container elementor-column-gap-default\">\n\t\t\t\t\t<div class=\"elementor-column elementor-col-100 elementor-top-column elementor-element elementor-element-266efeae\" data-id=\"266efeae\" data-element_type=\"column\" data-e-type=\"column\">\n\t\t\t<div class=\"elementor-widget-wrap elementor-element-populated\">\n\t\t\t\t\t\t<section data-particle_enable=\"false\" data-particle-mobile-disabled=\"false\" class=\"elementor-section elementor-inner-section elementor-element elementor-element-697f342 elementor-section-boxed elementor-section-height-default elementor-section-height-default\" data-id=\"697f342\" data-element_type=\"section\" data-e-type=\"section\">\n\t\t\t\t\t\t<div class=\"elementor-container elementor-column-gap-default\">\n\t\t\t\t\t<div class=\"elementor-column elementor-col-50 elementor-inner-column elementor-element elementor-element-1dadcc00\" data-id=\"1dadcc00\" data-element_type=\"column\" data-e-type=\"column\">\n\t\t\t<div class=\"elementor-widget-wrap elementor-element-populated\">\n\t\t\t\t\t\t<div class=\"elementor-element elementor-element-29cfc861 elementor-widget elementor-widget-heading\" data-id=\"29cfc861\" data-element_type=\"widget\" data-e-type=\"widget\" data-widget_type=\"heading.default\">\n\t\t\t\t<div class=\"elementor-widget-container\">\n\t\t\t\t\t<span class=\"elementor-heading-title elementor-size-default\">nuestra experiencia<\/span>\t\t\t\t<\/div>\n\t\t\t\t<\/div>\n\t\t\t\t<div class=\"elementor-element elementor-element-43a1f897 elementor-widget elementor-widget-heading\" data-id=\"43a1f897\" data-element_type=\"widget\" data-e-type=\"widget\" data-widget_type=\"heading.default\">\n\t\t\t\t<div class=\"elementor-widget-container\">\n\t\t\t\t\t<span class=\"elementor-heading-title elementor-size-default\">Robo de identidad y fraude de identidad<\/span>\t\t\t\t<\/div>\n\t\t\t\t<\/div>\n\t\t\t\t\t<\/div>\n\t\t<\/div>\n\t\t\t\t<div class=\"elementor-column elementor-col-50 elementor-inner-column elementor-element elementor-element-683f4a34\" data-id=\"683f4a34\" data-element_type=\"column\" data-e-type=\"column\">\n\t\t\t<div class=\"elementor-widget-wrap elementor-element-populated\">\n\t\t\t\t\t\t<div class=\"elementor-element elementor-element-7fa8a456 elementor-widget elementor-widget-text-editor\" data-id=\"7fa8a456\" data-element_type=\"widget\" data-e-type=\"widget\" data-widget_type=\"text-editor.default\">\n\t\t\t\t<div class=\"elementor-widget-container\">\n\t\t\t\t\t\t\t\t\t<p>Art\u00edculo 402.1 del <em>C\u00f3digo Penal<\/em> describe la informaci\u00f3n de identidad como \u201ccualquier informaci\u00f3n, incluida la informaci\u00f3n biol\u00f3gica o fisiol\u00f3gica, de un tipo que se usa com\u00fanmente solo o en combinaci\u00f3n con otra informaci\u00f3n para identificar o pretender identificar a un individuo, incluida una huella digital, impresi\u00f3n de voz, imagen de retina, imagen de iris, Perfil de ADN, nombre, domicilio, fecha de nacimiento, firma escrita, firma electr\u00f3nica, firma digital, nombre de usuario, n\u00famero de tarjeta de cr\u00e9dito, n\u00famero de tarjeta de d\u00e9bito, n\u00famero de cuenta de entidad financiera, n\u00famero de pasaporte, n\u00famero de seguro social, n\u00famero de seguro m\u00e9dico, n\u00famero de licencia de conducir o contrase\u00f1a.\u201d<\/p>\n<p>Se pueden incurrir en cargos criminales cuando una persona hace cualquiera de lo siguiente:<\/p>\n<ul>\n<li>a sabiendas posee, produce, trafica o vende un dispositivo o herramienta que se utiliza para cometer robo de identidad.<\/li>\n<li>personifica fraudulentamente a otra persona, viva o muerta, con la intenci\u00f3n de obtener una ventaja o causar una desventaja.<\/li>\n<li>usa, trafica o posee informaci\u00f3n de identidad con la intenci\u00f3n de cometer un delito procesable o usarla para cualquier prop\u00f3sito ilegal.<\/li>\n<\/ul>\n<p>Las sanciones por robo de identidad y fraude de identidad en virtud del C\u00f3digo Penal pueden variar desde multas y encarcelamiento hasta antecedentes penales y una mancha permanente en la reputaci\u00f3n de una persona. La severidad de la pena depende de las circunstancias del delito y del da\u00f1o causado a la v\u00edctima.<\/p>\n\t\t\t\t\t\t\t\t<\/div>\n\t\t\t\t<\/div>\n\t\t\t\t\t<\/div>\n\t\t<\/div>\n\t\t\t\t\t<\/div>\n\t\t<\/section>\n\t\t\t\t\t<\/div>\n\t\t<\/div>\n\t\t\t\t\t<\/div>\n\t\t<\/section>\n\t\t\t\t<\/div>\n\t\t","protected":false},"excerpt":{"rendered":"<p>nuestra experiencia Art\u00edculo 402.1 del C\u00f3digo Penal describe la informaci\u00f3n de identidad como \u201ccualquier informaci\u00f3n, incluida la informaci\u00f3n biol\u00f3gica o fisiol\u00f3gica, de un tipo que se usa com\u00fanmente solo o en combinaci\u00f3n con otra informaci\u00f3n para identificar o pretender identificar a un individuo, incluida una huella digital, impresi\u00f3n de voz, imagen de retina, imagen de [&hellip;]<\/p>\n","protected":false},"author":5,"featured_media":0,"parent":2336,"menu_order":12,"comment_status":"closed","ping_status":"closed","template":"","meta":{"footnotes":""},"class_list":["post-2340","page","type-page","status-publish","hentry"],"yoast_head":"<!-- This site is optimized with the Yoast SEO plugin v27.2 - https:\/\/yoast.com\/product\/yoast-seo-wordpress\/ -->\n<title>Robo de identidad y fraude de identidad - Frouhar Law<\/title>\n<meta name=\"robots\" content=\"index, follow, max-snippet:-1, max-image-preview:large, max-video-preview:-1\" \/>\n<link rel=\"canonical\" href=\"https:\/\/frouharlaw.com\/our-expertise\/white-collar-crime\/identify-theft-and-identity-fraud\/\" \/>\n<meta property=\"og:locale\" content=\"es_ES\" \/>\n<meta property=\"og:type\" content=\"article\" \/>\n<meta property=\"og:title\" content=\"Robo de identidad y fraude de identidad - Frouhar Law\" \/>\n<meta property=\"og:description\" content=\"nuestra experiencia Art\u00edculo 402.1 del C\u00f3digo Penal describe la informaci\u00f3n de identidad como \u201ccualquier informaci\u00f3n, incluida la informaci\u00f3n biol\u00f3gica o fisiol\u00f3gica, de un tipo que se usa com\u00fanmente solo o en combinaci\u00f3n con otra informaci\u00f3n para identificar o pretender identificar a un individuo, incluida una huella digital, impresi\u00f3n de voz, imagen de retina, imagen de [&hellip;]\" \/>\n<meta property=\"og:url\" content=\"https:\/\/frouharlaw.com\/our-expertise\/white-collar-crime\/identify-theft-and-identity-fraud\/\" \/>\n<meta property=\"og:site_name\" content=\"Frouhar Law\" \/>\n<meta property=\"article:modified_time\" content=\"2023-03-02T19:34:50+00:00\" \/>\n<meta property=\"og:image\" content=\"https:\/\/frouharlaw.com\/wp-content\/uploads\/frouharlaw-og.jpg\" \/>\n\t<meta property=\"og:image:width\" content=\"1200\" \/>\n\t<meta property=\"og:image:height\" content=\"630\" \/>\n\t<meta property=\"og:image:type\" content=\"image\/jpeg\" \/>\n<meta name=\"twitter:card\" content=\"summary_large_image\" \/>\n<meta name=\"twitter:label1\" content=\"Tiempo de lectura\" \/>\n\t<meta name=\"twitter:data1\" content=\"2 minutos\" \/>\n<script type=\"application\/ld+json\" class=\"yoast-schema-graph\">{\"@context\":\"https:\/\/schema.org\",\"@graph\":[{\"@type\":\"WebPage\",\"@id\":\"https:\/\/frouharlaw.com\/our-expertise\/white-collar-crime\/identify-theft-and-identity-fraud\/\",\"url\":\"https:\/\/frouharlaw.com\/our-expertise\/white-collar-crime\/identify-theft-and-identity-fraud\/\",\"name\":\"Robo de identidad y fraude de identidad - Frouhar Law\",\"isPartOf\":{\"@id\":\"https:\/\/frouharlaw.com\/#website\"},\"datePublished\":\"2023-02-10T17:52:43+00:00\",\"dateModified\":\"2023-03-02T19:34:50+00:00\",\"breadcrumb\":{\"@id\":\"https:\/\/frouharlaw.com\/our-expertise\/white-collar-crime\/identify-theft-and-identity-fraud\/#breadcrumb\"},\"inLanguage\":\"es\",\"potentialAction\":[{\"@type\":\"ReadAction\",\"target\":[\"https:\/\/frouharlaw.com\/our-expertise\/white-collar-crime\/identify-theft-and-identity-fraud\/\"]}]},{\"@type\":\"BreadcrumbList\",\"@id\":\"https:\/\/frouharlaw.com\/our-expertise\/white-collar-crime\/identify-theft-and-identity-fraud\/#breadcrumb\",\"itemListElement\":[{\"@type\":\"ListItem\",\"position\":1,\"name\":\"Home\",\"item\":\"https:\/\/frouharlaw.com\/es\/\"},{\"@type\":\"ListItem\",\"position\":2,\"name\":\"nuestra experiencia\",\"item\":\"https:\/\/frouharlaw.com\/es\/nuestra-experiencia\/\"},{\"@type\":\"ListItem\",\"position\":3,\"name\":\"Delito de cuello blanco\",\"item\":\"https:\/\/frouharlaw.com\/our-expertise\/white-collar-crime\/\"},{\"@type\":\"ListItem\",\"position\":4,\"name\":\"Robo de identidad y fraude de identidad\"}]},{\"@type\":\"WebSite\",\"@id\":\"https:\/\/frouharlaw.com\/#website\",\"url\":\"https:\/\/frouharlaw.com\/\",\"name\":\"Frouhar Law\",\"description\":\"Determined. Creative. Tireless. Passionate.\",\"publisher\":{\"@id\":\"https:\/\/frouharlaw.com\/#organization\"},\"potentialAction\":[{\"@type\":\"SearchAction\",\"target\":{\"@type\":\"EntryPoint\",\"urlTemplate\":\"https:\/\/frouharlaw.com\/?s={search_term_string}\"},\"query-input\":{\"@type\":\"PropertyValueSpecification\",\"valueRequired\":true,\"valueName\":\"search_term_string\"}}],\"inLanguage\":\"es\"},{\"@type\":\"Organization\",\"@id\":\"https:\/\/frouharlaw.com\/#organization\",\"name\":\"Frouhar Law\",\"url\":\"https:\/\/frouharlaw.com\/\",\"logo\":{\"@type\":\"ImageObject\",\"inLanguage\":\"es\",\"@id\":\"https:\/\/frouharlaw.com\/#\/schema\/logo\/image\/\",\"url\":\"https:\/\/frouharlaw.com\/wp-content\/uploads\/frouhar-law-logo.png\",\"contentUrl\":\"https:\/\/frouharlaw.com\/wp-content\/uploads\/frouhar-law-logo.png\",\"width\":3601,\"height\":3600,\"caption\":\"Frouhar Law\"},\"image\":{\"@id\":\"https:\/\/frouharlaw.com\/#\/schema\/logo\/image\/\"}}]}<\/script>\n<!-- \/ Yoast SEO plugin. -->","yoast_head_json":{"title":"Robo de identidad y fraude de identidad - Frouhar Law","robots":{"index":"index","follow":"follow","max-snippet":"max-snippet:-1","max-image-preview":"max-image-preview:large","max-video-preview":"max-video-preview:-1"},"canonical":"https:\/\/frouharlaw.com\/our-expertise\/white-collar-crime\/identify-theft-and-identity-fraud\/","og_locale":"es_ES","og_type":"article","og_title":"Robo de identidad y fraude de identidad - Frouhar Law","og_description":"nuestra experiencia Art\u00edculo 402.1 del C\u00f3digo Penal describe la informaci\u00f3n de identidad como \u201ccualquier informaci\u00f3n, incluida la informaci\u00f3n biol\u00f3gica o fisiol\u00f3gica, de un tipo que se usa com\u00fanmente solo o en combinaci\u00f3n con otra informaci\u00f3n para identificar o pretender identificar a un individuo, incluida una huella digital, impresi\u00f3n de voz, imagen de retina, imagen de [&hellip;]","og_url":"https:\/\/frouharlaw.com\/our-expertise\/white-collar-crime\/identify-theft-and-identity-fraud\/","og_site_name":"Frouhar Law","article_modified_time":"2023-03-02T19:34:50+00:00","og_image":[{"width":1200,"height":630,"url":"https:\/\/frouharlaw.com\/wp-content\/uploads\/frouharlaw-og.jpg","type":"image\/jpeg"}],"twitter_card":"summary_large_image","twitter_misc":{"Tiempo de lectura":"2 minutos"},"schema":{"@context":"https:\/\/schema.org","@graph":[{"@type":"WebPage","@id":"https:\/\/frouharlaw.com\/our-expertise\/white-collar-crime\/identify-theft-and-identity-fraud\/","url":"https:\/\/frouharlaw.com\/our-expertise\/white-collar-crime\/identify-theft-and-identity-fraud\/","name":"Robo de identidad y fraude de identidad - Frouhar Law","isPartOf":{"@id":"https:\/\/frouharlaw.com\/#website"},"datePublished":"2023-02-10T17:52:43+00:00","dateModified":"2023-03-02T19:34:50+00:00","breadcrumb":{"@id":"https:\/\/frouharlaw.com\/our-expertise\/white-collar-crime\/identify-theft-and-identity-fraud\/#breadcrumb"},"inLanguage":"es","potentialAction":[{"@type":"ReadAction","target":["https:\/\/frouharlaw.com\/our-expertise\/white-collar-crime\/identify-theft-and-identity-fraud\/"]}]},{"@type":"BreadcrumbList","@id":"https:\/\/frouharlaw.com\/our-expertise\/white-collar-crime\/identify-theft-and-identity-fraud\/#breadcrumb","itemListElement":[{"@type":"ListItem","position":1,"name":"Home","item":"https:\/\/frouharlaw.com\/es\/"},{"@type":"ListItem","position":2,"name":"nuestra experiencia","item":"https:\/\/frouharlaw.com\/es\/nuestra-experiencia\/"},{"@type":"ListItem","position":3,"name":"Delito de cuello blanco","item":"https:\/\/frouharlaw.com\/our-expertise\/white-collar-crime\/"},{"@type":"ListItem","position":4,"name":"Robo de identidad y fraude de identidad"}]},{"@type":"WebSite","@id":"https:\/\/frouharlaw.com\/#website","url":"https:\/\/frouharlaw.com\/","name":"Frouhar Law","description":"Determined. Creative. Tireless. Passionate.","publisher":{"@id":"https:\/\/frouharlaw.com\/#organization"},"potentialAction":[{"@type":"SearchAction","target":{"@type":"EntryPoint","urlTemplate":"https:\/\/frouharlaw.com\/?s={search_term_string}"},"query-input":{"@type":"PropertyValueSpecification","valueRequired":true,"valueName":"search_term_string"}}],"inLanguage":"es"},{"@type":"Organization","@id":"https:\/\/frouharlaw.com\/#organization","name":"Frouhar Law","url":"https:\/\/frouharlaw.com\/","logo":{"@type":"ImageObject","inLanguage":"es","@id":"https:\/\/frouharlaw.com\/#\/schema\/logo\/image\/","url":"https:\/\/frouharlaw.com\/wp-content\/uploads\/frouhar-law-logo.png","contentUrl":"https:\/\/frouharlaw.com\/wp-content\/uploads\/frouhar-law-logo.png","width":3601,"height":3600,"caption":"Frouhar Law"},"image":{"@id":"https:\/\/frouharlaw.com\/#\/schema\/logo\/image\/"}}]}},"_links":{"self":[{"href":"https:\/\/frouharlaw.com\/es\/wp-json\/wp\/v2\/pages\/2340","targetHints":{"allow":["GET"]}}],"collection":[{"href":"https:\/\/frouharlaw.com\/es\/wp-json\/wp\/v2\/pages"}],"about":[{"href":"https:\/\/frouharlaw.com\/es\/wp-json\/wp\/v2\/types\/page"}],"author":[{"embeddable":true,"href":"https:\/\/frouharlaw.com\/es\/wp-json\/wp\/v2\/users\/5"}],"replies":[{"embeddable":true,"href":"https:\/\/frouharlaw.com\/es\/wp-json\/wp\/v2\/comments?post=2340"}],"version-history":[{"count":7,"href":"https:\/\/frouharlaw.com\/es\/wp-json\/wp\/v2\/pages\/2340\/revisions"}],"predecessor-version":[{"id":2781,"href":"https:\/\/frouharlaw.com\/es\/wp-json\/wp\/v2\/pages\/2340\/revisions\/2781"}],"up":[{"embeddable":true,"href":"https:\/\/frouharlaw.com\/es\/wp-json\/wp\/v2\/pages\/2336"}],"wp:attachment":[{"href":"https:\/\/frouharlaw.com\/es\/wp-json\/wp\/v2\/media?parent=2340"}],"curies":[{"name":"wp","href":"https:\/\/api.w.org\/{rel}","templated":true}]}}