{"id":2346,"date":"2023-02-10T17:52:15","date_gmt":"2023-02-10T17:52:15","guid":{"rendered":"https:\/\/frouharlaw.com\/nuestra-experiencia\/armas-y-armas-de-fuego\/posesion-de-armas-de-fuego-prohibidas-restringidas\/"},"modified":"2023-03-02T19:34:06","modified_gmt":"2023-03-02T19:34:06","slug":"posesion-de-armas-de-fuego-prohibidas-restringidas","status":"publish","type":"page","link":"https:\/\/frouharlaw.com\/es\/nuestra-experiencia\/armas-y-armas-de-fuego\/posesion-de-armas-de-fuego-prohibidas-restringidas\/","title":{"rendered":"Posesi\u00f3n de Armas de Fuego Prohibidas\/Restringidas"},"content":{"rendered":"\t\t<div data-elementor-type=\"wp-page\" data-elementor-id=\"2346\" class=\"elementor elementor-2346 elementor-1418\" data-elementor-post-type=\"page\">\n\t\t\t\t\t\t<section data-particle_enable=\"false\" data-particle-mobile-disabled=\"false\" class=\"elementor-section elementor-top-section elementor-element elementor-element-706afd8e elementor-section-height-min-height elementor-section-boxed elementor-section-height-default elementor-section-items-middle\" data-id=\"706afd8e\" data-element_type=\"section\" data-e-type=\"section\" data-settings=\"{&quot;background_background&quot;:&quot;classic&quot;}\">\n\t\t\t\t\t\t\t<div class=\"elementor-background-overlay\"><\/div>\n\t\t\t\t\t\t\t<div class=\"elementor-container elementor-column-gap-default\">\n\t\t\t\t\t<div class=\"elementor-column elementor-col-100 elementor-top-column elementor-element elementor-element-44615cb4\" data-id=\"44615cb4\" data-element_type=\"column\" data-e-type=\"column\">\n\t\t\t<div class=\"elementor-widget-wrap elementor-element-populated\">\n\t\t\t\t\t\t<div class=\"elementor-element elementor-element-79019f3e elementor-widget elementor-widget-heading\" data-id=\"79019f3e\" data-element_type=\"widget\" data-e-type=\"widget\" data-widget_type=\"heading.default\">\n\t\t\t\t<div class=\"elementor-widget-container\">\n\t\t\t\t\t<h1 class=\"elementor-heading-title elementor-size-default\">Posesi\u00f3n de Armas de Fuego Prohibidas\/Restringidas<\/h1>\t\t\t\t<\/div>\n\t\t\t\t<\/div>\n\t\t\t\t\t<\/div>\n\t\t<\/div>\n\t\t\t\t\t<\/div>\n\t\t<\/section>\n\t\t\t\t<section data-particle_enable=\"false\" data-particle-mobile-disabled=\"false\" class=\"elementor-section elementor-top-section elementor-element elementor-element-5a021c61 elementor-section-boxed elementor-section-height-default elementor-section-height-default\" data-id=\"5a021c61\" data-element_type=\"section\" data-e-type=\"section\">\n\t\t\t\t\t\t<div class=\"elementor-container elementor-column-gap-default\">\n\t\t\t\t\t<div class=\"elementor-column elementor-col-100 elementor-top-column elementor-element elementor-element-7f8ab81d\" data-id=\"7f8ab81d\" data-element_type=\"column\" data-e-type=\"column\">\n\t\t\t<div class=\"elementor-widget-wrap elementor-element-populated\">\n\t\t\t\t\t\t<section data-particle_enable=\"false\" data-particle-mobile-disabled=\"false\" class=\"elementor-section elementor-inner-section elementor-element elementor-element-18e188df elementor-section-boxed elementor-section-height-default elementor-section-height-default\" data-id=\"18e188df\" data-element_type=\"section\" data-e-type=\"section\">\n\t\t\t\t\t\t<div class=\"elementor-container elementor-column-gap-default\">\n\t\t\t\t\t<div class=\"elementor-column elementor-col-50 elementor-inner-column elementor-element elementor-element-74ce55aa\" data-id=\"74ce55aa\" data-element_type=\"column\" data-e-type=\"column\">\n\t\t\t<div class=\"elementor-widget-wrap elementor-element-populated\">\n\t\t\t\t\t\t<div class=\"elementor-element elementor-element-40ff6a71 elementor-widget elementor-widget-heading\" data-id=\"40ff6a71\" data-element_type=\"widget\" data-e-type=\"widget\" data-widget_type=\"heading.default\">\n\t\t\t\t<div class=\"elementor-widget-container\">\n\t\t\t\t\t<span class=\"elementor-heading-title elementor-size-default\">nuestra experiencia<\/span>\t\t\t\t<\/div>\n\t\t\t\t<\/div>\n\t\t\t\t<div class=\"elementor-element elementor-element-3e4f74de elementor-widget elementor-widget-heading\" data-id=\"3e4f74de\" data-element_type=\"widget\" data-e-type=\"widget\" data-widget_type=\"heading.default\">\n\t\t\t\t<div class=\"elementor-widget-container\">\n\t\t\t\t\t<p class=\"elementor-heading-title elementor-size-default\">Posesi\u00f3n de Armas de Fuego Prohibidas\/Restringidas<\/p>\t\t\t\t<\/div>\n\t\t\t\t<\/div>\n\t\t\t\t\t<\/div>\n\t\t<\/div>\n\t\t\t\t<div class=\"elementor-column elementor-col-50 elementor-inner-column elementor-element elementor-element-72d3da0b\" data-id=\"72d3da0b\" data-element_type=\"column\" data-e-type=\"column\">\n\t\t\t<div class=\"elementor-widget-wrap elementor-element-populated\">\n\t\t\t\t\t\t<div class=\"elementor-element elementor-element-6bb2871a elementor-widget elementor-widget-text-editor\" data-id=\"6bb2871a\" data-element_type=\"widget\" data-e-type=\"widget\" data-widget_type=\"text-editor.default\">\n\t\t\t\t<div class=\"elementor-widget-container\">\n\t\t\t\t\t\t\t\t\t<p>La posesi\u00f3n de un arma de fuego prohibida se define como la posesi\u00f3n o control de un arma de fuego que est\u00e1 prohibida por la ley canadiense, sin estar autorizado para hacerlo. Esto puede incluir ciertos tipos de armas de fuego, como armas totalmente autom\u00e1ticas o pistolas con un ca\u00f1\u00f3n de menos de 105 mil\u00edmetros. La posesi\u00f3n de un arma de fuego prohibida puede conllevar una sanci\u00f3n significativa, incluida una pena de prisi\u00f3n de hasta 10 a\u00f1os. Adem\u00e1s, las penas por posesi\u00f3n de un arma de fuego prohibida pueden incrementarse si el arma de fuego se utiliza en la comisi\u00f3n de otro delito, como robo a mano armada o agresi\u00f3n.<\/p>\n\t\t\t\t\t\t\t\t<\/div>\n\t\t\t\t<\/div>\n\t\t\t\t\t<\/div>\n\t\t<\/div>\n\t\t\t\t\t<\/div>\n\t\t<\/section>\n\t\t\t\t\t<\/div>\n\t\t<\/div>\n\t\t\t\t\t<\/div>\n\t\t<\/section>\n\t\t\t\t<\/div>\n\t\t","protected":false},"excerpt":{"rendered":"<p>nuestra experiencia La posesi\u00f3n de un arma de fuego prohibida se define como la posesi\u00f3n o control de un arma de fuego que est\u00e1 prohibida por la ley canadiense, sin estar autorizado para hacerlo. Esto puede incluir ciertos tipos de armas de fuego, como armas totalmente autom\u00e1ticas o pistolas con un ca\u00f1\u00f3n de menos de [&hellip;]<\/p>\n","protected":false},"author":5,"featured_media":0,"parent":2344,"menu_order":14,"comment_status":"closed","ping_status":"closed","template":"","meta":{"footnotes":""},"class_list":["post-2346","page","type-page","status-publish","hentry"],"yoast_head":"<!-- This site is optimized with the Yoast SEO plugin v27.2 - https:\/\/yoast.com\/product\/yoast-seo-wordpress\/ -->\n<title>Posesi\u00f3n de Armas de Fuego Prohibidas\/Restringidas - Frouhar Law<\/title>\n<meta name=\"robots\" content=\"index, follow, max-snippet:-1, max-image-preview:large, max-video-preview:-1\" \/>\n<link rel=\"canonical\" href=\"https:\/\/frouharlaw.com\/our-expertise\/firearms-and-other-weapons\/possession-of-prohibited-restricted-firearms\/\" \/>\n<meta property=\"og:locale\" content=\"es_ES\" \/>\n<meta property=\"og:type\" content=\"article\" \/>\n<meta property=\"og:title\" content=\"Posesi\u00f3n de Armas de Fuego Prohibidas\/Restringidas - Frouhar Law\" \/>\n<meta property=\"og:description\" content=\"nuestra experiencia La posesi\u00f3n de un arma de fuego prohibida se define como la posesi\u00f3n o control de un arma de fuego que est\u00e1 prohibida por la ley canadiense, sin estar autorizado para hacerlo. Esto puede incluir ciertos tipos de armas de fuego, como armas totalmente autom\u00e1ticas o pistolas con un ca\u00f1\u00f3n de menos de [&hellip;]\" \/>\n<meta property=\"og:url\" content=\"https:\/\/frouharlaw.com\/our-expertise\/firearms-and-other-weapons\/possession-of-prohibited-restricted-firearms\/\" \/>\n<meta property=\"og:site_name\" content=\"Frouhar Law\" \/>\n<meta property=\"article:modified_time\" content=\"2023-03-02T19:34:06+00:00\" \/>\n<meta property=\"og:image\" content=\"https:\/\/frouharlaw.com\/wp-content\/uploads\/frouharlaw-og.jpg\" \/>\n\t<meta property=\"og:image:width\" content=\"1200\" \/>\n\t<meta property=\"og:image:height\" content=\"630\" \/>\n\t<meta property=\"og:image:type\" content=\"image\/jpeg\" \/>\n<meta name=\"twitter:card\" content=\"summary_large_image\" \/>\n<meta name=\"twitter:label1\" content=\"Tiempo de lectura\" \/>\n\t<meta name=\"twitter:data1\" content=\"1 minuto\" \/>\n<script type=\"application\/ld+json\" class=\"yoast-schema-graph\">{\"@context\":\"https:\/\/schema.org\",\"@graph\":[{\"@type\":\"WebPage\",\"@id\":\"https:\/\/frouharlaw.com\/our-expertise\/firearms-and-other-weapons\/possession-of-prohibited-restricted-firearms\/\",\"url\":\"https:\/\/frouharlaw.com\/our-expertise\/firearms-and-other-weapons\/possession-of-prohibited-restricted-firearms\/\",\"name\":\"Posesi\u00f3n de Armas de Fuego Prohibidas\/Restringidas - Frouhar Law\",\"isPartOf\":{\"@id\":\"https:\/\/frouharlaw.com\/#website\"},\"datePublished\":\"2023-02-10T17:52:15+00:00\",\"dateModified\":\"2023-03-02T19:34:06+00:00\",\"breadcrumb\":{\"@id\":\"https:\/\/frouharlaw.com\/our-expertise\/firearms-and-other-weapons\/possession-of-prohibited-restricted-firearms\/#breadcrumb\"},\"inLanguage\":\"es\",\"potentialAction\":[{\"@type\":\"ReadAction\",\"target\":[\"https:\/\/frouharlaw.com\/our-expertise\/firearms-and-other-weapons\/possession-of-prohibited-restricted-firearms\/\"]}]},{\"@type\":\"BreadcrumbList\",\"@id\":\"https:\/\/frouharlaw.com\/our-expertise\/firearms-and-other-weapons\/possession-of-prohibited-restricted-firearms\/#breadcrumb\",\"itemListElement\":[{\"@type\":\"ListItem\",\"position\":1,\"name\":\"Home\",\"item\":\"https:\/\/frouharlaw.com\/es\/\"},{\"@type\":\"ListItem\",\"position\":2,\"name\":\"nuestra experiencia\",\"item\":\"https:\/\/frouharlaw.com\/es\/nuestra-experiencia\/\"},{\"@type\":\"ListItem\",\"position\":3,\"name\":\"Armas y Armas de Fuego\",\"item\":\"https:\/\/frouharlaw.com\/our-expertise\/firearms-and-other-weapons\/\"},{\"@type\":\"ListItem\",\"position\":4,\"name\":\"Posesi\u00f3n de Armas de Fuego Prohibidas\/Restringidas\"}]},{\"@type\":\"WebSite\",\"@id\":\"https:\/\/frouharlaw.com\/#website\",\"url\":\"https:\/\/frouharlaw.com\/\",\"name\":\"Frouhar Law\",\"description\":\"Determined. Creative. Tireless. Passionate.\",\"publisher\":{\"@id\":\"https:\/\/frouharlaw.com\/#organization\"},\"potentialAction\":[{\"@type\":\"SearchAction\",\"target\":{\"@type\":\"EntryPoint\",\"urlTemplate\":\"https:\/\/frouharlaw.com\/?s={search_term_string}\"},\"query-input\":{\"@type\":\"PropertyValueSpecification\",\"valueRequired\":true,\"valueName\":\"search_term_string\"}}],\"inLanguage\":\"es\"},{\"@type\":\"Organization\",\"@id\":\"https:\/\/frouharlaw.com\/#organization\",\"name\":\"Frouhar Law\",\"url\":\"https:\/\/frouharlaw.com\/\",\"logo\":{\"@type\":\"ImageObject\",\"inLanguage\":\"es\",\"@id\":\"https:\/\/frouharlaw.com\/#\/schema\/logo\/image\/\",\"url\":\"https:\/\/frouharlaw.com\/wp-content\/uploads\/frouhar-law-logo.png\",\"contentUrl\":\"https:\/\/frouharlaw.com\/wp-content\/uploads\/frouhar-law-logo.png\",\"width\":3601,\"height\":3600,\"caption\":\"Frouhar Law\"},\"image\":{\"@id\":\"https:\/\/frouharlaw.com\/#\/schema\/logo\/image\/\"}}]}<\/script>\n<!-- \/ Yoast SEO plugin. -->","yoast_head_json":{"title":"Posesi\u00f3n de Armas de Fuego Prohibidas\/Restringidas - Frouhar Law","robots":{"index":"index","follow":"follow","max-snippet":"max-snippet:-1","max-image-preview":"max-image-preview:large","max-video-preview":"max-video-preview:-1"},"canonical":"https:\/\/frouharlaw.com\/our-expertise\/firearms-and-other-weapons\/possession-of-prohibited-restricted-firearms\/","og_locale":"es_ES","og_type":"article","og_title":"Posesi\u00f3n de Armas de Fuego Prohibidas\/Restringidas - Frouhar Law","og_description":"nuestra experiencia La posesi\u00f3n de un arma de fuego prohibida se define como la posesi\u00f3n o control de un arma de fuego que est\u00e1 prohibida por la ley canadiense, sin estar autorizado para hacerlo. Esto puede incluir ciertos tipos de armas de fuego, como armas totalmente autom\u00e1ticas o pistolas con un ca\u00f1\u00f3n de menos de [&hellip;]","og_url":"https:\/\/frouharlaw.com\/our-expertise\/firearms-and-other-weapons\/possession-of-prohibited-restricted-firearms\/","og_site_name":"Frouhar Law","article_modified_time":"2023-03-02T19:34:06+00:00","og_image":[{"width":1200,"height":630,"url":"https:\/\/frouharlaw.com\/wp-content\/uploads\/frouharlaw-og.jpg","type":"image\/jpeg"}],"twitter_card":"summary_large_image","twitter_misc":{"Tiempo de lectura":"1 minuto"},"schema":{"@context":"https:\/\/schema.org","@graph":[{"@type":"WebPage","@id":"https:\/\/frouharlaw.com\/our-expertise\/firearms-and-other-weapons\/possession-of-prohibited-restricted-firearms\/","url":"https:\/\/frouharlaw.com\/our-expertise\/firearms-and-other-weapons\/possession-of-prohibited-restricted-firearms\/","name":"Posesi\u00f3n de Armas de Fuego Prohibidas\/Restringidas - Frouhar Law","isPartOf":{"@id":"https:\/\/frouharlaw.com\/#website"},"datePublished":"2023-02-10T17:52:15+00:00","dateModified":"2023-03-02T19:34:06+00:00","breadcrumb":{"@id":"https:\/\/frouharlaw.com\/our-expertise\/firearms-and-other-weapons\/possession-of-prohibited-restricted-firearms\/#breadcrumb"},"inLanguage":"es","potentialAction":[{"@type":"ReadAction","target":["https:\/\/frouharlaw.com\/our-expertise\/firearms-and-other-weapons\/possession-of-prohibited-restricted-firearms\/"]}]},{"@type":"BreadcrumbList","@id":"https:\/\/frouharlaw.com\/our-expertise\/firearms-and-other-weapons\/possession-of-prohibited-restricted-firearms\/#breadcrumb","itemListElement":[{"@type":"ListItem","position":1,"name":"Home","item":"https:\/\/frouharlaw.com\/es\/"},{"@type":"ListItem","position":2,"name":"nuestra experiencia","item":"https:\/\/frouharlaw.com\/es\/nuestra-experiencia\/"},{"@type":"ListItem","position":3,"name":"Armas y Armas de Fuego","item":"https:\/\/frouharlaw.com\/our-expertise\/firearms-and-other-weapons\/"},{"@type":"ListItem","position":4,"name":"Posesi\u00f3n de Armas de Fuego Prohibidas\/Restringidas"}]},{"@type":"WebSite","@id":"https:\/\/frouharlaw.com\/#website","url":"https:\/\/frouharlaw.com\/","name":"Frouhar Law","description":"Determined. Creative. Tireless. Passionate.","publisher":{"@id":"https:\/\/frouharlaw.com\/#organization"},"potentialAction":[{"@type":"SearchAction","target":{"@type":"EntryPoint","urlTemplate":"https:\/\/frouharlaw.com\/?s={search_term_string}"},"query-input":{"@type":"PropertyValueSpecification","valueRequired":true,"valueName":"search_term_string"}}],"inLanguage":"es"},{"@type":"Organization","@id":"https:\/\/frouharlaw.com\/#organization","name":"Frouhar Law","url":"https:\/\/frouharlaw.com\/","logo":{"@type":"ImageObject","inLanguage":"es","@id":"https:\/\/frouharlaw.com\/#\/schema\/logo\/image\/","url":"https:\/\/frouharlaw.com\/wp-content\/uploads\/frouhar-law-logo.png","contentUrl":"https:\/\/frouharlaw.com\/wp-content\/uploads\/frouhar-law-logo.png","width":3601,"height":3600,"caption":"Frouhar Law"},"image":{"@id":"https:\/\/frouharlaw.com\/#\/schema\/logo\/image\/"}}]}},"_links":{"self":[{"href":"https:\/\/frouharlaw.com\/es\/wp-json\/wp\/v2\/pages\/2346","targetHints":{"allow":["GET"]}}],"collection":[{"href":"https:\/\/frouharlaw.com\/es\/wp-json\/wp\/v2\/pages"}],"about":[{"href":"https:\/\/frouharlaw.com\/es\/wp-json\/wp\/v2\/types\/page"}],"author":[{"embeddable":true,"href":"https:\/\/frouharlaw.com\/es\/wp-json\/wp\/v2\/users\/5"}],"replies":[{"embeddable":true,"href":"https:\/\/frouharlaw.com\/es\/wp-json\/wp\/v2\/comments?post=2346"}],"version-history":[{"count":4,"href":"https:\/\/frouharlaw.com\/es\/wp-json\/wp\/v2\/pages\/2346\/revisions"}],"predecessor-version":[{"id":2772,"href":"https:\/\/frouharlaw.com\/es\/wp-json\/wp\/v2\/pages\/2346\/revisions\/2772"}],"up":[{"embeddable":true,"href":"https:\/\/frouharlaw.com\/es\/wp-json\/wp\/v2\/pages\/2344"}],"wp:attachment":[{"href":"https:\/\/frouharlaw.com\/es\/wp-json\/wp\/v2\/media?parent=2346"}],"curies":[{"name":"wp","href":"https:\/\/api.w.org\/{rel}","templated":true}]}}