{"id":2388,"date":"2023-02-10T17:48:42","date_gmt":"2023-02-10T17:48:42","guid":{"rendered":"https:\/\/frouharlaw.com\/nuestra-experiencia\/infracciones-provinciales\/infracciones-de-la-ley-de-licencias-de-bebidas-alcoholicas\/"},"modified":"2023-03-02T19:37:07","modified_gmt":"2023-03-02T19:37:07","slug":"infracciones-de-la-ley-de-licencias-de-bebidas-alcoholicas","status":"publish","type":"page","link":"https:\/\/frouharlaw.com\/es\/nuestra-experiencia\/infracciones-provinciales\/infracciones-de-la-ley-de-licencias-de-bebidas-alcoholicas\/","title":{"rendered":"Infracciones de la Ley de Licencias de Bebidas Alcoh\u00f3licas"},"content":{"rendered":"\t\t<div data-elementor-type=\"wp-page\" data-elementor-id=\"2388\" class=\"elementor elementor-2388 elementor-1400\" data-elementor-post-type=\"page\">\n\t\t\t\t\t\t<section data-particle_enable=\"false\" data-particle-mobile-disabled=\"false\" class=\"elementor-section elementor-top-section elementor-element elementor-element-5e434df7 elementor-section-height-min-height elementor-section-boxed elementor-section-height-default elementor-section-items-middle\" data-id=\"5e434df7\" data-element_type=\"section\" data-e-type=\"section\" data-settings=\"{&quot;background_background&quot;:&quot;classic&quot;}\">\n\t\t\t\t\t\t\t<div class=\"elementor-background-overlay\"><\/div>\n\t\t\t\t\t\t\t<div class=\"elementor-container elementor-column-gap-default\">\n\t\t\t\t\t<div class=\"elementor-column elementor-col-100 elementor-top-column elementor-element elementor-element-3f1fce39\" data-id=\"3f1fce39\" data-element_type=\"column\" data-e-type=\"column\">\n\t\t\t<div class=\"elementor-widget-wrap elementor-element-populated\">\n\t\t\t\t\t\t<div class=\"elementor-element elementor-element-5a438a4b elementor-widget elementor-widget-heading\" data-id=\"5a438a4b\" data-element_type=\"widget\" data-e-type=\"widget\" data-widget_type=\"heading.default\">\n\t\t\t\t<div class=\"elementor-widget-container\">\n\t\t\t\t\t<h1 class=\"elementor-heading-title elementor-size-default\">Infracciones de <span class=\"ita\">la Ley de Licencias de Bebidas Alcoh\u00f3licas<\/span><\/h1>\t\t\t\t<\/div>\n\t\t\t\t<\/div>\n\t\t\t\t\t<\/div>\n\t\t<\/div>\n\t\t\t\t\t<\/div>\n\t\t<\/section>\n\t\t\t\t<section data-particle_enable=\"false\" data-particle-mobile-disabled=\"false\" class=\"elementor-section elementor-top-section elementor-element elementor-element-7ea9c483 elementor-section-boxed elementor-section-height-default elementor-section-height-default\" data-id=\"7ea9c483\" data-element_type=\"section\" data-e-type=\"section\">\n\t\t\t\t\t\t<div class=\"elementor-container elementor-column-gap-default\">\n\t\t\t\t\t<div class=\"elementor-column elementor-col-100 elementor-top-column elementor-element elementor-element-769eaac\" data-id=\"769eaac\" data-element_type=\"column\" data-e-type=\"column\">\n\t\t\t<div class=\"elementor-widget-wrap elementor-element-populated\">\n\t\t\t\t\t\t<section data-particle_enable=\"false\" data-particle-mobile-disabled=\"false\" class=\"elementor-section elementor-inner-section elementor-element elementor-element-338ae2b6 elementor-section-boxed elementor-section-height-default elementor-section-height-default\" data-id=\"338ae2b6\" data-element_type=\"section\" data-e-type=\"section\">\n\t\t\t\t\t\t<div class=\"elementor-container elementor-column-gap-default\">\n\t\t\t\t\t<div class=\"elementor-column elementor-col-50 elementor-inner-column elementor-element elementor-element-69175662\" data-id=\"69175662\" data-element_type=\"column\" data-e-type=\"column\">\n\t\t\t<div class=\"elementor-widget-wrap elementor-element-populated\">\n\t\t\t\t\t\t<div class=\"elementor-element elementor-element-490bb650 elementor-widget elementor-widget-heading\" data-id=\"490bb650\" data-element_type=\"widget\" data-e-type=\"widget\" data-widget_type=\"heading.default\">\n\t\t\t\t<div class=\"elementor-widget-container\">\n\t\t\t\t\t<span class=\"elementor-heading-title elementor-size-default\">nuestra experiencia<\/span>\t\t\t\t<\/div>\n\t\t\t\t<\/div>\n\t\t\t\t<div class=\"elementor-element elementor-element-f7dcbf3 elementor-widget elementor-widget-heading\" data-id=\"f7dcbf3\" data-element_type=\"widget\" data-e-type=\"widget\" data-widget_type=\"heading.default\">\n\t\t\t\t<div class=\"elementor-widget-container\">\n\t\t\t\t\t<span class=\"elementor-heading-title elementor-size-default\">Infracciones de <span class=\"ita\">la Ley de Licencias de Bebidas Alcoh\u00f3licas<\/span><\/span>\t\t\t\t<\/div>\n\t\t\t\t<\/div>\n\t\t\t\t\t<\/div>\n\t\t<\/div>\n\t\t\t\t<div class=\"elementor-column elementor-col-50 elementor-inner-column elementor-element elementor-element-7eb8bd77\" data-id=\"7eb8bd77\" data-element_type=\"column\" data-e-type=\"column\">\n\t\t\t<div class=\"elementor-widget-wrap elementor-element-populated\">\n\t\t\t\t\t\t<div class=\"elementor-element elementor-element-2032b6c3 elementor-widget elementor-widget-text-editor\" data-id=\"2032b6c3\" data-element_type=\"widget\" data-e-type=\"widget\" data-widget_type=\"text-editor.default\">\n\t\t\t\t<div class=\"elementor-widget-container\">\n\t\t\t\t\t\t\t\t\t<p>La <em>Ley de Licencias de Bebidas Alcoh\u00f3licas (LLA<\/em> ) regula la venta, el servicio y el consumo de alcohol.<\/p>\n<p>Algunas infracciones comunes <em>de la LLA<\/em> son:<\/p>\n<ul>\n<li>Vender alcohol a menores o a alguien que ya est\u00e1 intoxicado<\/li>\n<li>Permitir que las menores consuman alcohol en las instalaciones.<\/li>\n<li>Operar un establecimiento con licencia fuera del horario de atenci\u00f3n<\/li>\n<li>Vender alcohol sin una licencia de licor v\u00e1lida<\/li>\n<li>Operar un establecimiento con licencia que es una molestia p\u00fablica<\/li>\n<li>Importaci\u00f3n o exportaci\u00f3n ilegal de alcohol<\/li>\n<li>Obstruir una inspecci\u00f3n o proporcionar informaci\u00f3n falsa a un inspector de bebidas alcoh\u00f3licas<\/li>\n<\/ul>\n<p>Las penas por infracciones <em>de la LLA<\/em> pueden variar en funci\u00f3n de la gravedad de la infracci\u00f3n y de las circunstancias que la rodean.<\/p>\n<p>Es importante que los particulares y las empresas dedicadas a la venta y el servicio de alcohol se familiaricen con la <em>LLA<\/em> y cumplan sus disposiciones para evitar sanciones y garantizar la venta y el consumo seguros y responsables de alcohol.<\/p>\n\t\t\t\t\t\t\t\t<\/div>\n\t\t\t\t<\/div>\n\t\t\t\t\t<\/div>\n\t\t<\/div>\n\t\t\t\t\t<\/div>\n\t\t<\/section>\n\t\t\t\t\t<\/div>\n\t\t<\/div>\n\t\t\t\t\t<\/div>\n\t\t<\/section>\n\t\t\t\t<\/div>\n\t\t","protected":false},"excerpt":{"rendered":"<p>Infracciones de la Ley de Licencias de Bebidas Alcoh\u00f3licas nuestra experiencia Infracciones de la Ley de Licencias de Bebidas Alcoh\u00f3licas La Ley de Licencias de Bebidas Alcoh\u00f3licas (LLA ) regula la venta, el servicio y el consumo de alcohol. Algunas infracciones comunes de la LLA son: Vender alcohol a menores o a alguien que ya [&hellip;]<\/p>\n","protected":false},"author":5,"featured_media":0,"parent":2386,"menu_order":23,"comment_status":"closed","ping_status":"closed","template":"","meta":{"footnotes":""},"class_list":["post-2388","page","type-page","status-publish","hentry"],"yoast_head":"<!-- This site is optimized with the Yoast SEO plugin v27.2 - https:\/\/yoast.com\/product\/yoast-seo-wordpress\/ -->\n<title>Infracciones de la Ley de Licencias de Bebidas Alcoh\u00f3licas - Frouhar Law<\/title>\n<meta name=\"robots\" content=\"index, follow, max-snippet:-1, max-image-preview:large, max-video-preview:-1\" \/>\n<link rel=\"canonical\" href=\"https:\/\/frouharlaw.com\/our-expertise\/provincial-offences\/liquor-licence-act-offences\/\" \/>\n<meta property=\"og:locale\" content=\"es_ES\" \/>\n<meta property=\"og:type\" content=\"article\" \/>\n<meta property=\"og:title\" content=\"Infracciones de la Ley de Licencias de Bebidas Alcoh\u00f3licas - Frouhar Law\" \/>\n<meta property=\"og:description\" content=\"Infracciones de la Ley de Licencias de Bebidas Alcoh\u00f3licas nuestra experiencia Infracciones de la Ley de Licencias de Bebidas Alcoh\u00f3licas La Ley de Licencias de Bebidas Alcoh\u00f3licas (LLA ) regula la venta, el servicio y el consumo de alcohol. Algunas infracciones comunes de la LLA son: Vender alcohol a menores o a alguien que ya [&hellip;]\" \/>\n<meta property=\"og:url\" content=\"https:\/\/frouharlaw.com\/our-expertise\/provincial-offences\/liquor-licence-act-offences\/\" \/>\n<meta property=\"og:site_name\" content=\"Frouhar Law\" \/>\n<meta property=\"article:modified_time\" content=\"2023-03-02T19:37:07+00:00\" \/>\n<meta property=\"og:image\" content=\"https:\/\/frouharlaw.com\/wp-content\/uploads\/frouharlaw-og.jpg\" \/>\n\t<meta property=\"og:image:width\" content=\"1200\" \/>\n\t<meta property=\"og:image:height\" content=\"630\" \/>\n\t<meta property=\"og:image:type\" content=\"image\/jpeg\" \/>\n<meta name=\"twitter:card\" content=\"summary_large_image\" \/>\n<meta name=\"twitter:label1\" content=\"Tiempo de lectura\" \/>\n\t<meta name=\"twitter:data1\" content=\"1 minuto\" \/>\n<script type=\"application\/ld+json\" class=\"yoast-schema-graph\">{\"@context\":\"https:\/\/schema.org\",\"@graph\":[{\"@type\":\"WebPage\",\"@id\":\"https:\/\/frouharlaw.com\/our-expertise\/provincial-offences\/liquor-licence-act-offences\/\",\"url\":\"https:\/\/frouharlaw.com\/our-expertise\/provincial-offences\/liquor-licence-act-offences\/\",\"name\":\"Infracciones de la Ley de Licencias de Bebidas Alcoh\u00f3licas - Frouhar Law\",\"isPartOf\":{\"@id\":\"https:\/\/frouharlaw.com\/#website\"},\"datePublished\":\"2023-02-10T17:48:42+00:00\",\"dateModified\":\"2023-03-02T19:37:07+00:00\",\"breadcrumb\":{\"@id\":\"https:\/\/frouharlaw.com\/our-expertise\/provincial-offences\/liquor-licence-act-offences\/#breadcrumb\"},\"inLanguage\":\"es\",\"potentialAction\":[{\"@type\":\"ReadAction\",\"target\":[\"https:\/\/frouharlaw.com\/our-expertise\/provincial-offences\/liquor-licence-act-offences\/\"]}]},{\"@type\":\"BreadcrumbList\",\"@id\":\"https:\/\/frouharlaw.com\/our-expertise\/provincial-offences\/liquor-licence-act-offences\/#breadcrumb\",\"itemListElement\":[{\"@type\":\"ListItem\",\"position\":1,\"name\":\"Home\",\"item\":\"https:\/\/frouharlaw.com\/es\/\"},{\"@type\":\"ListItem\",\"position\":2,\"name\":\"nuestra experiencia\",\"item\":\"https:\/\/frouharlaw.com\/es\/nuestra-experiencia\/\"},{\"@type\":\"ListItem\",\"position\":3,\"name\":\"Infracciones provinciales\",\"item\":\"https:\/\/frouharlaw.com\/our-expertise\/provincial-offences\/\"},{\"@type\":\"ListItem\",\"position\":4,\"name\":\"Infracciones de la Ley de Licencias de Bebidas Alcoh\u00f3licas\"}]},{\"@type\":\"WebSite\",\"@id\":\"https:\/\/frouharlaw.com\/#website\",\"url\":\"https:\/\/frouharlaw.com\/\",\"name\":\"Frouhar Law\",\"description\":\"Determined. Creative. Tireless. Passionate.\",\"publisher\":{\"@id\":\"https:\/\/frouharlaw.com\/#organization\"},\"potentialAction\":[{\"@type\":\"SearchAction\",\"target\":{\"@type\":\"EntryPoint\",\"urlTemplate\":\"https:\/\/frouharlaw.com\/?s={search_term_string}\"},\"query-input\":{\"@type\":\"PropertyValueSpecification\",\"valueRequired\":true,\"valueName\":\"search_term_string\"}}],\"inLanguage\":\"es\"},{\"@type\":\"Organization\",\"@id\":\"https:\/\/frouharlaw.com\/#organization\",\"name\":\"Frouhar Law\",\"url\":\"https:\/\/frouharlaw.com\/\",\"logo\":{\"@type\":\"ImageObject\",\"inLanguage\":\"es\",\"@id\":\"https:\/\/frouharlaw.com\/#\/schema\/logo\/image\/\",\"url\":\"https:\/\/frouharlaw.com\/wp-content\/uploads\/frouhar-law-logo.png\",\"contentUrl\":\"https:\/\/frouharlaw.com\/wp-content\/uploads\/frouhar-law-logo.png\",\"width\":3601,\"height\":3600,\"caption\":\"Frouhar Law\"},\"image\":{\"@id\":\"https:\/\/frouharlaw.com\/#\/schema\/logo\/image\/\"}}]}<\/script>\n<!-- \/ Yoast SEO plugin. -->","yoast_head_json":{"title":"Infracciones de la Ley de Licencias de Bebidas Alcoh\u00f3licas - Frouhar Law","robots":{"index":"index","follow":"follow","max-snippet":"max-snippet:-1","max-image-preview":"max-image-preview:large","max-video-preview":"max-video-preview:-1"},"canonical":"https:\/\/frouharlaw.com\/our-expertise\/provincial-offences\/liquor-licence-act-offences\/","og_locale":"es_ES","og_type":"article","og_title":"Infracciones de la Ley de Licencias de Bebidas Alcoh\u00f3licas - Frouhar Law","og_description":"Infracciones de la Ley de Licencias de Bebidas Alcoh\u00f3licas nuestra experiencia Infracciones de la Ley de Licencias de Bebidas Alcoh\u00f3licas La Ley de Licencias de Bebidas Alcoh\u00f3licas (LLA ) regula la venta, el servicio y el consumo de alcohol. Algunas infracciones comunes de la LLA son: Vender alcohol a menores o a alguien que ya [&hellip;]","og_url":"https:\/\/frouharlaw.com\/our-expertise\/provincial-offences\/liquor-licence-act-offences\/","og_site_name":"Frouhar Law","article_modified_time":"2023-03-02T19:37:07+00:00","og_image":[{"width":1200,"height":630,"url":"https:\/\/frouharlaw.com\/wp-content\/uploads\/frouharlaw-og.jpg","type":"image\/jpeg"}],"twitter_card":"summary_large_image","twitter_misc":{"Tiempo de lectura":"1 minuto"},"schema":{"@context":"https:\/\/schema.org","@graph":[{"@type":"WebPage","@id":"https:\/\/frouharlaw.com\/our-expertise\/provincial-offences\/liquor-licence-act-offences\/","url":"https:\/\/frouharlaw.com\/our-expertise\/provincial-offences\/liquor-licence-act-offences\/","name":"Infracciones de la Ley de Licencias de Bebidas Alcoh\u00f3licas - Frouhar Law","isPartOf":{"@id":"https:\/\/frouharlaw.com\/#website"},"datePublished":"2023-02-10T17:48:42+00:00","dateModified":"2023-03-02T19:37:07+00:00","breadcrumb":{"@id":"https:\/\/frouharlaw.com\/our-expertise\/provincial-offences\/liquor-licence-act-offences\/#breadcrumb"},"inLanguage":"es","potentialAction":[{"@type":"ReadAction","target":["https:\/\/frouharlaw.com\/our-expertise\/provincial-offences\/liquor-licence-act-offences\/"]}]},{"@type":"BreadcrumbList","@id":"https:\/\/frouharlaw.com\/our-expertise\/provincial-offences\/liquor-licence-act-offences\/#breadcrumb","itemListElement":[{"@type":"ListItem","position":1,"name":"Home","item":"https:\/\/frouharlaw.com\/es\/"},{"@type":"ListItem","position":2,"name":"nuestra experiencia","item":"https:\/\/frouharlaw.com\/es\/nuestra-experiencia\/"},{"@type":"ListItem","position":3,"name":"Infracciones provinciales","item":"https:\/\/frouharlaw.com\/our-expertise\/provincial-offences\/"},{"@type":"ListItem","position":4,"name":"Infracciones de la Ley de Licencias de Bebidas Alcoh\u00f3licas"}]},{"@type":"WebSite","@id":"https:\/\/frouharlaw.com\/#website","url":"https:\/\/frouharlaw.com\/","name":"Frouhar Law","description":"Determined. Creative. Tireless. Passionate.","publisher":{"@id":"https:\/\/frouharlaw.com\/#organization"},"potentialAction":[{"@type":"SearchAction","target":{"@type":"EntryPoint","urlTemplate":"https:\/\/frouharlaw.com\/?s={search_term_string}"},"query-input":{"@type":"PropertyValueSpecification","valueRequired":true,"valueName":"search_term_string"}}],"inLanguage":"es"},{"@type":"Organization","@id":"https:\/\/frouharlaw.com\/#organization","name":"Frouhar Law","url":"https:\/\/frouharlaw.com\/","logo":{"@type":"ImageObject","inLanguage":"es","@id":"https:\/\/frouharlaw.com\/#\/schema\/logo\/image\/","url":"https:\/\/frouharlaw.com\/wp-content\/uploads\/frouhar-law-logo.png","contentUrl":"https:\/\/frouharlaw.com\/wp-content\/uploads\/frouhar-law-logo.png","width":3601,"height":3600,"caption":"Frouhar Law"},"image":{"@id":"https:\/\/frouharlaw.com\/#\/schema\/logo\/image\/"}}]}},"_links":{"self":[{"href":"https:\/\/frouharlaw.com\/es\/wp-json\/wp\/v2\/pages\/2388","targetHints":{"allow":["GET"]}}],"collection":[{"href":"https:\/\/frouharlaw.com\/es\/wp-json\/wp\/v2\/pages"}],"about":[{"href":"https:\/\/frouharlaw.com\/es\/wp-json\/wp\/v2\/types\/page"}],"author":[{"embeddable":true,"href":"https:\/\/frouharlaw.com\/es\/wp-json\/wp\/v2\/users\/5"}],"replies":[{"embeddable":true,"href":"https:\/\/frouharlaw.com\/es\/wp-json\/wp\/v2\/comments?post=2388"}],"version-history":[{"count":4,"href":"https:\/\/frouharlaw.com\/es\/wp-json\/wp\/v2\/pages\/2388\/revisions"}],"predecessor-version":[{"id":2796,"href":"https:\/\/frouharlaw.com\/es\/wp-json\/wp\/v2\/pages\/2388\/revisions\/2796"}],"up":[{"embeddable":true,"href":"https:\/\/frouharlaw.com\/es\/wp-json\/wp\/v2\/pages\/2386"}],"wp:attachment":[{"href":"https:\/\/frouharlaw.com\/es\/wp-json\/wp\/v2\/media?parent=2388"}],"curies":[{"name":"wp","href":"https:\/\/api.w.org\/{rel}","templated":true}]}}