{"id":2390,"date":"2023-02-10T17:48:24","date_gmt":"2023-02-10T17:48:24","guid":{"rendered":"https:\/\/frouharlaw.com\/nuestra-experiencia\/infracciones-provinciales\/infracciones-de-la-ley-de-trafico\/"},"modified":"2023-03-02T19:43:00","modified_gmt":"2023-03-02T19:43:00","slug":"infracciones-de-la-ley-de-trafico","status":"publish","type":"page","link":"https:\/\/frouharlaw.com\/es\/nuestra-experiencia\/infracciones-provinciales\/infracciones-de-la-ley-de-trafico\/","title":{"rendered":"Infracciones de la Ley de Tr\u00e1fico"},"content":{"rendered":"\t\t<div data-elementor-type=\"wp-page\" data-elementor-id=\"2390\" class=\"elementor elementor-2390 elementor-1398\" data-elementor-post-type=\"page\">\n\t\t\t\t\t\t<section data-particle_enable=\"false\" data-particle-mobile-disabled=\"false\" class=\"elementor-section elementor-top-section elementor-element elementor-element-6476916a elementor-section-height-min-height elementor-section-boxed elementor-section-height-default elementor-section-items-middle\" data-id=\"6476916a\" data-element_type=\"section\" data-e-type=\"section\" data-settings=\"{&quot;background_background&quot;:&quot;classic&quot;}\">\n\t\t\t\t\t\t\t<div class=\"elementor-background-overlay\"><\/div>\n\t\t\t\t\t\t\t<div class=\"elementor-container elementor-column-gap-default\">\n\t\t\t\t\t<div class=\"elementor-column elementor-col-100 elementor-top-column elementor-element elementor-element-76f9cba1\" data-id=\"76f9cba1\" data-element_type=\"column\" data-e-type=\"column\">\n\t\t\t<div class=\"elementor-widget-wrap elementor-element-populated\">\n\t\t\t\t\t\t<div class=\"elementor-element elementor-element-4ae50156 elementor-widget elementor-widget-heading\" data-id=\"4ae50156\" data-element_type=\"widget\" data-e-type=\"widget\" data-widget_type=\"heading.default\">\n\t\t\t\t<div class=\"elementor-widget-container\">\n\t\t\t\t\t<h1 class=\"elementor-heading-title elementor-size-default\">Infracciones de <span class=\"ita\">la Ley de Tr\u00e1fico<\/span><\/h1>\t\t\t\t<\/div>\n\t\t\t\t<\/div>\n\t\t\t\t\t<\/div>\n\t\t<\/div>\n\t\t\t\t\t<\/div>\n\t\t<\/section>\n\t\t\t\t<section data-particle_enable=\"false\" data-particle-mobile-disabled=\"false\" class=\"elementor-section elementor-top-section elementor-element elementor-element-4728283d elementor-section-boxed elementor-section-height-default elementor-section-height-default\" data-id=\"4728283d\" data-element_type=\"section\" data-e-type=\"section\">\n\t\t\t\t\t\t<div class=\"elementor-container elementor-column-gap-default\">\n\t\t\t\t\t<div class=\"elementor-column elementor-col-100 elementor-top-column elementor-element elementor-element-27a06b93\" data-id=\"27a06b93\" data-element_type=\"column\" data-e-type=\"column\">\n\t\t\t<div class=\"elementor-widget-wrap elementor-element-populated\">\n\t\t\t\t\t\t<section data-particle_enable=\"false\" data-particle-mobile-disabled=\"false\" class=\"elementor-section elementor-inner-section elementor-element elementor-element-54325006 elementor-section-boxed elementor-section-height-default elementor-section-height-default\" data-id=\"54325006\" data-element_type=\"section\" data-e-type=\"section\">\n\t\t\t\t\t\t<div class=\"elementor-container elementor-column-gap-default\">\n\t\t\t\t\t<div class=\"elementor-column elementor-col-50 elementor-inner-column elementor-element elementor-element-282ac385\" data-id=\"282ac385\" data-element_type=\"column\" data-e-type=\"column\">\n\t\t\t<div class=\"elementor-widget-wrap elementor-element-populated\">\n\t\t\t\t\t\t<div class=\"elementor-element elementor-element-276f245 elementor-widget elementor-widget-heading\" data-id=\"276f245\" data-element_type=\"widget\" data-e-type=\"widget\" data-widget_type=\"heading.default\">\n\t\t\t\t<div class=\"elementor-widget-container\">\n\t\t\t\t\t<span class=\"elementor-heading-title elementor-size-default\">nuestra experiencia<\/span>\t\t\t\t<\/div>\n\t\t\t\t<\/div>\n\t\t\t\t<div class=\"elementor-element elementor-element-70e745f5 elementor-widget elementor-widget-heading\" data-id=\"70e745f5\" data-element_type=\"widget\" data-e-type=\"widget\" data-widget_type=\"heading.default\">\n\t\t\t\t<div class=\"elementor-widget-container\">\n\t\t\t\t\t<span class=\"elementor-heading-title elementor-size-default\">Infracciones de <span class=\"ita\">la Ley de Tr\u00e1fico<\/span><\/span>\t\t\t\t<\/div>\n\t\t\t\t<\/div>\n\t\t\t\t\t<\/div>\n\t\t<\/div>\n\t\t\t\t<div class=\"elementor-column elementor-col-50 elementor-inner-column elementor-element elementor-element-1f05846b\" data-id=\"1f05846b\" data-element_type=\"column\" data-e-type=\"column\">\n\t\t\t<div class=\"elementor-widget-wrap elementor-element-populated\">\n\t\t\t\t\t\t<div class=\"elementor-element elementor-element-6e0941a elementor-widget elementor-widget-text-editor\" data-id=\"6e0941a\" data-element_type=\"widget\" data-e-type=\"widget\" data-widget_type=\"text-editor.default\">\n\t\t\t\t<div class=\"elementor-widget-container\">\n\t\t\t\t\t\t\t\t\t<p>La <em>Ley de Tr\u00e1fico en Carretera (HTA<\/em> ) regula diversos aspectos de la conducci\u00f3n y el manejo de veh\u00edculos en v\u00edas p\u00fablicas.<\/p>\n<p>Algunos de los delitos m\u00e1s comunes en <em>materia de HTA<\/em> son<\/p>\n<ul>\n<li>Exceso de velocidad: exceder el l\u00edmite de velocidad indicado o conducir demasiado r\u00e1pido para las condiciones de la carretera.<\/li>\n<li>Conducir distra\u00eddo: Operar un veh\u00edculo mientras se usa un dispositivo electr\u00f3nico port\u00e1til, como un tel\u00e9fono o una tableta, o participar en otras distracciones, como comer o maquillarse.<\/li>\n<li>Conducir en estado de ebriedad: Operar un veh\u00edculo bajo la influencia de drogas o alcohol.<\/li>\n<li>No detenerse en un sem\u00e1foro en rojo o una se\u00f1al de alto: ignorar un sem\u00e1foro en rojo o una se\u00f1al de alto, poniendo en riesgo a otros conductores y peatones.<\/li>\n<li>Conducci\u00f3n descuidada: Conducir de una manera que es peligrosa para el p\u00fablico, como no hacer se\u00f1ales al cambiar de carril o seguir de cerca.<\/li>\n<li>No ceder el paso: no permitir que otros conductores o peatones procedan primero cuando lo exige la ley.<\/li>\n<li>No usar el cintur\u00f3n de seguridad: no usar el cintur\u00f3n de seguridad, como lo exige la ley, mientras conduce un veh\u00edculo.<\/li>\n<\/ul>\n<p>Las sanciones por infracciones <em>de HTA<\/em> pueden ir desde multas y puntos de dem\u00e9rito hasta penas de prisi\u00f3n y antecedentes penales, dependiendo de la gravedad de la infracci\u00f3n y de las circunstancias que la rodeen.<\/p>\n\t\t\t\t\t\t\t\t<\/div>\n\t\t\t\t<\/div>\n\t\t\t\t\t<\/div>\n\t\t<\/div>\n\t\t\t\t\t<\/div>\n\t\t<\/section>\n\t\t\t\t\t<\/div>\n\t\t<\/div>\n\t\t\t\t\t<\/div>\n\t\t<\/section>\n\t\t\t\t<\/div>\n\t\t","protected":false},"excerpt":{"rendered":"<p>Infracciones de la Ley de Tr\u00e1fico nuestra experiencia Infracciones de la Ley de Tr\u00e1fico La Ley de Tr\u00e1fico en Carretera (HTA ) regula diversos aspectos de la conducci\u00f3n y el manejo de veh\u00edculos en v\u00edas p\u00fablicas. Algunos de los delitos m\u00e1s comunes en materia de HTA son Exceso de velocidad: exceder el l\u00edmite de velocidad [&hellip;]<\/p>\n","protected":false},"author":5,"featured_media":0,"parent":2386,"menu_order":24,"comment_status":"closed","ping_status":"closed","template":"","meta":{"footnotes":""},"class_list":["post-2390","page","type-page","status-publish","hentry"],"yoast_head":"<!-- This site is optimized with the Yoast SEO plugin v27.2 - https:\/\/yoast.com\/product\/yoast-seo-wordpress\/ -->\n<title>Infracciones de la Ley de Tr\u00e1fico - Frouhar Law<\/title>\n<meta name=\"robots\" content=\"index, follow, max-snippet:-1, max-image-preview:large, max-video-preview:-1\" \/>\n<link rel=\"canonical\" href=\"https:\/\/frouharlaw.com\/our-expertise\/provincial-offences\/highway-traffic-act-offences\/\" \/>\n<meta property=\"og:locale\" content=\"es_ES\" \/>\n<meta property=\"og:type\" content=\"article\" \/>\n<meta property=\"og:title\" content=\"Infracciones de la Ley de Tr\u00e1fico - Frouhar Law\" \/>\n<meta property=\"og:description\" content=\"Infracciones de la Ley de Tr\u00e1fico nuestra experiencia Infracciones de la Ley de Tr\u00e1fico La Ley de Tr\u00e1fico en Carretera (HTA ) regula diversos aspectos de la conducci\u00f3n y el manejo de veh\u00edculos en v\u00edas p\u00fablicas. Algunos de los delitos m\u00e1s comunes en materia de HTA son Exceso de velocidad: exceder el l\u00edmite de velocidad [&hellip;]\" \/>\n<meta property=\"og:url\" content=\"https:\/\/frouharlaw.com\/our-expertise\/provincial-offences\/highway-traffic-act-offences\/\" \/>\n<meta property=\"og:site_name\" content=\"Frouhar Law\" \/>\n<meta property=\"article:modified_time\" content=\"2023-03-02T19:43:00+00:00\" \/>\n<meta property=\"og:image\" content=\"https:\/\/frouharlaw.com\/wp-content\/uploads\/frouharlaw-og.jpg\" \/>\n\t<meta property=\"og:image:width\" content=\"1200\" \/>\n\t<meta property=\"og:image:height\" content=\"630\" \/>\n\t<meta property=\"og:image:type\" content=\"image\/jpeg\" \/>\n<meta name=\"twitter:card\" content=\"summary_large_image\" \/>\n<meta name=\"twitter:label1\" content=\"Tiempo de lectura\" \/>\n\t<meta name=\"twitter:data1\" content=\"2 minutos\" \/>\n<script type=\"application\/ld+json\" class=\"yoast-schema-graph\">{\"@context\":\"https:\/\/schema.org\",\"@graph\":[{\"@type\":\"WebPage\",\"@id\":\"https:\/\/frouharlaw.com\/our-expertise\/provincial-offences\/highway-traffic-act-offences\/\",\"url\":\"https:\/\/frouharlaw.com\/our-expertise\/provincial-offences\/highway-traffic-act-offences\/\",\"name\":\"Infracciones de la Ley de Tr\u00e1fico - Frouhar Law\",\"isPartOf\":{\"@id\":\"https:\/\/frouharlaw.com\/#website\"},\"datePublished\":\"2023-02-10T17:48:24+00:00\",\"dateModified\":\"2023-03-02T19:43:00+00:00\",\"breadcrumb\":{\"@id\":\"https:\/\/frouharlaw.com\/our-expertise\/provincial-offences\/highway-traffic-act-offences\/#breadcrumb\"},\"inLanguage\":\"es\",\"potentialAction\":[{\"@type\":\"ReadAction\",\"target\":[\"https:\/\/frouharlaw.com\/our-expertise\/provincial-offences\/highway-traffic-act-offences\/\"]}]},{\"@type\":\"BreadcrumbList\",\"@id\":\"https:\/\/frouharlaw.com\/our-expertise\/provincial-offences\/highway-traffic-act-offences\/#breadcrumb\",\"itemListElement\":[{\"@type\":\"ListItem\",\"position\":1,\"name\":\"Home\",\"item\":\"https:\/\/frouharlaw.com\/es\/\"},{\"@type\":\"ListItem\",\"position\":2,\"name\":\"nuestra experiencia\",\"item\":\"https:\/\/frouharlaw.com\/es\/nuestra-experiencia\/\"},{\"@type\":\"ListItem\",\"position\":3,\"name\":\"Infracciones provinciales\",\"item\":\"https:\/\/frouharlaw.com\/our-expertise\/provincial-offences\/\"},{\"@type\":\"ListItem\",\"position\":4,\"name\":\"Infracciones de la Ley de Tr\u00e1fico\"}]},{\"@type\":\"WebSite\",\"@id\":\"https:\/\/frouharlaw.com\/#website\",\"url\":\"https:\/\/frouharlaw.com\/\",\"name\":\"Frouhar Law\",\"description\":\"Determined. Creative. Tireless. Passionate.\",\"publisher\":{\"@id\":\"https:\/\/frouharlaw.com\/#organization\"},\"potentialAction\":[{\"@type\":\"SearchAction\",\"target\":{\"@type\":\"EntryPoint\",\"urlTemplate\":\"https:\/\/frouharlaw.com\/?s={search_term_string}\"},\"query-input\":{\"@type\":\"PropertyValueSpecification\",\"valueRequired\":true,\"valueName\":\"search_term_string\"}}],\"inLanguage\":\"es\"},{\"@type\":\"Organization\",\"@id\":\"https:\/\/frouharlaw.com\/#organization\",\"name\":\"Frouhar Law\",\"url\":\"https:\/\/frouharlaw.com\/\",\"logo\":{\"@type\":\"ImageObject\",\"inLanguage\":\"es\",\"@id\":\"https:\/\/frouharlaw.com\/#\/schema\/logo\/image\/\",\"url\":\"https:\/\/frouharlaw.com\/wp-content\/uploads\/frouhar-law-logo.png\",\"contentUrl\":\"https:\/\/frouharlaw.com\/wp-content\/uploads\/frouhar-law-logo.png\",\"width\":3601,\"height\":3600,\"caption\":\"Frouhar Law\"},\"image\":{\"@id\":\"https:\/\/frouharlaw.com\/#\/schema\/logo\/image\/\"}}]}<\/script>\n<!-- \/ Yoast SEO plugin. -->","yoast_head_json":{"title":"Infracciones de la Ley de Tr\u00e1fico - Frouhar Law","robots":{"index":"index","follow":"follow","max-snippet":"max-snippet:-1","max-image-preview":"max-image-preview:large","max-video-preview":"max-video-preview:-1"},"canonical":"https:\/\/frouharlaw.com\/our-expertise\/provincial-offences\/highway-traffic-act-offences\/","og_locale":"es_ES","og_type":"article","og_title":"Infracciones de la Ley de Tr\u00e1fico - Frouhar Law","og_description":"Infracciones de la Ley de Tr\u00e1fico nuestra experiencia Infracciones de la Ley de Tr\u00e1fico La Ley de Tr\u00e1fico en Carretera (HTA ) regula diversos aspectos de la conducci\u00f3n y el manejo de veh\u00edculos en v\u00edas p\u00fablicas. Algunos de los delitos m\u00e1s comunes en materia de HTA son Exceso de velocidad: exceder el l\u00edmite de velocidad [&hellip;]","og_url":"https:\/\/frouharlaw.com\/our-expertise\/provincial-offences\/highway-traffic-act-offences\/","og_site_name":"Frouhar Law","article_modified_time":"2023-03-02T19:43:00+00:00","og_image":[{"width":1200,"height":630,"url":"https:\/\/frouharlaw.com\/wp-content\/uploads\/frouharlaw-og.jpg","type":"image\/jpeg"}],"twitter_card":"summary_large_image","twitter_misc":{"Tiempo de lectura":"2 minutos"},"schema":{"@context":"https:\/\/schema.org","@graph":[{"@type":"WebPage","@id":"https:\/\/frouharlaw.com\/our-expertise\/provincial-offences\/highway-traffic-act-offences\/","url":"https:\/\/frouharlaw.com\/our-expertise\/provincial-offences\/highway-traffic-act-offences\/","name":"Infracciones de la Ley de Tr\u00e1fico - Frouhar Law","isPartOf":{"@id":"https:\/\/frouharlaw.com\/#website"},"datePublished":"2023-02-10T17:48:24+00:00","dateModified":"2023-03-02T19:43:00+00:00","breadcrumb":{"@id":"https:\/\/frouharlaw.com\/our-expertise\/provincial-offences\/highway-traffic-act-offences\/#breadcrumb"},"inLanguage":"es","potentialAction":[{"@type":"ReadAction","target":["https:\/\/frouharlaw.com\/our-expertise\/provincial-offences\/highway-traffic-act-offences\/"]}]},{"@type":"BreadcrumbList","@id":"https:\/\/frouharlaw.com\/our-expertise\/provincial-offences\/highway-traffic-act-offences\/#breadcrumb","itemListElement":[{"@type":"ListItem","position":1,"name":"Home","item":"https:\/\/frouharlaw.com\/es\/"},{"@type":"ListItem","position":2,"name":"nuestra experiencia","item":"https:\/\/frouharlaw.com\/es\/nuestra-experiencia\/"},{"@type":"ListItem","position":3,"name":"Infracciones provinciales","item":"https:\/\/frouharlaw.com\/our-expertise\/provincial-offences\/"},{"@type":"ListItem","position":4,"name":"Infracciones de la Ley de Tr\u00e1fico"}]},{"@type":"WebSite","@id":"https:\/\/frouharlaw.com\/#website","url":"https:\/\/frouharlaw.com\/","name":"Frouhar Law","description":"Determined. Creative. Tireless. Passionate.","publisher":{"@id":"https:\/\/frouharlaw.com\/#organization"},"potentialAction":[{"@type":"SearchAction","target":{"@type":"EntryPoint","urlTemplate":"https:\/\/frouharlaw.com\/?s={search_term_string}"},"query-input":{"@type":"PropertyValueSpecification","valueRequired":true,"valueName":"search_term_string"}}],"inLanguage":"es"},{"@type":"Organization","@id":"https:\/\/frouharlaw.com\/#organization","name":"Frouhar Law","url":"https:\/\/frouharlaw.com\/","logo":{"@type":"ImageObject","inLanguage":"es","@id":"https:\/\/frouharlaw.com\/#\/schema\/logo\/image\/","url":"https:\/\/frouharlaw.com\/wp-content\/uploads\/frouhar-law-logo.png","contentUrl":"https:\/\/frouharlaw.com\/wp-content\/uploads\/frouhar-law-logo.png","width":3601,"height":3600,"caption":"Frouhar Law"},"image":{"@id":"https:\/\/frouharlaw.com\/#\/schema\/logo\/image\/"}}]}},"_links":{"self":[{"href":"https:\/\/frouharlaw.com\/es\/wp-json\/wp\/v2\/pages\/2390","targetHints":{"allow":["GET"]}}],"collection":[{"href":"https:\/\/frouharlaw.com\/es\/wp-json\/wp\/v2\/pages"}],"about":[{"href":"https:\/\/frouharlaw.com\/es\/wp-json\/wp\/v2\/types\/page"}],"author":[{"embeddable":true,"href":"https:\/\/frouharlaw.com\/es\/wp-json\/wp\/v2\/users\/5"}],"replies":[{"embeddable":true,"href":"https:\/\/frouharlaw.com\/es\/wp-json\/wp\/v2\/comments?post=2390"}],"version-history":[{"count":4,"href":"https:\/\/frouharlaw.com\/es\/wp-json\/wp\/v2\/pages\/2390\/revisions"}],"predecessor-version":[{"id":2856,"href":"https:\/\/frouharlaw.com\/es\/wp-json\/wp\/v2\/pages\/2390\/revisions\/2856"}],"up":[{"embeddable":true,"href":"https:\/\/frouharlaw.com\/es\/wp-json\/wp\/v2\/pages\/2386"}],"wp:attachment":[{"href":"https:\/\/frouharlaw.com\/es\/wp-json\/wp\/v2\/media?parent=2390"}],"curies":[{"name":"wp","href":"https:\/\/api.w.org\/{rel}","templated":true}]}}