{"id":3572,"date":"2024-03-18T13:58:44","date_gmt":"2024-03-18T13:58:44","guid":{"rendered":"https:\/\/frouharlaw.com\/nuestro-equipo\/micaela-rodriguez\/"},"modified":"2024-03-18T14:16:09","modified_gmt":"2024-03-18T14:16:09","slug":"micaela-rodriguez","status":"publish","type":"page","link":"https:\/\/frouharlaw.com\/es\/nuestro-equipo\/micaela-rodriguez\/","title":{"rendered":"Micaela Rodriguez"},"content":{"rendered":"\t\t<div data-elementor-type=\"wp-page\" data-elementor-id=\"3572\" class=\"elementor elementor-3572 elementor-3556\" data-elementor-post-type=\"page\">\n\t\t\t\t\t\t<section data-particle_enable=\"false\" data-particle-mobile-disabled=\"false\" class=\"elementor-section elementor-top-section elementor-element elementor-element-677f09be elementor-section-height-min-height elementor-section-boxed elementor-section-height-default elementor-section-items-middle\" data-id=\"677f09be\" data-element_type=\"section\" data-e-type=\"section\" data-settings=\"{&quot;background_background&quot;:&quot;classic&quot;}\">\n\t\t\t\t\t\t\t<div class=\"elementor-background-overlay\"><\/div>\n\t\t\t\t\t\t\t<div class=\"elementor-container elementor-column-gap-default\">\n\t\t\t\t\t<div class=\"elementor-column elementor-col-100 elementor-top-column elementor-element elementor-element-5c4c02ee\" data-id=\"5c4c02ee\" data-element_type=\"column\" data-e-type=\"column\">\n\t\t\t<div class=\"elementor-widget-wrap elementor-element-populated\">\n\t\t\t\t\t\t<div class=\"elementor-element elementor-element-251d08e9 elementor-widget elementor-widget-heading\" data-id=\"251d08e9\" data-element_type=\"widget\" data-e-type=\"widget\" data-widget_type=\"heading.default\">\n\t\t\t\t<div class=\"elementor-widget-container\">\n\t\t\t\t\t<h1 class=\"elementor-heading-title elementor-size-default\">Micaela Rodriguez<\/h1>\t\t\t\t<\/div>\n\t\t\t\t<\/div>\n\t\t\t\t<div class=\"elementor-element elementor-element-6d4e234a elementor-widget elementor-widget-heading\" data-id=\"6d4e234a\" data-element_type=\"widget\" data-e-type=\"widget\" data-widget_type=\"heading.default\">\n\t\t\t\t<div class=\"elementor-widget-container\">\n\t\t\t\t\t<span class=\"elementor-heading-title elementor-size-default\"> ASISTENTE JUR\u00cdDICO<\/span>\t\t\t\t<\/div>\n\t\t\t\t<\/div>\n\t\t\t\t<div class=\"elementor-element elementor-element-76e7cea elementor-align-center elementor-widget elementor-widget-button\" data-id=\"76e7cea\" data-element_type=\"widget\" data-e-type=\"widget\" data-widget_type=\"button.default\">\n\t\t\t\t<div class=\"elementor-widget-container\">\n\t\t\t\t\t\t\t\t\t<div class=\"elementor-button-wrapper\">\n\t\t\t\t\t<a class=\"elementor-button elementor-button-link elementor-size-lg\" href=\"#bio\">\n\t\t\t\t\t\t<span class=\"elementor-button-content-wrapper\">\n\t\t\t\t\t\t<span class=\"elementor-button-icon\">\n\t\t\t\t<i aria-hidden=\"true\" class=\"fas fa-angle-down\"><\/i>\t\t\t<\/span>\n\t\t\t\t\t\t\t\t\t<span class=\"elementor-button-text\">leer biografia<\/span>\n\t\t\t\t\t<\/span>\n\t\t\t\t\t<\/a>\n\t\t\t\t<\/div>\n\t\t\t\t\t\t\t\t<\/div>\n\t\t\t\t<\/div>\n\t\t\t\t\t<\/div>\n\t\t<\/div>\n\t\t\t\t\t<\/div>\n\t\t<\/section>\n\t\t\t\t<section data-particle_enable=\"false\" data-particle-mobile-disabled=\"false\" class=\"elementor-section elementor-top-section elementor-element elementor-element-3589b8e5 elementor-section-boxed elementor-section-height-default elementor-section-height-default\" data-id=\"3589b8e5\" data-element_type=\"section\" data-e-type=\"section\">\n\t\t\t\t\t\t<div class=\"elementor-container elementor-column-gap-default\">\n\t\t\t\t\t<div class=\"elementor-column elementor-col-100 elementor-top-column elementor-element elementor-element-158b4cf8\" data-id=\"158b4cf8\" data-element_type=\"column\" data-e-type=\"column\">\n\t\t\t<div class=\"elementor-widget-wrap elementor-element-populated\">\n\t\t\t\t\t\t<section data-particle_enable=\"false\" data-particle-mobile-disabled=\"false\" class=\"elementor-section elementor-inner-section elementor-element elementor-element-7b721cbc elementor-section-boxed elementor-section-height-default elementor-section-height-default\" data-id=\"7b721cbc\" data-element_type=\"section\" data-e-type=\"section\">\n\t\t\t\t\t\t<div class=\"elementor-container elementor-column-gap-default\">\n\t\t\t\t\t<div class=\"elementor-column elementor-col-50 elementor-inner-column elementor-element elementor-element-4fc45dac\" data-id=\"4fc45dac\" data-element_type=\"column\" data-e-type=\"column\">\n\t\t\t<div class=\"elementor-widget-wrap elementor-element-populated\">\n\t\t\t\t\t\t<div class=\"elementor-element elementor-element-4b470a12 elementor-cta--skin-classic elementor-animated-content elementor-bg-transform elementor-bg-transform-zoom-in elementor-widget elementor-widget-call-to-action\" data-id=\"4b470a12\" data-element_type=\"widget\" data-e-type=\"widget\" data-widget_type=\"call-to-action.default\">\n\t\t\t\t<div class=\"elementor-widget-container\">\n\t\t\t\t\t\t\t<div class=\"elementor-cta\">\n\t\t\t\t\t\t\t<div class=\"elementor-cta__content\">\n\t\t\t\t\n\t\t\t\t\t\t\t\t\t<h2 class=\"elementor-cta__title elementor-cta__content-item elementor-content-item\">\n\t\t\t\t\t\tN\u00famero de tel\u00e9fono:\t\t\t\t\t<\/h2>\n\t\t\t\t\n\t\t\t\t\t\t\t\t\t<div class=\"elementor-cta__description elementor-cta__content-item elementor-content-item\">\n\t\t\t\t\t\t<p>613.238.2000<\/p>\n\t\t\t\t\t<\/div>\n\t\t\t\t\n\t\t\t\t\t\t\t<\/div>\n\t\t\t\t\t\t<\/div>\n\t\t\t\t\t\t<\/div>\n\t\t\t\t<\/div>\n\t\t\t\t<div class=\"elementor-element elementor-element-7bb0bc71 elementor-cta--skin-classic elementor-animated-content elementor-bg-transform elementor-bg-transform-zoom-in elementor-widget elementor-widget-call-to-action\" data-id=\"7bb0bc71\" data-element_type=\"widget\" data-e-type=\"widget\" data-widget_type=\"call-to-action.default\">\n\t\t\t\t<div class=\"elementor-widget-container\">\n\t\t\t\t\t\t\t<div class=\"elementor-cta\">\n\t\t\t\t\t\t\t<div class=\"elementor-cta__content\">\n\t\t\t\t\n\t\t\t\t\t\t\t\t\t<h2 class=\"elementor-cta__title elementor-cta__content-item elementor-content-item\">\n\t\t\t\t\t\tCorreo electr\u00f3nico:\t\t\t\t\t<\/h2>\n\t\t\t\t\n\t\t\t\t\t\t\t\t\t<div class=\"elementor-cta__description elementor-cta__content-item elementor-content-item\">\n\t\t\t\t\t\t<p>info@frouharlaw.com<\/p>\n\t\t\t\t\t<\/div>\n\t\t\t\t\n\t\t\t\t\t\t\t<\/div>\n\t\t\t\t\t\t<\/div>\n\t\t\t\t\t\t<\/div>\n\t\t\t\t<\/div>\n\t\t\t\t\t<\/div>\n\t\t<\/div>\n\t\t\t\t<div class=\"elementor-column elementor-col-50 elementor-inner-column elementor-element elementor-element-7ed571e6\" data-id=\"7ed571e6\" data-element_type=\"column\" data-e-type=\"column\">\n\t\t\t<div class=\"elementor-widget-wrap elementor-element-populated\">\n\t\t\t\t\t\t<div class=\"elementor-element elementor-element-12e61626 elementor-widget elementor-widget-text-editor\" data-id=\"12e61626\" data-element_type=\"widget\" data-e-type=\"widget\" data-widget_type=\"text-editor.default\">\n\t\t\t\t<div class=\"elementor-widget-container\">\n\t\t\t\t\t\t\t\t\t<p>Micaela es la Asistente Legal de Frouhar Law, y a menudo ser\u00e1 su primer punto de contacto con el bufete.<\/p>\n<p>Ella est\u00e1 aqu\u00ed para garantizar que se satisfagan sus necesidades y que su consejo est\u00e9 bien respaldado. Le apasiona ayudarlo en su acceso a la justicia y conectarlo con los recursos que pueda necesitar dentro de la comunidad.<\/p>\n<p>Apasionada por salvar las distancias en el acceso a la justicia y por proteger los derechos que la Carta otorga a las personas, Micaela ayuda a los abogados del bufete con la programaci\u00f3n, la revisi\u00f3n de documentos y la preparaci\u00f3n de juicios.<\/p>\n<p>Si usted necesita representaci\u00f3n legal o simplemente tiene algunas preguntas para la empresa, Micaela estar\u00e1 encantada de ayudarle y guiarle en la direcci\u00f3n correcta. Micaela habla ingl\u00e9s, franc\u00e9s y espa\u00f1ol.<\/p>\n\t\t\t\t\t\t\t\t<\/div>\n\t\t\t\t<\/div>\n\t\t\t\t\t<\/div>\n\t\t<\/div>\n\t\t\t\t\t<\/div>\n\t\t<\/section>\n\t\t\t\t\t<\/div>\n\t\t<\/div>\n\t\t\t\t\t<\/div>\n\t\t<\/section>\n\t\t\t\t<\/div>\n\t\t","protected":false},"excerpt":{"rendered":"<p>Micaela Rodriguez ASISTENTE JUR\u00cdDICO leer biografia N\u00famero de tel\u00e9fono: 613.238.2000 Correo electr\u00f3nico: info@frouharlaw.com Micaela es la Asistente Legal de Frouhar Law, y a menudo ser\u00e1 su primer punto de contacto con el bufete. Ella est\u00e1 aqu\u00ed para garantizar que se satisfagan sus necesidades y que su consejo est\u00e9 bien respaldado. Le apasiona ayudarlo en su [&hellip;]<\/p>\n","protected":false},"author":5,"featured_media":0,"parent":2198,"menu_order":0,"comment_status":"closed","ping_status":"closed","template":"","meta":{"footnotes":""},"class_list":["post-3572","page","type-page","status-publish","hentry"],"yoast_head":"<!-- This site is optimized with the Yoast SEO plugin v27.2 - https:\/\/yoast.com\/product\/yoast-seo-wordpress\/ -->\n<title>Micaela Rodriguez - Frouhar Law<\/title>\n<meta name=\"robots\" content=\"index, follow, max-snippet:-1, max-image-preview:large, max-video-preview:-1\" \/>\n<link rel=\"canonical\" href=\"https:\/\/frouharlaw.com\/our-team\/micaela-rodriguez\/\" \/>\n<meta property=\"og:locale\" content=\"es_ES\" \/>\n<meta property=\"og:type\" content=\"article\" \/>\n<meta property=\"og:title\" content=\"Micaela Rodriguez - Frouhar Law\" \/>\n<meta property=\"og:description\" content=\"Micaela Rodriguez ASISTENTE JUR\u00cdDICO leer biografia N\u00famero de tel\u00e9fono: 613.238.2000 Correo electr\u00f3nico: info@frouharlaw.com Micaela es la Asistente Legal de Frouhar Law, y a menudo ser\u00e1 su primer punto de contacto con el bufete. Ella est\u00e1 aqu\u00ed para garantizar que se satisfagan sus necesidades y que su consejo est\u00e9 bien respaldado. Le apasiona ayudarlo en su [&hellip;]\" \/>\n<meta property=\"og:url\" content=\"https:\/\/frouharlaw.com\/our-team\/micaela-rodriguez\/\" \/>\n<meta property=\"og:site_name\" content=\"Frouhar Law\" \/>\n<meta property=\"article:modified_time\" content=\"2024-03-18T14:16:09+00:00\" \/>\n<meta property=\"og:image\" content=\"https:\/\/frouharlaw.com\/wp-content\/uploads\/frouharlaw-og.jpg\" \/>\n\t<meta property=\"og:image:width\" content=\"1200\" \/>\n\t<meta property=\"og:image:height\" content=\"630\" \/>\n\t<meta property=\"og:image:type\" content=\"image\/jpeg\" \/>\n<meta name=\"twitter:card\" content=\"summary_large_image\" \/>\n<meta name=\"twitter:label1\" content=\"Tiempo de lectura\" \/>\n\t<meta name=\"twitter:data1\" content=\"1 minuto\" \/>\n<script type=\"application\/ld+json\" class=\"yoast-schema-graph\">{\"@context\":\"https:\/\/schema.org\",\"@graph\":[{\"@type\":\"WebPage\",\"@id\":\"https:\/\/frouharlaw.com\/our-team\/micaela-rodriguez\/\",\"url\":\"https:\/\/frouharlaw.com\/our-team\/micaela-rodriguez\/\",\"name\":\"Micaela Rodriguez - Frouhar Law\",\"isPartOf\":{\"@id\":\"https:\/\/frouharlaw.com\/#website\"},\"datePublished\":\"2024-03-18T13:58:44+00:00\",\"dateModified\":\"2024-03-18T14:16:09+00:00\",\"breadcrumb\":{\"@id\":\"https:\/\/frouharlaw.com\/our-team\/micaela-rodriguez\/#breadcrumb\"},\"inLanguage\":\"es\",\"potentialAction\":[{\"@type\":\"ReadAction\",\"target\":[\"https:\/\/frouharlaw.com\/our-team\/micaela-rodriguez\/\"]}]},{\"@type\":\"BreadcrumbList\",\"@id\":\"https:\/\/frouharlaw.com\/our-team\/micaela-rodriguez\/#breadcrumb\",\"itemListElement\":[{\"@type\":\"ListItem\",\"position\":1,\"name\":\"Home\",\"item\":\"https:\/\/frouharlaw.com\/es\/\"},{\"@type\":\"ListItem\",\"position\":2,\"name\":\"Nuestro equipo\",\"item\":\"https:\/\/frouharlaw.com\/our-team\/\"},{\"@type\":\"ListItem\",\"position\":3,\"name\":\"Micaela Rodriguez\"}]},{\"@type\":\"WebSite\",\"@id\":\"https:\/\/frouharlaw.com\/#website\",\"url\":\"https:\/\/frouharlaw.com\/\",\"name\":\"Frouhar Law\",\"description\":\"Determined. Creative. Tireless. Passionate.\",\"publisher\":{\"@id\":\"https:\/\/frouharlaw.com\/#organization\"},\"potentialAction\":[{\"@type\":\"SearchAction\",\"target\":{\"@type\":\"EntryPoint\",\"urlTemplate\":\"https:\/\/frouharlaw.com\/?s={search_term_string}\"},\"query-input\":{\"@type\":\"PropertyValueSpecification\",\"valueRequired\":true,\"valueName\":\"search_term_string\"}}],\"inLanguage\":\"es\"},{\"@type\":\"Organization\",\"@id\":\"https:\/\/frouharlaw.com\/#organization\",\"name\":\"Frouhar Law\",\"url\":\"https:\/\/frouharlaw.com\/\",\"logo\":{\"@type\":\"ImageObject\",\"inLanguage\":\"es\",\"@id\":\"https:\/\/frouharlaw.com\/#\/schema\/logo\/image\/\",\"url\":\"https:\/\/frouharlaw.com\/wp-content\/uploads\/frouhar-law-logo.png\",\"contentUrl\":\"https:\/\/frouharlaw.com\/wp-content\/uploads\/frouhar-law-logo.png\",\"width\":3601,\"height\":3600,\"caption\":\"Frouhar Law\"},\"image\":{\"@id\":\"https:\/\/frouharlaw.com\/#\/schema\/logo\/image\/\"}}]}<\/script>\n<!-- \/ Yoast SEO plugin. -->","yoast_head_json":{"title":"Micaela Rodriguez - Frouhar Law","robots":{"index":"index","follow":"follow","max-snippet":"max-snippet:-1","max-image-preview":"max-image-preview:large","max-video-preview":"max-video-preview:-1"},"canonical":"https:\/\/frouharlaw.com\/our-team\/micaela-rodriguez\/","og_locale":"es_ES","og_type":"article","og_title":"Micaela Rodriguez - Frouhar Law","og_description":"Micaela Rodriguez ASISTENTE JUR\u00cdDICO leer biografia N\u00famero de tel\u00e9fono: 613.238.2000 Correo electr\u00f3nico: info@frouharlaw.com Micaela es la Asistente Legal de Frouhar Law, y a menudo ser\u00e1 su primer punto de contacto con el bufete. Ella est\u00e1 aqu\u00ed para garantizar que se satisfagan sus necesidades y que su consejo est\u00e9 bien respaldado. Le apasiona ayudarlo en su [&hellip;]","og_url":"https:\/\/frouharlaw.com\/our-team\/micaela-rodriguez\/","og_site_name":"Frouhar Law","article_modified_time":"2024-03-18T14:16:09+00:00","og_image":[{"width":1200,"height":630,"url":"https:\/\/frouharlaw.com\/wp-content\/uploads\/frouharlaw-og.jpg","type":"image\/jpeg"}],"twitter_card":"summary_large_image","twitter_misc":{"Tiempo de lectura":"1 minuto"},"schema":{"@context":"https:\/\/schema.org","@graph":[{"@type":"WebPage","@id":"https:\/\/frouharlaw.com\/our-team\/micaela-rodriguez\/","url":"https:\/\/frouharlaw.com\/our-team\/micaela-rodriguez\/","name":"Micaela Rodriguez - Frouhar Law","isPartOf":{"@id":"https:\/\/frouharlaw.com\/#website"},"datePublished":"2024-03-18T13:58:44+00:00","dateModified":"2024-03-18T14:16:09+00:00","breadcrumb":{"@id":"https:\/\/frouharlaw.com\/our-team\/micaela-rodriguez\/#breadcrumb"},"inLanguage":"es","potentialAction":[{"@type":"ReadAction","target":["https:\/\/frouharlaw.com\/our-team\/micaela-rodriguez\/"]}]},{"@type":"BreadcrumbList","@id":"https:\/\/frouharlaw.com\/our-team\/micaela-rodriguez\/#breadcrumb","itemListElement":[{"@type":"ListItem","position":1,"name":"Home","item":"https:\/\/frouharlaw.com\/es\/"},{"@type":"ListItem","position":2,"name":"Nuestro equipo","item":"https:\/\/frouharlaw.com\/our-team\/"},{"@type":"ListItem","position":3,"name":"Micaela Rodriguez"}]},{"@type":"WebSite","@id":"https:\/\/frouharlaw.com\/#website","url":"https:\/\/frouharlaw.com\/","name":"Frouhar Law","description":"Determined. Creative. Tireless. Passionate.","publisher":{"@id":"https:\/\/frouharlaw.com\/#organization"},"potentialAction":[{"@type":"SearchAction","target":{"@type":"EntryPoint","urlTemplate":"https:\/\/frouharlaw.com\/?s={search_term_string}"},"query-input":{"@type":"PropertyValueSpecification","valueRequired":true,"valueName":"search_term_string"}}],"inLanguage":"es"},{"@type":"Organization","@id":"https:\/\/frouharlaw.com\/#organization","name":"Frouhar Law","url":"https:\/\/frouharlaw.com\/","logo":{"@type":"ImageObject","inLanguage":"es","@id":"https:\/\/frouharlaw.com\/#\/schema\/logo\/image\/","url":"https:\/\/frouharlaw.com\/wp-content\/uploads\/frouhar-law-logo.png","contentUrl":"https:\/\/frouharlaw.com\/wp-content\/uploads\/frouhar-law-logo.png","width":3601,"height":3600,"caption":"Frouhar Law"},"image":{"@id":"https:\/\/frouharlaw.com\/#\/schema\/logo\/image\/"}}]}},"_links":{"self":[{"href":"https:\/\/frouharlaw.com\/es\/wp-json\/wp\/v2\/pages\/3572","targetHints":{"allow":["GET"]}}],"collection":[{"href":"https:\/\/frouharlaw.com\/es\/wp-json\/wp\/v2\/pages"}],"about":[{"href":"https:\/\/frouharlaw.com\/es\/wp-json\/wp\/v2\/types\/page"}],"author":[{"embeddable":true,"href":"https:\/\/frouharlaw.com\/es\/wp-json\/wp\/v2\/users\/5"}],"replies":[{"embeddable":true,"href":"https:\/\/frouharlaw.com\/es\/wp-json\/wp\/v2\/comments?post=3572"}],"version-history":[{"count":4,"href":"https:\/\/frouharlaw.com\/es\/wp-json\/wp\/v2\/pages\/3572\/revisions"}],"predecessor-version":[{"id":3597,"href":"https:\/\/frouharlaw.com\/es\/wp-json\/wp\/v2\/pages\/3572\/revisions\/3597"}],"up":[{"embeddable":true,"href":"https:\/\/frouharlaw.com\/es\/wp-json\/wp\/v2\/pages\/2198"}],"wp:attachment":[{"href":"https:\/\/frouharlaw.com\/es\/wp-json\/wp\/v2\/media?parent=3572"}],"curies":[{"name":"wp","href":"https:\/\/api.w.org\/{rel}","templated":true}]}}