{"id":185,"date":"2015-10-21T14:10:49","date_gmt":"2015-10-21T14:10:49","guid":{"rendered":"https:\/\/frouharlaw.com\/fr\/our-clients\/"},"modified":"2024-08-07T16:24:24","modified_gmt":"2024-08-07T16:24:24","slug":"nos-clients","status":"publish","type":"page","link":"https:\/\/frouharlaw.com\/fr\/nos-clients\/","title":{"rendered":"Nos clients"},"content":{"rendered":"\t\t<div data-elementor-type=\"wp-page\" data-elementor-id=\"185\" class=\"elementor elementor-185 elementor-9\" data-elementor-post-type=\"page\">\n\t\t\t\t\t\t<section data-particle_enable=\"false\" data-particle-mobile-disabled=\"false\" class=\"elementor-section elementor-top-section elementor-element elementor-element-7525181f elementor-section-height-min-height elementor-section-boxed elementor-section-height-default elementor-section-items-middle\" data-id=\"7525181f\" data-element_type=\"section\" data-e-type=\"section\" data-settings=\"{&quot;background_background&quot;:&quot;classic&quot;}\">\n\t\t\t\t\t\t\t<div class=\"elementor-background-overlay\"><\/div>\n\t\t\t\t\t\t\t<div class=\"elementor-container elementor-column-gap-default\">\n\t\t\t\t\t<div class=\"elementor-column elementor-col-100 elementor-top-column elementor-element elementor-element-5025fed9\" data-id=\"5025fed9\" data-element_type=\"column\" data-e-type=\"column\">\n\t\t\t<div class=\"elementor-widget-wrap elementor-element-populated\">\n\t\t\t\t\t\t<div class=\"elementor-element elementor-element-4317d4f5 elementor-widget elementor-widget-heading\" data-id=\"4317d4f5\" data-element_type=\"widget\" data-e-type=\"widget\" data-widget_type=\"heading.default\">\n\t\t\t\t<div class=\"elementor-widget-container\">\n\t\t\t\t\t<h1 class=\"elementor-heading-title elementor-size-default\">Nos clients<\/h1>\t\t\t\t<\/div>\n\t\t\t\t<\/div>\n\t\t\t\t\t<\/div>\n\t\t<\/div>\n\t\t\t\t\t<\/div>\n\t\t<\/section>\n\t\t\t\t<section data-particle_enable=\"false\" data-particle-mobile-disabled=\"false\" class=\"elementor-section elementor-top-section elementor-element elementor-element-ed716ec elementor-section-boxed elementor-section-height-default elementor-section-height-default\" data-id=\"ed716ec\" data-element_type=\"section\" data-e-type=\"section\">\n\t\t\t\t\t\t<div class=\"elementor-container elementor-column-gap-default\">\n\t\t\t\t\t<div class=\"elementor-column elementor-col-100 elementor-top-column elementor-element elementor-element-e5e54e6\" data-id=\"e5e54e6\" data-element_type=\"column\" data-e-type=\"column\">\n\t\t\t<div class=\"elementor-widget-wrap elementor-element-populated\">\n\t\t\t\t\t\t<section data-particle_enable=\"false\" data-particle-mobile-disabled=\"false\" class=\"elementor-section elementor-inner-section elementor-element elementor-element-f263be5 elementor-section-boxed elementor-section-height-default elementor-section-height-default\" data-id=\"f263be5\" data-element_type=\"section\" data-e-type=\"section\">\n\t\t\t\t\t\t<div class=\"elementor-container elementor-column-gap-default\">\n\t\t\t\t\t<div class=\"elementor-column elementor-col-50 elementor-inner-column elementor-element elementor-element-d6e5f1d\" data-id=\"d6e5f1d\" data-element_type=\"column\" data-e-type=\"column\">\n\t\t\t<div class=\"elementor-widget-wrap elementor-element-populated\">\n\t\t\t\t\t\t<div class=\"elementor-element elementor-element-ccf9dc9 elementor-widget elementor-widget-heading\" data-id=\"ccf9dc9\" data-element_type=\"widget\" data-e-type=\"widget\" data-widget_type=\"heading.default\">\n\t\t\t\t<div class=\"elementor-widget-container\">\n\t\t\t\t\t<span class=\"elementor-heading-title elementor-size-default\">Nos clients<\/span>\t\t\t\t<\/div>\n\t\t\t\t<\/div>\n\t\t\t\t<div class=\"elementor-element elementor-element-69d2e83 elementor-widget elementor-widget-text-editor\" data-id=\"69d2e83\" data-element_type=\"widget\" data-e-type=\"widget\" data-widget_type=\"text-editor.default\">\n\t\t\t\t<div class=\"elementor-widget-container\">\n\t\t\t\t\t\t\t\t\t<p>Nous visons \u00e0 nous surpasser pour les individus que nous repr\u00e9sentons.<\/p>\t\t\t\t\t\t\t\t<\/div>\n\t\t\t\t<\/div>\n\t\t\t\t\t<\/div>\n\t\t<\/div>\n\t\t\t\t<div class=\"elementor-column elementor-col-50 elementor-inner-column elementor-element elementor-element-382e450\" data-id=\"382e450\" data-element_type=\"column\" data-e-type=\"column\">\n\t\t\t<div class=\"elementor-widget-wrap elementor-element-populated\">\n\t\t\t\t\t\t<div class=\"elementor-element elementor-element-5882a53e elementor-widget elementor-widget-text-editor\" data-id=\"5882a53e\" data-element_type=\"widget\" data-e-type=\"widget\" data-widget_type=\"text-editor.default\">\n\t\t\t\t<div class=\"elementor-widget-container\">\n\t\t\t\t\t\t\t\t\t<p>Nous souffrons de la d\u00e9faite et nous nous r\u00e9jouissons de la victoire. Nous d\u00e9fendons des causes allant des plus complexes aux plus simples. Nous pensons que chaque dossier est un casse-t\u00eate de complexit\u00e9s humaines et juridiques que nous devons essayer de comprendre, d\u2019analyser et de partager avec le tribunal.<\/p><p>\u00c0 cette fin, nous sommes anim\u00e9s par la croyance que l\u2019acquisition de la connaissance intime et personnelle de l\u2019individu que nous d\u00e9fendons est essentielle \u00e0 toute cause. Il est donc important que nous nous rencontrions afin de discuter de votre cas. Il est \u00e9galement n\u00e9cessaire que nous \u00e9tudiions les faits et les preuves au c\u0153ur de chaque affaire pour construire une d\u00e9fense acharn\u00e9e.<\/p><p>Nous comprenons qu\u2019une comparution devant un tribunal pour r\u00e9pondre \u00e0 des accusations criminelles peut \u00eatre intimidante. Vous devez comprendre la nature des accusations auxquelles vous faites face et \u00eatre conscient des d\u00e9fenses possibles et des diverses options qui pourraient s\u2019offrir \u00e0 vous. Vous devez \u00e9galement comprendre les risques associ\u00e9s au plaidoyer de culpabilit\u00e9 et les cons\u00e9quences possibles d\u2019un verdict de culpabilit\u00e9 apr\u00e8s un proc\u00e8s.<\/p><p>Nous vous sugg\u00e9rons une premi\u00e8re consultation pour discuter de tout ce qui pr\u00e9c\u00e8de et pour vous guider \u00e0 faire les bons choix dans les moments difficiles.<\/p>\t\t\t\t\t\t\t\t<\/div>\n\t\t\t\t<\/div>\n\t\t\t\t\t<\/div>\n\t\t<\/div>\n\t\t\t\t\t<\/div>\n\t\t<\/section>\n\t\t\t\t\t<\/div>\n\t\t<\/div>\n\t\t\t\t\t<\/div>\n\t\t<\/section>\n\t\t\t\t<\/div>\n\t\t","protected":false},"excerpt":{"rendered":"<p>Nos clients Nos clients Nous visons \u00e0 nous surpasser pour les individus que nous repr\u00e9sentons. Nous souffrons de la d\u00e9faite et nous nous r\u00e9jouissons de la victoire. Nous d\u00e9fendons des causes allant des plus complexes aux plus simples. Nous pensons que chaque dossier est un casse-t\u00eate de complexit\u00e9s humaines et juridiques que nous devons essayer [&hellip;]<\/p>\n","protected":false},"author":5,"featured_media":401,"parent":0,"menu_order":58,"comment_status":"closed","ping_status":"closed","template":"","meta":{"footnotes":""},"class_list":["post-185","page","type-page","status-publish","has-post-thumbnail","hentry"],"yoast_head":"<!-- This site is optimized with the Yoast SEO plugin v27.2 - https:\/\/yoast.com\/product\/yoast-seo-wordpress\/ -->\n<title>Nos clients - Frouhar Law<\/title>\n<meta name=\"description\" content=\"Nous visons le d\u00e9passement de soi pour les individus que nous repr\u00e9sentons. Nous souffrons de la d\u00e9faite et nous r\u00e9jouissons de la victoire.\" \/>\n<meta name=\"robots\" content=\"index, follow, max-snippet:-1, max-image-preview:large, max-video-preview:-1\" \/>\n<link rel=\"canonical\" href=\"https:\/\/frouharlaw.com\/our-clients\/\" \/>\n<meta property=\"og:locale\" content=\"fr_FR\" \/>\n<meta property=\"og:type\" content=\"article\" \/>\n<meta property=\"og:title\" content=\"Nos clients - Frouhar Law\" \/>\n<meta property=\"og:description\" content=\"Nous visons le d\u00e9passement de soi pour les individus que nous repr\u00e9sentons. Nous souffrons de la d\u00e9faite et nous r\u00e9jouissons de la victoire.\" \/>\n<meta property=\"og:url\" content=\"https:\/\/frouharlaw.com\/our-clients\/\" \/>\n<meta property=\"og:site_name\" content=\"Frouhar Law\" \/>\n<meta property=\"article:modified_time\" content=\"2024-08-07T16:24:24+00:00\" \/>\n<meta property=\"og:image\" content=\"https:\/\/frouharlaw.com\/wp-content\/uploads\/frouharlaw-og.jpg\" \/>\n\t<meta property=\"og:image:width\" content=\"1200\" \/>\n\t<meta property=\"og:image:height\" content=\"630\" \/>\n\t<meta property=\"og:image:type\" content=\"image\/jpeg\" \/>\n<meta name=\"twitter:card\" content=\"summary_large_image\" \/>\n<meta name=\"twitter:label1\" content=\"Dur\u00e9e de lecture estim\u00e9e\" \/>\n\t<meta name=\"twitter:data1\" content=\"2 minutes\" \/>\n<script type=\"application\/ld+json\" class=\"yoast-schema-graph\">{\"@context\":\"https:\/\/schema.org\",\"@graph\":[{\"@type\":\"WebPage\",\"@id\":\"https:\/\/frouharlaw.com\/our-clients\/\",\"url\":\"https:\/\/frouharlaw.com\/our-clients\/\",\"name\":\"Nos clients - Frouhar Law\",\"isPartOf\":{\"@id\":\"https:\/\/frouharlaw.com\/#website\"},\"primaryImageOfPage\":{\"@id\":\"https:\/\/frouharlaw.com\/our-clients\/#primaryimage\"},\"image\":{\"@id\":\"https:\/\/frouharlaw.com\/our-clients\/#primaryimage\"},\"thumbnailUrl\":\"https:\/\/frouharlaw.com\/wp-content\/uploads\/bg6.jpg\",\"datePublished\":\"2015-10-21T14:10:49+00:00\",\"dateModified\":\"2024-08-07T16:24:24+00:00\",\"description\":\"Nous visons le d\u00e9passement de soi pour les individus que nous repr\u00e9sentons. Nous souffrons de la d\u00e9faite et nous r\u00e9jouissons de la victoire.\",\"breadcrumb\":{\"@id\":\"https:\/\/frouharlaw.com\/our-clients\/#breadcrumb\"},\"inLanguage\":\"fr-FR\",\"potentialAction\":[{\"@type\":\"ReadAction\",\"target\":[\"https:\/\/frouharlaw.com\/our-clients\/\"]}]},{\"@type\":\"ImageObject\",\"inLanguage\":\"fr-FR\",\"@id\":\"https:\/\/frouharlaw.com\/our-clients\/#primaryimage\",\"url\":\"https:\/\/frouharlaw.com\/wp-content\/uploads\/bg6.jpg\",\"contentUrl\":\"https:\/\/frouharlaw.com\/wp-content\/uploads\/bg6.jpg\",\"width\":1920,\"height\":1280,\"caption\":\"Nos clients\"},{\"@type\":\"BreadcrumbList\",\"@id\":\"https:\/\/frouharlaw.com\/our-clients\/#breadcrumb\",\"itemListElement\":[{\"@type\":\"ListItem\",\"position\":1,\"name\":\"Home\",\"item\":\"https:\/\/frouharlaw.com\/fr\/\"},{\"@type\":\"ListItem\",\"position\":2,\"name\":\"Nos clients\"}]},{\"@type\":\"WebSite\",\"@id\":\"https:\/\/frouharlaw.com\/#website\",\"url\":\"https:\/\/frouharlaw.com\/\",\"name\":\"Frouhar Law\",\"description\":\"Determined. Creative. Tireless. Passionate.\",\"publisher\":{\"@id\":\"https:\/\/frouharlaw.com\/#organization\"},\"potentialAction\":[{\"@type\":\"SearchAction\",\"target\":{\"@type\":\"EntryPoint\",\"urlTemplate\":\"https:\/\/frouharlaw.com\/?s={search_term_string}\"},\"query-input\":{\"@type\":\"PropertyValueSpecification\",\"valueRequired\":true,\"valueName\":\"search_term_string\"}}],\"inLanguage\":\"fr-FR\"},{\"@type\":\"Organization\",\"@id\":\"https:\/\/frouharlaw.com\/#organization\",\"name\":\"Frouhar Law\",\"url\":\"https:\/\/frouharlaw.com\/\",\"logo\":{\"@type\":\"ImageObject\",\"inLanguage\":\"fr-FR\",\"@id\":\"https:\/\/frouharlaw.com\/#\/schema\/logo\/image\/\",\"url\":\"https:\/\/frouharlaw.com\/wp-content\/uploads\/frouhar-law-logo.png\",\"contentUrl\":\"https:\/\/frouharlaw.com\/wp-content\/uploads\/frouhar-law-logo.png\",\"width\":3601,\"height\":3600,\"caption\":\"Frouhar Law\"},\"image\":{\"@id\":\"https:\/\/frouharlaw.com\/#\/schema\/logo\/image\/\"}}]}<\/script>\n<!-- \/ Yoast SEO plugin. -->","yoast_head_json":{"title":"Nos clients - Frouhar Law","description":"Nous visons le d\u00e9passement de soi pour les individus que nous repr\u00e9sentons. Nous souffrons de la d\u00e9faite et nous r\u00e9jouissons de la victoire.","robots":{"index":"index","follow":"follow","max-snippet":"max-snippet:-1","max-image-preview":"max-image-preview:large","max-video-preview":"max-video-preview:-1"},"canonical":"https:\/\/frouharlaw.com\/our-clients\/","og_locale":"fr_FR","og_type":"article","og_title":"Nos clients - Frouhar Law","og_description":"Nous visons le d\u00e9passement de soi pour les individus que nous repr\u00e9sentons. Nous souffrons de la d\u00e9faite et nous r\u00e9jouissons de la victoire.","og_url":"https:\/\/frouharlaw.com\/our-clients\/","og_site_name":"Frouhar Law","article_modified_time":"2024-08-07T16:24:24+00:00","og_image":[{"width":1200,"height":630,"url":"https:\/\/frouharlaw.com\/wp-content\/uploads\/frouharlaw-og.jpg","type":"image\/jpeg"}],"twitter_card":"summary_large_image","twitter_misc":{"Dur\u00e9e de lecture estim\u00e9e":"2 minutes"},"schema":{"@context":"https:\/\/schema.org","@graph":[{"@type":"WebPage","@id":"https:\/\/frouharlaw.com\/our-clients\/","url":"https:\/\/frouharlaw.com\/our-clients\/","name":"Nos clients - Frouhar Law","isPartOf":{"@id":"https:\/\/frouharlaw.com\/#website"},"primaryImageOfPage":{"@id":"https:\/\/frouharlaw.com\/our-clients\/#primaryimage"},"image":{"@id":"https:\/\/frouharlaw.com\/our-clients\/#primaryimage"},"thumbnailUrl":"https:\/\/frouharlaw.com\/wp-content\/uploads\/bg6.jpg","datePublished":"2015-10-21T14:10:49+00:00","dateModified":"2024-08-07T16:24:24+00:00","description":"Nous visons le d\u00e9passement de soi pour les individus que nous repr\u00e9sentons. Nous souffrons de la d\u00e9faite et nous r\u00e9jouissons de la victoire.","breadcrumb":{"@id":"https:\/\/frouharlaw.com\/our-clients\/#breadcrumb"},"inLanguage":"fr-FR","potentialAction":[{"@type":"ReadAction","target":["https:\/\/frouharlaw.com\/our-clients\/"]}]},{"@type":"ImageObject","inLanguage":"fr-FR","@id":"https:\/\/frouharlaw.com\/our-clients\/#primaryimage","url":"https:\/\/frouharlaw.com\/wp-content\/uploads\/bg6.jpg","contentUrl":"https:\/\/frouharlaw.com\/wp-content\/uploads\/bg6.jpg","width":1920,"height":1280,"caption":"Nos clients"},{"@type":"BreadcrumbList","@id":"https:\/\/frouharlaw.com\/our-clients\/#breadcrumb","itemListElement":[{"@type":"ListItem","position":1,"name":"Home","item":"https:\/\/frouharlaw.com\/fr\/"},{"@type":"ListItem","position":2,"name":"Nos clients"}]},{"@type":"WebSite","@id":"https:\/\/frouharlaw.com\/#website","url":"https:\/\/frouharlaw.com\/","name":"Frouhar Law","description":"Determined. Creative. Tireless. Passionate.","publisher":{"@id":"https:\/\/frouharlaw.com\/#organization"},"potentialAction":[{"@type":"SearchAction","target":{"@type":"EntryPoint","urlTemplate":"https:\/\/frouharlaw.com\/?s={search_term_string}"},"query-input":{"@type":"PropertyValueSpecification","valueRequired":true,"valueName":"search_term_string"}}],"inLanguage":"fr-FR"},{"@type":"Organization","@id":"https:\/\/frouharlaw.com\/#organization","name":"Frouhar Law","url":"https:\/\/frouharlaw.com\/","logo":{"@type":"ImageObject","inLanguage":"fr-FR","@id":"https:\/\/frouharlaw.com\/#\/schema\/logo\/image\/","url":"https:\/\/frouharlaw.com\/wp-content\/uploads\/frouhar-law-logo.png","contentUrl":"https:\/\/frouharlaw.com\/wp-content\/uploads\/frouhar-law-logo.png","width":3601,"height":3600,"caption":"Frouhar Law"},"image":{"@id":"https:\/\/frouharlaw.com\/#\/schema\/logo\/image\/"}}]}},"_links":{"self":[{"href":"https:\/\/frouharlaw.com\/fr\/wp-json\/wp\/v2\/pages\/185","targetHints":{"allow":["GET"]}}],"collection":[{"href":"https:\/\/frouharlaw.com\/fr\/wp-json\/wp\/v2\/pages"}],"about":[{"href":"https:\/\/frouharlaw.com\/fr\/wp-json\/wp\/v2\/types\/page"}],"author":[{"embeddable":true,"href":"https:\/\/frouharlaw.com\/fr\/wp-json\/wp\/v2\/users\/5"}],"replies":[{"embeddable":true,"href":"https:\/\/frouharlaw.com\/fr\/wp-json\/wp\/v2\/comments?post=185"}],"version-history":[{"count":21,"href":"https:\/\/frouharlaw.com\/fr\/wp-json\/wp\/v2\/pages\/185\/revisions"}],"predecessor-version":[{"id":4063,"href":"https:\/\/frouharlaw.com\/fr\/wp-json\/wp\/v2\/pages\/185\/revisions\/4063"}],"wp:featuredmedia":[{"embeddable":true,"href":"https:\/\/frouharlaw.com\/fr\/wp-json\/wp\/v2\/media\/401"}],"wp:attachment":[{"href":"https:\/\/frouharlaw.com\/fr\/wp-json\/wp\/v2\/media?parent=185"}],"curies":[{"name":"wp","href":"https:\/\/api.w.org\/{rel}","templated":true}]}}