{"id":2242,"date":"2023-02-23T14:46:59","date_gmt":"2023-02-23T14:46:59","guid":{"rendered":"https:\/\/frouharlaw.com\/notre-expertise\/notaire-public-commission-de-documents\/"},"modified":"2024-08-07T15:11:29","modified_gmt":"2024-08-07T15:11:29","slug":"notaire-public-commission-de-documents","status":"publish","type":"page","link":"https:\/\/frouharlaw.com\/fr\/notre-expertise\/notaire-public-commission-de-documents\/","title":{"rendered":"Notaire Public \/ Commission de Documents"},"content":{"rendered":"\t\t<div data-elementor-type=\"wp-page\" data-elementor-id=\"2242\" class=\"elementor elementor-2242 elementor-2044\" data-elementor-post-type=\"page\">\n\t\t\t\t\t\t<section data-particle_enable=\"false\" data-particle-mobile-disabled=\"false\" class=\"elementor-section elementor-top-section elementor-element elementor-element-43632bce elementor-section-height-min-height elementor-section-boxed elementor-section-height-default elementor-section-items-middle\" data-id=\"43632bce\" data-element_type=\"section\" data-e-type=\"section\" data-settings=\"{&quot;background_background&quot;:&quot;classic&quot;}\">\n\t\t\t\t\t\t\t<div class=\"elementor-background-overlay\"><\/div>\n\t\t\t\t\t\t\t<div class=\"elementor-container elementor-column-gap-default\">\n\t\t\t\t\t<div class=\"elementor-column elementor-col-100 elementor-top-column elementor-element elementor-element-3e120ea4\" data-id=\"3e120ea4\" data-element_type=\"column\" data-e-type=\"column\">\n\t\t\t<div class=\"elementor-widget-wrap elementor-element-populated\">\n\t\t\t\t\t\t<div class=\"elementor-element elementor-element-19020f50 elementor-widget elementor-widget-heading\" data-id=\"19020f50\" data-element_type=\"widget\" data-e-type=\"widget\" data-widget_type=\"heading.default\">\n\t\t\t\t<div class=\"elementor-widget-container\">\n\t\t\t\t\t<h1 class=\"elementor-heading-title elementor-size-default\">Notaire public\/Commission de documents<\/h1>\t\t\t\t<\/div>\n\t\t\t\t<\/div>\n\t\t\t\t\t<\/div>\n\t\t<\/div>\n\t\t\t\t\t<\/div>\n\t\t<\/section>\n\t\t\t\t<section data-particle_enable=\"false\" data-particle-mobile-disabled=\"false\" class=\"elementor-section elementor-top-section elementor-element elementor-element-762f7980 elementor-section-boxed elementor-section-height-default elementor-section-height-default\" data-id=\"762f7980\" data-element_type=\"section\" data-e-type=\"section\">\n\t\t\t\t\t\t<div class=\"elementor-container elementor-column-gap-default\">\n\t\t\t\t\t<div class=\"elementor-column elementor-col-100 elementor-top-column elementor-element elementor-element-34846462\" data-id=\"34846462\" data-element_type=\"column\" data-e-type=\"column\">\n\t\t\t<div class=\"elementor-widget-wrap elementor-element-populated\">\n\t\t\t\t\t\t<section data-particle_enable=\"false\" data-particle-mobile-disabled=\"false\" class=\"elementor-section elementor-inner-section elementor-element elementor-element-a4fb584 elementor-section-boxed elementor-section-height-default elementor-section-height-default\" data-id=\"a4fb584\" data-element_type=\"section\" data-e-type=\"section\">\n\t\t\t\t\t\t<div class=\"elementor-container elementor-column-gap-default\">\n\t\t\t\t\t<div class=\"elementor-column elementor-col-50 elementor-inner-column elementor-element elementor-element-3f7ae321\" data-id=\"3f7ae321\" data-element_type=\"column\" data-e-type=\"column\">\n\t\t\t<div class=\"elementor-widget-wrap elementor-element-populated\">\n\t\t\t\t\t\t<div class=\"elementor-element elementor-element-9b9b8b8 elementor-widget elementor-widget-heading\" data-id=\"9b9b8b8\" data-element_type=\"widget\" data-e-type=\"widget\" data-widget_type=\"heading.default\">\n\t\t\t\t<div class=\"elementor-widget-container\">\n\t\t\t\t\t<span class=\"elementor-heading-title elementor-size-default\">Nos Competences<\/span>\t\t\t\t<\/div>\n\t\t\t\t<\/div>\n\t\t\t\t<div class=\"elementor-element elementor-element-66a40fbe elementor-widget elementor-widget-heading\" data-id=\"66a40fbe\" data-element_type=\"widget\" data-e-type=\"widget\" data-widget_type=\"heading.default\">\n\t\t\t\t<div class=\"elementor-widget-container\">\n\t\t\t\t\t<span class=\"elementor-heading-title elementor-size-default\">Notaire public\/Commission de documents<\/span>\t\t\t\t<\/div>\n\t\t\t\t<\/div>\n\t\t\t\t\t<\/div>\n\t\t<\/div>\n\t\t\t\t<div class=\"elementor-column elementor-col-50 elementor-inner-column elementor-element elementor-element-513d8116\" data-id=\"513d8116\" data-element_type=\"column\" data-e-type=\"column\">\n\t\t\t<div class=\"elementor-widget-wrap elementor-element-populated\">\n\t\t\t\t\t\t<div class=\"elementor-element elementor-element-1ab7c0e elementor-widget elementor-widget-text-editor\" data-id=\"1ab7c0e\" data-element_type=\"widget\" data-e-type=\"widget\" data-widget_type=\"text-editor.default\">\n\t\t\t\t<div class=\"elementor-widget-container\">\n\t\t\t\t\t\t\t\t\t<p>Un notaire public est un agent public autoris\u00e9 par le gouvernement \u00e0 assister et \u00e0 certifier la signature de documents juridiques, \u00e0 faire pr\u00eater serment et affirmer et \u00e0 accomplir d&rsquo;autres formalit\u00e9s juridiques. La fonction principale d&rsquo;un notaire public est de v\u00e9rifier l&rsquo;identit\u00e9 du signataire et de s&rsquo;assurer qu&rsquo;il signe le document de son plein gr\u00e9 et sans contrainte ni coercition.<\/p><p>Certains des documents courants qui n\u00e9cessitent une notarisation comprennent les actes, les testaments, les accords de procuration, les affidavits et les documents de pr\u00eat. La notarisation fournit une couche suppl\u00e9mentaire de protection contre la fraude et aide \u00e0 garantir que les documents sign\u00e9s sont juridiquement contraignants.<\/p><p><strong><a href=\"https:\/\/frouharlaw.com\/fr\/notre-equipe\/mash-frouhar\/\">Mash Frouhar<\/a><\/strong> est la seule notaire publique de notre cabinet, elle pourra vous aider \u00e0 v\u00e9rifier l\u2019identit\u00e9 du signataire et \u00e0 attester des signatures. Notre \u00e9quipe peut \u00e9galement \u00eatre tenue de conserver une trace de la notarisation et d\u2019apposer son sceau officiel sur le document<\/p>\t\t\t\t\t\t\t\t<\/div>\n\t\t\t\t<\/div>\n\t\t\t\t\t<\/div>\n\t\t<\/div>\n\t\t\t\t\t<\/div>\n\t\t<\/section>\n\t\t\t\t\t<\/div>\n\t\t<\/div>\n\t\t\t\t\t<\/div>\n\t\t<\/section>\n\t\t\t\t<\/div>\n\t\t","protected":false},"excerpt":{"rendered":"<p>Notaire public\/Commission de documents Nos Competences Notaire public\/Commission de documents Un notaire public est un agent public autoris\u00e9 par le gouvernement \u00e0 assister et \u00e0 certifier la signature de documents juridiques, \u00e0 faire pr\u00eater serment et affirmer et \u00e0 accomplir d&rsquo;autres formalit\u00e9s juridiques. La fonction principale d&rsquo;un notaire public est de v\u00e9rifier l&rsquo;identit\u00e9 du signataire [&hellip;]<\/p>\n","protected":false},"author":5,"featured_media":546,"parent":183,"menu_order":0,"comment_status":"closed","ping_status":"closed","template":"","meta":{"footnotes":""},"class_list":["post-2242","page","type-page","status-publish","has-post-thumbnail","hentry"],"yoast_head":"<!-- This site is optimized with the Yoast SEO plugin v27.2 - https:\/\/yoast.com\/product\/yoast-seo-wordpress\/ -->\n<title>Notaire Public \/ Commission de Documents - Frouhar Law<\/title>\n<meta name=\"description\" content=\"Un notaire public est un agent public autoris\u00e9 par le gouvernement \u00e0 assister et \u00e0 certifier la signature de documents juridiques.\" \/>\n<meta name=\"robots\" content=\"index, follow, max-snippet:-1, max-image-preview:large, max-video-preview:-1\" \/>\n<link rel=\"canonical\" href=\"https:\/\/frouharlaw.com\/our-expertise\/notary-public-commission-of-documents\/\" \/>\n<meta property=\"og:locale\" content=\"fr_FR\" \/>\n<meta property=\"og:type\" content=\"article\" \/>\n<meta property=\"og:title\" content=\"Notaire Public \/ Commission de Documents - Frouhar Law\" \/>\n<meta property=\"og:description\" content=\"Un notaire public est un agent public autoris\u00e9 par le gouvernement \u00e0 assister et \u00e0 certifier la signature de documents juridiques.\" \/>\n<meta property=\"og:url\" content=\"https:\/\/frouharlaw.com\/our-expertise\/notary-public-commission-of-documents\/\" \/>\n<meta property=\"og:site_name\" content=\"Frouhar Law\" \/>\n<meta property=\"article:modified_time\" content=\"2024-08-07T15:11:29+00:00\" \/>\n<meta property=\"og:image\" content=\"https:\/\/frouharlaw.com\/wp-content\/uploads\/frouharlaw-og.jpg\" \/>\n\t<meta property=\"og:image:width\" content=\"1200\" \/>\n\t<meta property=\"og:image:height\" content=\"630\" \/>\n\t<meta property=\"og:image:type\" content=\"image\/jpeg\" \/>\n<meta name=\"twitter:card\" content=\"summary_large_image\" \/>\n<meta name=\"twitter:label1\" content=\"Dur\u00e9e de lecture estim\u00e9e\" \/>\n\t<meta name=\"twitter:data1\" content=\"2 minutes\" \/>\n<script type=\"application\/ld+json\" class=\"yoast-schema-graph\">{\"@context\":\"https:\/\/schema.org\",\"@graph\":[{\"@type\":\"WebPage\",\"@id\":\"https:\/\/frouharlaw.com\/our-expertise\/notary-public-commission-of-documents\/\",\"url\":\"https:\/\/frouharlaw.com\/our-expertise\/notary-public-commission-of-documents\/\",\"name\":\"Notaire Public \/ Commission de Documents - Frouhar Law\",\"isPartOf\":{\"@id\":\"https:\/\/frouharlaw.com\/#website\"},\"primaryImageOfPage\":{\"@id\":\"https:\/\/frouharlaw.com\/our-expertise\/notary-public-commission-of-documents\/#primaryimage\"},\"image\":{\"@id\":\"https:\/\/frouharlaw.com\/our-expertise\/notary-public-commission-of-documents\/#primaryimage\"},\"thumbnailUrl\":\"https:\/\/frouharlaw.com\/wp-content\/uploads\/frouharlaw-og.jpg\",\"datePublished\":\"2023-02-23T14:46:59+00:00\",\"dateModified\":\"2024-08-07T15:11:29+00:00\",\"description\":\"Un notaire public est un agent public autoris\u00e9 par le gouvernement \u00e0 assister et \u00e0 certifier la signature de documents juridiques.\",\"breadcrumb\":{\"@id\":\"https:\/\/frouharlaw.com\/our-expertise\/notary-public-commission-of-documents\/#breadcrumb\"},\"inLanguage\":\"fr-FR\",\"potentialAction\":[{\"@type\":\"ReadAction\",\"target\":[\"https:\/\/frouharlaw.com\/our-expertise\/notary-public-commission-of-documents\/\"]}]},{\"@type\":\"ImageObject\",\"inLanguage\":\"fr-FR\",\"@id\":\"https:\/\/frouharlaw.com\/our-expertise\/notary-public-commission-of-documents\/#primaryimage\",\"url\":\"https:\/\/frouharlaw.com\/wp-content\/uploads\/frouharlaw-og.jpg\",\"contentUrl\":\"https:\/\/frouharlaw.com\/wp-content\/uploads\/frouharlaw-og.jpg\",\"width\":1200,\"height\":630,\"caption\":\"Frouhar Law : Avocats de la d\u00e9fense p\u00e9nale \u00e0 Ottawa\"},{\"@type\":\"BreadcrumbList\",\"@id\":\"https:\/\/frouharlaw.com\/our-expertise\/notary-public-commission-of-documents\/#breadcrumb\",\"itemListElement\":[{\"@type\":\"ListItem\",\"position\":1,\"name\":\"Home\",\"item\":\"https:\/\/frouharlaw.com\/fr\/\"},{\"@type\":\"ListItem\",\"position\":2,\"name\":\"Comp\u00e9tences\",\"item\":\"https:\/\/frouharlaw.com\/fr\/notre-expertise\/\"},{\"@type\":\"ListItem\",\"position\":3,\"name\":\"Notaire Public \/ Commission de Documents\"}]},{\"@type\":\"WebSite\",\"@id\":\"https:\/\/frouharlaw.com\/#website\",\"url\":\"https:\/\/frouharlaw.com\/\",\"name\":\"Frouhar Law\",\"description\":\"Determined. Creative. Tireless. Passionate.\",\"publisher\":{\"@id\":\"https:\/\/frouharlaw.com\/#organization\"},\"potentialAction\":[{\"@type\":\"SearchAction\",\"target\":{\"@type\":\"EntryPoint\",\"urlTemplate\":\"https:\/\/frouharlaw.com\/?s={search_term_string}\"},\"query-input\":{\"@type\":\"PropertyValueSpecification\",\"valueRequired\":true,\"valueName\":\"search_term_string\"}}],\"inLanguage\":\"fr-FR\"},{\"@type\":\"Organization\",\"@id\":\"https:\/\/frouharlaw.com\/#organization\",\"name\":\"Frouhar Law\",\"url\":\"https:\/\/frouharlaw.com\/\",\"logo\":{\"@type\":\"ImageObject\",\"inLanguage\":\"fr-FR\",\"@id\":\"https:\/\/frouharlaw.com\/#\/schema\/logo\/image\/\",\"url\":\"https:\/\/frouharlaw.com\/wp-content\/uploads\/frouhar-law-logo.png\",\"contentUrl\":\"https:\/\/frouharlaw.com\/wp-content\/uploads\/frouhar-law-logo.png\",\"width\":3601,\"height\":3600,\"caption\":\"Frouhar Law\"},\"image\":{\"@id\":\"https:\/\/frouharlaw.com\/#\/schema\/logo\/image\/\"}}]}<\/script>\n<!-- \/ Yoast SEO plugin. -->","yoast_head_json":{"title":"Notaire Public \/ Commission de Documents - Frouhar Law","description":"Un notaire public est un agent public autoris\u00e9 par le gouvernement \u00e0 assister et \u00e0 certifier la signature de documents juridiques.","robots":{"index":"index","follow":"follow","max-snippet":"max-snippet:-1","max-image-preview":"max-image-preview:large","max-video-preview":"max-video-preview:-1"},"canonical":"https:\/\/frouharlaw.com\/our-expertise\/notary-public-commission-of-documents\/","og_locale":"fr_FR","og_type":"article","og_title":"Notaire Public \/ Commission de Documents - Frouhar Law","og_description":"Un notaire public est un agent public autoris\u00e9 par le gouvernement \u00e0 assister et \u00e0 certifier la signature de documents juridiques.","og_url":"https:\/\/frouharlaw.com\/our-expertise\/notary-public-commission-of-documents\/","og_site_name":"Frouhar Law","article_modified_time":"2024-08-07T15:11:29+00:00","og_image":[{"width":1200,"height":630,"url":"https:\/\/frouharlaw.com\/wp-content\/uploads\/frouharlaw-og.jpg","type":"image\/jpeg"}],"twitter_card":"summary_large_image","twitter_misc":{"Dur\u00e9e de lecture estim\u00e9e":"2 minutes"},"schema":{"@context":"https:\/\/schema.org","@graph":[{"@type":"WebPage","@id":"https:\/\/frouharlaw.com\/our-expertise\/notary-public-commission-of-documents\/","url":"https:\/\/frouharlaw.com\/our-expertise\/notary-public-commission-of-documents\/","name":"Notaire Public \/ Commission de Documents - Frouhar Law","isPartOf":{"@id":"https:\/\/frouharlaw.com\/#website"},"primaryImageOfPage":{"@id":"https:\/\/frouharlaw.com\/our-expertise\/notary-public-commission-of-documents\/#primaryimage"},"image":{"@id":"https:\/\/frouharlaw.com\/our-expertise\/notary-public-commission-of-documents\/#primaryimage"},"thumbnailUrl":"https:\/\/frouharlaw.com\/wp-content\/uploads\/frouharlaw-og.jpg","datePublished":"2023-02-23T14:46:59+00:00","dateModified":"2024-08-07T15:11:29+00:00","description":"Un notaire public est un agent public autoris\u00e9 par le gouvernement \u00e0 assister et \u00e0 certifier la signature de documents juridiques.","breadcrumb":{"@id":"https:\/\/frouharlaw.com\/our-expertise\/notary-public-commission-of-documents\/#breadcrumb"},"inLanguage":"fr-FR","potentialAction":[{"@type":"ReadAction","target":["https:\/\/frouharlaw.com\/our-expertise\/notary-public-commission-of-documents\/"]}]},{"@type":"ImageObject","inLanguage":"fr-FR","@id":"https:\/\/frouharlaw.com\/our-expertise\/notary-public-commission-of-documents\/#primaryimage","url":"https:\/\/frouharlaw.com\/wp-content\/uploads\/frouharlaw-og.jpg","contentUrl":"https:\/\/frouharlaw.com\/wp-content\/uploads\/frouharlaw-og.jpg","width":1200,"height":630,"caption":"Frouhar Law : Avocats de la d\u00e9fense p\u00e9nale \u00e0 Ottawa"},{"@type":"BreadcrumbList","@id":"https:\/\/frouharlaw.com\/our-expertise\/notary-public-commission-of-documents\/#breadcrumb","itemListElement":[{"@type":"ListItem","position":1,"name":"Home","item":"https:\/\/frouharlaw.com\/fr\/"},{"@type":"ListItem","position":2,"name":"Comp\u00e9tences","item":"https:\/\/frouharlaw.com\/fr\/notre-expertise\/"},{"@type":"ListItem","position":3,"name":"Notaire Public \/ Commission de Documents"}]},{"@type":"WebSite","@id":"https:\/\/frouharlaw.com\/#website","url":"https:\/\/frouharlaw.com\/","name":"Frouhar Law","description":"Determined. Creative. Tireless. Passionate.","publisher":{"@id":"https:\/\/frouharlaw.com\/#organization"},"potentialAction":[{"@type":"SearchAction","target":{"@type":"EntryPoint","urlTemplate":"https:\/\/frouharlaw.com\/?s={search_term_string}"},"query-input":{"@type":"PropertyValueSpecification","valueRequired":true,"valueName":"search_term_string"}}],"inLanguage":"fr-FR"},{"@type":"Organization","@id":"https:\/\/frouharlaw.com\/#organization","name":"Frouhar Law","url":"https:\/\/frouharlaw.com\/","logo":{"@type":"ImageObject","inLanguage":"fr-FR","@id":"https:\/\/frouharlaw.com\/#\/schema\/logo\/image\/","url":"https:\/\/frouharlaw.com\/wp-content\/uploads\/frouhar-law-logo.png","contentUrl":"https:\/\/frouharlaw.com\/wp-content\/uploads\/frouhar-law-logo.png","width":3601,"height":3600,"caption":"Frouhar Law"},"image":{"@id":"https:\/\/frouharlaw.com\/#\/schema\/logo\/image\/"}}]}},"_links":{"self":[{"href":"https:\/\/frouharlaw.com\/fr\/wp-json\/wp\/v2\/pages\/2242","targetHints":{"allow":["GET"]}}],"collection":[{"href":"https:\/\/frouharlaw.com\/fr\/wp-json\/wp\/v2\/pages"}],"about":[{"href":"https:\/\/frouharlaw.com\/fr\/wp-json\/wp\/v2\/types\/page"}],"author":[{"embeddable":true,"href":"https:\/\/frouharlaw.com\/fr\/wp-json\/wp\/v2\/users\/5"}],"replies":[{"embeddable":true,"href":"https:\/\/frouharlaw.com\/fr\/wp-json\/wp\/v2\/comments?post=2242"}],"version-history":[{"count":17,"href":"https:\/\/frouharlaw.com\/fr\/wp-json\/wp\/v2\/pages\/2242\/revisions"}],"predecessor-version":[{"id":4027,"href":"https:\/\/frouharlaw.com\/fr\/wp-json\/wp\/v2\/pages\/2242\/revisions\/4027"}],"up":[{"embeddable":true,"href":"https:\/\/frouharlaw.com\/fr\/wp-json\/wp\/v2\/pages\/183"}],"wp:featuredmedia":[{"embeddable":true,"href":"https:\/\/frouharlaw.com\/fr\/wp-json\/wp\/v2\/media\/546"}],"wp:attachment":[{"href":"https:\/\/frouharlaw.com\/fr\/wp-json\/wp\/v2\/media?parent=2242"}],"curies":[{"name":"wp","href":"https:\/\/api.w.org\/{rel}","templated":true}]}}