{"id":2246,"date":"2023-02-09T20:15:13","date_gmt":"2023-02-09T20:15:13","guid":{"rendered":"https:\/\/frouharlaw.com\/notre-expertise\/motions-et-demandes-relatives-a-la-charte\/"},"modified":"2024-08-07T15:19:38","modified_gmt":"2024-08-07T15:19:38","slug":"motions-et-demandes-relatives-a-la-charte","status":"publish","type":"page","link":"https:\/\/frouharlaw.com\/fr\/notre-expertise\/motions-et-demandes-relatives-a-la-charte\/","title":{"rendered":"Motions et demandes relatives \u00e0 la Charte"},"content":{"rendered":"\t\t<div data-elementor-type=\"wp-page\" data-elementor-id=\"2246\" class=\"elementor elementor-2246 elementor-1287\" data-elementor-post-type=\"page\">\n\t\t\t\t\t\t<section data-particle_enable=\"false\" data-particle-mobile-disabled=\"false\" class=\"elementor-section elementor-top-section elementor-element elementor-element-77990407 elementor-section-height-min-height elementor-section-boxed elementor-section-height-default elementor-section-items-middle\" data-id=\"77990407\" data-element_type=\"section\" data-e-type=\"section\" data-settings=\"{&quot;background_background&quot;:&quot;classic&quot;}\">\n\t\t\t\t\t\t\t<div class=\"elementor-background-overlay\"><\/div>\n\t\t\t\t\t\t\t<div class=\"elementor-container elementor-column-gap-default\">\n\t\t\t\t\t<div class=\"elementor-column elementor-col-100 elementor-top-column elementor-element elementor-element-3962b5b0\" data-id=\"3962b5b0\" data-element_type=\"column\" data-e-type=\"column\">\n\t\t\t<div class=\"elementor-widget-wrap elementor-element-populated\">\n\t\t\t\t\t\t<div class=\"elementor-element elementor-element-6c1dfba4 elementor-widget elementor-widget-heading\" data-id=\"6c1dfba4\" data-element_type=\"widget\" data-e-type=\"widget\" data-widget_type=\"heading.default\">\n\t\t\t\t<div class=\"elementor-widget-container\">\n\t\t\t\t\t<h1 class=\"elementor-heading-title elementor-size-default\">Motions et demandes relatives <span class=\"ita\">\u00e0 la Charte<\/span><\/h1>\t\t\t\t<\/div>\n\t\t\t\t<\/div>\n\t\t\t\t\t<\/div>\n\t\t<\/div>\n\t\t\t\t\t<\/div>\n\t\t<\/section>\n\t\t\t\t<section data-particle_enable=\"false\" data-particle-mobile-disabled=\"false\" class=\"elementor-section elementor-top-section elementor-element elementor-element-35d24269 elementor-section-boxed elementor-section-height-default elementor-section-height-default\" data-id=\"35d24269\" data-element_type=\"section\" data-e-type=\"section\">\n\t\t\t\t\t\t<div class=\"elementor-container elementor-column-gap-default\">\n\t\t\t\t\t<div class=\"elementor-column elementor-col-100 elementor-top-column elementor-element elementor-element-56335f22\" data-id=\"56335f22\" data-element_type=\"column\" data-e-type=\"column\">\n\t\t\t<div class=\"elementor-widget-wrap elementor-element-populated\">\n\t\t\t\t\t\t<section data-particle_enable=\"false\" data-particle-mobile-disabled=\"false\" class=\"elementor-section elementor-inner-section elementor-element elementor-element-37cdb2bc elementor-section-boxed elementor-section-height-default elementor-section-height-default\" data-id=\"37cdb2bc\" data-element_type=\"section\" data-e-type=\"section\">\n\t\t\t\t\t\t<div class=\"elementor-container elementor-column-gap-default\">\n\t\t\t\t\t<div class=\"elementor-column elementor-col-33 elementor-inner-column elementor-element elementor-element-a2cd6ef\" data-id=\"a2cd6ef\" data-element_type=\"column\" data-e-type=\"column\">\n\t\t\t<div class=\"elementor-widget-wrap elementor-element-populated\">\n\t\t\t\t\t\t<div class=\"elementor-element elementor-element-45772798 elementor-cta--skin-cover elementor-cta--valign-middle elementor-widget elementor-widget-call-to-action\" data-id=\"45772798\" data-element_type=\"widget\" data-e-type=\"widget\" data-widget_type=\"call-to-action.default\">\n\t\t\t\t<div class=\"elementor-widget-container\">\n\t\t\t\t\t\t\t<a class=\"elementor-cta\" href=\"https:\/\/frouharlaw.com\/fr\/notre-expertise\/motions-et-demandes-relatives-a-la-charte\/delai-deraisonnable-r-c-jordan-et-charte-11b\/\">\n\t\t\t\t\t<div class=\"elementor-cta__bg-wrapper\">\n\t\t\t\t<div class=\"elementor-cta__bg elementor-bg\" style=\"background-image: url();\" role=\"img\" aria-label=\"\"><\/div>\n\t\t\t\t<div class=\"elementor-cta__bg-overlay\"><\/div>\n\t\t\t<\/div>\n\t\t\t\t\t\t\t<div class=\"elementor-cta__content\">\n\t\t\t\t\n\t\t\t\t\t\t\t\t\t<h3 class=\"elementor-cta__title elementor-cta__content-item elementor-content-item\">\n\t\t\t\t\t\tD\u00e9lai d\u00e9raisonnable - <span class=\"ita\">R. c. Jordan et Charte 11(b)<\/span>\t\t\t\t\t<\/h3>\n\t\t\t\t\n\t\t\t\t\n\t\t\t\t\t\t\t<\/div>\n\t\t\t\t\t\t<\/a>\n\t\t\t\t\t\t<\/div>\n\t\t\t\t<\/div>\n\t\t\t\t\t<\/div>\n\t\t<\/div>\n\t\t\t\t<div class=\"elementor-column elementor-col-33 elementor-inner-column elementor-element elementor-element-6625d7e4\" data-id=\"6625d7e4\" data-element_type=\"column\" data-e-type=\"column\">\n\t\t\t<div class=\"elementor-widget-wrap\">\n\t\t\t\t\t\t\t<\/div>\n\t\t<\/div>\n\t\t\t\t<div class=\"elementor-column elementor-col-33 elementor-inner-column elementor-element elementor-element-5c0ca3c8\" data-id=\"5c0ca3c8\" data-element_type=\"column\" data-e-type=\"column\">\n\t\t\t<div class=\"elementor-widget-wrap\">\n\t\t\t\t\t\t\t<\/div>\n\t\t<\/div>\n\t\t\t\t\t<\/div>\n\t\t<\/section>\n\t\t\t\t\t<\/div>\n\t\t<\/div>\n\t\t\t\t\t<\/div>\n\t\t<\/section>\n\t\t\t\t<\/div>\n\t\t","protected":false},"excerpt":{"rendered":"<p>Motions et demandes relatives \u00e0 la Charte &nbsp; D\u00e9lai d\u00e9raisonnable &#8211; R. c. Jordan et Charte 11(b) &nbsp;<\/p>\n","protected":false},"author":5,"featured_media":546,"parent":183,"menu_order":28,"comment_status":"closed","ping_status":"closed","template":"","meta":{"footnotes":""},"class_list":["post-2246","page","type-page","status-publish","has-post-thumbnail","hentry"],"yoast_head":"<!-- This site is optimized with the Yoast SEO plugin v27.2 - https:\/\/yoast.com\/product\/yoast-seo-wordpress\/ -->\n<title>Motions et demandes relatives \u00e0 la Charte - Frouhar Law<\/title>\n<meta name=\"description\" content=\"Motions et demandes relatives \u00e0 la Charte. D\u00e9lai d\u00e9raisonnable - R. c. Jordan et Charte 11(b)\" \/>\n<meta name=\"robots\" content=\"index, follow, max-snippet:-1, max-image-preview:large, max-video-preview:-1\" \/>\n<link rel=\"canonical\" href=\"https:\/\/frouharlaw.com\/fr\/notre-expertise\/motions-et-demandes-relatives-a-la-charte\/\" \/>\n<meta property=\"og:locale\" content=\"fr_FR\" \/>\n<meta property=\"og:type\" content=\"article\" \/>\n<meta property=\"og:title\" content=\"Motions et demandes relatives \u00e0 la Charte - Frouhar Law\" \/>\n<meta property=\"og:description\" content=\"Motions et demandes relatives \u00e0 la Charte. D\u00e9lai d\u00e9raisonnable - R. c. Jordan et Charte 11(b)\" \/>\n<meta property=\"og:url\" content=\"https:\/\/frouharlaw.com\/fr\/notre-expertise\/motions-et-demandes-relatives-a-la-charte\/\" \/>\n<meta property=\"og:site_name\" content=\"Frouhar Law\" \/>\n<meta property=\"article:modified_time\" content=\"2024-08-07T15:19:38+00:00\" \/>\n<meta property=\"og:image\" content=\"https:\/\/frouharlaw.com\/wp-content\/uploads\/frouharlaw-og.jpg\" \/>\n\t<meta property=\"og:image:width\" content=\"1200\" \/>\n\t<meta property=\"og:image:height\" content=\"630\" \/>\n\t<meta property=\"og:image:type\" content=\"image\/jpeg\" \/>\n<meta name=\"twitter:card\" content=\"summary_large_image\" \/>\n<meta name=\"twitter:label1\" content=\"Dur\u00e9e de lecture estim\u00e9e\" \/>\n\t<meta name=\"twitter:data1\" content=\"1 minute\" \/>\n<script type=\"application\/ld+json\" class=\"yoast-schema-graph\">{\"@context\":\"https:\/\/schema.org\",\"@graph\":[{\"@type\":\"WebPage\",\"@id\":\"https:\/\/frouharlaw.com\/fr\/notre-expertise\/motions-et-demandes-relatives-a-la-charte\/\",\"url\":\"https:\/\/frouharlaw.com\/fr\/notre-expertise\/motions-et-demandes-relatives-a-la-charte\/\",\"name\":\"Motions et demandes relatives \u00e0 la Charte - Frouhar Law\",\"isPartOf\":{\"@id\":\"https:\/\/frouharlaw.com\/#website\"},\"primaryImageOfPage\":{\"@id\":\"https:\/\/frouharlaw.com\/fr\/notre-expertise\/motions-et-demandes-relatives-a-la-charte\/#primaryimage\"},\"image\":{\"@id\":\"https:\/\/frouharlaw.com\/fr\/notre-expertise\/motions-et-demandes-relatives-a-la-charte\/#primaryimage\"},\"thumbnailUrl\":\"https:\/\/frouharlaw.com\/wp-content\/uploads\/frouharlaw-og.jpg\",\"datePublished\":\"2023-02-09T20:15:13+00:00\",\"dateModified\":\"2024-08-07T15:19:38+00:00\",\"description\":\"Motions et demandes relatives \u00e0 la Charte. D\u00e9lai d\u00e9raisonnable - R. c. Jordan et Charte 11(b)\",\"breadcrumb\":{\"@id\":\"https:\/\/frouharlaw.com\/fr\/notre-expertise\/motions-et-demandes-relatives-a-la-charte\/#breadcrumb\"},\"inLanguage\":\"fr-FR\",\"potentialAction\":[{\"@type\":\"ReadAction\",\"target\":[\"https:\/\/frouharlaw.com\/fr\/notre-expertise\/motions-et-demandes-relatives-a-la-charte\/\"]}]},{\"@type\":\"ImageObject\",\"inLanguage\":\"fr-FR\",\"@id\":\"https:\/\/frouharlaw.com\/fr\/notre-expertise\/motions-et-demandes-relatives-a-la-charte\/#primaryimage\",\"url\":\"https:\/\/frouharlaw.com\/wp-content\/uploads\/frouharlaw-og.jpg\",\"contentUrl\":\"https:\/\/frouharlaw.com\/wp-content\/uploads\/frouharlaw-og.jpg\",\"width\":1200,\"height\":630,\"caption\":\"Frouhar Law : Avocats de la d\u00e9fense p\u00e9nale \u00e0 Ottawa\"},{\"@type\":\"BreadcrumbList\",\"@id\":\"https:\/\/frouharlaw.com\/fr\/notre-expertise\/motions-et-demandes-relatives-a-la-charte\/#breadcrumb\",\"itemListElement\":[{\"@type\":\"ListItem\",\"position\":1,\"name\":\"Home\",\"item\":\"https:\/\/frouharlaw.com\/fr\/\"},{\"@type\":\"ListItem\",\"position\":2,\"name\":\"Comp\u00e9tences\",\"item\":\"https:\/\/frouharlaw.com\/fr\/notre-expertise\/\"},{\"@type\":\"ListItem\",\"position\":3,\"name\":\"Motions et demandes relatives \u00e0 la Charte\"}]},{\"@type\":\"WebSite\",\"@id\":\"https:\/\/frouharlaw.com\/#website\",\"url\":\"https:\/\/frouharlaw.com\/\",\"name\":\"Frouhar Law\",\"description\":\"Determined. Creative. Tireless. Passionate.\",\"publisher\":{\"@id\":\"https:\/\/frouharlaw.com\/#organization\"},\"potentialAction\":[{\"@type\":\"SearchAction\",\"target\":{\"@type\":\"EntryPoint\",\"urlTemplate\":\"https:\/\/frouharlaw.com\/?s={search_term_string}\"},\"query-input\":{\"@type\":\"PropertyValueSpecification\",\"valueRequired\":true,\"valueName\":\"search_term_string\"}}],\"inLanguage\":\"fr-FR\"},{\"@type\":\"Organization\",\"@id\":\"https:\/\/frouharlaw.com\/#organization\",\"name\":\"Frouhar Law\",\"url\":\"https:\/\/frouharlaw.com\/\",\"logo\":{\"@type\":\"ImageObject\",\"inLanguage\":\"fr-FR\",\"@id\":\"https:\/\/frouharlaw.com\/#\/schema\/logo\/image\/\",\"url\":\"https:\/\/frouharlaw.com\/wp-content\/uploads\/frouhar-law-logo.png\",\"contentUrl\":\"https:\/\/frouharlaw.com\/wp-content\/uploads\/frouhar-law-logo.png\",\"width\":3601,\"height\":3600,\"caption\":\"Frouhar Law\"},\"image\":{\"@id\":\"https:\/\/frouharlaw.com\/#\/schema\/logo\/image\/\"}}]}<\/script>\n<!-- \/ Yoast SEO plugin. -->","yoast_head_json":{"title":"Motions et demandes relatives \u00e0 la Charte - Frouhar Law","description":"Motions et demandes relatives \u00e0 la Charte. D\u00e9lai d\u00e9raisonnable - R. c. Jordan et Charte 11(b)","robots":{"index":"index","follow":"follow","max-snippet":"max-snippet:-1","max-image-preview":"max-image-preview:large","max-video-preview":"max-video-preview:-1"},"canonical":"https:\/\/frouharlaw.com\/fr\/notre-expertise\/motions-et-demandes-relatives-a-la-charte\/","og_locale":"fr_FR","og_type":"article","og_title":"Motions et demandes relatives \u00e0 la Charte - Frouhar Law","og_description":"Motions et demandes relatives \u00e0 la Charte. D\u00e9lai d\u00e9raisonnable - R. c. Jordan et Charte 11(b)","og_url":"https:\/\/frouharlaw.com\/fr\/notre-expertise\/motions-et-demandes-relatives-a-la-charte\/","og_site_name":"Frouhar Law","article_modified_time":"2024-08-07T15:19:38+00:00","og_image":[{"width":1200,"height":630,"url":"https:\/\/frouharlaw.com\/wp-content\/uploads\/frouharlaw-og.jpg","type":"image\/jpeg"}],"twitter_card":"summary_large_image","twitter_misc":{"Dur\u00e9e de lecture estim\u00e9e":"1 minute"},"schema":{"@context":"https:\/\/schema.org","@graph":[{"@type":"WebPage","@id":"https:\/\/frouharlaw.com\/fr\/notre-expertise\/motions-et-demandes-relatives-a-la-charte\/","url":"https:\/\/frouharlaw.com\/fr\/notre-expertise\/motions-et-demandes-relatives-a-la-charte\/","name":"Motions et demandes relatives \u00e0 la Charte - Frouhar Law","isPartOf":{"@id":"https:\/\/frouharlaw.com\/#website"},"primaryImageOfPage":{"@id":"https:\/\/frouharlaw.com\/fr\/notre-expertise\/motions-et-demandes-relatives-a-la-charte\/#primaryimage"},"image":{"@id":"https:\/\/frouharlaw.com\/fr\/notre-expertise\/motions-et-demandes-relatives-a-la-charte\/#primaryimage"},"thumbnailUrl":"https:\/\/frouharlaw.com\/wp-content\/uploads\/frouharlaw-og.jpg","datePublished":"2023-02-09T20:15:13+00:00","dateModified":"2024-08-07T15:19:38+00:00","description":"Motions et demandes relatives \u00e0 la Charte. D\u00e9lai d\u00e9raisonnable - R. c. Jordan et Charte 11(b)","breadcrumb":{"@id":"https:\/\/frouharlaw.com\/fr\/notre-expertise\/motions-et-demandes-relatives-a-la-charte\/#breadcrumb"},"inLanguage":"fr-FR","potentialAction":[{"@type":"ReadAction","target":["https:\/\/frouharlaw.com\/fr\/notre-expertise\/motions-et-demandes-relatives-a-la-charte\/"]}]},{"@type":"ImageObject","inLanguage":"fr-FR","@id":"https:\/\/frouharlaw.com\/fr\/notre-expertise\/motions-et-demandes-relatives-a-la-charte\/#primaryimage","url":"https:\/\/frouharlaw.com\/wp-content\/uploads\/frouharlaw-og.jpg","contentUrl":"https:\/\/frouharlaw.com\/wp-content\/uploads\/frouharlaw-og.jpg","width":1200,"height":630,"caption":"Frouhar Law : Avocats de la d\u00e9fense p\u00e9nale \u00e0 Ottawa"},{"@type":"BreadcrumbList","@id":"https:\/\/frouharlaw.com\/fr\/notre-expertise\/motions-et-demandes-relatives-a-la-charte\/#breadcrumb","itemListElement":[{"@type":"ListItem","position":1,"name":"Home","item":"https:\/\/frouharlaw.com\/fr\/"},{"@type":"ListItem","position":2,"name":"Comp\u00e9tences","item":"https:\/\/frouharlaw.com\/fr\/notre-expertise\/"},{"@type":"ListItem","position":3,"name":"Motions et demandes relatives \u00e0 la Charte"}]},{"@type":"WebSite","@id":"https:\/\/frouharlaw.com\/#website","url":"https:\/\/frouharlaw.com\/","name":"Frouhar Law","description":"Determined. Creative. Tireless. Passionate.","publisher":{"@id":"https:\/\/frouharlaw.com\/#organization"},"potentialAction":[{"@type":"SearchAction","target":{"@type":"EntryPoint","urlTemplate":"https:\/\/frouharlaw.com\/?s={search_term_string}"},"query-input":{"@type":"PropertyValueSpecification","valueRequired":true,"valueName":"search_term_string"}}],"inLanguage":"fr-FR"},{"@type":"Organization","@id":"https:\/\/frouharlaw.com\/#organization","name":"Frouhar Law","url":"https:\/\/frouharlaw.com\/","logo":{"@type":"ImageObject","inLanguage":"fr-FR","@id":"https:\/\/frouharlaw.com\/#\/schema\/logo\/image\/","url":"https:\/\/frouharlaw.com\/wp-content\/uploads\/frouhar-law-logo.png","contentUrl":"https:\/\/frouharlaw.com\/wp-content\/uploads\/frouhar-law-logo.png","width":3601,"height":3600,"caption":"Frouhar Law"},"image":{"@id":"https:\/\/frouharlaw.com\/#\/schema\/logo\/image\/"}}]}},"_links":{"self":[{"href":"https:\/\/frouharlaw.com\/fr\/wp-json\/wp\/v2\/pages\/2246","targetHints":{"allow":["GET"]}}],"collection":[{"href":"https:\/\/frouharlaw.com\/fr\/wp-json\/wp\/v2\/pages"}],"about":[{"href":"https:\/\/frouharlaw.com\/fr\/wp-json\/wp\/v2\/types\/page"}],"author":[{"embeddable":true,"href":"https:\/\/frouharlaw.com\/fr\/wp-json\/wp\/v2\/users\/5"}],"replies":[{"embeddable":true,"href":"https:\/\/frouharlaw.com\/fr\/wp-json\/wp\/v2\/comments?post=2246"}],"version-history":[{"count":9,"href":"https:\/\/frouharlaw.com\/fr\/wp-json\/wp\/v2\/pages\/2246\/revisions"}],"predecessor-version":[{"id":4031,"href":"https:\/\/frouharlaw.com\/fr\/wp-json\/wp\/v2\/pages\/2246\/revisions\/4031"}],"up":[{"embeddable":true,"href":"https:\/\/frouharlaw.com\/fr\/wp-json\/wp\/v2\/pages\/183"}],"wp:featuredmedia":[{"embeddable":true,"href":"https:\/\/frouharlaw.com\/fr\/wp-json\/wp\/v2\/media\/546"}],"wp:attachment":[{"href":"https:\/\/frouharlaw.com\/fr\/wp-json\/wp\/v2\/media?parent=2246"}],"curies":[{"name":"wp","href":"https:\/\/api.w.org\/{rel}","templated":true}]}}