{"id":2250,"date":"2023-02-10T17:55:34","date_gmt":"2023-02-10T17:55:34","guid":{"rendered":"https:\/\/frouharlaw.com\/notre-expertise\/motions-et-demandes-relatives-a-la-charte\/delai-deraisonnable-r-c-jordan-et-charte-11b\/"},"modified":"2024-08-07T15:26:31","modified_gmt":"2024-08-07T15:26:31","slug":"delai-deraisonnable-r-c-jordan-et-charte-11b","status":"publish","type":"page","link":"https:\/\/frouharlaw.com\/fr\/notre-expertise\/motions-et-demandes-relatives-a-la-charte\/delai-deraisonnable-r-c-jordan-et-charte-11b\/","title":{"rendered":"D\u00e9lai d\u00e9raisonnable &#8211; R. c. Jordan et Charte 11(b)"},"content":{"rendered":"\t\t<div data-elementor-type=\"wp-page\" data-elementor-id=\"2250\" class=\"elementor elementor-2250 elementor-1442\" data-elementor-post-type=\"page\">\n\t\t\t\t\t\t<section data-particle_enable=\"false\" data-particle-mobile-disabled=\"false\" class=\"elementor-section elementor-top-section elementor-element elementor-element-7dbcaab9 elementor-section-height-min-height elementor-section-boxed elementor-section-height-default elementor-section-items-middle\" data-id=\"7dbcaab9\" data-element_type=\"section\" data-e-type=\"section\" data-settings=\"{&quot;background_background&quot;:&quot;classic&quot;}\">\n\t\t\t\t\t\t\t<div class=\"elementor-background-overlay\"><\/div>\n\t\t\t\t\t\t\t<div class=\"elementor-container elementor-column-gap-default\">\n\t\t\t\t\t<div class=\"elementor-column elementor-col-100 elementor-top-column elementor-element elementor-element-cdb2aa3\" data-id=\"cdb2aa3\" data-element_type=\"column\" data-e-type=\"column\">\n\t\t\t<div class=\"elementor-widget-wrap elementor-element-populated\">\n\t\t\t\t\t\t<div class=\"elementor-element elementor-element-6dc9db4d elementor-widget elementor-widget-heading\" data-id=\"6dc9db4d\" data-element_type=\"widget\" data-e-type=\"widget\" data-widget_type=\"heading.default\">\n\t\t\t\t<div class=\"elementor-widget-container\">\n\t\t\t\t\t<h1 class=\"elementor-heading-title elementor-size-default\">D\u00e9lai d\u00e9raisonnable -<span class=\"ita\"> R. c. Jordan <\/span>et <span class=\"ita\">Charte 11(b)<\/span><\/h1>\t\t\t\t<\/div>\n\t\t\t\t<\/div>\n\t\t\t\t\t<\/div>\n\t\t<\/div>\n\t\t\t\t\t<\/div>\n\t\t<\/section>\n\t\t\t\t<section data-particle_enable=\"false\" data-particle-mobile-disabled=\"false\" class=\"elementor-section elementor-top-section elementor-element elementor-element-3ee626be elementor-section-boxed elementor-section-height-default elementor-section-height-default\" data-id=\"3ee626be\" data-element_type=\"section\" data-e-type=\"section\">\n\t\t\t\t\t\t<div class=\"elementor-container elementor-column-gap-default\">\n\t\t\t\t\t<div class=\"elementor-column elementor-col-100 elementor-top-column elementor-element elementor-element-76b4ef32\" data-id=\"76b4ef32\" data-element_type=\"column\" data-e-type=\"column\">\n\t\t\t<div class=\"elementor-widget-wrap elementor-element-populated\">\n\t\t\t\t\t\t<section data-particle_enable=\"false\" data-particle-mobile-disabled=\"false\" class=\"elementor-section elementor-inner-section elementor-element elementor-element-36d0a9d5 elementor-section-boxed elementor-section-height-default elementor-section-height-default\" data-id=\"36d0a9d5\" data-element_type=\"section\" data-e-type=\"section\">\n\t\t\t\t\t\t<div class=\"elementor-container elementor-column-gap-default\">\n\t\t\t\t\t<div class=\"elementor-column elementor-col-50 elementor-inner-column elementor-element elementor-element-31dff3b6\" data-id=\"31dff3b6\" data-element_type=\"column\" data-e-type=\"column\">\n\t\t\t<div class=\"elementor-widget-wrap elementor-element-populated\">\n\t\t\t\t\t\t<div class=\"elementor-element elementor-element-183debcd elementor-widget elementor-widget-heading\" data-id=\"183debcd\" data-element_type=\"widget\" data-e-type=\"widget\" data-widget_type=\"heading.default\">\n\t\t\t\t<div class=\"elementor-widget-container\">\n\t\t\t\t\t<span class=\"elementor-heading-title elementor-size-default\">Nos Competences<\/span>\t\t\t\t<\/div>\n\t\t\t\t<\/div>\n\t\t\t\t<div class=\"elementor-element elementor-element-724ce3d5 elementor-widget elementor-widget-heading\" data-id=\"724ce3d5\" data-element_type=\"widget\" data-e-type=\"widget\" data-widget_type=\"heading.default\">\n\t\t\t\t<div class=\"elementor-widget-container\">\n\t\t\t\t\t<span class=\"elementor-heading-title elementor-size-default\">D\u00e9lai d\u00e9raisonnable -<span class=\"ita\"> R. c. Jordan <\/span>et <span class=\"ita\">Charte 11(b)<\/span><\/span>\t\t\t\t<\/div>\n\t\t\t\t<\/div>\n\t\t\t\t\t<\/div>\n\t\t<\/div>\n\t\t\t\t<div class=\"elementor-column elementor-col-50 elementor-inner-column elementor-element elementor-element-54ff7d73\" data-id=\"54ff7d73\" data-element_type=\"column\" data-e-type=\"column\">\n\t\t\t<div class=\"elementor-widget-wrap elementor-element-populated\">\n\t\t\t\t\t\t<div class=\"elementor-element elementor-element-49cd2709 elementor-widget elementor-widget-text-editor\" data-id=\"49cd2709\" data-element_type=\"widget\" data-e-type=\"widget\" data-widget_type=\"text-editor.default\">\n\t\t\t\t<div class=\"elementor-widget-container\">\n\t\t\t\t\t\t\t\t\t<p><em>R. c. Jordan<\/em> est un arr\u00eat de 2016 de la Cour supr\u00eame du Canada qui a \u00e9tabli de nouveaux d\u00e9lais pour les proc\u00e8s criminels au Canada. La d\u00e9cision stipulait qu&rsquo;un proc\u00e8s devait \u00eatre termin\u00e9 dans un \u00ab plafond pr\u00e9sum\u00e9 \u00bb de 30 mois pour les causes jug\u00e9es par les cours sup\u00e9rieures et de 18 mois pour les causes jug\u00e9es par les cours provinciales, apr\u00e8s quoi une suspension des proc\u00e9dures peut \u00eatre ordonn\u00e9e si le d\u00e9lai est jug\u00e9 d\u00e9raisonnable. La d\u00e9cision a eu un impact significatif sur le syst\u00e8me de justice canadien et a \u00e9t\u00e9 cit\u00e9e dans de nombreuses affaires ult\u00e9rieures.<\/p>\t\t\t\t\t\t\t\t<\/div>\n\t\t\t\t<\/div>\n\t\t\t\t\t<\/div>\n\t\t<\/div>\n\t\t\t\t\t<\/div>\n\t\t<\/section>\n\t\t\t\t\t<\/div>\n\t\t<\/div>\n\t\t\t\t\t<\/div>\n\t\t<\/section>\n\t\t\t\t<\/div>\n\t\t","protected":false},"excerpt":{"rendered":"<p>D\u00e9lai d\u00e9raisonnable &#8211; R. c. Jordan et Charte 11(b) Nos Competences D\u00e9lai d\u00e9raisonnable &#8211; R. c. Jordan et Charte 11(b) R. c. Jordan est un arr\u00eat de 2016 de la Cour supr\u00eame du Canada qui a \u00e9tabli de nouveaux d\u00e9lais pour les proc\u00e8s criminels au Canada. La d\u00e9cision stipulait qu&rsquo;un proc\u00e8s devait \u00eatre termin\u00e9 dans [&hellip;]<\/p>\n","protected":false},"author":5,"featured_media":546,"parent":2246,"menu_order":2,"comment_status":"closed","ping_status":"closed","template":"","meta":{"footnotes":""},"class_list":["post-2250","page","type-page","status-publish","has-post-thumbnail","hentry"],"yoast_head":"<!-- This site is optimized with the Yoast SEO plugin v27.2 - https:\/\/yoast.com\/product\/yoast-seo-wordpress\/ -->\n<title>D\u00e9lai d\u00e9raisonnable - R. c. Jordan et Charte 11(b) - Frouhar Law<\/title>\n<meta name=\"description\" content=\"R. c. Jordan est un arr\u00eat de 2016 de la Cour supr\u00eame du Canada qui a \u00e9tabli de nouveaux d\u00e9lais pour les proc\u00e8s criminels au Canada.\" \/>\n<meta name=\"robots\" content=\"index, follow, max-snippet:-1, max-image-preview:large, max-video-preview:-1\" \/>\n<link rel=\"canonical\" href=\"https:\/\/frouharlaw.com\/fr\/notre-expertise\/motions-et-demandes-relatives-a-la-charte\/delai-deraisonnable-r-c-jordan-et-charte-11b\/\" \/>\n<meta property=\"og:locale\" content=\"fr_FR\" \/>\n<meta property=\"og:type\" content=\"article\" \/>\n<meta property=\"og:title\" content=\"D\u00e9lai d\u00e9raisonnable - R. c. Jordan et Charte 11(b) - Frouhar Law\" \/>\n<meta property=\"og:description\" content=\"R. c. Jordan est un arr\u00eat de 2016 de la Cour supr\u00eame du Canada qui a \u00e9tabli de nouveaux d\u00e9lais pour les proc\u00e8s criminels au Canada.\" \/>\n<meta property=\"og:url\" content=\"https:\/\/frouharlaw.com\/fr\/notre-expertise\/motions-et-demandes-relatives-a-la-charte\/delai-deraisonnable-r-c-jordan-et-charte-11b\/\" \/>\n<meta property=\"og:site_name\" content=\"Frouhar Law\" \/>\n<meta property=\"article:modified_time\" content=\"2024-08-07T15:26:31+00:00\" \/>\n<meta property=\"og:image\" content=\"https:\/\/frouharlaw.com\/wp-content\/uploads\/frouharlaw-og.jpg\" \/>\n\t<meta property=\"og:image:width\" content=\"1200\" \/>\n\t<meta property=\"og:image:height\" content=\"630\" \/>\n\t<meta property=\"og:image:type\" content=\"image\/jpeg\" \/>\n<meta name=\"twitter:card\" content=\"summary_large_image\" \/>\n<meta name=\"twitter:label1\" content=\"Dur\u00e9e de lecture estim\u00e9e\" \/>\n\t<meta name=\"twitter:data1\" content=\"1 minute\" \/>\n<script type=\"application\/ld+json\" class=\"yoast-schema-graph\">{\"@context\":\"https:\/\/schema.org\",\"@graph\":[{\"@type\":\"WebPage\",\"@id\":\"https:\/\/frouharlaw.com\/fr\/notre-expertise\/motions-et-demandes-relatives-a-la-charte\/delai-deraisonnable-r-c-jordan-et-charte-11b\/\",\"url\":\"https:\/\/frouharlaw.com\/fr\/notre-expertise\/motions-et-demandes-relatives-a-la-charte\/delai-deraisonnable-r-c-jordan-et-charte-11b\/\",\"name\":\"D\u00e9lai d\u00e9raisonnable - R. c. Jordan et Charte 11(b) - Frouhar Law\",\"isPartOf\":{\"@id\":\"https:\/\/frouharlaw.com\/#website\"},\"primaryImageOfPage\":{\"@id\":\"https:\/\/frouharlaw.com\/fr\/notre-expertise\/motions-et-demandes-relatives-a-la-charte\/delai-deraisonnable-r-c-jordan-et-charte-11b\/#primaryimage\"},\"image\":{\"@id\":\"https:\/\/frouharlaw.com\/fr\/notre-expertise\/motions-et-demandes-relatives-a-la-charte\/delai-deraisonnable-r-c-jordan-et-charte-11b\/#primaryimage\"},\"thumbnailUrl\":\"https:\/\/frouharlaw.com\/wp-content\/uploads\/frouharlaw-og.jpg\",\"datePublished\":\"2023-02-10T17:55:34+00:00\",\"dateModified\":\"2024-08-07T15:26:31+00:00\",\"description\":\"R. c. Jordan est un arr\u00eat de 2016 de la Cour supr\u00eame du Canada qui a \u00e9tabli de nouveaux d\u00e9lais pour les proc\u00e8s criminels au Canada.\",\"breadcrumb\":{\"@id\":\"https:\/\/frouharlaw.com\/fr\/notre-expertise\/motions-et-demandes-relatives-a-la-charte\/delai-deraisonnable-r-c-jordan-et-charte-11b\/#breadcrumb\"},\"inLanguage\":\"fr-FR\",\"potentialAction\":[{\"@type\":\"ReadAction\",\"target\":[\"https:\/\/frouharlaw.com\/fr\/notre-expertise\/motions-et-demandes-relatives-a-la-charte\/delai-deraisonnable-r-c-jordan-et-charte-11b\/\"]}]},{\"@type\":\"ImageObject\",\"inLanguage\":\"fr-FR\",\"@id\":\"https:\/\/frouharlaw.com\/fr\/notre-expertise\/motions-et-demandes-relatives-a-la-charte\/delai-deraisonnable-r-c-jordan-et-charte-11b\/#primaryimage\",\"url\":\"https:\/\/frouharlaw.com\/wp-content\/uploads\/frouharlaw-og.jpg\",\"contentUrl\":\"https:\/\/frouharlaw.com\/wp-content\/uploads\/frouharlaw-og.jpg\",\"width\":1200,\"height\":630,\"caption\":\"Frouhar Law : Avocats de la d\u00e9fense p\u00e9nale \u00e0 Ottawa\"},{\"@type\":\"BreadcrumbList\",\"@id\":\"https:\/\/frouharlaw.com\/fr\/notre-expertise\/motions-et-demandes-relatives-a-la-charte\/delai-deraisonnable-r-c-jordan-et-charte-11b\/#breadcrumb\",\"itemListElement\":[{\"@type\":\"ListItem\",\"position\":1,\"name\":\"Home\",\"item\":\"https:\/\/frouharlaw.com\/fr\/\"},{\"@type\":\"ListItem\",\"position\":2,\"name\":\"Comp\u00e9tences\",\"item\":\"https:\/\/frouharlaw.com\/fr\/notre-expertise\/\"},{\"@type\":\"ListItem\",\"position\":3,\"name\":\"Motions et demandes relatives \u00e0 la Charte\",\"item\":\"https:\/\/frouharlaw.com\/fr\/notre-expertise\/motions-et-demandes-relatives-a-la-charte\/\"},{\"@type\":\"ListItem\",\"position\":4,\"name\":\"D\u00e9lai d\u00e9raisonnable &#8211; R. c. Jordan et Charte 11(b)\"}]},{\"@type\":\"WebSite\",\"@id\":\"https:\/\/frouharlaw.com\/#website\",\"url\":\"https:\/\/frouharlaw.com\/\",\"name\":\"Frouhar Law\",\"description\":\"Determined. Creative. Tireless. Passionate.\",\"publisher\":{\"@id\":\"https:\/\/frouharlaw.com\/#organization\"},\"potentialAction\":[{\"@type\":\"SearchAction\",\"target\":{\"@type\":\"EntryPoint\",\"urlTemplate\":\"https:\/\/frouharlaw.com\/?s={search_term_string}\"},\"query-input\":{\"@type\":\"PropertyValueSpecification\",\"valueRequired\":true,\"valueName\":\"search_term_string\"}}],\"inLanguage\":\"fr-FR\"},{\"@type\":\"Organization\",\"@id\":\"https:\/\/frouharlaw.com\/#organization\",\"name\":\"Frouhar Law\",\"url\":\"https:\/\/frouharlaw.com\/\",\"logo\":{\"@type\":\"ImageObject\",\"inLanguage\":\"fr-FR\",\"@id\":\"https:\/\/frouharlaw.com\/#\/schema\/logo\/image\/\",\"url\":\"https:\/\/frouharlaw.com\/wp-content\/uploads\/frouhar-law-logo.png\",\"contentUrl\":\"https:\/\/frouharlaw.com\/wp-content\/uploads\/frouhar-law-logo.png\",\"width\":3601,\"height\":3600,\"caption\":\"Frouhar Law\"},\"image\":{\"@id\":\"https:\/\/frouharlaw.com\/#\/schema\/logo\/image\/\"}}]}<\/script>\n<!-- \/ Yoast SEO plugin. -->","yoast_head_json":{"title":"D\u00e9lai d\u00e9raisonnable - R. c. Jordan et Charte 11(b) - Frouhar Law","description":"R. c. Jordan est un arr\u00eat de 2016 de la Cour supr\u00eame du Canada qui a \u00e9tabli de nouveaux d\u00e9lais pour les proc\u00e8s criminels au Canada.","robots":{"index":"index","follow":"follow","max-snippet":"max-snippet:-1","max-image-preview":"max-image-preview:large","max-video-preview":"max-video-preview:-1"},"canonical":"https:\/\/frouharlaw.com\/fr\/notre-expertise\/motions-et-demandes-relatives-a-la-charte\/delai-deraisonnable-r-c-jordan-et-charte-11b\/","og_locale":"fr_FR","og_type":"article","og_title":"D\u00e9lai d\u00e9raisonnable - R. c. Jordan et Charte 11(b) - Frouhar Law","og_description":"R. c. Jordan est un arr\u00eat de 2016 de la Cour supr\u00eame du Canada qui a \u00e9tabli de nouveaux d\u00e9lais pour les proc\u00e8s criminels au Canada.","og_url":"https:\/\/frouharlaw.com\/fr\/notre-expertise\/motions-et-demandes-relatives-a-la-charte\/delai-deraisonnable-r-c-jordan-et-charte-11b\/","og_site_name":"Frouhar Law","article_modified_time":"2024-08-07T15:26:31+00:00","og_image":[{"width":1200,"height":630,"url":"https:\/\/frouharlaw.com\/wp-content\/uploads\/frouharlaw-og.jpg","type":"image\/jpeg"}],"twitter_card":"summary_large_image","twitter_misc":{"Dur\u00e9e de lecture estim\u00e9e":"1 minute"},"schema":{"@context":"https:\/\/schema.org","@graph":[{"@type":"WebPage","@id":"https:\/\/frouharlaw.com\/fr\/notre-expertise\/motions-et-demandes-relatives-a-la-charte\/delai-deraisonnable-r-c-jordan-et-charte-11b\/","url":"https:\/\/frouharlaw.com\/fr\/notre-expertise\/motions-et-demandes-relatives-a-la-charte\/delai-deraisonnable-r-c-jordan-et-charte-11b\/","name":"D\u00e9lai d\u00e9raisonnable - R. c. Jordan et Charte 11(b) - Frouhar Law","isPartOf":{"@id":"https:\/\/frouharlaw.com\/#website"},"primaryImageOfPage":{"@id":"https:\/\/frouharlaw.com\/fr\/notre-expertise\/motions-et-demandes-relatives-a-la-charte\/delai-deraisonnable-r-c-jordan-et-charte-11b\/#primaryimage"},"image":{"@id":"https:\/\/frouharlaw.com\/fr\/notre-expertise\/motions-et-demandes-relatives-a-la-charte\/delai-deraisonnable-r-c-jordan-et-charte-11b\/#primaryimage"},"thumbnailUrl":"https:\/\/frouharlaw.com\/wp-content\/uploads\/frouharlaw-og.jpg","datePublished":"2023-02-10T17:55:34+00:00","dateModified":"2024-08-07T15:26:31+00:00","description":"R. c. Jordan est un arr\u00eat de 2016 de la Cour supr\u00eame du Canada qui a \u00e9tabli de nouveaux d\u00e9lais pour les proc\u00e8s criminels au Canada.","breadcrumb":{"@id":"https:\/\/frouharlaw.com\/fr\/notre-expertise\/motions-et-demandes-relatives-a-la-charte\/delai-deraisonnable-r-c-jordan-et-charte-11b\/#breadcrumb"},"inLanguage":"fr-FR","potentialAction":[{"@type":"ReadAction","target":["https:\/\/frouharlaw.com\/fr\/notre-expertise\/motions-et-demandes-relatives-a-la-charte\/delai-deraisonnable-r-c-jordan-et-charte-11b\/"]}]},{"@type":"ImageObject","inLanguage":"fr-FR","@id":"https:\/\/frouharlaw.com\/fr\/notre-expertise\/motions-et-demandes-relatives-a-la-charte\/delai-deraisonnable-r-c-jordan-et-charte-11b\/#primaryimage","url":"https:\/\/frouharlaw.com\/wp-content\/uploads\/frouharlaw-og.jpg","contentUrl":"https:\/\/frouharlaw.com\/wp-content\/uploads\/frouharlaw-og.jpg","width":1200,"height":630,"caption":"Frouhar Law : Avocats de la d\u00e9fense p\u00e9nale \u00e0 Ottawa"},{"@type":"BreadcrumbList","@id":"https:\/\/frouharlaw.com\/fr\/notre-expertise\/motions-et-demandes-relatives-a-la-charte\/delai-deraisonnable-r-c-jordan-et-charte-11b\/#breadcrumb","itemListElement":[{"@type":"ListItem","position":1,"name":"Home","item":"https:\/\/frouharlaw.com\/fr\/"},{"@type":"ListItem","position":2,"name":"Comp\u00e9tences","item":"https:\/\/frouharlaw.com\/fr\/notre-expertise\/"},{"@type":"ListItem","position":3,"name":"Motions et demandes relatives \u00e0 la Charte","item":"https:\/\/frouharlaw.com\/fr\/notre-expertise\/motions-et-demandes-relatives-a-la-charte\/"},{"@type":"ListItem","position":4,"name":"D\u00e9lai d\u00e9raisonnable &#8211; R. c. Jordan et Charte 11(b)"}]},{"@type":"WebSite","@id":"https:\/\/frouharlaw.com\/#website","url":"https:\/\/frouharlaw.com\/","name":"Frouhar Law","description":"Determined. Creative. Tireless. Passionate.","publisher":{"@id":"https:\/\/frouharlaw.com\/#organization"},"potentialAction":[{"@type":"SearchAction","target":{"@type":"EntryPoint","urlTemplate":"https:\/\/frouharlaw.com\/?s={search_term_string}"},"query-input":{"@type":"PropertyValueSpecification","valueRequired":true,"valueName":"search_term_string"}}],"inLanguage":"fr-FR"},{"@type":"Organization","@id":"https:\/\/frouharlaw.com\/#organization","name":"Frouhar Law","url":"https:\/\/frouharlaw.com\/","logo":{"@type":"ImageObject","inLanguage":"fr-FR","@id":"https:\/\/frouharlaw.com\/#\/schema\/logo\/image\/","url":"https:\/\/frouharlaw.com\/wp-content\/uploads\/frouhar-law-logo.png","contentUrl":"https:\/\/frouharlaw.com\/wp-content\/uploads\/frouhar-law-logo.png","width":3601,"height":3600,"caption":"Frouhar Law"},"image":{"@id":"https:\/\/frouharlaw.com\/#\/schema\/logo\/image\/"}}]}},"_links":{"self":[{"href":"https:\/\/frouharlaw.com\/fr\/wp-json\/wp\/v2\/pages\/2250","targetHints":{"allow":["GET"]}}],"collection":[{"href":"https:\/\/frouharlaw.com\/fr\/wp-json\/wp\/v2\/pages"}],"about":[{"href":"https:\/\/frouharlaw.com\/fr\/wp-json\/wp\/v2\/types\/page"}],"author":[{"embeddable":true,"href":"https:\/\/frouharlaw.com\/fr\/wp-json\/wp\/v2\/users\/5"}],"replies":[{"embeddable":true,"href":"https:\/\/frouharlaw.com\/fr\/wp-json\/wp\/v2\/comments?post=2250"}],"version-history":[{"count":9,"href":"https:\/\/frouharlaw.com\/fr\/wp-json\/wp\/v2\/pages\/2250\/revisions"}],"predecessor-version":[{"id":4034,"href":"https:\/\/frouharlaw.com\/fr\/wp-json\/wp\/v2\/pages\/2250\/revisions\/4034"}],"up":[{"embeddable":true,"href":"https:\/\/frouharlaw.com\/fr\/wp-json\/wp\/v2\/pages\/2246"}],"wp:featuredmedia":[{"embeddable":true,"href":"https:\/\/frouharlaw.com\/fr\/wp-json\/wp\/v2\/media\/546"}],"wp:attachment":[{"href":"https:\/\/frouharlaw.com\/fr\/wp-json\/wp\/v2\/media?parent=2250"}],"curies":[{"name":"wp","href":"https:\/\/api.w.org\/{rel}","templated":true}]}}