{"id":2254,"date":"2023-02-10T17:55:15","date_gmt":"2023-02-10T17:55:15","guid":{"rendered":"https:\/\/frouharlaw.com\/notre-expertise\/infractions-sexuelles\/loi-sur-lenregistrement-des-renseignements-sur-les-delinquants-sexuels-soira\/"},"modified":"2024-04-20T08:44:28","modified_gmt":"2024-04-20T08:44:28","slug":"loi-sur-lenregistrement-des-renseignements-sur-les-delinquants-sexuels-soira","status":"publish","type":"page","link":"https:\/\/frouharlaw.com\/fr\/notre-expertise\/infractions-sexuelles\/loi-sur-lenregistrement-des-renseignements-sur-les-delinquants-sexuels-soira\/","title":{"rendered":"Loi sur l&rsquo;enregistrement des renseignements sur les d\u00e9linquants sexuels (SOIRA)"},"content":{"rendered":"\t\t<div data-elementor-type=\"wp-page\" data-elementor-id=\"2254\" class=\"elementor elementor-2254 elementor-1440\" data-elementor-post-type=\"page\">\n\t\t\t\t\t\t<section data-particle_enable=\"false\" data-particle-mobile-disabled=\"false\" class=\"elementor-section elementor-top-section elementor-element elementor-element-7868b772 elementor-section-height-min-height elementor-section-boxed elementor-section-height-default elementor-section-items-middle\" data-id=\"7868b772\" data-element_type=\"section\" data-e-type=\"section\" data-settings=\"{&quot;background_background&quot;:&quot;classic&quot;}\">\n\t\t\t\t\t\t\t<div class=\"elementor-background-overlay\"><\/div>\n\t\t\t\t\t\t\t<div class=\"elementor-container elementor-column-gap-default\">\n\t\t\t\t\t<div class=\"elementor-column elementor-col-100 elementor-top-column elementor-element elementor-element-131e56ca\" data-id=\"131e56ca\" data-element_type=\"column\" data-e-type=\"column\">\n\t\t\t<div class=\"elementor-widget-wrap elementor-element-populated\">\n\t\t\t\t\t\t<div class=\"elementor-element elementor-element-27b702f7 elementor-widget elementor-widget-heading\" data-id=\"27b702f7\" data-element_type=\"widget\" data-e-type=\"widget\" data-widget_type=\"heading.default\">\n\t\t\t\t<div class=\"elementor-widget-container\">\n\t\t\t\t\t<h1 class=\"elementor-heading-title elementor-size-default\">Loi sur l\u2019enregistrement des renseignements sur les d\u00e9linquants sexuels (LERDS)<\/h1>\t\t\t\t<\/div>\n\t\t\t\t<\/div>\n\t\t\t\t\t<\/div>\n\t\t<\/div>\n\t\t\t\t\t<\/div>\n\t\t<\/section>\n\t\t\t\t<section data-particle_enable=\"false\" data-particle-mobile-disabled=\"false\" class=\"elementor-section elementor-top-section elementor-element elementor-element-7cdca5f9 elementor-section-boxed elementor-section-height-default elementor-section-height-default\" data-id=\"7cdca5f9\" data-element_type=\"section\" data-e-type=\"section\">\n\t\t\t\t\t\t<div class=\"elementor-container elementor-column-gap-default\">\n\t\t\t\t\t<div class=\"elementor-column elementor-col-100 elementor-top-column elementor-element elementor-element-40e4d7e4\" data-id=\"40e4d7e4\" data-element_type=\"column\" data-e-type=\"column\">\n\t\t\t<div class=\"elementor-widget-wrap elementor-element-populated\">\n\t\t\t\t\t\t<section data-particle_enable=\"false\" data-particle-mobile-disabled=\"false\" class=\"elementor-section elementor-inner-section elementor-element elementor-element-36e9b93d elementor-section-boxed elementor-section-height-default elementor-section-height-default\" data-id=\"36e9b93d\" data-element_type=\"section\" data-e-type=\"section\">\n\t\t\t\t\t\t<div class=\"elementor-container elementor-column-gap-default\">\n\t\t\t\t\t<div class=\"elementor-column elementor-col-50 elementor-inner-column elementor-element elementor-element-3e8dc24a\" data-id=\"3e8dc24a\" data-element_type=\"column\" data-e-type=\"column\">\n\t\t\t<div class=\"elementor-widget-wrap elementor-element-populated\">\n\t\t\t\t\t\t<div class=\"elementor-element elementor-element-1fedc67f elementor-widget elementor-widget-heading\" data-id=\"1fedc67f\" data-element_type=\"widget\" data-e-type=\"widget\" data-widget_type=\"heading.default\">\n\t\t\t\t<div class=\"elementor-widget-container\">\n\t\t\t\t\t<span class=\"elementor-heading-title elementor-size-default\">Nos Competences<\/span>\t\t\t\t<\/div>\n\t\t\t\t<\/div>\n\t\t\t\t<div class=\"elementor-element elementor-element-618129ac elementor-widget elementor-widget-heading\" data-id=\"618129ac\" data-element_type=\"widget\" data-e-type=\"widget\" data-widget_type=\"heading.default\">\n\t\t\t\t<div class=\"elementor-widget-container\">\n\t\t\t\t\t<span class=\"elementor-heading-title elementor-size-default\">Loi sur l\u2019enregistrement des renseignements sur les d\u00e9linquants sexuels (LERDS)<\/span>\t\t\t\t<\/div>\n\t\t\t\t<\/div>\n\t\t\t\t\t<\/div>\n\t\t<\/div>\n\t\t\t\t<div class=\"elementor-column elementor-col-50 elementor-inner-column elementor-element elementor-element-689774cf\" data-id=\"689774cf\" data-element_type=\"column\" data-e-type=\"column\">\n\t\t\t<div class=\"elementor-widget-wrap elementor-element-populated\">\n\t\t\t\t\t\t<div class=\"elementor-element elementor-element-729751c4 elementor-widget elementor-widget-text-editor\" data-id=\"729751c4\" data-element_type=\"widget\" data-e-type=\"widget\" data-widget_type=\"text-editor.default\">\n\t\t\t\t<div class=\"elementor-widget-container\">\n\t\t\t\t\t\t\t\t\t<p>L\u2019acronyme LERDS d\u00e9signe la <em>Loi sur l\u2019enregistrement de renseignements sur les d\u00e9linquants sexuels.<\/em> Il s\u2019agit d\u2019une loi f\u00e9d\u00e9rale canadienne qui oblige les personnes reconnues coupables d\u2019infractions sexuelles d\u00e9sign\u00e9es \u00e0 enregistrer des renseignements personnels aupr\u00e8s de la police pendant une p\u00e9riode d\u00e9termin\u00e9e par le tribunal. L\u2019objectif de LERDS est d\u2019aider la police \u00e0 enqu\u00eater sur les crimes de nature sexuelle en lui fournissant des informations sur les personnes qui ont \u00e9t\u00e9 condamn\u00e9es pour des infractions sexuelles. Les informations recueillies comprennent le nom, l\u2019adresse, la date de naissance et une description de l\u2019apparence physique de la personne, ainsi que des d\u00e9tails sur la nature de l\u2019infraction pour laquelle elle a \u00e9t\u00e9 condamn\u00e9e. Les informations recueillies sont mises \u00e0 la disposition des forces de l\u2019ordre et sont utilis\u00e9es pour aider \u00e0 pr\u00e9venir et \u00e0 enqu\u00eater sur les crimes de nature sexuels.<\/p>\t\t\t\t\t\t\t\t<\/div>\n\t\t\t\t<\/div>\n\t\t\t\t\t<\/div>\n\t\t<\/div>\n\t\t\t\t\t<\/div>\n\t\t<\/section>\n\t\t\t\t\t<\/div>\n\t\t<\/div>\n\t\t\t\t\t<\/div>\n\t\t<\/section>\n\t\t\t\t<\/div>\n\t\t","protected":false},"excerpt":{"rendered":"<p>Loi sur l\u2019enregistrement des renseignements sur les d\u00e9linquants sexuels (LERDS) Nos Competences Loi sur l\u2019enregistrement des renseignements sur les d\u00e9linquants sexuels (LERDS) L\u2019acronyme LERDS d\u00e9signe la Loi sur l\u2019enregistrement de renseignements sur les d\u00e9linquants sexuels. Il s\u2019agit d\u2019une loi f\u00e9d\u00e9rale canadienne qui oblige les personnes reconnues coupables d\u2019infractions sexuelles d\u00e9sign\u00e9es \u00e0 enregistrer des renseignements personnels [&hellip;]<\/p>\n","protected":false},"author":5,"featured_media":0,"parent":2252,"menu_order":3,"comment_status":"closed","ping_status":"closed","template":"","meta":{"footnotes":""},"class_list":["post-2254","page","type-page","status-publish","hentry"],"yoast_head":"<!-- This site is optimized with the Yoast SEO plugin v27.2 - https:\/\/yoast.com\/product\/yoast-seo-wordpress\/ -->\n<title>Loi sur l&#039;enregistrement des renseignements sur les d\u00e9linquants sexuels (SOIRA) - Frouhar Law<\/title>\n<meta name=\"robots\" content=\"index, follow, max-snippet:-1, max-image-preview:large, max-video-preview:-1\" \/>\n<link rel=\"canonical\" href=\"https:\/\/frouharlaw.com\/our-expertise\/sexual-offences\/soira\/\" \/>\n<meta property=\"og:locale\" content=\"fr_FR\" \/>\n<meta property=\"og:type\" content=\"article\" \/>\n<meta property=\"og:title\" content=\"Loi sur l&#039;enregistrement des renseignements sur les d\u00e9linquants sexuels (SOIRA) - Frouhar Law\" \/>\n<meta property=\"og:description\" content=\"Loi sur l\u2019enregistrement des renseignements sur les d\u00e9linquants sexuels (LERDS) Nos Competences Loi sur l\u2019enregistrement des renseignements sur les d\u00e9linquants sexuels (LERDS) L\u2019acronyme LERDS d\u00e9signe la Loi sur l\u2019enregistrement de renseignements sur les d\u00e9linquants sexuels. Il s\u2019agit d\u2019une loi f\u00e9d\u00e9rale canadienne qui oblige les personnes reconnues coupables d\u2019infractions sexuelles d\u00e9sign\u00e9es \u00e0 enregistrer des renseignements personnels [&hellip;]\" \/>\n<meta property=\"og:url\" content=\"https:\/\/frouharlaw.com\/our-expertise\/sexual-offences\/soira\/\" \/>\n<meta property=\"og:site_name\" content=\"Frouhar Law\" \/>\n<meta property=\"article:modified_time\" content=\"2024-04-20T08:44:28+00:00\" \/>\n<meta property=\"og:image\" content=\"https:\/\/frouharlaw.com\/wp-content\/uploads\/frouharlaw-og.jpg\" \/>\n\t<meta property=\"og:image:width\" content=\"1200\" \/>\n\t<meta property=\"og:image:height\" content=\"630\" \/>\n\t<meta property=\"og:image:type\" content=\"image\/jpeg\" \/>\n<meta name=\"twitter:card\" content=\"summary_large_image\" \/>\n<meta name=\"twitter:label1\" content=\"Dur\u00e9e de lecture estim\u00e9e\" \/>\n\t<meta name=\"twitter:data1\" content=\"1 minute\" \/>\n<script type=\"application\/ld+json\" class=\"yoast-schema-graph\">{\"@context\":\"https:\/\/schema.org\",\"@graph\":[{\"@type\":\"WebPage\",\"@id\":\"https:\/\/frouharlaw.com\/our-expertise\/sexual-offences\/soira\/\",\"url\":\"https:\/\/frouharlaw.com\/our-expertise\/sexual-offences\/soira\/\",\"name\":\"Loi sur l'enregistrement des renseignements sur les d\u00e9linquants sexuels (SOIRA) - Frouhar Law\",\"isPartOf\":{\"@id\":\"https:\/\/frouharlaw.com\/#website\"},\"datePublished\":\"2023-02-10T17:55:15+00:00\",\"dateModified\":\"2024-04-20T08:44:28+00:00\",\"breadcrumb\":{\"@id\":\"https:\/\/frouharlaw.com\/our-expertise\/sexual-offences\/soira\/#breadcrumb\"},\"inLanguage\":\"fr-FR\",\"potentialAction\":[{\"@type\":\"ReadAction\",\"target\":[\"https:\/\/frouharlaw.com\/our-expertise\/sexual-offences\/soira\/\"]}]},{\"@type\":\"BreadcrumbList\",\"@id\":\"https:\/\/frouharlaw.com\/our-expertise\/sexual-offences\/soira\/#breadcrumb\",\"itemListElement\":[{\"@type\":\"ListItem\",\"position\":1,\"name\":\"Home\",\"item\":\"https:\/\/frouharlaw.com\/fr\/\"},{\"@type\":\"ListItem\",\"position\":2,\"name\":\"Comp\u00e9tences\",\"item\":\"https:\/\/frouharlaw.com\/fr\/notre-expertise\/\"},{\"@type\":\"ListItem\",\"position\":3,\"name\":\"Infractions sexuelles\",\"item\":\"https:\/\/frouharlaw.com\/our-expertise\/sexual-offences\/\"},{\"@type\":\"ListItem\",\"position\":4,\"name\":\"Loi sur l&#8217;enregistrement des renseignements sur les d\u00e9linquants sexuels (SOIRA)\"}]},{\"@type\":\"WebSite\",\"@id\":\"https:\/\/frouharlaw.com\/#website\",\"url\":\"https:\/\/frouharlaw.com\/\",\"name\":\"Frouhar Law\",\"description\":\"Determined. Creative. Tireless. Passionate.\",\"publisher\":{\"@id\":\"https:\/\/frouharlaw.com\/#organization\"},\"potentialAction\":[{\"@type\":\"SearchAction\",\"target\":{\"@type\":\"EntryPoint\",\"urlTemplate\":\"https:\/\/frouharlaw.com\/?s={search_term_string}\"},\"query-input\":{\"@type\":\"PropertyValueSpecification\",\"valueRequired\":true,\"valueName\":\"search_term_string\"}}],\"inLanguage\":\"fr-FR\"},{\"@type\":\"Organization\",\"@id\":\"https:\/\/frouharlaw.com\/#organization\",\"name\":\"Frouhar Law\",\"url\":\"https:\/\/frouharlaw.com\/\",\"logo\":{\"@type\":\"ImageObject\",\"inLanguage\":\"fr-FR\",\"@id\":\"https:\/\/frouharlaw.com\/#\/schema\/logo\/image\/\",\"url\":\"https:\/\/frouharlaw.com\/wp-content\/uploads\/frouhar-law-logo.png\",\"contentUrl\":\"https:\/\/frouharlaw.com\/wp-content\/uploads\/frouhar-law-logo.png\",\"width\":3601,\"height\":3600,\"caption\":\"Frouhar Law\"},\"image\":{\"@id\":\"https:\/\/frouharlaw.com\/#\/schema\/logo\/image\/\"}}]}<\/script>\n<!-- \/ Yoast SEO plugin. -->","yoast_head_json":{"title":"Loi sur l'enregistrement des renseignements sur les d\u00e9linquants sexuels (SOIRA) - Frouhar Law","robots":{"index":"index","follow":"follow","max-snippet":"max-snippet:-1","max-image-preview":"max-image-preview:large","max-video-preview":"max-video-preview:-1"},"canonical":"https:\/\/frouharlaw.com\/our-expertise\/sexual-offences\/soira\/","og_locale":"fr_FR","og_type":"article","og_title":"Loi sur l'enregistrement des renseignements sur les d\u00e9linquants sexuels (SOIRA) - Frouhar Law","og_description":"Loi sur l\u2019enregistrement des renseignements sur les d\u00e9linquants sexuels (LERDS) Nos Competences Loi sur l\u2019enregistrement des renseignements sur les d\u00e9linquants sexuels (LERDS) L\u2019acronyme LERDS d\u00e9signe la Loi sur l\u2019enregistrement de renseignements sur les d\u00e9linquants sexuels. Il s\u2019agit d\u2019une loi f\u00e9d\u00e9rale canadienne qui oblige les personnes reconnues coupables d\u2019infractions sexuelles d\u00e9sign\u00e9es \u00e0 enregistrer des renseignements personnels [&hellip;]","og_url":"https:\/\/frouharlaw.com\/our-expertise\/sexual-offences\/soira\/","og_site_name":"Frouhar Law","article_modified_time":"2024-04-20T08:44:28+00:00","og_image":[{"width":1200,"height":630,"url":"https:\/\/frouharlaw.com\/wp-content\/uploads\/frouharlaw-og.jpg","type":"image\/jpeg"}],"twitter_card":"summary_large_image","twitter_misc":{"Dur\u00e9e de lecture estim\u00e9e":"1 minute"},"schema":{"@context":"https:\/\/schema.org","@graph":[{"@type":"WebPage","@id":"https:\/\/frouharlaw.com\/our-expertise\/sexual-offences\/soira\/","url":"https:\/\/frouharlaw.com\/our-expertise\/sexual-offences\/soira\/","name":"Loi sur l'enregistrement des renseignements sur les d\u00e9linquants sexuels (SOIRA) - Frouhar Law","isPartOf":{"@id":"https:\/\/frouharlaw.com\/#website"},"datePublished":"2023-02-10T17:55:15+00:00","dateModified":"2024-04-20T08:44:28+00:00","breadcrumb":{"@id":"https:\/\/frouharlaw.com\/our-expertise\/sexual-offences\/soira\/#breadcrumb"},"inLanguage":"fr-FR","potentialAction":[{"@type":"ReadAction","target":["https:\/\/frouharlaw.com\/our-expertise\/sexual-offences\/soira\/"]}]},{"@type":"BreadcrumbList","@id":"https:\/\/frouharlaw.com\/our-expertise\/sexual-offences\/soira\/#breadcrumb","itemListElement":[{"@type":"ListItem","position":1,"name":"Home","item":"https:\/\/frouharlaw.com\/fr\/"},{"@type":"ListItem","position":2,"name":"Comp\u00e9tences","item":"https:\/\/frouharlaw.com\/fr\/notre-expertise\/"},{"@type":"ListItem","position":3,"name":"Infractions sexuelles","item":"https:\/\/frouharlaw.com\/our-expertise\/sexual-offences\/"},{"@type":"ListItem","position":4,"name":"Loi sur l&#8217;enregistrement des renseignements sur les d\u00e9linquants sexuels (SOIRA)"}]},{"@type":"WebSite","@id":"https:\/\/frouharlaw.com\/#website","url":"https:\/\/frouharlaw.com\/","name":"Frouhar Law","description":"Determined. Creative. Tireless. Passionate.","publisher":{"@id":"https:\/\/frouharlaw.com\/#organization"},"potentialAction":[{"@type":"SearchAction","target":{"@type":"EntryPoint","urlTemplate":"https:\/\/frouharlaw.com\/?s={search_term_string}"},"query-input":{"@type":"PropertyValueSpecification","valueRequired":true,"valueName":"search_term_string"}}],"inLanguage":"fr-FR"},{"@type":"Organization","@id":"https:\/\/frouharlaw.com\/#organization","name":"Frouhar Law","url":"https:\/\/frouharlaw.com\/","logo":{"@type":"ImageObject","inLanguage":"fr-FR","@id":"https:\/\/frouharlaw.com\/#\/schema\/logo\/image\/","url":"https:\/\/frouharlaw.com\/wp-content\/uploads\/frouhar-law-logo.png","contentUrl":"https:\/\/frouharlaw.com\/wp-content\/uploads\/frouhar-law-logo.png","width":3601,"height":3600,"caption":"Frouhar Law"},"image":{"@id":"https:\/\/frouharlaw.com\/#\/schema\/logo\/image\/"}}]}},"_links":{"self":[{"href":"https:\/\/frouharlaw.com\/fr\/wp-json\/wp\/v2\/pages\/2254","targetHints":{"allow":["GET"]}}],"collection":[{"href":"https:\/\/frouharlaw.com\/fr\/wp-json\/wp\/v2\/pages"}],"about":[{"href":"https:\/\/frouharlaw.com\/fr\/wp-json\/wp\/v2\/types\/page"}],"author":[{"embeddable":true,"href":"https:\/\/frouharlaw.com\/fr\/wp-json\/wp\/v2\/users\/5"}],"replies":[{"embeddable":true,"href":"https:\/\/frouharlaw.com\/fr\/wp-json\/wp\/v2\/comments?post=2254"}],"version-history":[{"count":16,"href":"https:\/\/frouharlaw.com\/fr\/wp-json\/wp\/v2\/pages\/2254\/revisions"}],"predecessor-version":[{"id":3891,"href":"https:\/\/frouharlaw.com\/fr\/wp-json\/wp\/v2\/pages\/2254\/revisions\/3891"}],"up":[{"embeddable":true,"href":"https:\/\/frouharlaw.com\/fr\/wp-json\/wp\/v2\/pages\/2252"}],"wp:attachment":[{"href":"https:\/\/frouharlaw.com\/fr\/wp-json\/wp\/v2\/media?parent=2254"}],"curies":[{"name":"wp","href":"https:\/\/api.w.org\/{rel}","templated":true}]}}