{"id":2262,"date":"2023-02-10T17:54:32","date_gmt":"2023-02-10T17:54:32","guid":{"rendered":"https:\/\/frouharlaw.com\/notre-expertise\/infractions-contre-les-biens\/possession-de-biens-criminellement-obtenus\/"},"modified":"2024-04-20T04:54:03","modified_gmt":"2024-04-20T04:54:03","slug":"possession-de-biens-criminellement-obtenus","status":"publish","type":"page","link":"https:\/\/frouharlaw.com\/fr\/notre-expertise\/infractions-contre-les-biens\/possession-de-biens-criminellement-obtenus\/","title":{"rendered":"Possession de biens criminellement obtenus"},"content":{"rendered":"\t\t<div data-elementor-type=\"wp-page\" data-elementor-id=\"2262\" class=\"elementor elementor-2262 elementor-1434\" data-elementor-post-type=\"page\">\n\t\t\t\t\t\t<section data-particle_enable=\"false\" data-particle-mobile-disabled=\"false\" class=\"elementor-section elementor-top-section elementor-element elementor-element-230d0444 elementor-section-height-min-height elementor-section-boxed elementor-section-height-default elementor-section-items-middle\" data-id=\"230d0444\" data-element_type=\"section\" data-e-type=\"section\" data-settings=\"{&quot;background_background&quot;:&quot;classic&quot;}\">\n\t\t\t\t\t\t\t<div class=\"elementor-background-overlay\"><\/div>\n\t\t\t\t\t\t\t<div class=\"elementor-container elementor-column-gap-default\">\n\t\t\t\t\t<div class=\"elementor-column elementor-col-100 elementor-top-column elementor-element elementor-element-5bcf6d0b\" data-id=\"5bcf6d0b\" data-element_type=\"column\" data-e-type=\"column\">\n\t\t\t<div class=\"elementor-widget-wrap elementor-element-populated\">\n\t\t\t\t\t\t<div class=\"elementor-element elementor-element-2182b215 elementor-widget elementor-widget-heading\" data-id=\"2182b215\" data-element_type=\"widget\" data-e-type=\"widget\" data-widget_type=\"heading.default\">\n\t\t\t\t<div class=\"elementor-widget-container\">\n\t\t\t\t\t<h1 class=\"elementor-heading-title elementor-size-default\">Possession de biens criminellement obtenus<\/h1>\t\t\t\t<\/div>\n\t\t\t\t<\/div>\n\t\t\t\t\t<\/div>\n\t\t<\/div>\n\t\t\t\t\t<\/div>\n\t\t<\/section>\n\t\t\t\t<section data-particle_enable=\"false\" data-particle-mobile-disabled=\"false\" class=\"elementor-section elementor-top-section elementor-element elementor-element-35552932 elementor-section-boxed elementor-section-height-default elementor-section-height-default\" data-id=\"35552932\" data-element_type=\"section\" data-e-type=\"section\">\n\t\t\t\t\t\t<div class=\"elementor-container elementor-column-gap-default\">\n\t\t\t\t\t<div class=\"elementor-column elementor-col-100 elementor-top-column elementor-element elementor-element-751e3c83\" data-id=\"751e3c83\" data-element_type=\"column\" data-e-type=\"column\">\n\t\t\t<div class=\"elementor-widget-wrap elementor-element-populated\">\n\t\t\t\t\t\t<section data-particle_enable=\"false\" data-particle-mobile-disabled=\"false\" class=\"elementor-section elementor-inner-section elementor-element elementor-element-622acfa7 elementor-section-boxed elementor-section-height-default elementor-section-height-default\" data-id=\"622acfa7\" data-element_type=\"section\" data-e-type=\"section\">\n\t\t\t\t\t\t<div class=\"elementor-container elementor-column-gap-default\">\n\t\t\t\t\t<div class=\"elementor-column elementor-col-50 elementor-inner-column elementor-element elementor-element-75279481\" data-id=\"75279481\" data-element_type=\"column\" data-e-type=\"column\">\n\t\t\t<div class=\"elementor-widget-wrap elementor-element-populated\">\n\t\t\t\t\t\t<div class=\"elementor-element elementor-element-3db000cf elementor-widget elementor-widget-heading\" data-id=\"3db000cf\" data-element_type=\"widget\" data-e-type=\"widget\" data-widget_type=\"heading.default\">\n\t\t\t\t<div class=\"elementor-widget-container\">\n\t\t\t\t\t<span class=\"elementor-heading-title elementor-size-default\">Nos Competences<\/span>\t\t\t\t<\/div>\n\t\t\t\t<\/div>\n\t\t\t\t<div class=\"elementor-element elementor-element-7639774a elementor-widget elementor-widget-heading\" data-id=\"7639774a\" data-element_type=\"widget\" data-e-type=\"widget\" data-widget_type=\"heading.default\">\n\t\t\t\t<div class=\"elementor-widget-container\">\n\t\t\t\t\t<span class=\"elementor-heading-title elementor-size-default\">Possession de biens criminellement obtenus<\/span>\t\t\t\t<\/div>\n\t\t\t\t<\/div>\n\t\t\t\t\t<\/div>\n\t\t<\/div>\n\t\t\t\t<div class=\"elementor-column elementor-col-50 elementor-inner-column elementor-element elementor-element-459660b6\" data-id=\"459660b6\" data-element_type=\"column\" data-e-type=\"column\">\n\t\t\t<div class=\"elementor-widget-wrap elementor-element-populated\">\n\t\t\t\t\t\t<div class=\"elementor-element elementor-element-6b2f2286 elementor-widget elementor-widget-text-editor\" data-id=\"6b2f2286\" data-element_type=\"widget\" data-e-type=\"widget\" data-widget_type=\"text-editor.default\">\n\t\t\t\t<div class=\"elementor-widget-container\">\n\t\t\t\t\t\t\t\t\t<p>Il y a possession de biens criminellement obtenus lorsqu\u2019une personne poss\u00e8de ou contr\u00f4le des biens dont elle sait ou devrait savoir qu\u2019ils ont \u00e9t\u00e9 criminellement obtenus. Cela inclut les biens qui ont \u00e9t\u00e9 vol\u00e9s, obtenus frauduleusement ou autrement obtenus par des moyens ill\u00e9gaux. Les peines pour possession de biens criminellement obtenus peuvent aller d\u2019une amende et d\u2019une peine d\u2019emprisonnement \u00e0 un casier judiciaire et une tache permanente sur la r\u00e9putation d\u2019une personne. La s\u00e9v\u00e9rit\u00e9 de la peine d\u00e9pend des circonstances de l\u2019infraction, telles que la valeur du bien et le pr\u00e9judice caus\u00e9 \u00e0 la victime. Il est important de noter que la possession de biens criminellement obtenus est une infraction criminelle grave qui peut avoir de lourdes cons\u00e9quences pour l\u2019accus\u00e9. Si vous avez \u00e9t\u00e9 accus\u00e9 de cette infraction, il est important de rechercher des conseils et un soutien juridique d\u00e8s que possible.<\/p>\t\t\t\t\t\t\t\t<\/div>\n\t\t\t\t<\/div>\n\t\t\t\t\t<\/div>\n\t\t<\/div>\n\t\t\t\t\t<\/div>\n\t\t<\/section>\n\t\t\t\t\t<\/div>\n\t\t<\/div>\n\t\t\t\t\t<\/div>\n\t\t<\/section>\n\t\t\t\t<\/div>\n\t\t","protected":false},"excerpt":{"rendered":"<p>Nos Competences Il y a possession de biens criminellement obtenus lorsqu\u2019une personne poss\u00e8de ou contr\u00f4le des biens dont elle sait ou devrait savoir qu\u2019ils ont \u00e9t\u00e9 criminellement obtenus. Cela inclut les biens qui ont \u00e9t\u00e9 vol\u00e9s, obtenus frauduleusement ou autrement obtenus par des moyens ill\u00e9gaux. Les peines pour possession de biens criminellement obtenus peuvent aller [&hellip;]<\/p>\n","protected":false},"author":5,"featured_media":0,"parent":2260,"menu_order":6,"comment_status":"closed","ping_status":"closed","template":"","meta":{"footnotes":""},"class_list":["post-2262","page","type-page","status-publish","hentry"],"yoast_head":"<!-- This site is optimized with the Yoast SEO plugin v27.2 - https:\/\/yoast.com\/product\/yoast-seo-wordpress\/ -->\n<title>Possession de biens criminellement obtenus - Frouhar Law<\/title>\n<meta name=\"robots\" content=\"index, follow, max-snippet:-1, max-image-preview:large, max-video-preview:-1\" \/>\n<link rel=\"canonical\" href=\"https:\/\/frouharlaw.com\/our-expertise\/offences-against-rights-of-property\/possession-of-property-obtained-by-crime\/\" \/>\n<meta property=\"og:locale\" content=\"fr_FR\" \/>\n<meta property=\"og:type\" content=\"article\" \/>\n<meta property=\"og:title\" content=\"Possession de biens criminellement obtenus - Frouhar Law\" \/>\n<meta property=\"og:description\" content=\"Nos Competences Il y a possession de biens criminellement obtenus lorsqu\u2019une personne poss\u00e8de ou contr\u00f4le des biens dont elle sait ou devrait savoir qu\u2019ils ont \u00e9t\u00e9 criminellement obtenus. Cela inclut les biens qui ont \u00e9t\u00e9 vol\u00e9s, obtenus frauduleusement ou autrement obtenus par des moyens ill\u00e9gaux. Les peines pour possession de biens criminellement obtenus peuvent aller [&hellip;]\" \/>\n<meta property=\"og:url\" content=\"https:\/\/frouharlaw.com\/our-expertise\/offences-against-rights-of-property\/possession-of-property-obtained-by-crime\/\" \/>\n<meta property=\"og:site_name\" content=\"Frouhar Law\" \/>\n<meta property=\"article:modified_time\" content=\"2024-04-20T04:54:03+00:00\" \/>\n<meta property=\"og:image\" content=\"https:\/\/frouharlaw.com\/wp-content\/uploads\/frouharlaw-og.jpg\" \/>\n\t<meta property=\"og:image:width\" content=\"1200\" \/>\n\t<meta property=\"og:image:height\" content=\"630\" \/>\n\t<meta property=\"og:image:type\" content=\"image\/jpeg\" \/>\n<meta name=\"twitter:card\" content=\"summary_large_image\" \/>\n<meta name=\"twitter:label1\" content=\"Dur\u00e9e de lecture estim\u00e9e\" \/>\n\t<meta name=\"twitter:data1\" content=\"1 minute\" \/>\n<script type=\"application\/ld+json\" class=\"yoast-schema-graph\">{\"@context\":\"https:\/\/schema.org\",\"@graph\":[{\"@type\":\"WebPage\",\"@id\":\"https:\/\/frouharlaw.com\/our-expertise\/offences-against-rights-of-property\/possession-of-property-obtained-by-crime\/\",\"url\":\"https:\/\/frouharlaw.com\/our-expertise\/offences-against-rights-of-property\/possession-of-property-obtained-by-crime\/\",\"name\":\"Possession de biens criminellement obtenus - Frouhar Law\",\"isPartOf\":{\"@id\":\"https:\/\/frouharlaw.com\/#website\"},\"datePublished\":\"2023-02-10T17:54:32+00:00\",\"dateModified\":\"2024-04-20T04:54:03+00:00\",\"breadcrumb\":{\"@id\":\"https:\/\/frouharlaw.com\/our-expertise\/offences-against-rights-of-property\/possession-of-property-obtained-by-crime\/#breadcrumb\"},\"inLanguage\":\"fr-FR\",\"potentialAction\":[{\"@type\":\"ReadAction\",\"target\":[\"https:\/\/frouharlaw.com\/our-expertise\/offences-against-rights-of-property\/possession-of-property-obtained-by-crime\/\"]}]},{\"@type\":\"BreadcrumbList\",\"@id\":\"https:\/\/frouharlaw.com\/our-expertise\/offences-against-rights-of-property\/possession-of-property-obtained-by-crime\/#breadcrumb\",\"itemListElement\":[{\"@type\":\"ListItem\",\"position\":1,\"name\":\"Home\",\"item\":\"https:\/\/frouharlaw.com\/fr\/\"},{\"@type\":\"ListItem\",\"position\":2,\"name\":\"Comp\u00e9tences\",\"item\":\"https:\/\/frouharlaw.com\/fr\/notre-expertise\/\"},{\"@type\":\"ListItem\",\"position\":3,\"name\":\"Infractions contre les biens\",\"item\":\"https:\/\/frouharlaw.com\/our-expertise\/offences-against-rights-of-property\/\"},{\"@type\":\"ListItem\",\"position\":4,\"name\":\"Possession de biens criminellement obtenus\"}]},{\"@type\":\"WebSite\",\"@id\":\"https:\/\/frouharlaw.com\/#website\",\"url\":\"https:\/\/frouharlaw.com\/\",\"name\":\"Frouhar Law\",\"description\":\"Determined. Creative. Tireless. Passionate.\",\"publisher\":{\"@id\":\"https:\/\/frouharlaw.com\/#organization\"},\"potentialAction\":[{\"@type\":\"SearchAction\",\"target\":{\"@type\":\"EntryPoint\",\"urlTemplate\":\"https:\/\/frouharlaw.com\/?s={search_term_string}\"},\"query-input\":{\"@type\":\"PropertyValueSpecification\",\"valueRequired\":true,\"valueName\":\"search_term_string\"}}],\"inLanguage\":\"fr-FR\"},{\"@type\":\"Organization\",\"@id\":\"https:\/\/frouharlaw.com\/#organization\",\"name\":\"Frouhar Law\",\"url\":\"https:\/\/frouharlaw.com\/\",\"logo\":{\"@type\":\"ImageObject\",\"inLanguage\":\"fr-FR\",\"@id\":\"https:\/\/frouharlaw.com\/#\/schema\/logo\/image\/\",\"url\":\"https:\/\/frouharlaw.com\/wp-content\/uploads\/frouhar-law-logo.png\",\"contentUrl\":\"https:\/\/frouharlaw.com\/wp-content\/uploads\/frouhar-law-logo.png\",\"width\":3601,\"height\":3600,\"caption\":\"Frouhar Law\"},\"image\":{\"@id\":\"https:\/\/frouharlaw.com\/#\/schema\/logo\/image\/\"}}]}<\/script>\n<!-- \/ Yoast SEO plugin. -->","yoast_head_json":{"title":"Possession de biens criminellement obtenus - Frouhar Law","robots":{"index":"index","follow":"follow","max-snippet":"max-snippet:-1","max-image-preview":"max-image-preview:large","max-video-preview":"max-video-preview:-1"},"canonical":"https:\/\/frouharlaw.com\/our-expertise\/offences-against-rights-of-property\/possession-of-property-obtained-by-crime\/","og_locale":"fr_FR","og_type":"article","og_title":"Possession de biens criminellement obtenus - Frouhar Law","og_description":"Nos Competences Il y a possession de biens criminellement obtenus lorsqu\u2019une personne poss\u00e8de ou contr\u00f4le des biens dont elle sait ou devrait savoir qu\u2019ils ont \u00e9t\u00e9 criminellement obtenus. Cela inclut les biens qui ont \u00e9t\u00e9 vol\u00e9s, obtenus frauduleusement ou autrement obtenus par des moyens ill\u00e9gaux. Les peines pour possession de biens criminellement obtenus peuvent aller [&hellip;]","og_url":"https:\/\/frouharlaw.com\/our-expertise\/offences-against-rights-of-property\/possession-of-property-obtained-by-crime\/","og_site_name":"Frouhar Law","article_modified_time":"2024-04-20T04:54:03+00:00","og_image":[{"width":1200,"height":630,"url":"https:\/\/frouharlaw.com\/wp-content\/uploads\/frouharlaw-og.jpg","type":"image\/jpeg"}],"twitter_card":"summary_large_image","twitter_misc":{"Dur\u00e9e de lecture estim\u00e9e":"1 minute"},"schema":{"@context":"https:\/\/schema.org","@graph":[{"@type":"WebPage","@id":"https:\/\/frouharlaw.com\/our-expertise\/offences-against-rights-of-property\/possession-of-property-obtained-by-crime\/","url":"https:\/\/frouharlaw.com\/our-expertise\/offences-against-rights-of-property\/possession-of-property-obtained-by-crime\/","name":"Possession de biens criminellement obtenus - Frouhar Law","isPartOf":{"@id":"https:\/\/frouharlaw.com\/#website"},"datePublished":"2023-02-10T17:54:32+00:00","dateModified":"2024-04-20T04:54:03+00:00","breadcrumb":{"@id":"https:\/\/frouharlaw.com\/our-expertise\/offences-against-rights-of-property\/possession-of-property-obtained-by-crime\/#breadcrumb"},"inLanguage":"fr-FR","potentialAction":[{"@type":"ReadAction","target":["https:\/\/frouharlaw.com\/our-expertise\/offences-against-rights-of-property\/possession-of-property-obtained-by-crime\/"]}]},{"@type":"BreadcrumbList","@id":"https:\/\/frouharlaw.com\/our-expertise\/offences-against-rights-of-property\/possession-of-property-obtained-by-crime\/#breadcrumb","itemListElement":[{"@type":"ListItem","position":1,"name":"Home","item":"https:\/\/frouharlaw.com\/fr\/"},{"@type":"ListItem","position":2,"name":"Comp\u00e9tences","item":"https:\/\/frouharlaw.com\/fr\/notre-expertise\/"},{"@type":"ListItem","position":3,"name":"Infractions contre les biens","item":"https:\/\/frouharlaw.com\/our-expertise\/offences-against-rights-of-property\/"},{"@type":"ListItem","position":4,"name":"Possession de biens criminellement obtenus"}]},{"@type":"WebSite","@id":"https:\/\/frouharlaw.com\/#website","url":"https:\/\/frouharlaw.com\/","name":"Frouhar Law","description":"Determined. Creative. Tireless. Passionate.","publisher":{"@id":"https:\/\/frouharlaw.com\/#organization"},"potentialAction":[{"@type":"SearchAction","target":{"@type":"EntryPoint","urlTemplate":"https:\/\/frouharlaw.com\/?s={search_term_string}"},"query-input":{"@type":"PropertyValueSpecification","valueRequired":true,"valueName":"search_term_string"}}],"inLanguage":"fr-FR"},{"@type":"Organization","@id":"https:\/\/frouharlaw.com\/#organization","name":"Frouhar Law","url":"https:\/\/frouharlaw.com\/","logo":{"@type":"ImageObject","inLanguage":"fr-FR","@id":"https:\/\/frouharlaw.com\/#\/schema\/logo\/image\/","url":"https:\/\/frouharlaw.com\/wp-content\/uploads\/frouhar-law-logo.png","contentUrl":"https:\/\/frouharlaw.com\/wp-content\/uploads\/frouhar-law-logo.png","width":3601,"height":3600,"caption":"Frouhar Law"},"image":{"@id":"https:\/\/frouharlaw.com\/#\/schema\/logo\/image\/"}}]}},"_links":{"self":[{"href":"https:\/\/frouharlaw.com\/fr\/wp-json\/wp\/v2\/pages\/2262","targetHints":{"allow":["GET"]}}],"collection":[{"href":"https:\/\/frouharlaw.com\/fr\/wp-json\/wp\/v2\/pages"}],"about":[{"href":"https:\/\/frouharlaw.com\/fr\/wp-json\/wp\/v2\/types\/page"}],"author":[{"embeddable":true,"href":"https:\/\/frouharlaw.com\/fr\/wp-json\/wp\/v2\/users\/5"}],"replies":[{"embeddable":true,"href":"https:\/\/frouharlaw.com\/fr\/wp-json\/wp\/v2\/comments?post=2262"}],"version-history":[{"count":10,"href":"https:\/\/frouharlaw.com\/fr\/wp-json\/wp\/v2\/pages\/2262\/revisions"}],"predecessor-version":[{"id":3851,"href":"https:\/\/frouharlaw.com\/fr\/wp-json\/wp\/v2\/pages\/2262\/revisions\/3851"}],"up":[{"embeddable":true,"href":"https:\/\/frouharlaw.com\/fr\/wp-json\/wp\/v2\/pages\/2260"}],"wp:attachment":[{"href":"https:\/\/frouharlaw.com\/fr\/wp-json\/wp\/v2\/media?parent=2262"}],"curies":[{"name":"wp","href":"https:\/\/api.w.org\/{rel}","templated":true}]}}