{"id":2264,"date":"2023-02-10T17:54:19","date_gmt":"2023-02-10T17:54:19","guid":{"rendered":"https:\/\/frouharlaw.com\/notre-expertise\/infractions-contre-les-biens\/mefait-a-la-propriete\/"},"modified":"2024-04-20T04:52:32","modified_gmt":"2024-04-20T04:52:32","slug":"mefait-a-la-propriete","status":"publish","type":"page","link":"https:\/\/frouharlaw.com\/fr\/notre-expertise\/infractions-contre-les-biens\/mefait-a-la-propriete\/","title":{"rendered":"M\u00e9fait \u00e0 la propri\u00e9t\u00e9"},"content":{"rendered":"\t\t<div data-elementor-type=\"wp-page\" data-elementor-id=\"2264\" class=\"elementor elementor-2264 elementor-1432\" data-elementor-post-type=\"page\">\n\t\t\t\t\t\t<section data-particle_enable=\"false\" data-particle-mobile-disabled=\"false\" class=\"elementor-section elementor-top-section elementor-element elementor-element-1e24979e elementor-section-height-min-height elementor-section-boxed elementor-section-height-default elementor-section-items-middle\" data-id=\"1e24979e\" data-element_type=\"section\" data-e-type=\"section\" data-settings=\"{&quot;background_background&quot;:&quot;classic&quot;}\">\n\t\t\t\t\t\t\t<div class=\"elementor-background-overlay\"><\/div>\n\t\t\t\t\t\t\t<div class=\"elementor-container elementor-column-gap-default\">\n\t\t\t\t\t<div class=\"elementor-column elementor-col-100 elementor-top-column elementor-element elementor-element-7d4b55fe\" data-id=\"7d4b55fe\" data-element_type=\"column\" data-e-type=\"column\">\n\t\t\t<div class=\"elementor-widget-wrap elementor-element-populated\">\n\t\t\t\t\t\t<div class=\"elementor-element elementor-element-1a4d264b elementor-widget elementor-widget-heading\" data-id=\"1a4d264b\" data-element_type=\"widget\" data-e-type=\"widget\" data-widget_type=\"heading.default\">\n\t\t\t\t<div class=\"elementor-widget-container\">\n\t\t\t\t\t<h1 class=\"elementor-heading-title elementor-size-default\">M\u00e9fait \u00e0 la propri\u00e9t\u00e9<\/h1>\t\t\t\t<\/div>\n\t\t\t\t<\/div>\n\t\t\t\t\t<\/div>\n\t\t<\/div>\n\t\t\t\t\t<\/div>\n\t\t<\/section>\n\t\t\t\t<section data-particle_enable=\"false\" data-particle-mobile-disabled=\"false\" class=\"elementor-section elementor-top-section elementor-element elementor-element-e17856e elementor-section-boxed elementor-section-height-default elementor-section-height-default\" data-id=\"e17856e\" data-element_type=\"section\" data-e-type=\"section\">\n\t\t\t\t\t\t<div class=\"elementor-container elementor-column-gap-default\">\n\t\t\t\t\t<div class=\"elementor-column elementor-col-100 elementor-top-column elementor-element elementor-element-12bfe035\" data-id=\"12bfe035\" data-element_type=\"column\" data-e-type=\"column\">\n\t\t\t<div class=\"elementor-widget-wrap elementor-element-populated\">\n\t\t\t\t\t\t<section data-particle_enable=\"false\" data-particle-mobile-disabled=\"false\" class=\"elementor-section elementor-inner-section elementor-element elementor-element-64e20429 elementor-section-boxed elementor-section-height-default elementor-section-height-default\" data-id=\"64e20429\" data-element_type=\"section\" data-e-type=\"section\">\n\t\t\t\t\t\t<div class=\"elementor-container elementor-column-gap-default\">\n\t\t\t\t\t<div class=\"elementor-column elementor-col-50 elementor-inner-column elementor-element elementor-element-45f199a2\" data-id=\"45f199a2\" data-element_type=\"column\" data-e-type=\"column\">\n\t\t\t<div class=\"elementor-widget-wrap elementor-element-populated\">\n\t\t\t\t\t\t<div class=\"elementor-element elementor-element-b220c35 elementor-widget elementor-widget-heading\" data-id=\"b220c35\" data-element_type=\"widget\" data-e-type=\"widget\" data-widget_type=\"heading.default\">\n\t\t\t\t<div class=\"elementor-widget-container\">\n\t\t\t\t\t<span class=\"elementor-heading-title elementor-size-default\">Nos Competences<\/span>\t\t\t\t<\/div>\n\t\t\t\t<\/div>\n\t\t\t\t<div class=\"elementor-element elementor-element-c67c2ff elementor-widget elementor-widget-heading\" data-id=\"c67c2ff\" data-element_type=\"widget\" data-e-type=\"widget\" data-widget_type=\"heading.default\">\n\t\t\t\t<div class=\"elementor-widget-container\">\n\t\t\t\t\t<span class=\"elementor-heading-title elementor-size-default\">M\u00e9fait \u00e0 la propri\u00e9t\u00e9<\/span>\t\t\t\t<\/div>\n\t\t\t\t<\/div>\n\t\t\t\t\t<\/div>\n\t\t<\/div>\n\t\t\t\t<div class=\"elementor-column elementor-col-50 elementor-inner-column elementor-element elementor-element-a01a0f7\" data-id=\"a01a0f7\" data-element_type=\"column\" data-e-type=\"column\">\n\t\t\t<div class=\"elementor-widget-wrap elementor-element-populated\">\n\t\t\t\t\t\t<div class=\"elementor-element elementor-element-5475066b elementor-widget elementor-widget-text-editor\" data-id=\"5475066b\" data-element_type=\"widget\" data-e-type=\"widget\" data-widget_type=\"text-editor.default\">\n\t\t\t\t<div class=\"elementor-widget-container\">\n\t\t\t\t\t\t\t\t\t<p>Un m\u00e9fait \u00e0 la propri\u00e9t\u00e9 se produit lorsqu\u2019une personne endommage ou d\u00e9truit volontairement un bien, rend un bien dangereux, inutile, inop\u00e9rant ou ineffective, ou entrave, interrompt ou interf\u00e8re avec l\u2019utilisation, la jouissance ou le fonctionnement licite d\u2019un bien.<\/p><p>Les sanctions pour m\u00e9faits aux biens peuvent aller d\u2019une amende et d\u2019une peine d\u2019emprisonnement \u00e0 un casier judiciaire et \u00e0 une tache permanente sur la r\u00e9putation d\u2019une personne. La s\u00e9v\u00e9rit\u00e9 de la peine d\u00e9pend des circonstances de l\u2019infraction, telles que le type et la valeur des biens endommag\u00e9s, et le pr\u00e9judice caus\u00e9 \u00e0 la victime.<\/p><p>Il est important de noter que le m\u00e9fait aux biens est une infraction criminelle grave qui peut avoir de lourdes cons\u00e9quences pour l\u2019accus\u00e9. Si vous avez \u00e9t\u00e9 accus\u00e9 de m\u00e9fait aux biens, il est important de chercher des conseils juridiques d\u00e8s que possible.<\/p>\t\t\t\t\t\t\t\t<\/div>\n\t\t\t\t<\/div>\n\t\t\t\t\t<\/div>\n\t\t<\/div>\n\t\t\t\t\t<\/div>\n\t\t<\/section>\n\t\t\t\t\t<\/div>\n\t\t<\/div>\n\t\t\t\t\t<\/div>\n\t\t<\/section>\n\t\t\t\t<\/div>\n\t\t","protected":false},"excerpt":{"rendered":"<p>Nos Competences Un m\u00e9fait \u00e0 la propri\u00e9t\u00e9 se produit lorsqu\u2019une personne endommage ou d\u00e9truit volontairement un bien, rend un bien dangereux, inutile, inop\u00e9rant ou ineffective, ou entrave, interrompt ou interf\u00e8re avec l\u2019utilisation, la jouissance ou le fonctionnement licite d\u2019un bien. Les sanctions pour m\u00e9faits aux biens peuvent aller d\u2019une amende et d\u2019une peine d\u2019emprisonnement \u00e0 [&hellip;]<\/p>\n","protected":false},"author":5,"featured_media":0,"parent":2260,"menu_order":7,"comment_status":"closed","ping_status":"closed","template":"","meta":{"footnotes":""},"class_list":["post-2264","page","type-page","status-publish","hentry"],"yoast_head":"<!-- This site is optimized with the Yoast SEO plugin v27.2 - https:\/\/yoast.com\/product\/yoast-seo-wordpress\/ -->\n<title>M\u00e9fait \u00e0 la propri\u00e9t\u00e9 - Frouhar Law<\/title>\n<meta name=\"robots\" content=\"index, follow, max-snippet:-1, max-image-preview:large, max-video-preview:-1\" \/>\n<link rel=\"canonical\" href=\"https:\/\/frouharlaw.com\/our-expertise\/offences-against-rights-of-property\/mischief-to-property\/\" \/>\n<meta property=\"og:locale\" content=\"fr_FR\" \/>\n<meta property=\"og:type\" content=\"article\" \/>\n<meta property=\"og:title\" content=\"M\u00e9fait \u00e0 la propri\u00e9t\u00e9 - Frouhar Law\" \/>\n<meta property=\"og:description\" content=\"Nos Competences Un m\u00e9fait \u00e0 la propri\u00e9t\u00e9 se produit lorsqu\u2019une personne endommage ou d\u00e9truit volontairement un bien, rend un bien dangereux, inutile, inop\u00e9rant ou ineffective, ou entrave, interrompt ou interf\u00e8re avec l\u2019utilisation, la jouissance ou le fonctionnement licite d\u2019un bien. Les sanctions pour m\u00e9faits aux biens peuvent aller d\u2019une amende et d\u2019une peine d\u2019emprisonnement \u00e0 [&hellip;]\" \/>\n<meta property=\"og:url\" content=\"https:\/\/frouharlaw.com\/our-expertise\/offences-against-rights-of-property\/mischief-to-property\/\" \/>\n<meta property=\"og:site_name\" content=\"Frouhar Law\" \/>\n<meta property=\"article:modified_time\" content=\"2024-04-20T04:52:32+00:00\" \/>\n<meta property=\"og:image\" content=\"https:\/\/frouharlaw.com\/wp-content\/uploads\/frouharlaw-og.jpg\" \/>\n\t<meta property=\"og:image:width\" content=\"1200\" \/>\n\t<meta property=\"og:image:height\" content=\"630\" \/>\n\t<meta property=\"og:image:type\" content=\"image\/jpeg\" \/>\n<meta name=\"twitter:card\" content=\"summary_large_image\" \/>\n<meta name=\"twitter:label1\" content=\"Dur\u00e9e de lecture estim\u00e9e\" \/>\n\t<meta name=\"twitter:data1\" content=\"1 minute\" \/>\n<script type=\"application\/ld+json\" class=\"yoast-schema-graph\">{\"@context\":\"https:\/\/schema.org\",\"@graph\":[{\"@type\":\"WebPage\",\"@id\":\"https:\/\/frouharlaw.com\/our-expertise\/offences-against-rights-of-property\/mischief-to-property\/\",\"url\":\"https:\/\/frouharlaw.com\/our-expertise\/offences-against-rights-of-property\/mischief-to-property\/\",\"name\":\"M\u00e9fait \u00e0 la propri\u00e9t\u00e9 - Frouhar Law\",\"isPartOf\":{\"@id\":\"https:\/\/frouharlaw.com\/#website\"},\"datePublished\":\"2023-02-10T17:54:19+00:00\",\"dateModified\":\"2024-04-20T04:52:32+00:00\",\"breadcrumb\":{\"@id\":\"https:\/\/frouharlaw.com\/our-expertise\/offences-against-rights-of-property\/mischief-to-property\/#breadcrumb\"},\"inLanguage\":\"fr-FR\",\"potentialAction\":[{\"@type\":\"ReadAction\",\"target\":[\"https:\/\/frouharlaw.com\/our-expertise\/offences-against-rights-of-property\/mischief-to-property\/\"]}]},{\"@type\":\"BreadcrumbList\",\"@id\":\"https:\/\/frouharlaw.com\/our-expertise\/offences-against-rights-of-property\/mischief-to-property\/#breadcrumb\",\"itemListElement\":[{\"@type\":\"ListItem\",\"position\":1,\"name\":\"Home\",\"item\":\"https:\/\/frouharlaw.com\/fr\/\"},{\"@type\":\"ListItem\",\"position\":2,\"name\":\"Comp\u00e9tences\",\"item\":\"https:\/\/frouharlaw.com\/fr\/notre-expertise\/\"},{\"@type\":\"ListItem\",\"position\":3,\"name\":\"Infractions contre les biens\",\"item\":\"https:\/\/frouharlaw.com\/our-expertise\/offences-against-rights-of-property\/\"},{\"@type\":\"ListItem\",\"position\":4,\"name\":\"M\u00e9fait \u00e0 la propri\u00e9t\u00e9\"}]},{\"@type\":\"WebSite\",\"@id\":\"https:\/\/frouharlaw.com\/#website\",\"url\":\"https:\/\/frouharlaw.com\/\",\"name\":\"Frouhar Law\",\"description\":\"Determined. Creative. Tireless. Passionate.\",\"publisher\":{\"@id\":\"https:\/\/frouharlaw.com\/#organization\"},\"potentialAction\":[{\"@type\":\"SearchAction\",\"target\":{\"@type\":\"EntryPoint\",\"urlTemplate\":\"https:\/\/frouharlaw.com\/?s={search_term_string}\"},\"query-input\":{\"@type\":\"PropertyValueSpecification\",\"valueRequired\":true,\"valueName\":\"search_term_string\"}}],\"inLanguage\":\"fr-FR\"},{\"@type\":\"Organization\",\"@id\":\"https:\/\/frouharlaw.com\/#organization\",\"name\":\"Frouhar Law\",\"url\":\"https:\/\/frouharlaw.com\/\",\"logo\":{\"@type\":\"ImageObject\",\"inLanguage\":\"fr-FR\",\"@id\":\"https:\/\/frouharlaw.com\/#\/schema\/logo\/image\/\",\"url\":\"https:\/\/frouharlaw.com\/wp-content\/uploads\/frouhar-law-logo.png\",\"contentUrl\":\"https:\/\/frouharlaw.com\/wp-content\/uploads\/frouhar-law-logo.png\",\"width\":3601,\"height\":3600,\"caption\":\"Frouhar Law\"},\"image\":{\"@id\":\"https:\/\/frouharlaw.com\/#\/schema\/logo\/image\/\"}}]}<\/script>\n<!-- \/ Yoast SEO plugin. -->","yoast_head_json":{"title":"M\u00e9fait \u00e0 la propri\u00e9t\u00e9 - Frouhar Law","robots":{"index":"index","follow":"follow","max-snippet":"max-snippet:-1","max-image-preview":"max-image-preview:large","max-video-preview":"max-video-preview:-1"},"canonical":"https:\/\/frouharlaw.com\/our-expertise\/offences-against-rights-of-property\/mischief-to-property\/","og_locale":"fr_FR","og_type":"article","og_title":"M\u00e9fait \u00e0 la propri\u00e9t\u00e9 - Frouhar Law","og_description":"Nos Competences Un m\u00e9fait \u00e0 la propri\u00e9t\u00e9 se produit lorsqu\u2019une personne endommage ou d\u00e9truit volontairement un bien, rend un bien dangereux, inutile, inop\u00e9rant ou ineffective, ou entrave, interrompt ou interf\u00e8re avec l\u2019utilisation, la jouissance ou le fonctionnement licite d\u2019un bien. Les sanctions pour m\u00e9faits aux biens peuvent aller d\u2019une amende et d\u2019une peine d\u2019emprisonnement \u00e0 [&hellip;]","og_url":"https:\/\/frouharlaw.com\/our-expertise\/offences-against-rights-of-property\/mischief-to-property\/","og_site_name":"Frouhar Law","article_modified_time":"2024-04-20T04:52:32+00:00","og_image":[{"width":1200,"height":630,"url":"https:\/\/frouharlaw.com\/wp-content\/uploads\/frouharlaw-og.jpg","type":"image\/jpeg"}],"twitter_card":"summary_large_image","twitter_misc":{"Dur\u00e9e de lecture estim\u00e9e":"1 minute"},"schema":{"@context":"https:\/\/schema.org","@graph":[{"@type":"WebPage","@id":"https:\/\/frouharlaw.com\/our-expertise\/offences-against-rights-of-property\/mischief-to-property\/","url":"https:\/\/frouharlaw.com\/our-expertise\/offences-against-rights-of-property\/mischief-to-property\/","name":"M\u00e9fait \u00e0 la propri\u00e9t\u00e9 - Frouhar Law","isPartOf":{"@id":"https:\/\/frouharlaw.com\/#website"},"datePublished":"2023-02-10T17:54:19+00:00","dateModified":"2024-04-20T04:52:32+00:00","breadcrumb":{"@id":"https:\/\/frouharlaw.com\/our-expertise\/offences-against-rights-of-property\/mischief-to-property\/#breadcrumb"},"inLanguage":"fr-FR","potentialAction":[{"@type":"ReadAction","target":["https:\/\/frouharlaw.com\/our-expertise\/offences-against-rights-of-property\/mischief-to-property\/"]}]},{"@type":"BreadcrumbList","@id":"https:\/\/frouharlaw.com\/our-expertise\/offences-against-rights-of-property\/mischief-to-property\/#breadcrumb","itemListElement":[{"@type":"ListItem","position":1,"name":"Home","item":"https:\/\/frouharlaw.com\/fr\/"},{"@type":"ListItem","position":2,"name":"Comp\u00e9tences","item":"https:\/\/frouharlaw.com\/fr\/notre-expertise\/"},{"@type":"ListItem","position":3,"name":"Infractions contre les biens","item":"https:\/\/frouharlaw.com\/our-expertise\/offences-against-rights-of-property\/"},{"@type":"ListItem","position":4,"name":"M\u00e9fait \u00e0 la propri\u00e9t\u00e9"}]},{"@type":"WebSite","@id":"https:\/\/frouharlaw.com\/#website","url":"https:\/\/frouharlaw.com\/","name":"Frouhar Law","description":"Determined. Creative. Tireless. Passionate.","publisher":{"@id":"https:\/\/frouharlaw.com\/#organization"},"potentialAction":[{"@type":"SearchAction","target":{"@type":"EntryPoint","urlTemplate":"https:\/\/frouharlaw.com\/?s={search_term_string}"},"query-input":{"@type":"PropertyValueSpecification","valueRequired":true,"valueName":"search_term_string"}}],"inLanguage":"fr-FR"},{"@type":"Organization","@id":"https:\/\/frouharlaw.com\/#organization","name":"Frouhar Law","url":"https:\/\/frouharlaw.com\/","logo":{"@type":"ImageObject","inLanguage":"fr-FR","@id":"https:\/\/frouharlaw.com\/#\/schema\/logo\/image\/","url":"https:\/\/frouharlaw.com\/wp-content\/uploads\/frouhar-law-logo.png","contentUrl":"https:\/\/frouharlaw.com\/wp-content\/uploads\/frouhar-law-logo.png","width":3601,"height":3600,"caption":"Frouhar Law"},"image":{"@id":"https:\/\/frouharlaw.com\/#\/schema\/logo\/image\/"}}]}},"_links":{"self":[{"href":"https:\/\/frouharlaw.com\/fr\/wp-json\/wp\/v2\/pages\/2264","targetHints":{"allow":["GET"]}}],"collection":[{"href":"https:\/\/frouharlaw.com\/fr\/wp-json\/wp\/v2\/pages"}],"about":[{"href":"https:\/\/frouharlaw.com\/fr\/wp-json\/wp\/v2\/types\/page"}],"author":[{"embeddable":true,"href":"https:\/\/frouharlaw.com\/fr\/wp-json\/wp\/v2\/users\/5"}],"replies":[{"embeddable":true,"href":"https:\/\/frouharlaw.com\/fr\/wp-json\/wp\/v2\/comments?post=2264"}],"version-history":[{"count":10,"href":"https:\/\/frouharlaw.com\/fr\/wp-json\/wp\/v2\/pages\/2264\/revisions"}],"predecessor-version":[{"id":3848,"href":"https:\/\/frouharlaw.com\/fr\/wp-json\/wp\/v2\/pages\/2264\/revisions\/3848"}],"up":[{"embeddable":true,"href":"https:\/\/frouharlaw.com\/fr\/wp-json\/wp\/v2\/pages\/2260"}],"wp:attachment":[{"href":"https:\/\/frouharlaw.com\/fr\/wp-json\/wp\/v2\/media?parent=2264"}],"curies":[{"name":"wp","href":"https:\/\/api.w.org\/{rel}","templated":true}]}}