{"id":2268,"date":"2023-02-10T17:53:43","date_gmt":"2023-02-10T17:53:43","guid":{"rendered":"https:\/\/frouharlaw.com\/notre-expertise\/infractions-contre-les-biens\/introduction-par-effraction\/"},"modified":"2024-04-20T04:50:09","modified_gmt":"2024-04-20T04:50:09","slug":"introduction-par-effraction","status":"publish","type":"page","link":"https:\/\/frouharlaw.com\/fr\/notre-expertise\/infractions-contre-les-biens\/introduction-par-effraction\/","title":{"rendered":"Introduction par effraction"},"content":{"rendered":"\t\t<div data-elementor-type=\"wp-page\" data-elementor-id=\"2268\" class=\"elementor elementor-2268 elementor-1428\" data-elementor-post-type=\"page\">\n\t\t\t\t\t\t<section data-particle_enable=\"false\" data-particle-mobile-disabled=\"false\" class=\"elementor-section elementor-top-section elementor-element elementor-element-3b0926ec elementor-section-height-min-height elementor-section-boxed elementor-section-height-default elementor-section-items-middle\" data-id=\"3b0926ec\" data-element_type=\"section\" data-e-type=\"section\" data-settings=\"{&quot;background_background&quot;:&quot;classic&quot;}\">\n\t\t\t\t\t\t\t<div class=\"elementor-background-overlay\"><\/div>\n\t\t\t\t\t\t\t<div class=\"elementor-container elementor-column-gap-default\">\n\t\t\t\t\t<div class=\"elementor-column elementor-col-100 elementor-top-column elementor-element elementor-element-6f78e078\" data-id=\"6f78e078\" data-element_type=\"column\" data-e-type=\"column\">\n\t\t\t<div class=\"elementor-widget-wrap elementor-element-populated\">\n\t\t\t\t\t\t<div class=\"elementor-element elementor-element-5b04c892 elementor-widget elementor-widget-heading\" data-id=\"5b04c892\" data-element_type=\"widget\" data-e-type=\"widget\" data-widget_type=\"heading.default\">\n\t\t\t\t<div class=\"elementor-widget-container\">\n\t\t\t\t\t<h1 class=\"elementor-heading-title elementor-size-default\">Introduction par effraction<\/h1>\t\t\t\t<\/div>\n\t\t\t\t<\/div>\n\t\t\t\t\t<\/div>\n\t\t<\/div>\n\t\t\t\t\t<\/div>\n\t\t<\/section>\n\t\t\t\t<section data-particle_enable=\"false\" data-particle-mobile-disabled=\"false\" class=\"elementor-section elementor-top-section elementor-element elementor-element-2ec56b01 elementor-section-boxed elementor-section-height-default elementor-section-height-default\" data-id=\"2ec56b01\" data-element_type=\"section\" data-e-type=\"section\">\n\t\t\t\t\t\t<div class=\"elementor-container elementor-column-gap-default\">\n\t\t\t\t\t<div class=\"elementor-column elementor-col-100 elementor-top-column elementor-element elementor-element-17009656\" data-id=\"17009656\" data-element_type=\"column\" data-e-type=\"column\">\n\t\t\t<div class=\"elementor-widget-wrap elementor-element-populated\">\n\t\t\t\t\t\t<section data-particle_enable=\"false\" data-particle-mobile-disabled=\"false\" class=\"elementor-section elementor-inner-section elementor-element elementor-element-31182ba3 elementor-section-boxed elementor-section-height-default elementor-section-height-default\" data-id=\"31182ba3\" data-element_type=\"section\" data-e-type=\"section\">\n\t\t\t\t\t\t<div class=\"elementor-container elementor-column-gap-default\">\n\t\t\t\t\t<div class=\"elementor-column elementor-col-50 elementor-inner-column elementor-element elementor-element-5d3ece94\" data-id=\"5d3ece94\" data-element_type=\"column\" data-e-type=\"column\">\n\t\t\t<div class=\"elementor-widget-wrap elementor-element-populated\">\n\t\t\t\t\t\t<div class=\"elementor-element elementor-element-38102956 elementor-widget elementor-widget-heading\" data-id=\"38102956\" data-element_type=\"widget\" data-e-type=\"widget\" data-widget_type=\"heading.default\">\n\t\t\t\t<div class=\"elementor-widget-container\">\n\t\t\t\t\t<span class=\"elementor-heading-title elementor-size-default\">Nos Competences<\/span>\t\t\t\t<\/div>\n\t\t\t\t<\/div>\n\t\t\t\t<div class=\"elementor-element elementor-element-4df2a5ef elementor-widget elementor-widget-heading\" data-id=\"4df2a5ef\" data-element_type=\"widget\" data-e-type=\"widget\" data-widget_type=\"heading.default\">\n\t\t\t\t<div class=\"elementor-widget-container\">\n\t\t\t\t\t<span class=\"elementor-heading-title elementor-size-default\">Introduction par effraction<\/span>\t\t\t\t<\/div>\n\t\t\t\t<\/div>\n\t\t\t\t\t<\/div>\n\t\t<\/div>\n\t\t\t\t<div class=\"elementor-column elementor-col-50 elementor-inner-column elementor-element elementor-element-161f7d24\" data-id=\"161f7d24\" data-element_type=\"column\" data-e-type=\"column\">\n\t\t\t<div class=\"elementor-widget-wrap elementor-element-populated\">\n\t\t\t\t\t\t<div class=\"elementor-element elementor-element-1d9340f3 elementor-widget elementor-widget-text-editor\" data-id=\"1d9340f3\" data-element_type=\"widget\" data-e-type=\"widget\" data-widget_type=\"text-editor.default\">\n\t\t\t\t<div class=\"elementor-widget-container\">\n\t\t\t\t\t\t\t\t\t<p>Il y a introduction par effraction lorsqu&rsquo;une personne p\u00e9n\u00e8tre ill\u00e9galement dans un lieu avec l&rsquo;intention de commettre un acte criminel. Cela comprend l&rsquo;introduction par effraction dans un b\u00e2timent, une habitation ou un autre lieu, et comprend l&rsquo;entr\u00e9e par une porte ou une fen\u00eatre ouverte, ainsi que l&rsquo;utilisation de faux pr\u00e9textes pour entrer.<\/p>\n<p>Les sanctions pour cette infraction peuvent aller d&rsquo;une amende et d&rsquo;une peine d&#8217;emprisonnement \u00e0 un casier judiciaire et \u00e0 une tache permanente sur la r\u00e9putation d&rsquo;une personne. La s\u00e9v\u00e9rit\u00e9 de la peine d\u00e9pend des circonstances de l&rsquo;infraction, telles que le type de propri\u00e9t\u00e9 qui a \u00e9t\u00e9 saisi et le pr\u00e9judice caus\u00e9 \u00e0 la victime.<\/p>\n<p>Il est important de noter que l&rsquo;introduction par effraction est une infraction criminelle grave qui peut avoir de lourdes cons\u00e9quences pour l&rsquo;accus\u00e9. Si vous avez \u00e9t\u00e9 accus\u00e9 d&rsquo;introduction par effraction, il est important de consulter un avocat d\u00e8s que possible.<\/p>\n\t\t\t\t\t\t\t\t<\/div>\n\t\t\t\t<\/div>\n\t\t\t\t\t<\/div>\n\t\t<\/div>\n\t\t\t\t\t<\/div>\n\t\t<\/section>\n\t\t\t\t\t<\/div>\n\t\t<\/div>\n\t\t\t\t\t<\/div>\n\t\t<\/section>\n\t\t\t\t<\/div>\n\t\t","protected":false},"excerpt":{"rendered":"<p>Introduction par effraction Nos Competences Introduction par effraction Il y a introduction par effraction lorsqu&rsquo;une personne p\u00e9n\u00e8tre ill\u00e9galement dans un lieu avec l&rsquo;intention de commettre un acte criminel. Cela comprend l&rsquo;introduction par effraction dans un b\u00e2timent, une habitation ou un autre lieu, et comprend l&rsquo;entr\u00e9e par une porte ou une fen\u00eatre ouverte, ainsi que l&rsquo;utilisation [&hellip;]<\/p>\n","protected":false},"author":5,"featured_media":0,"parent":2260,"menu_order":9,"comment_status":"closed","ping_status":"closed","template":"","meta":{"footnotes":""},"class_list":["post-2268","page","type-page","status-publish","hentry"],"yoast_head":"<!-- This site is optimized with the Yoast SEO plugin v27.2 - https:\/\/yoast.com\/product\/yoast-seo-wordpress\/ -->\n<title>Introduction par effraction - Frouhar Law<\/title>\n<meta name=\"robots\" content=\"index, follow, max-snippet:-1, max-image-preview:large, max-video-preview:-1\" \/>\n<link rel=\"canonical\" href=\"https:\/\/frouharlaw.com\/our-expertise\/offences-against-rights-of-property\/break-and-enter\/\" \/>\n<meta property=\"og:locale\" content=\"fr_FR\" \/>\n<meta property=\"og:type\" content=\"article\" \/>\n<meta property=\"og:title\" content=\"Introduction par effraction - Frouhar Law\" \/>\n<meta property=\"og:description\" content=\"Introduction par effraction Nos Competences Introduction par effraction Il y a introduction par effraction lorsqu&rsquo;une personne p\u00e9n\u00e8tre ill\u00e9galement dans un lieu avec l&rsquo;intention de commettre un acte criminel. Cela comprend l&rsquo;introduction par effraction dans un b\u00e2timent, une habitation ou un autre lieu, et comprend l&rsquo;entr\u00e9e par une porte ou une fen\u00eatre ouverte, ainsi que l&rsquo;utilisation [&hellip;]\" \/>\n<meta property=\"og:url\" content=\"https:\/\/frouharlaw.com\/our-expertise\/offences-against-rights-of-property\/break-and-enter\/\" \/>\n<meta property=\"og:site_name\" content=\"Frouhar Law\" \/>\n<meta property=\"article:modified_time\" content=\"2024-04-20T04:50:09+00:00\" \/>\n<meta property=\"og:image\" content=\"https:\/\/frouharlaw.com\/wp-content\/uploads\/frouharlaw-og.jpg\" \/>\n\t<meta property=\"og:image:width\" content=\"1200\" \/>\n\t<meta property=\"og:image:height\" content=\"630\" \/>\n\t<meta property=\"og:image:type\" content=\"image\/jpeg\" \/>\n<meta name=\"twitter:card\" content=\"summary_large_image\" \/>\n<meta name=\"twitter:label1\" content=\"Dur\u00e9e de lecture estim\u00e9e\" \/>\n\t<meta name=\"twitter:data1\" content=\"1 minute\" \/>\n<script type=\"application\/ld+json\" class=\"yoast-schema-graph\">{\"@context\":\"https:\/\/schema.org\",\"@graph\":[{\"@type\":\"WebPage\",\"@id\":\"https:\/\/frouharlaw.com\/our-expertise\/offences-against-rights-of-property\/break-and-enter\/\",\"url\":\"https:\/\/frouharlaw.com\/our-expertise\/offences-against-rights-of-property\/break-and-enter\/\",\"name\":\"Introduction par effraction - Frouhar Law\",\"isPartOf\":{\"@id\":\"https:\/\/frouharlaw.com\/#website\"},\"datePublished\":\"2023-02-10T17:53:43+00:00\",\"dateModified\":\"2024-04-20T04:50:09+00:00\",\"breadcrumb\":{\"@id\":\"https:\/\/frouharlaw.com\/our-expertise\/offences-against-rights-of-property\/break-and-enter\/#breadcrumb\"},\"inLanguage\":\"fr-FR\",\"potentialAction\":[{\"@type\":\"ReadAction\",\"target\":[\"https:\/\/frouharlaw.com\/our-expertise\/offences-against-rights-of-property\/break-and-enter\/\"]}]},{\"@type\":\"BreadcrumbList\",\"@id\":\"https:\/\/frouharlaw.com\/our-expertise\/offences-against-rights-of-property\/break-and-enter\/#breadcrumb\",\"itemListElement\":[{\"@type\":\"ListItem\",\"position\":1,\"name\":\"Home\",\"item\":\"https:\/\/frouharlaw.com\/fr\/\"},{\"@type\":\"ListItem\",\"position\":2,\"name\":\"Comp\u00e9tences\",\"item\":\"https:\/\/frouharlaw.com\/fr\/notre-expertise\/\"},{\"@type\":\"ListItem\",\"position\":3,\"name\":\"Infractions contre les biens\",\"item\":\"https:\/\/frouharlaw.com\/our-expertise\/offences-against-rights-of-property\/\"},{\"@type\":\"ListItem\",\"position\":4,\"name\":\"Introduction par effraction\"}]},{\"@type\":\"WebSite\",\"@id\":\"https:\/\/frouharlaw.com\/#website\",\"url\":\"https:\/\/frouharlaw.com\/\",\"name\":\"Frouhar Law\",\"description\":\"Determined. Creative. Tireless. Passionate.\",\"publisher\":{\"@id\":\"https:\/\/frouharlaw.com\/#organization\"},\"potentialAction\":[{\"@type\":\"SearchAction\",\"target\":{\"@type\":\"EntryPoint\",\"urlTemplate\":\"https:\/\/frouharlaw.com\/?s={search_term_string}\"},\"query-input\":{\"@type\":\"PropertyValueSpecification\",\"valueRequired\":true,\"valueName\":\"search_term_string\"}}],\"inLanguage\":\"fr-FR\"},{\"@type\":\"Organization\",\"@id\":\"https:\/\/frouharlaw.com\/#organization\",\"name\":\"Frouhar Law\",\"url\":\"https:\/\/frouharlaw.com\/\",\"logo\":{\"@type\":\"ImageObject\",\"inLanguage\":\"fr-FR\",\"@id\":\"https:\/\/frouharlaw.com\/#\/schema\/logo\/image\/\",\"url\":\"https:\/\/frouharlaw.com\/wp-content\/uploads\/frouhar-law-logo.png\",\"contentUrl\":\"https:\/\/frouharlaw.com\/wp-content\/uploads\/frouhar-law-logo.png\",\"width\":3601,\"height\":3600,\"caption\":\"Frouhar Law\"},\"image\":{\"@id\":\"https:\/\/frouharlaw.com\/#\/schema\/logo\/image\/\"}}]}<\/script>\n<!-- \/ Yoast SEO plugin. -->","yoast_head_json":{"title":"Introduction par effraction - Frouhar Law","robots":{"index":"index","follow":"follow","max-snippet":"max-snippet:-1","max-image-preview":"max-image-preview:large","max-video-preview":"max-video-preview:-1"},"canonical":"https:\/\/frouharlaw.com\/our-expertise\/offences-against-rights-of-property\/break-and-enter\/","og_locale":"fr_FR","og_type":"article","og_title":"Introduction par effraction - Frouhar Law","og_description":"Introduction par effraction Nos Competences Introduction par effraction Il y a introduction par effraction lorsqu&rsquo;une personne p\u00e9n\u00e8tre ill\u00e9galement dans un lieu avec l&rsquo;intention de commettre un acte criminel. Cela comprend l&rsquo;introduction par effraction dans un b\u00e2timent, une habitation ou un autre lieu, et comprend l&rsquo;entr\u00e9e par une porte ou une fen\u00eatre ouverte, ainsi que l&rsquo;utilisation [&hellip;]","og_url":"https:\/\/frouharlaw.com\/our-expertise\/offences-against-rights-of-property\/break-and-enter\/","og_site_name":"Frouhar Law","article_modified_time":"2024-04-20T04:50:09+00:00","og_image":[{"width":1200,"height":630,"url":"https:\/\/frouharlaw.com\/wp-content\/uploads\/frouharlaw-og.jpg","type":"image\/jpeg"}],"twitter_card":"summary_large_image","twitter_misc":{"Dur\u00e9e de lecture estim\u00e9e":"1 minute"},"schema":{"@context":"https:\/\/schema.org","@graph":[{"@type":"WebPage","@id":"https:\/\/frouharlaw.com\/our-expertise\/offences-against-rights-of-property\/break-and-enter\/","url":"https:\/\/frouharlaw.com\/our-expertise\/offences-against-rights-of-property\/break-and-enter\/","name":"Introduction par effraction - Frouhar Law","isPartOf":{"@id":"https:\/\/frouharlaw.com\/#website"},"datePublished":"2023-02-10T17:53:43+00:00","dateModified":"2024-04-20T04:50:09+00:00","breadcrumb":{"@id":"https:\/\/frouharlaw.com\/our-expertise\/offences-against-rights-of-property\/break-and-enter\/#breadcrumb"},"inLanguage":"fr-FR","potentialAction":[{"@type":"ReadAction","target":["https:\/\/frouharlaw.com\/our-expertise\/offences-against-rights-of-property\/break-and-enter\/"]}]},{"@type":"BreadcrumbList","@id":"https:\/\/frouharlaw.com\/our-expertise\/offences-against-rights-of-property\/break-and-enter\/#breadcrumb","itemListElement":[{"@type":"ListItem","position":1,"name":"Home","item":"https:\/\/frouharlaw.com\/fr\/"},{"@type":"ListItem","position":2,"name":"Comp\u00e9tences","item":"https:\/\/frouharlaw.com\/fr\/notre-expertise\/"},{"@type":"ListItem","position":3,"name":"Infractions contre les biens","item":"https:\/\/frouharlaw.com\/our-expertise\/offences-against-rights-of-property\/"},{"@type":"ListItem","position":4,"name":"Introduction par effraction"}]},{"@type":"WebSite","@id":"https:\/\/frouharlaw.com\/#website","url":"https:\/\/frouharlaw.com\/","name":"Frouhar Law","description":"Determined. Creative. Tireless. Passionate.","publisher":{"@id":"https:\/\/frouharlaw.com\/#organization"},"potentialAction":[{"@type":"SearchAction","target":{"@type":"EntryPoint","urlTemplate":"https:\/\/frouharlaw.com\/?s={search_term_string}"},"query-input":{"@type":"PropertyValueSpecification","valueRequired":true,"valueName":"search_term_string"}}],"inLanguage":"fr-FR"},{"@type":"Organization","@id":"https:\/\/frouharlaw.com\/#organization","name":"Frouhar Law","url":"https:\/\/frouharlaw.com\/","logo":{"@type":"ImageObject","inLanguage":"fr-FR","@id":"https:\/\/frouharlaw.com\/#\/schema\/logo\/image\/","url":"https:\/\/frouharlaw.com\/wp-content\/uploads\/frouhar-law-logo.png","contentUrl":"https:\/\/frouharlaw.com\/wp-content\/uploads\/frouhar-law-logo.png","width":3601,"height":3600,"caption":"Frouhar Law"},"image":{"@id":"https:\/\/frouharlaw.com\/#\/schema\/logo\/image\/"}}]}},"_links":{"self":[{"href":"https:\/\/frouharlaw.com\/fr\/wp-json\/wp\/v2\/pages\/2268","targetHints":{"allow":["GET"]}}],"collection":[{"href":"https:\/\/frouharlaw.com\/fr\/wp-json\/wp\/v2\/pages"}],"about":[{"href":"https:\/\/frouharlaw.com\/fr\/wp-json\/wp\/v2\/types\/page"}],"author":[{"embeddable":true,"href":"https:\/\/frouharlaw.com\/fr\/wp-json\/wp\/v2\/users\/5"}],"replies":[{"embeddable":true,"href":"https:\/\/frouharlaw.com\/fr\/wp-json\/wp\/v2\/comments?post=2268"}],"version-history":[{"count":7,"href":"https:\/\/frouharlaw.com\/fr\/wp-json\/wp\/v2\/pages\/2268\/revisions"}],"predecessor-version":[{"id":3839,"href":"https:\/\/frouharlaw.com\/fr\/wp-json\/wp\/v2\/pages\/2268\/revisions\/3839"}],"up":[{"embeddable":true,"href":"https:\/\/frouharlaw.com\/fr\/wp-json\/wp\/v2\/pages\/2260"}],"wp:attachment":[{"href":"https:\/\/frouharlaw.com\/fr\/wp-json\/wp\/v2\/media?parent=2268"}],"curies":[{"name":"wp","href":"https:\/\/api.w.org\/{rel}","templated":true}]}}