{"id":2292,"date":"2023-02-10T17:53:18","date_gmt":"2023-02-10T17:53:18","guid":{"rendered":"https:\/\/frouharlaw.com\/notre-expertise\/crimes-du-systeme-judiciaire\/entrave-a-la-justice-et-parjure\/"},"modified":"2024-04-20T04:14:14","modified_gmt":"2024-04-20T04:14:14","slug":"entrave-a-la-justice-et-parjure","status":"publish","type":"page","link":"https:\/\/frouharlaw.com\/fr\/notre-expertise\/crimes-du-systeme-judiciaire\/entrave-a-la-justice-et-parjure\/","title":{"rendered":"Entrave \u00e0 la justice et parjure"},"content":{"rendered":"\t\t<div data-elementor-type=\"wp-page\" data-elementor-id=\"2292\" class=\"elementor elementor-2292 elementor-1426\" data-elementor-post-type=\"page\">\n\t\t\t\t\t\t<section data-particle_enable=\"false\" data-particle-mobile-disabled=\"false\" class=\"elementor-section elementor-top-section elementor-element elementor-element-15c4dd70 elementor-section-height-min-height elementor-section-boxed elementor-section-height-default elementor-section-items-middle\" data-id=\"15c4dd70\" data-element_type=\"section\" data-e-type=\"section\" data-settings=\"{&quot;background_background&quot;:&quot;classic&quot;}\">\n\t\t\t\t\t\t\t<div class=\"elementor-background-overlay\"><\/div>\n\t\t\t\t\t\t\t<div class=\"elementor-container elementor-column-gap-default\">\n\t\t\t\t\t<div class=\"elementor-column elementor-col-100 elementor-top-column elementor-element elementor-element-5c6e0361\" data-id=\"5c6e0361\" data-element_type=\"column\" data-e-type=\"column\">\n\t\t\t<div class=\"elementor-widget-wrap elementor-element-populated\">\n\t\t\t\t\t\t<div class=\"elementor-element elementor-element-6ff26439 elementor-widget elementor-widget-heading\" data-id=\"6ff26439\" data-element_type=\"widget\" data-e-type=\"widget\" data-widget_type=\"heading.default\">\n\t\t\t\t<div class=\"elementor-widget-container\">\n\t\t\t\t\t<h1 class=\"elementor-heading-title elementor-size-default\">Entrave \u00e0 la justice et parjure<\/h1>\t\t\t\t<\/div>\n\t\t\t\t<\/div>\n\t\t\t\t\t<\/div>\n\t\t<\/div>\n\t\t\t\t\t<\/div>\n\t\t<\/section>\n\t\t\t\t<section data-particle_enable=\"false\" data-particle-mobile-disabled=\"false\" class=\"elementor-section elementor-top-section elementor-element elementor-element-4a5a365d elementor-section-boxed elementor-section-height-default elementor-section-height-default\" data-id=\"4a5a365d\" data-element_type=\"section\" data-e-type=\"section\">\n\t\t\t\t\t\t<div class=\"elementor-container elementor-column-gap-default\">\n\t\t\t\t\t<div class=\"elementor-column elementor-col-100 elementor-top-column elementor-element elementor-element-59a75933\" data-id=\"59a75933\" data-element_type=\"column\" data-e-type=\"column\">\n\t\t\t<div class=\"elementor-widget-wrap elementor-element-populated\">\n\t\t\t\t\t\t<section data-particle_enable=\"false\" data-particle-mobile-disabled=\"false\" class=\"elementor-section elementor-inner-section elementor-element elementor-element-1843b832 elementor-section-boxed elementor-section-height-default elementor-section-height-default\" data-id=\"1843b832\" data-element_type=\"section\" data-e-type=\"section\">\n\t\t\t\t\t\t<div class=\"elementor-container elementor-column-gap-default\">\n\t\t\t\t\t<div class=\"elementor-column elementor-col-50 elementor-inner-column elementor-element elementor-element-1040fa07\" data-id=\"1040fa07\" data-element_type=\"column\" data-e-type=\"column\">\n\t\t\t<div class=\"elementor-widget-wrap elementor-element-populated\">\n\t\t\t\t\t\t<div class=\"elementor-element elementor-element-1e1e1341 elementor-widget elementor-widget-heading\" data-id=\"1e1e1341\" data-element_type=\"widget\" data-e-type=\"widget\" data-widget_type=\"heading.default\">\n\t\t\t\t<div class=\"elementor-widget-container\">\n\t\t\t\t\t<span class=\"elementor-heading-title elementor-size-default\">Nos Competences<\/span>\t\t\t\t<\/div>\n\t\t\t\t<\/div>\n\t\t\t\t<div class=\"elementor-element elementor-element-4495c3f6 elementor-widget elementor-widget-heading\" data-id=\"4495c3f6\" data-element_type=\"widget\" data-e-type=\"widget\" data-widget_type=\"heading.default\">\n\t\t\t\t<div class=\"elementor-widget-container\">\n\t\t\t\t\t<span class=\"elementor-heading-title elementor-size-default\">Entrave \u00e0 la justice et parjure<\/span>\t\t\t\t<\/div>\n\t\t\t\t<\/div>\n\t\t\t\t\t<\/div>\n\t\t<\/div>\n\t\t\t\t<div class=\"elementor-column elementor-col-50 elementor-inner-column elementor-element elementor-element-552c62e4\" data-id=\"552c62e4\" data-element_type=\"column\" data-e-type=\"column\">\n\t\t\t<div class=\"elementor-widget-wrap elementor-element-populated\">\n\t\t\t\t\t\t<div class=\"elementor-element elementor-element-79d8559b elementor-widget elementor-widget-text-editor\" data-id=\"79d8559b\" data-element_type=\"widget\" data-e-type=\"widget\" data-widget_type=\"text-editor.default\">\n\t\t\t\t<div class=\"elementor-widget-container\">\n\t\t\t\t\t\t\t\t\t<p>L\u2019entrave \u00e0 la justice est une infraction criminelle au Canada d\u00e9finie par l\u2019article 139 du <em>Code criminel<\/em>. Il s\u2019agit d\u2019interf\u00e9rer avec l\u2019administration de la justice en bloquant, en d\u00e9tournant ou en interf\u00e9rant de toute autre mani\u00e8re avec une personne ou des personnes qui sont engag\u00e9es dans l\u2019administration de la justice.<\/p><p>Cela peut inclure des actions telles que menacer un t\u00e9moin, fabriquer des preuves ou soudoyer un policier.<\/p><p>Les sanctions pour obstruction \u00e0 la justice peuvent \u00eatre s\u00e9v\u00e8res et peuvent aller jusqu\u2019\u00e0 10 ans d\u2019emprisonnement, selon les circonstances de l\u2019infraction. La s\u00e9v\u00e9rit\u00e9 de la peine est influenc\u00e9e par des facteurs tels que la nature de l\u2019obstruction, le r\u00f4le de la personne qui entrave la justice et l\u2019impact potentiel de l\u2019obstruction sur l\u2019administration de la justice.<\/p>\t\t\t\t\t\t\t\t<\/div>\n\t\t\t\t<\/div>\n\t\t\t\t\t<\/div>\n\t\t<\/div>\n\t\t\t\t\t<\/div>\n\t\t<\/section>\n\t\t\t\t\t<\/div>\n\t\t<\/div>\n\t\t\t\t\t<\/div>\n\t\t<\/section>\n\t\t\t\t<\/div>\n\t\t","protected":false},"excerpt":{"rendered":"<p>Nos Competences L\u2019entrave \u00e0 la justice est une infraction criminelle au Canada d\u00e9finie par l\u2019article 139 du Code criminel. Il s\u2019agit d\u2019interf\u00e9rer avec l\u2019administration de la justice en bloquant, en d\u00e9tournant ou en interf\u00e9rant de toute autre mani\u00e8re avec une personne ou des personnes qui sont engag\u00e9es dans l\u2019administration de la justice. Cela peut inclure [&hellip;]<\/p>\n","protected":false},"author":5,"featured_media":0,"parent":2290,"menu_order":10,"comment_status":"closed","ping_status":"closed","template":"","meta":{"footnotes":""},"class_list":["post-2292","page","type-page","status-publish","hentry"],"yoast_head":"<!-- This site is optimized with the Yoast SEO plugin v27.2 - https:\/\/yoast.com\/product\/yoast-seo-wordpress\/ -->\n<title>Entrave \u00e0 la justice et parjure - Frouhar Law<\/title>\n<meta name=\"robots\" content=\"index, follow, max-snippet:-1, max-image-preview:large, max-video-preview:-1\" \/>\n<link rel=\"canonical\" href=\"https:\/\/frouharlaw.com\/fr\/notre-expertise\/crimes-du-systeme-judiciaire\/entrave-a-la-justice-et-parjure\/\" \/>\n<meta property=\"og:locale\" content=\"fr_FR\" \/>\n<meta property=\"og:type\" content=\"article\" \/>\n<meta property=\"og:title\" content=\"Entrave \u00e0 la justice et parjure - Frouhar Law\" \/>\n<meta property=\"og:description\" content=\"Nos Competences L\u2019entrave \u00e0 la justice est une infraction criminelle au Canada d\u00e9finie par l\u2019article 139 du Code criminel. Il s\u2019agit d\u2019interf\u00e9rer avec l\u2019administration de la justice en bloquant, en d\u00e9tournant ou en interf\u00e9rant de toute autre mani\u00e8re avec une personne ou des personnes qui sont engag\u00e9es dans l\u2019administration de la justice. Cela peut inclure [&hellip;]\" \/>\n<meta property=\"og:url\" content=\"https:\/\/frouharlaw.com\/fr\/notre-expertise\/crimes-du-systeme-judiciaire\/entrave-a-la-justice-et-parjure\/\" \/>\n<meta property=\"og:site_name\" content=\"Frouhar Law\" \/>\n<meta property=\"article:modified_time\" content=\"2024-04-20T04:14:14+00:00\" \/>\n<meta property=\"og:image\" content=\"https:\/\/frouharlaw.com\/wp-content\/uploads\/frouharlaw-og.jpg\" \/>\n\t<meta property=\"og:image:width\" content=\"1200\" \/>\n\t<meta property=\"og:image:height\" content=\"630\" \/>\n\t<meta property=\"og:image:type\" content=\"image\/jpeg\" \/>\n<meta name=\"twitter:card\" content=\"summary_large_image\" \/>\n<meta name=\"twitter:label1\" content=\"Dur\u00e9e de lecture estim\u00e9e\" \/>\n\t<meta name=\"twitter:data1\" content=\"1 minute\" \/>\n<script type=\"application\/ld+json\" class=\"yoast-schema-graph\">{\"@context\":\"https:\/\/schema.org\",\"@graph\":[{\"@type\":\"WebPage\",\"@id\":\"https:\/\/frouharlaw.com\/fr\/notre-expertise\/crimes-du-systeme-judiciaire\/entrave-a-la-justice-et-parjure\/\",\"url\":\"https:\/\/frouharlaw.com\/fr\/notre-expertise\/crimes-du-systeme-judiciaire\/entrave-a-la-justice-et-parjure\/\",\"name\":\"Entrave \u00e0 la justice et parjure - Frouhar Law\",\"isPartOf\":{\"@id\":\"https:\/\/frouharlaw.com\/#website\"},\"datePublished\":\"2023-02-10T17:53:18+00:00\",\"dateModified\":\"2024-04-20T04:14:14+00:00\",\"breadcrumb\":{\"@id\":\"https:\/\/frouharlaw.com\/fr\/notre-expertise\/crimes-du-systeme-judiciaire\/entrave-a-la-justice-et-parjure\/#breadcrumb\"},\"inLanguage\":\"fr-FR\",\"potentialAction\":[{\"@type\":\"ReadAction\",\"target\":[\"https:\/\/frouharlaw.com\/fr\/notre-expertise\/crimes-du-systeme-judiciaire\/entrave-a-la-justice-et-parjure\/\"]}]},{\"@type\":\"BreadcrumbList\",\"@id\":\"https:\/\/frouharlaw.com\/fr\/notre-expertise\/crimes-du-systeme-judiciaire\/entrave-a-la-justice-et-parjure\/#breadcrumb\",\"itemListElement\":[{\"@type\":\"ListItem\",\"position\":1,\"name\":\"Home\",\"item\":\"https:\/\/frouharlaw.com\/fr\/\"},{\"@type\":\"ListItem\",\"position\":2,\"name\":\"Comp\u00e9tences\",\"item\":\"https:\/\/frouharlaw.com\/fr\/notre-expertise\/\"},{\"@type\":\"ListItem\",\"position\":3,\"name\":\"Crimes du syst\u00e8me judiciaire\",\"item\":\"https:\/\/frouharlaw.com\/fr\/notre-expertise\/crimes-du-systeme-judiciaire\/\"},{\"@type\":\"ListItem\",\"position\":4,\"name\":\"Entrave \u00e0 la justice et parjure\"}]},{\"@type\":\"WebSite\",\"@id\":\"https:\/\/frouharlaw.com\/#website\",\"url\":\"https:\/\/frouharlaw.com\/\",\"name\":\"Frouhar Law\",\"description\":\"Determined. Creative. Tireless. Passionate.\",\"publisher\":{\"@id\":\"https:\/\/frouharlaw.com\/#organization\"},\"potentialAction\":[{\"@type\":\"SearchAction\",\"target\":{\"@type\":\"EntryPoint\",\"urlTemplate\":\"https:\/\/frouharlaw.com\/?s={search_term_string}\"},\"query-input\":{\"@type\":\"PropertyValueSpecification\",\"valueRequired\":true,\"valueName\":\"search_term_string\"}}],\"inLanguage\":\"fr-FR\"},{\"@type\":\"Organization\",\"@id\":\"https:\/\/frouharlaw.com\/#organization\",\"name\":\"Frouhar Law\",\"url\":\"https:\/\/frouharlaw.com\/\",\"logo\":{\"@type\":\"ImageObject\",\"inLanguage\":\"fr-FR\",\"@id\":\"https:\/\/frouharlaw.com\/#\/schema\/logo\/image\/\",\"url\":\"https:\/\/frouharlaw.com\/wp-content\/uploads\/frouhar-law-logo.png\",\"contentUrl\":\"https:\/\/frouharlaw.com\/wp-content\/uploads\/frouhar-law-logo.png\",\"width\":3601,\"height\":3600,\"caption\":\"Frouhar Law\"},\"image\":{\"@id\":\"https:\/\/frouharlaw.com\/#\/schema\/logo\/image\/\"}}]}<\/script>\n<!-- \/ Yoast SEO plugin. -->","yoast_head_json":{"title":"Entrave \u00e0 la justice et parjure - Frouhar Law","robots":{"index":"index","follow":"follow","max-snippet":"max-snippet:-1","max-image-preview":"max-image-preview:large","max-video-preview":"max-video-preview:-1"},"canonical":"https:\/\/frouharlaw.com\/fr\/notre-expertise\/crimes-du-systeme-judiciaire\/entrave-a-la-justice-et-parjure\/","og_locale":"fr_FR","og_type":"article","og_title":"Entrave \u00e0 la justice et parjure - Frouhar Law","og_description":"Nos Competences L\u2019entrave \u00e0 la justice est une infraction criminelle au Canada d\u00e9finie par l\u2019article 139 du Code criminel. Il s\u2019agit d\u2019interf\u00e9rer avec l\u2019administration de la justice en bloquant, en d\u00e9tournant ou en interf\u00e9rant de toute autre mani\u00e8re avec une personne ou des personnes qui sont engag\u00e9es dans l\u2019administration de la justice. Cela peut inclure [&hellip;]","og_url":"https:\/\/frouharlaw.com\/fr\/notre-expertise\/crimes-du-systeme-judiciaire\/entrave-a-la-justice-et-parjure\/","og_site_name":"Frouhar Law","article_modified_time":"2024-04-20T04:14:14+00:00","og_image":[{"width":1200,"height":630,"url":"https:\/\/frouharlaw.com\/wp-content\/uploads\/frouharlaw-og.jpg","type":"image\/jpeg"}],"twitter_card":"summary_large_image","twitter_misc":{"Dur\u00e9e de lecture estim\u00e9e":"1 minute"},"schema":{"@context":"https:\/\/schema.org","@graph":[{"@type":"WebPage","@id":"https:\/\/frouharlaw.com\/fr\/notre-expertise\/crimes-du-systeme-judiciaire\/entrave-a-la-justice-et-parjure\/","url":"https:\/\/frouharlaw.com\/fr\/notre-expertise\/crimes-du-systeme-judiciaire\/entrave-a-la-justice-et-parjure\/","name":"Entrave \u00e0 la justice et parjure - Frouhar Law","isPartOf":{"@id":"https:\/\/frouharlaw.com\/#website"},"datePublished":"2023-02-10T17:53:18+00:00","dateModified":"2024-04-20T04:14:14+00:00","breadcrumb":{"@id":"https:\/\/frouharlaw.com\/fr\/notre-expertise\/crimes-du-systeme-judiciaire\/entrave-a-la-justice-et-parjure\/#breadcrumb"},"inLanguage":"fr-FR","potentialAction":[{"@type":"ReadAction","target":["https:\/\/frouharlaw.com\/fr\/notre-expertise\/crimes-du-systeme-judiciaire\/entrave-a-la-justice-et-parjure\/"]}]},{"@type":"BreadcrumbList","@id":"https:\/\/frouharlaw.com\/fr\/notre-expertise\/crimes-du-systeme-judiciaire\/entrave-a-la-justice-et-parjure\/#breadcrumb","itemListElement":[{"@type":"ListItem","position":1,"name":"Home","item":"https:\/\/frouharlaw.com\/fr\/"},{"@type":"ListItem","position":2,"name":"Comp\u00e9tences","item":"https:\/\/frouharlaw.com\/fr\/notre-expertise\/"},{"@type":"ListItem","position":3,"name":"Crimes du syst\u00e8me judiciaire","item":"https:\/\/frouharlaw.com\/fr\/notre-expertise\/crimes-du-systeme-judiciaire\/"},{"@type":"ListItem","position":4,"name":"Entrave \u00e0 la justice et parjure"}]},{"@type":"WebSite","@id":"https:\/\/frouharlaw.com\/#website","url":"https:\/\/frouharlaw.com\/","name":"Frouhar Law","description":"Determined. Creative. Tireless. Passionate.","publisher":{"@id":"https:\/\/frouharlaw.com\/#organization"},"potentialAction":[{"@type":"SearchAction","target":{"@type":"EntryPoint","urlTemplate":"https:\/\/frouharlaw.com\/?s={search_term_string}"},"query-input":{"@type":"PropertyValueSpecification","valueRequired":true,"valueName":"search_term_string"}}],"inLanguage":"fr-FR"},{"@type":"Organization","@id":"https:\/\/frouharlaw.com\/#organization","name":"Frouhar Law","url":"https:\/\/frouharlaw.com\/","logo":{"@type":"ImageObject","inLanguage":"fr-FR","@id":"https:\/\/frouharlaw.com\/#\/schema\/logo\/image\/","url":"https:\/\/frouharlaw.com\/wp-content\/uploads\/frouhar-law-logo.png","contentUrl":"https:\/\/frouharlaw.com\/wp-content\/uploads\/frouhar-law-logo.png","width":3601,"height":3600,"caption":"Frouhar Law"},"image":{"@id":"https:\/\/frouharlaw.com\/#\/schema\/logo\/image\/"}}]}},"_links":{"self":[{"href":"https:\/\/frouharlaw.com\/fr\/wp-json\/wp\/v2\/pages\/2292","targetHints":{"allow":["GET"]}}],"collection":[{"href":"https:\/\/frouharlaw.com\/fr\/wp-json\/wp\/v2\/pages"}],"about":[{"href":"https:\/\/frouharlaw.com\/fr\/wp-json\/wp\/v2\/types\/page"}],"author":[{"embeddable":true,"href":"https:\/\/frouharlaw.com\/fr\/wp-json\/wp\/v2\/users\/5"}],"replies":[{"embeddable":true,"href":"https:\/\/frouharlaw.com\/fr\/wp-json\/wp\/v2\/comments?post=2292"}],"version-history":[{"count":10,"href":"https:\/\/frouharlaw.com\/fr\/wp-json\/wp\/v2\/pages\/2292\/revisions"}],"predecessor-version":[{"id":3827,"href":"https:\/\/frouharlaw.com\/fr\/wp-json\/wp\/v2\/pages\/2292\/revisions\/3827"}],"up":[{"embeddable":true,"href":"https:\/\/frouharlaw.com\/fr\/wp-json\/wp\/v2\/pages\/2290"}],"wp:attachment":[{"href":"https:\/\/frouharlaw.com\/fr\/wp-json\/wp\/v2\/media?parent=2292"}],"curies":[{"name":"wp","href":"https:\/\/api.w.org\/{rel}","templated":true}]}}