{"id":2294,"date":"2023-02-09T20:14:29","date_gmt":"2023-02-09T20:14:29","guid":{"rendered":"https:\/\/frouharlaw.com\/notre-expertise\/traite-des-etres-humains\/"},"modified":"2024-04-20T04:01:30","modified_gmt":"2024-04-20T04:01:30","slug":"traite-des-etres-humains","status":"publish","type":"page","link":"https:\/\/frouharlaw.com\/fr\/notre-expertise\/traite-des-etres-humains\/","title":{"rendered":"Traite des \u00eatres humains"},"content":{"rendered":"\t\t<div data-elementor-type=\"wp-page\" data-elementor-id=\"2294\" class=\"elementor elementor-2294 elementor-1279\" data-elementor-post-type=\"page\">\n\t\t\t\t\t\t<section data-particle_enable=\"false\" data-particle-mobile-disabled=\"false\" class=\"elementor-section elementor-top-section elementor-element elementor-element-c4b9c08 elementor-section-height-min-height elementor-section-boxed elementor-section-height-default elementor-section-items-middle\" data-id=\"c4b9c08\" data-element_type=\"section\" data-e-type=\"section\" data-settings=\"{&quot;background_background&quot;:&quot;classic&quot;}\">\n\t\t\t\t\t\t\t<div class=\"elementor-background-overlay\"><\/div>\n\t\t\t\t\t\t\t<div class=\"elementor-container elementor-column-gap-default\">\n\t\t\t\t\t<div class=\"elementor-column elementor-col-100 elementor-top-column elementor-element elementor-element-541ed264\" data-id=\"541ed264\" data-element_type=\"column\" data-e-type=\"column\">\n\t\t\t<div class=\"elementor-widget-wrap elementor-element-populated\">\n\t\t\t\t\t\t<div class=\"elementor-element elementor-element-5efafc57 elementor-widget elementor-widget-heading\" data-id=\"5efafc57\" data-element_type=\"widget\" data-e-type=\"widget\" data-widget_type=\"heading.default\">\n\t\t\t\t<div class=\"elementor-widget-container\">\n\t\t\t\t\t<h1 class=\"elementor-heading-title elementor-size-default\">Traite des \u00eatres humains<\/h1>\t\t\t\t<\/div>\n\t\t\t\t<\/div>\n\t\t\t\t\t<\/div>\n\t\t<\/div>\n\t\t\t\t\t<\/div>\n\t\t<\/section>\n\t\t\t\t<section data-particle_enable=\"false\" data-particle-mobile-disabled=\"false\" class=\"elementor-section elementor-top-section elementor-element elementor-element-4f0034e3 elementor-section-boxed elementor-section-height-default elementor-section-height-default\" data-id=\"4f0034e3\" data-element_type=\"section\" data-e-type=\"section\">\n\t\t\t\t\t\t<div class=\"elementor-container elementor-column-gap-default\">\n\t\t\t\t\t<div class=\"elementor-column elementor-col-100 elementor-top-column elementor-element elementor-element-5766c8fa\" data-id=\"5766c8fa\" data-element_type=\"column\" data-e-type=\"column\">\n\t\t\t<div class=\"elementor-widget-wrap elementor-element-populated\">\n\t\t\t\t\t\t<section data-particle_enable=\"false\" data-particle-mobile-disabled=\"false\" class=\"elementor-section elementor-inner-section elementor-element elementor-element-78350b55 elementor-section-boxed elementor-section-height-default elementor-section-height-default\" data-id=\"78350b55\" data-element_type=\"section\" data-e-type=\"section\">\n\t\t\t\t\t\t<div class=\"elementor-container elementor-column-gap-default\">\n\t\t\t\t\t<div class=\"elementor-column elementor-col-50 elementor-inner-column elementor-element elementor-element-69991913\" data-id=\"69991913\" data-element_type=\"column\" data-e-type=\"column\">\n\t\t\t<div class=\"elementor-widget-wrap elementor-element-populated\">\n\t\t\t\t\t\t<div class=\"elementor-element elementor-element-35b92451 elementor-widget elementor-widget-heading\" data-id=\"35b92451\" data-element_type=\"widget\" data-e-type=\"widget\" data-widget_type=\"heading.default\">\n\t\t\t\t<div class=\"elementor-widget-container\">\n\t\t\t\t\t<span class=\"elementor-heading-title elementor-size-default\">Nos Competences<\/span>\t\t\t\t<\/div>\n\t\t\t\t<\/div>\n\t\t\t\t<div class=\"elementor-element elementor-element-45204dd7 elementor-widget elementor-widget-heading\" data-id=\"45204dd7\" data-element_type=\"widget\" data-e-type=\"widget\" data-widget_type=\"heading.default\">\n\t\t\t\t<div class=\"elementor-widget-container\">\n\t\t\t\t\t<h2 class=\"elementor-heading-title elementor-size-default\">Traite des \u00eatres humains<\/h2>\t\t\t\t<\/div>\n\t\t\t\t<\/div>\n\t\t\t\t\t<\/div>\n\t\t<\/div>\n\t\t\t\t<div class=\"elementor-column elementor-col-50 elementor-inner-column elementor-element elementor-element-32f54aba\" data-id=\"32f54aba\" data-element_type=\"column\" data-e-type=\"column\">\n\t\t\t<div class=\"elementor-widget-wrap elementor-element-populated\">\n\t\t\t\t\t\t<div class=\"elementor-element elementor-element-4a11fbb0 elementor-widget elementor-widget-text-editor\" data-id=\"4a11fbb0\" data-element_type=\"widget\" data-e-type=\"widget\" data-widget_type=\"text-editor.default\">\n\t\t\t\t<div class=\"elementor-widget-container\">\n\t\t\t\t\t\t\t\t\t<p>La traite des \u00eatres humains est une infraction p\u00e9nale qui implique le recrutement, le transport, le transfert, l&rsquo;accueil ou l&rsquo;h\u00e9bergement de personnes \u00e0 des fins d&rsquo;exploitation. L&rsquo;exploitation peut inclure le travail forc\u00e9, l&rsquo;exploitation sexuelle ou le pr\u00e9l\u00e8vement d&rsquo;organes.<\/p>\n<p>L&rsquo;infraction de traite des personnes est passible de peines importantes au Canada, y compris l&#8217;emprisonnement pouvant aller jusqu&rsquo;\u00e0 la perp\u00e9tuit\u00e9 et des amendes. Les peines peuvent \u00eatre encore plus lourdes si la victime est \u00e2g\u00e9e de moins de 18 ans ou si l&rsquo;infraction est commise en association avec une organisation criminelle.<\/p>\n\t\t\t\t\t\t\t\t<\/div>\n\t\t\t\t<\/div>\n\t\t\t\t\t<\/div>\n\t\t<\/div>\n\t\t\t\t\t<\/div>\n\t\t<\/section>\n\t\t\t\t\t<\/div>\n\t\t<\/div>\n\t\t\t\t\t<\/div>\n\t\t<\/section>\n\t\t\t\t<\/div>\n\t\t","protected":false},"excerpt":{"rendered":"<p>Nos Competences La traite des \u00eatres humains est une infraction p\u00e9nale qui implique le recrutement, le transport, le transfert, l&rsquo;accueil ou l&rsquo;h\u00e9bergement de personnes \u00e0 des fins d&rsquo;exploitation. L&rsquo;exploitation peut inclure le travail forc\u00e9, l&rsquo;exploitation sexuelle ou le pr\u00e9l\u00e8vement d&rsquo;organes. L&rsquo;infraction de traite des personnes est passible de peines importantes au Canada, y compris l&#8217;emprisonnement [&hellip;]<\/p>\n","protected":false},"author":5,"featured_media":0,"parent":183,"menu_order":32,"comment_status":"closed","ping_status":"closed","template":"","meta":{"footnotes":""},"class_list":["post-2294","page","type-page","status-publish","hentry"],"yoast_head":"<!-- This site is optimized with the Yoast SEO plugin v27.2 - https:\/\/yoast.com\/product\/yoast-seo-wordpress\/ -->\n<title>Traite des \u00eatres humains - Frouhar Law<\/title>\n<meta name=\"robots\" content=\"index, follow, max-snippet:-1, max-image-preview:large, max-video-preview:-1\" \/>\n<link rel=\"canonical\" href=\"https:\/\/frouharlaw.com\/our-expertise\/human-trafficking\/\" \/>\n<meta property=\"og:locale\" content=\"fr_FR\" \/>\n<meta property=\"og:type\" content=\"article\" \/>\n<meta property=\"og:title\" content=\"Traite des \u00eatres humains - Frouhar Law\" \/>\n<meta property=\"og:description\" content=\"Nos Competences La traite des \u00eatres humains est une infraction p\u00e9nale qui implique le recrutement, le transport, le transfert, l&rsquo;accueil ou l&rsquo;h\u00e9bergement de personnes \u00e0 des fins d&rsquo;exploitation. L&rsquo;exploitation peut inclure le travail forc\u00e9, l&rsquo;exploitation sexuelle ou le pr\u00e9l\u00e8vement d&rsquo;organes. L&rsquo;infraction de traite des personnes est passible de peines importantes au Canada, y compris l&#8217;emprisonnement [&hellip;]\" \/>\n<meta property=\"og:url\" content=\"https:\/\/frouharlaw.com\/our-expertise\/human-trafficking\/\" \/>\n<meta property=\"og:site_name\" content=\"Frouhar Law\" \/>\n<meta property=\"article:modified_time\" content=\"2024-04-20T04:01:30+00:00\" \/>\n<meta property=\"og:image\" content=\"https:\/\/frouharlaw.com\/wp-content\/uploads\/frouharlaw-og.jpg\" \/>\n\t<meta property=\"og:image:width\" content=\"1200\" \/>\n\t<meta property=\"og:image:height\" content=\"630\" \/>\n\t<meta property=\"og:image:type\" content=\"image\/jpeg\" \/>\n<meta name=\"twitter:card\" content=\"summary_large_image\" \/>\n<meta name=\"twitter:label1\" content=\"Dur\u00e9e de lecture estim\u00e9e\" \/>\n\t<meta name=\"twitter:data1\" content=\"1 minute\" \/>\n<script type=\"application\/ld+json\" class=\"yoast-schema-graph\">{\"@context\":\"https:\/\/schema.org\",\"@graph\":[{\"@type\":\"WebPage\",\"@id\":\"https:\/\/frouharlaw.com\/our-expertise\/human-trafficking\/\",\"url\":\"https:\/\/frouharlaw.com\/our-expertise\/human-trafficking\/\",\"name\":\"Traite des \u00eatres humains - Frouhar Law\",\"isPartOf\":{\"@id\":\"https:\/\/frouharlaw.com\/#website\"},\"datePublished\":\"2023-02-09T20:14:29+00:00\",\"dateModified\":\"2024-04-20T04:01:30+00:00\",\"breadcrumb\":{\"@id\":\"https:\/\/frouharlaw.com\/our-expertise\/human-trafficking\/#breadcrumb\"},\"inLanguage\":\"fr-FR\",\"potentialAction\":[{\"@type\":\"ReadAction\",\"target\":[\"https:\/\/frouharlaw.com\/our-expertise\/human-trafficking\/\"]}]},{\"@type\":\"BreadcrumbList\",\"@id\":\"https:\/\/frouharlaw.com\/our-expertise\/human-trafficking\/#breadcrumb\",\"itemListElement\":[{\"@type\":\"ListItem\",\"position\":1,\"name\":\"Home\",\"item\":\"https:\/\/frouharlaw.com\/fr\/\"},{\"@type\":\"ListItem\",\"position\":2,\"name\":\"Comp\u00e9tences\",\"item\":\"https:\/\/frouharlaw.com\/fr\/notre-expertise\/\"},{\"@type\":\"ListItem\",\"position\":3,\"name\":\"Traite des \u00eatres humains\"}]},{\"@type\":\"WebSite\",\"@id\":\"https:\/\/frouharlaw.com\/#website\",\"url\":\"https:\/\/frouharlaw.com\/\",\"name\":\"Frouhar Law\",\"description\":\"Determined. Creative. Tireless. Passionate.\",\"publisher\":{\"@id\":\"https:\/\/frouharlaw.com\/#organization\"},\"potentialAction\":[{\"@type\":\"SearchAction\",\"target\":{\"@type\":\"EntryPoint\",\"urlTemplate\":\"https:\/\/frouharlaw.com\/?s={search_term_string}\"},\"query-input\":{\"@type\":\"PropertyValueSpecification\",\"valueRequired\":true,\"valueName\":\"search_term_string\"}}],\"inLanguage\":\"fr-FR\"},{\"@type\":\"Organization\",\"@id\":\"https:\/\/frouharlaw.com\/#organization\",\"name\":\"Frouhar Law\",\"url\":\"https:\/\/frouharlaw.com\/\",\"logo\":{\"@type\":\"ImageObject\",\"inLanguage\":\"fr-FR\",\"@id\":\"https:\/\/frouharlaw.com\/#\/schema\/logo\/image\/\",\"url\":\"https:\/\/frouharlaw.com\/wp-content\/uploads\/frouhar-law-logo.png\",\"contentUrl\":\"https:\/\/frouharlaw.com\/wp-content\/uploads\/frouhar-law-logo.png\",\"width\":3601,\"height\":3600,\"caption\":\"Frouhar Law\"},\"image\":{\"@id\":\"https:\/\/frouharlaw.com\/#\/schema\/logo\/image\/\"}}]}<\/script>\n<!-- \/ Yoast SEO plugin. -->","yoast_head_json":{"title":"Traite des \u00eatres humains - Frouhar Law","robots":{"index":"index","follow":"follow","max-snippet":"max-snippet:-1","max-image-preview":"max-image-preview:large","max-video-preview":"max-video-preview:-1"},"canonical":"https:\/\/frouharlaw.com\/our-expertise\/human-trafficking\/","og_locale":"fr_FR","og_type":"article","og_title":"Traite des \u00eatres humains - Frouhar Law","og_description":"Nos Competences La traite des \u00eatres humains est une infraction p\u00e9nale qui implique le recrutement, le transport, le transfert, l&rsquo;accueil ou l&rsquo;h\u00e9bergement de personnes \u00e0 des fins d&rsquo;exploitation. L&rsquo;exploitation peut inclure le travail forc\u00e9, l&rsquo;exploitation sexuelle ou le pr\u00e9l\u00e8vement d&rsquo;organes. L&rsquo;infraction de traite des personnes est passible de peines importantes au Canada, y compris l&#8217;emprisonnement [&hellip;]","og_url":"https:\/\/frouharlaw.com\/our-expertise\/human-trafficking\/","og_site_name":"Frouhar Law","article_modified_time":"2024-04-20T04:01:30+00:00","og_image":[{"width":1200,"height":630,"url":"https:\/\/frouharlaw.com\/wp-content\/uploads\/frouharlaw-og.jpg","type":"image\/jpeg"}],"twitter_card":"summary_large_image","twitter_misc":{"Dur\u00e9e de lecture estim\u00e9e":"1 minute"},"schema":{"@context":"https:\/\/schema.org","@graph":[{"@type":"WebPage","@id":"https:\/\/frouharlaw.com\/our-expertise\/human-trafficking\/","url":"https:\/\/frouharlaw.com\/our-expertise\/human-trafficking\/","name":"Traite des \u00eatres humains - Frouhar Law","isPartOf":{"@id":"https:\/\/frouharlaw.com\/#website"},"datePublished":"2023-02-09T20:14:29+00:00","dateModified":"2024-04-20T04:01:30+00:00","breadcrumb":{"@id":"https:\/\/frouharlaw.com\/our-expertise\/human-trafficking\/#breadcrumb"},"inLanguage":"fr-FR","potentialAction":[{"@type":"ReadAction","target":["https:\/\/frouharlaw.com\/our-expertise\/human-trafficking\/"]}]},{"@type":"BreadcrumbList","@id":"https:\/\/frouharlaw.com\/our-expertise\/human-trafficking\/#breadcrumb","itemListElement":[{"@type":"ListItem","position":1,"name":"Home","item":"https:\/\/frouharlaw.com\/fr\/"},{"@type":"ListItem","position":2,"name":"Comp\u00e9tences","item":"https:\/\/frouharlaw.com\/fr\/notre-expertise\/"},{"@type":"ListItem","position":3,"name":"Traite des \u00eatres humains"}]},{"@type":"WebSite","@id":"https:\/\/frouharlaw.com\/#website","url":"https:\/\/frouharlaw.com\/","name":"Frouhar Law","description":"Determined. Creative. Tireless. Passionate.","publisher":{"@id":"https:\/\/frouharlaw.com\/#organization"},"potentialAction":[{"@type":"SearchAction","target":{"@type":"EntryPoint","urlTemplate":"https:\/\/frouharlaw.com\/?s={search_term_string}"},"query-input":{"@type":"PropertyValueSpecification","valueRequired":true,"valueName":"search_term_string"}}],"inLanguage":"fr-FR"},{"@type":"Organization","@id":"https:\/\/frouharlaw.com\/#organization","name":"Frouhar Law","url":"https:\/\/frouharlaw.com\/","logo":{"@type":"ImageObject","inLanguage":"fr-FR","@id":"https:\/\/frouharlaw.com\/#\/schema\/logo\/image\/","url":"https:\/\/frouharlaw.com\/wp-content\/uploads\/frouhar-law-logo.png","contentUrl":"https:\/\/frouharlaw.com\/wp-content\/uploads\/frouhar-law-logo.png","width":3601,"height":3600,"caption":"Frouhar Law"},"image":{"@id":"https:\/\/frouharlaw.com\/#\/schema\/logo\/image\/"}}]}},"_links":{"self":[{"href":"https:\/\/frouharlaw.com\/fr\/wp-json\/wp\/v2\/pages\/2294","targetHints":{"allow":["GET"]}}],"collection":[{"href":"https:\/\/frouharlaw.com\/fr\/wp-json\/wp\/v2\/pages"}],"about":[{"href":"https:\/\/frouharlaw.com\/fr\/wp-json\/wp\/v2\/types\/page"}],"author":[{"embeddable":true,"href":"https:\/\/frouharlaw.com\/fr\/wp-json\/wp\/v2\/users\/5"}],"replies":[{"embeddable":true,"href":"https:\/\/frouharlaw.com\/fr\/wp-json\/wp\/v2\/comments?post=2294"}],"version-history":[{"count":7,"href":"https:\/\/frouharlaw.com\/fr\/wp-json\/wp\/v2\/pages\/2294\/revisions"}],"predecessor-version":[{"id":3809,"href":"https:\/\/frouharlaw.com\/fr\/wp-json\/wp\/v2\/pages\/2294\/revisions\/3809"}],"up":[{"embeddable":true,"href":"https:\/\/frouharlaw.com\/fr\/wp-json\/wp\/v2\/pages\/183"}],"wp:attachment":[{"href":"https:\/\/frouharlaw.com\/fr\/wp-json\/wp\/v2\/media?parent=2294"}],"curies":[{"name":"wp","href":"https:\/\/api.w.org\/{rel}","templated":true}]}}