{"id":2300,"date":"2023-02-10T17:52:43","date_gmt":"2023-02-10T17:52:43","guid":{"rendered":"https:\/\/frouharlaw.com\/notre-expertise\/criminalite-en-col-blanc\/vol-didentite-et-usurpation-didentite\/"},"modified":"2024-04-20T09:05:04","modified_gmt":"2024-04-20T09:05:04","slug":"vol-didentite-et-usurpation-didentite","status":"publish","type":"page","link":"https:\/\/frouharlaw.com\/fr\/notre-expertise\/criminalite-en-col-blanc\/vol-didentite-et-usurpation-didentite\/","title":{"rendered":"Vol d&rsquo;identit\u00e9 et usurpation d&rsquo;identit\u00e9"},"content":{"rendered":"\t\t<div data-elementor-type=\"wp-page\" data-elementor-id=\"2300\" class=\"elementor elementor-2300 elementor-1422\" data-elementor-post-type=\"page\">\n\t\t\t\t\t\t<section data-particle_enable=\"false\" data-particle-mobile-disabled=\"false\" class=\"elementor-section elementor-top-section elementor-element elementor-element-d7cf2a1 elementor-section-height-min-height elementor-section-boxed elementor-section-height-default elementor-section-items-middle\" data-id=\"d7cf2a1\" data-element_type=\"section\" data-e-type=\"section\" data-settings=\"{&quot;background_background&quot;:&quot;classic&quot;}\">\n\t\t\t\t\t\t\t<div class=\"elementor-background-overlay\"><\/div>\n\t\t\t\t\t\t\t<div class=\"elementor-container elementor-column-gap-default\">\n\t\t\t\t\t<div class=\"elementor-column elementor-col-100 elementor-top-column elementor-element elementor-element-7d9a4c64\" data-id=\"7d9a4c64\" data-element_type=\"column\" data-e-type=\"column\">\n\t\t\t<div class=\"elementor-widget-wrap elementor-element-populated\">\n\t\t\t\t\t\t<div class=\"elementor-element elementor-element-1cf26193 elementor-widget elementor-widget-heading\" data-id=\"1cf26193\" data-element_type=\"widget\" data-e-type=\"widget\" data-widget_type=\"heading.default\">\n\t\t\t\t<div class=\"elementor-widget-container\">\n\t\t\t\t\t<h1 class=\"elementor-heading-title elementor-size-default\">Le vol d'identit\u00e9 et fraude \u00e0 l'identit\u00e9<\/h1>\t\t\t\t<\/div>\n\t\t\t\t<\/div>\n\t\t\t\t\t<\/div>\n\t\t<\/div>\n\t\t\t\t\t<\/div>\n\t\t<\/section>\n\t\t\t\t<section data-particle_enable=\"false\" data-particle-mobile-disabled=\"false\" class=\"elementor-section elementor-top-section elementor-element elementor-element-4de6b7f3 elementor-section-boxed elementor-section-height-default elementor-section-height-default\" data-id=\"4de6b7f3\" data-element_type=\"section\" data-e-type=\"section\">\n\t\t\t\t\t\t<div class=\"elementor-container elementor-column-gap-default\">\n\t\t\t\t\t<div class=\"elementor-column elementor-col-100 elementor-top-column elementor-element elementor-element-266efeae\" data-id=\"266efeae\" data-element_type=\"column\" data-e-type=\"column\">\n\t\t\t<div class=\"elementor-widget-wrap elementor-element-populated\">\n\t\t\t\t\t\t<section data-particle_enable=\"false\" data-particle-mobile-disabled=\"false\" class=\"elementor-section elementor-inner-section elementor-element elementor-element-697f342 elementor-section-boxed elementor-section-height-default elementor-section-height-default\" data-id=\"697f342\" data-element_type=\"section\" data-e-type=\"section\">\n\t\t\t\t\t\t<div class=\"elementor-container elementor-column-gap-default\">\n\t\t\t\t\t<div class=\"elementor-column elementor-col-50 elementor-inner-column elementor-element elementor-element-1dadcc00\" data-id=\"1dadcc00\" data-element_type=\"column\" data-e-type=\"column\">\n\t\t\t<div class=\"elementor-widget-wrap elementor-element-populated\">\n\t\t\t\t\t\t<div class=\"elementor-element elementor-element-29cfc861 elementor-widget elementor-widget-heading\" data-id=\"29cfc861\" data-element_type=\"widget\" data-e-type=\"widget\" data-widget_type=\"heading.default\">\n\t\t\t\t<div class=\"elementor-widget-container\">\n\t\t\t\t\t<span class=\"elementor-heading-title elementor-size-default\">Nos Competences<\/span>\t\t\t\t<\/div>\n\t\t\t\t<\/div>\n\t\t\t\t<div class=\"elementor-element elementor-element-43a1f897 elementor-widget elementor-widget-heading\" data-id=\"43a1f897\" data-element_type=\"widget\" data-e-type=\"widget\" data-widget_type=\"heading.default\">\n\t\t\t\t<div class=\"elementor-widget-container\">\n\t\t\t\t\t<span class=\"elementor-heading-title elementor-size-default\">Le vol d'identit\u00e9 et fraude \u00e0 l'identit\u00e9<\/span>\t\t\t\t<\/div>\n\t\t\t\t<\/div>\n\t\t\t\t\t<\/div>\n\t\t<\/div>\n\t\t\t\t<div class=\"elementor-column elementor-col-50 elementor-inner-column elementor-element elementor-element-683f4a34\" data-id=\"683f4a34\" data-element_type=\"column\" data-e-type=\"column\">\n\t\t\t<div class=\"elementor-widget-wrap elementor-element-populated\">\n\t\t\t\t\t\t<div class=\"elementor-element elementor-element-7fa8a456 elementor-widget elementor-widget-text-editor\" data-id=\"7fa8a456\" data-element_type=\"widget\" data-e-type=\"widget\" data-widget_type=\"text-editor.default\">\n\t\t\t\t<div class=\"elementor-widget-container\">\n\t\t\t\t\t\t\t\t\t<p>L\u2019article 402.1 du<em> Code criminel<\/em> d\u00e9crit les informations d\u2019identit\u00e9 comme :<\/p><p>\u00ab toute information \u2013 y compris les informations biologiques ou physiologiques \u2013 d\u2019un type couramment utilis\u00e9 seul ou en combinaison avec d\u2019autres informations pour identifier ou pr\u00e9tendre d\u2019identifier un individu, y compris une empreinte digitale, une empreinte vocale, une image de la r\u00e9tine, une image de l\u2019iris, Profil ADN, nom, adresse, date de naissance, signature \u00e9crite, signature \u00e9lectronique, signature num\u00e9rique, nom d\u2019utilisateur, num\u00e9ro de carte de cr\u00e9dit, num\u00e9ro de carte de d\u00e9bit, num\u00e9ro de compte d\u2019institution financi\u00e8re, num\u00e9ro de passeport, num\u00e9ro d\u2019assurance sociale, num\u00e9ro d\u2019assurance maladie, num\u00e9ro de permis de conduire ou mot de passe. \u00bb<\/p><p>Des accusations criminelles peuvent \u00eatre encourues lorsqu\u2019une personne fait l\u2019une des choses suivantes :<\/p><ul><li>poss\u00e8de, produit, fait le trafic ou vend sciemment un appareil ou un outil utilis\u00e9 pour commettre un vol d\u2019identit\u00e9.<\/li><li>se fait frauduleusement passer pour une autre personne, vivante ou d\u00e9c\u00e9d\u00e9e, dans l\u2019intention d\u2019obtenir un avantage ou de causer un d\u00e9savantage.<\/li><li>utilise, fait le trafic, ou poss\u00e8de des informations d\u2019identit\u00e9 dans l\u2019intention de commettre un acte criminel ou de les utiliser \u00e0 des fins ill\u00e9gales.<\/li><\/ul><p>Les peines pour le vol d\u2019identit\u00e9 et fraude d\u2019identit\u00e9 en vertu du <em>Code criminel <\/em>peuvent aller d\u2019amendes et d\u2019emprisonnement \u00e0 un casier judiciaire et une tache permanente sur la r\u00e9putation d\u2019une personne. La s\u00e9v\u00e9rit\u00e9 de la peine d\u00e9pend des circonstances de l\u2019infraction et du pr\u00e9judice que la victime a subi.<\/p>\t\t\t\t\t\t\t\t<\/div>\n\t\t\t\t<\/div>\n\t\t\t\t\t<\/div>\n\t\t<\/div>\n\t\t\t\t\t<\/div>\n\t\t<\/section>\n\t\t\t\t\t<\/div>\n\t\t<\/div>\n\t\t\t\t\t<\/div>\n\t\t<\/section>\n\t\t\t\t<\/div>\n\t\t","protected":false},"excerpt":{"rendered":"<p>Le vol d&rsquo;identit\u00e9 et fraude \u00e0 l&rsquo;identit\u00e9 Nos Competences Le vol d&rsquo;identit\u00e9 et fraude \u00e0 l&rsquo;identit\u00e9 L\u2019article 402.1 du Code criminel d\u00e9crit les informations d\u2019identit\u00e9 comme : \u00ab toute information \u2013 y compris les informations biologiques ou physiologiques \u2013 d\u2019un type couramment utilis\u00e9 seul ou en combinaison avec d\u2019autres informations pour identifier ou pr\u00e9tendre d\u2019identifier [&hellip;]<\/p>\n","protected":false},"author":5,"featured_media":0,"parent":2296,"menu_order":12,"comment_status":"closed","ping_status":"closed","template":"","meta":{"footnotes":""},"class_list":["post-2300","page","type-page","status-publish","hentry"],"yoast_head":"<!-- This site is optimized with the Yoast SEO plugin v27.2 - https:\/\/yoast.com\/product\/yoast-seo-wordpress\/ -->\n<title>Vol d&#039;identit\u00e9 et usurpation d&#039;identit\u00e9 - Frouhar Law<\/title>\n<meta name=\"robots\" content=\"index, follow, max-snippet:-1, max-image-preview:large, max-video-preview:-1\" \/>\n<link rel=\"canonical\" href=\"https:\/\/frouharlaw.com\/fr\/notre-expertise\/criminalite-en-col-blanc\/vol-didentite-et-usurpation-didentite\/\" \/>\n<meta property=\"og:locale\" content=\"fr_FR\" \/>\n<meta property=\"og:type\" content=\"article\" \/>\n<meta property=\"og:title\" content=\"Vol d&#039;identit\u00e9 et usurpation d&#039;identit\u00e9 - Frouhar Law\" \/>\n<meta property=\"og:description\" content=\"Le vol d&rsquo;identit\u00e9 et fraude \u00e0 l&rsquo;identit\u00e9 Nos Competences Le vol d&rsquo;identit\u00e9 et fraude \u00e0 l&rsquo;identit\u00e9 L\u2019article 402.1 du Code criminel d\u00e9crit les informations d\u2019identit\u00e9 comme : \u00ab toute information \u2013 y compris les informations biologiques ou physiologiques \u2013 d\u2019un type couramment utilis\u00e9 seul ou en combinaison avec d\u2019autres informations pour identifier ou pr\u00e9tendre d\u2019identifier [&hellip;]\" \/>\n<meta property=\"og:url\" content=\"https:\/\/frouharlaw.com\/fr\/notre-expertise\/criminalite-en-col-blanc\/vol-didentite-et-usurpation-didentite\/\" \/>\n<meta property=\"og:site_name\" content=\"Frouhar Law\" \/>\n<meta property=\"article:modified_time\" content=\"2024-04-20T09:05:04+00:00\" \/>\n<meta property=\"og:image\" content=\"https:\/\/frouharlaw.com\/wp-content\/uploads\/frouharlaw-og.jpg\" \/>\n\t<meta property=\"og:image:width\" content=\"1200\" \/>\n\t<meta property=\"og:image:height\" content=\"630\" \/>\n\t<meta property=\"og:image:type\" content=\"image\/jpeg\" \/>\n<meta name=\"twitter:card\" content=\"summary_large_image\" \/>\n<meta name=\"twitter:label1\" content=\"Dur\u00e9e de lecture estim\u00e9e\" \/>\n\t<meta name=\"twitter:data1\" content=\"2 minutes\" \/>\n<script type=\"application\/ld+json\" class=\"yoast-schema-graph\">{\"@context\":\"https:\/\/schema.org\",\"@graph\":[{\"@type\":\"WebPage\",\"@id\":\"https:\/\/frouharlaw.com\/fr\/notre-expertise\/criminalite-en-col-blanc\/vol-didentite-et-usurpation-didentite\/\",\"url\":\"https:\/\/frouharlaw.com\/fr\/notre-expertise\/criminalite-en-col-blanc\/vol-didentite-et-usurpation-didentite\/\",\"name\":\"Vol d'identit\u00e9 et usurpation d'identit\u00e9 - Frouhar Law\",\"isPartOf\":{\"@id\":\"https:\/\/frouharlaw.com\/#website\"},\"datePublished\":\"2023-02-10T17:52:43+00:00\",\"dateModified\":\"2024-04-20T09:05:04+00:00\",\"breadcrumb\":{\"@id\":\"https:\/\/frouharlaw.com\/fr\/notre-expertise\/criminalite-en-col-blanc\/vol-didentite-et-usurpation-didentite\/#breadcrumb\"},\"inLanguage\":\"fr-FR\",\"potentialAction\":[{\"@type\":\"ReadAction\",\"target\":[\"https:\/\/frouharlaw.com\/fr\/notre-expertise\/criminalite-en-col-blanc\/vol-didentite-et-usurpation-didentite\/\"]}]},{\"@type\":\"BreadcrumbList\",\"@id\":\"https:\/\/frouharlaw.com\/fr\/notre-expertise\/criminalite-en-col-blanc\/vol-didentite-et-usurpation-didentite\/#breadcrumb\",\"itemListElement\":[{\"@type\":\"ListItem\",\"position\":1,\"name\":\"Home\",\"item\":\"https:\/\/frouharlaw.com\/fr\/\"},{\"@type\":\"ListItem\",\"position\":2,\"name\":\"Comp\u00e9tences\",\"item\":\"https:\/\/frouharlaw.com\/fr\/notre-expertise\/\"},{\"@type\":\"ListItem\",\"position\":3,\"name\":\"Crime financier\",\"item\":\"https:\/\/frouharlaw.com\/fr\/notre-expertise\/criminalite-en-col-blanc\/\"},{\"@type\":\"ListItem\",\"position\":4,\"name\":\"Vol d&rsquo;identit\u00e9 et usurpation d&rsquo;identit\u00e9\"}]},{\"@type\":\"WebSite\",\"@id\":\"https:\/\/frouharlaw.com\/#website\",\"url\":\"https:\/\/frouharlaw.com\/\",\"name\":\"Frouhar Law\",\"description\":\"Determined. Creative. Tireless. Passionate.\",\"publisher\":{\"@id\":\"https:\/\/frouharlaw.com\/#organization\"},\"potentialAction\":[{\"@type\":\"SearchAction\",\"target\":{\"@type\":\"EntryPoint\",\"urlTemplate\":\"https:\/\/frouharlaw.com\/?s={search_term_string}\"},\"query-input\":{\"@type\":\"PropertyValueSpecification\",\"valueRequired\":true,\"valueName\":\"search_term_string\"}}],\"inLanguage\":\"fr-FR\"},{\"@type\":\"Organization\",\"@id\":\"https:\/\/frouharlaw.com\/#organization\",\"name\":\"Frouhar Law\",\"url\":\"https:\/\/frouharlaw.com\/\",\"logo\":{\"@type\":\"ImageObject\",\"inLanguage\":\"fr-FR\",\"@id\":\"https:\/\/frouharlaw.com\/#\/schema\/logo\/image\/\",\"url\":\"https:\/\/frouharlaw.com\/wp-content\/uploads\/frouhar-law-logo.png\",\"contentUrl\":\"https:\/\/frouharlaw.com\/wp-content\/uploads\/frouhar-law-logo.png\",\"width\":3601,\"height\":3600,\"caption\":\"Frouhar Law\"},\"image\":{\"@id\":\"https:\/\/frouharlaw.com\/#\/schema\/logo\/image\/\"}}]}<\/script>\n<!-- \/ Yoast SEO plugin. -->","yoast_head_json":{"title":"Vol d'identit\u00e9 et usurpation d'identit\u00e9 - Frouhar Law","robots":{"index":"index","follow":"follow","max-snippet":"max-snippet:-1","max-image-preview":"max-image-preview:large","max-video-preview":"max-video-preview:-1"},"canonical":"https:\/\/frouharlaw.com\/fr\/notre-expertise\/criminalite-en-col-blanc\/vol-didentite-et-usurpation-didentite\/","og_locale":"fr_FR","og_type":"article","og_title":"Vol d'identit\u00e9 et usurpation d'identit\u00e9 - Frouhar Law","og_description":"Le vol d&rsquo;identit\u00e9 et fraude \u00e0 l&rsquo;identit\u00e9 Nos Competences Le vol d&rsquo;identit\u00e9 et fraude \u00e0 l&rsquo;identit\u00e9 L\u2019article 402.1 du Code criminel d\u00e9crit les informations d\u2019identit\u00e9 comme : \u00ab toute information \u2013 y compris les informations biologiques ou physiologiques \u2013 d\u2019un type couramment utilis\u00e9 seul ou en combinaison avec d\u2019autres informations pour identifier ou pr\u00e9tendre d\u2019identifier [&hellip;]","og_url":"https:\/\/frouharlaw.com\/fr\/notre-expertise\/criminalite-en-col-blanc\/vol-didentite-et-usurpation-didentite\/","og_site_name":"Frouhar Law","article_modified_time":"2024-04-20T09:05:04+00:00","og_image":[{"width":1200,"height":630,"url":"https:\/\/frouharlaw.com\/wp-content\/uploads\/frouharlaw-og.jpg","type":"image\/jpeg"}],"twitter_card":"summary_large_image","twitter_misc":{"Dur\u00e9e de lecture estim\u00e9e":"2 minutes"},"schema":{"@context":"https:\/\/schema.org","@graph":[{"@type":"WebPage","@id":"https:\/\/frouharlaw.com\/fr\/notre-expertise\/criminalite-en-col-blanc\/vol-didentite-et-usurpation-didentite\/","url":"https:\/\/frouharlaw.com\/fr\/notre-expertise\/criminalite-en-col-blanc\/vol-didentite-et-usurpation-didentite\/","name":"Vol d'identit\u00e9 et usurpation d'identit\u00e9 - Frouhar Law","isPartOf":{"@id":"https:\/\/frouharlaw.com\/#website"},"datePublished":"2023-02-10T17:52:43+00:00","dateModified":"2024-04-20T09:05:04+00:00","breadcrumb":{"@id":"https:\/\/frouharlaw.com\/fr\/notre-expertise\/criminalite-en-col-blanc\/vol-didentite-et-usurpation-didentite\/#breadcrumb"},"inLanguage":"fr-FR","potentialAction":[{"@type":"ReadAction","target":["https:\/\/frouharlaw.com\/fr\/notre-expertise\/criminalite-en-col-blanc\/vol-didentite-et-usurpation-didentite\/"]}]},{"@type":"BreadcrumbList","@id":"https:\/\/frouharlaw.com\/fr\/notre-expertise\/criminalite-en-col-blanc\/vol-didentite-et-usurpation-didentite\/#breadcrumb","itemListElement":[{"@type":"ListItem","position":1,"name":"Home","item":"https:\/\/frouharlaw.com\/fr\/"},{"@type":"ListItem","position":2,"name":"Comp\u00e9tences","item":"https:\/\/frouharlaw.com\/fr\/notre-expertise\/"},{"@type":"ListItem","position":3,"name":"Crime financier","item":"https:\/\/frouharlaw.com\/fr\/notre-expertise\/criminalite-en-col-blanc\/"},{"@type":"ListItem","position":4,"name":"Vol d&rsquo;identit\u00e9 et usurpation d&rsquo;identit\u00e9"}]},{"@type":"WebSite","@id":"https:\/\/frouharlaw.com\/#website","url":"https:\/\/frouharlaw.com\/","name":"Frouhar Law","description":"Determined. Creative. Tireless. Passionate.","publisher":{"@id":"https:\/\/frouharlaw.com\/#organization"},"potentialAction":[{"@type":"SearchAction","target":{"@type":"EntryPoint","urlTemplate":"https:\/\/frouharlaw.com\/?s={search_term_string}"},"query-input":{"@type":"PropertyValueSpecification","valueRequired":true,"valueName":"search_term_string"}}],"inLanguage":"fr-FR"},{"@type":"Organization","@id":"https:\/\/frouharlaw.com\/#organization","name":"Frouhar Law","url":"https:\/\/frouharlaw.com\/","logo":{"@type":"ImageObject","inLanguage":"fr-FR","@id":"https:\/\/frouharlaw.com\/#\/schema\/logo\/image\/","url":"https:\/\/frouharlaw.com\/wp-content\/uploads\/frouhar-law-logo.png","contentUrl":"https:\/\/frouharlaw.com\/wp-content\/uploads\/frouhar-law-logo.png","width":3601,"height":3600,"caption":"Frouhar Law"},"image":{"@id":"https:\/\/frouharlaw.com\/#\/schema\/logo\/image\/"}}]}},"_links":{"self":[{"href":"https:\/\/frouharlaw.com\/fr\/wp-json\/wp\/v2\/pages\/2300","targetHints":{"allow":["GET"]}}],"collection":[{"href":"https:\/\/frouharlaw.com\/fr\/wp-json\/wp\/v2\/pages"}],"about":[{"href":"https:\/\/frouharlaw.com\/fr\/wp-json\/wp\/v2\/types\/page"}],"author":[{"embeddable":true,"href":"https:\/\/frouharlaw.com\/fr\/wp-json\/wp\/v2\/users\/5"}],"replies":[{"embeddable":true,"href":"https:\/\/frouharlaw.com\/fr\/wp-json\/wp\/v2\/comments?post=2300"}],"version-history":[{"count":13,"href":"https:\/\/frouharlaw.com\/fr\/wp-json\/wp\/v2\/pages\/2300\/revisions"}],"predecessor-version":[{"id":3921,"href":"https:\/\/frouharlaw.com\/fr\/wp-json\/wp\/v2\/pages\/2300\/revisions\/3921"}],"up":[{"embeddable":true,"href":"https:\/\/frouharlaw.com\/fr\/wp-json\/wp\/v2\/pages\/2296"}],"wp:attachment":[{"href":"https:\/\/frouharlaw.com\/fr\/wp-json\/wp\/v2\/media?parent=2300"}],"curies":[{"name":"wp","href":"https:\/\/api.w.org\/{rel}","templated":true}]}}