{"id":2306,"date":"2023-02-10T17:52:15","date_gmt":"2023-02-10T17:52:15","guid":{"rendered":"https:\/\/frouharlaw.com\/notre-expertise\/armes-et-armes-a-feu\/possession-darmes-a-feu-prohibees-a-autorisation-restreinte\/"},"modified":"2024-04-20T03:54:51","modified_gmt":"2024-04-20T03:54:51","slug":"possession-darmes-a-feu-prohibees-a-autorisation-restreinte","status":"publish","type":"page","link":"https:\/\/frouharlaw.com\/fr\/notre-expertise\/armes-et-armes-a-feu\/possession-darmes-a-feu-prohibees-a-autorisation-restreinte\/","title":{"rendered":"Possession d&rsquo;armes \u00e0 feu prohib\u00e9es\/\u00e0 autorisation restreinte"},"content":{"rendered":"\t\t<div data-elementor-type=\"wp-page\" data-elementor-id=\"2306\" class=\"elementor elementor-2306 elementor-1418\" data-elementor-post-type=\"page\">\n\t\t\t\t\t\t<section data-particle_enable=\"false\" data-particle-mobile-disabled=\"false\" class=\"elementor-section elementor-top-section elementor-element elementor-element-706afd8e elementor-section-height-min-height elementor-section-boxed elementor-section-height-default elementor-section-items-middle\" data-id=\"706afd8e\" data-element_type=\"section\" data-e-type=\"section\" data-settings=\"{&quot;background_background&quot;:&quot;classic&quot;}\">\n\t\t\t\t\t\t\t<div class=\"elementor-background-overlay\"><\/div>\n\t\t\t\t\t\t\t<div class=\"elementor-container elementor-column-gap-default\">\n\t\t\t\t\t<div class=\"elementor-column elementor-col-100 elementor-top-column elementor-element elementor-element-44615cb4\" data-id=\"44615cb4\" data-element_type=\"column\" data-e-type=\"column\">\n\t\t\t<div class=\"elementor-widget-wrap elementor-element-populated\">\n\t\t\t\t\t\t<div class=\"elementor-element elementor-element-79019f3e elementor-widget elementor-widget-heading\" data-id=\"79019f3e\" data-element_type=\"widget\" data-e-type=\"widget\" data-widget_type=\"heading.default\">\n\t\t\t\t<div class=\"elementor-widget-container\">\n\t\t\t\t\t<h1 class=\"elementor-heading-title elementor-size-default\">Possession d&rsquo;armes \u00e0 feu prohib\u00e9es\/\u00e0 autorisation restreinte<\/h1>\t\t\t\t<\/div>\n\t\t\t\t<\/div>\n\t\t\t\t\t<\/div>\n\t\t<\/div>\n\t\t\t\t\t<\/div>\n\t\t<\/section>\n\t\t\t\t<section data-particle_enable=\"false\" data-particle-mobile-disabled=\"false\" class=\"elementor-section elementor-top-section elementor-element elementor-element-5a021c61 elementor-section-boxed elementor-section-height-default elementor-section-height-default\" data-id=\"5a021c61\" data-element_type=\"section\" data-e-type=\"section\">\n\t\t\t\t\t\t<div class=\"elementor-container elementor-column-gap-default\">\n\t\t\t\t\t<div class=\"elementor-column elementor-col-100 elementor-top-column elementor-element elementor-element-7f8ab81d\" data-id=\"7f8ab81d\" data-element_type=\"column\" data-e-type=\"column\">\n\t\t\t<div class=\"elementor-widget-wrap elementor-element-populated\">\n\t\t\t\t\t\t<section data-particle_enable=\"false\" data-particle-mobile-disabled=\"false\" class=\"elementor-section elementor-inner-section elementor-element elementor-element-18e188df elementor-section-boxed elementor-section-height-default elementor-section-height-default\" data-id=\"18e188df\" data-element_type=\"section\" data-e-type=\"section\">\n\t\t\t\t\t\t<div class=\"elementor-container elementor-column-gap-default\">\n\t\t\t\t\t<div class=\"elementor-column elementor-col-50 elementor-inner-column elementor-element elementor-element-74ce55aa\" data-id=\"74ce55aa\" data-element_type=\"column\" data-e-type=\"column\">\n\t\t\t<div class=\"elementor-widget-wrap elementor-element-populated\">\n\t\t\t\t\t\t<div class=\"elementor-element elementor-element-40ff6a71 elementor-widget elementor-widget-heading\" data-id=\"40ff6a71\" data-element_type=\"widget\" data-e-type=\"widget\" data-widget_type=\"heading.default\">\n\t\t\t\t<div class=\"elementor-widget-container\">\n\t\t\t\t\t<span class=\"elementor-heading-title elementor-size-default\">Nos Competences<\/span>\t\t\t\t<\/div>\n\t\t\t\t<\/div>\n\t\t\t\t<div class=\"elementor-element elementor-element-3e4f74de elementor-widget elementor-widget-heading\" data-id=\"3e4f74de\" data-element_type=\"widget\" data-e-type=\"widget\" data-widget_type=\"heading.default\">\n\t\t\t\t<div class=\"elementor-widget-container\">\n\t\t\t\t\t<p class=\"elementor-heading-title elementor-size-default\">Possession d&rsquo;armes \u00e0 feu prohib\u00e9es\/\u00e0 autorisation restreinte<\/p>\t\t\t\t<\/div>\n\t\t\t\t<\/div>\n\t\t\t\t\t<\/div>\n\t\t<\/div>\n\t\t\t\t<div class=\"elementor-column elementor-col-50 elementor-inner-column elementor-element elementor-element-72d3da0b\" data-id=\"72d3da0b\" data-element_type=\"column\" data-e-type=\"column\">\n\t\t\t<div class=\"elementor-widget-wrap elementor-element-populated\">\n\t\t\t\t\t\t<div class=\"elementor-element elementor-element-6bb2871a elementor-widget elementor-widget-text-editor\" data-id=\"6bb2871a\" data-element_type=\"widget\" data-e-type=\"widget\" data-widget_type=\"text-editor.default\">\n\t\t\t\t<div class=\"elementor-widget-container\">\n\t\t\t\t\t\t\t\t\t<p>La possession d&rsquo;une arme \u00e0 feu prohib\u00e9e est d\u00e9finie comme la possession ou le contr\u00f4le d&rsquo;une arme \u00e0 feu qui est prohib\u00e9e par la loi canadienne, sans y \u00eatre autoris\u00e9. Cela peut inclure certains types d&rsquo;armes \u00e0 feu, comme les armes enti\u00e8rement automatiques ou les armes de poing dont la longueur du canon est inf\u00e9rieure \u00e0 105 millim\u00e8tres. La possession d&rsquo;une arme \u00e0 feu prohib\u00e9e peut entra\u00eener une peine importante, y compris une peine d&#8217;emprisonnement pouvant aller jusqu&rsquo;\u00e0 10 ans. De plus, les peines pour possession d&rsquo;une arme \u00e0 feu prohib\u00e9e peuvent \u00eatre augment\u00e9es si l&rsquo;arme \u00e0 feu est utilis\u00e9e dans la perp\u00e9tration d&rsquo;une autre infraction criminelle, comme un vol \u00e0 main arm\u00e9e ou une agression.<\/p>\n\t\t\t\t\t\t\t\t<\/div>\n\t\t\t\t<\/div>\n\t\t\t\t\t<\/div>\n\t\t<\/div>\n\t\t\t\t\t<\/div>\n\t\t<\/section>\n\t\t\t\t\t<\/div>\n\t\t<\/div>\n\t\t\t\t\t<\/div>\n\t\t<\/section>\n\t\t\t\t<\/div>\n\t\t","protected":false},"excerpt":{"rendered":"<p>Nos Competences La possession d&rsquo;une arme \u00e0 feu prohib\u00e9e est d\u00e9finie comme la possession ou le contr\u00f4le d&rsquo;une arme \u00e0 feu qui est prohib\u00e9e par la loi canadienne, sans y \u00eatre autoris\u00e9. Cela peut inclure certains types d&rsquo;armes \u00e0 feu, comme les armes enti\u00e8rement automatiques ou les armes de poing dont la longueur du canon [&hellip;]<\/p>\n","protected":false},"author":5,"featured_media":0,"parent":2304,"menu_order":14,"comment_status":"closed","ping_status":"closed","template":"","meta":{"footnotes":""},"class_list":["post-2306","page","type-page","status-publish","hentry"],"yoast_head":"<!-- This site is optimized with the Yoast SEO plugin v27.2 - https:\/\/yoast.com\/product\/yoast-seo-wordpress\/ -->\n<title>Possession d&#039;armes \u00e0 feu prohib\u00e9es\/\u00e0 autorisation restreinte - Frouhar Law<\/title>\n<meta name=\"robots\" content=\"index, follow, max-snippet:-1, max-image-preview:large, max-video-preview:-1\" \/>\n<link rel=\"canonical\" href=\"https:\/\/frouharlaw.com\/our-expertise\/firearms-and-other-weapons\/possession-of-prohibited-restricted-firearms\/\" \/>\n<meta property=\"og:locale\" content=\"fr_FR\" \/>\n<meta property=\"og:type\" content=\"article\" \/>\n<meta property=\"og:title\" content=\"Possession d&#039;armes \u00e0 feu prohib\u00e9es\/\u00e0 autorisation restreinte - Frouhar Law\" \/>\n<meta property=\"og:description\" content=\"Nos Competences La possession d&rsquo;une arme \u00e0 feu prohib\u00e9e est d\u00e9finie comme la possession ou le contr\u00f4le d&rsquo;une arme \u00e0 feu qui est prohib\u00e9e par la loi canadienne, sans y \u00eatre autoris\u00e9. Cela peut inclure certains types d&rsquo;armes \u00e0 feu, comme les armes enti\u00e8rement automatiques ou les armes de poing dont la longueur du canon [&hellip;]\" \/>\n<meta property=\"og:url\" content=\"https:\/\/frouharlaw.com\/our-expertise\/firearms-and-other-weapons\/possession-of-prohibited-restricted-firearms\/\" \/>\n<meta property=\"og:site_name\" content=\"Frouhar Law\" \/>\n<meta property=\"article:modified_time\" content=\"2024-04-20T03:54:51+00:00\" \/>\n<meta property=\"og:image\" content=\"https:\/\/frouharlaw.com\/wp-content\/uploads\/frouharlaw-og.jpg\" \/>\n\t<meta property=\"og:image:width\" content=\"1200\" \/>\n\t<meta property=\"og:image:height\" content=\"630\" \/>\n\t<meta property=\"og:image:type\" content=\"image\/jpeg\" \/>\n<meta name=\"twitter:card\" content=\"summary_large_image\" \/>\n<meta name=\"twitter:label1\" content=\"Dur\u00e9e de lecture estim\u00e9e\" \/>\n\t<meta name=\"twitter:data1\" content=\"1 minute\" \/>\n<script type=\"application\/ld+json\" class=\"yoast-schema-graph\">{\"@context\":\"https:\/\/schema.org\",\"@graph\":[{\"@type\":\"WebPage\",\"@id\":\"https:\/\/frouharlaw.com\/our-expertise\/firearms-and-other-weapons\/possession-of-prohibited-restricted-firearms\/\",\"url\":\"https:\/\/frouharlaw.com\/our-expertise\/firearms-and-other-weapons\/possession-of-prohibited-restricted-firearms\/\",\"name\":\"Possession d'armes \u00e0 feu prohib\u00e9es\/\u00e0 autorisation restreinte - Frouhar Law\",\"isPartOf\":{\"@id\":\"https:\/\/frouharlaw.com\/#website\"},\"datePublished\":\"2023-02-10T17:52:15+00:00\",\"dateModified\":\"2024-04-20T03:54:51+00:00\",\"breadcrumb\":{\"@id\":\"https:\/\/frouharlaw.com\/our-expertise\/firearms-and-other-weapons\/possession-of-prohibited-restricted-firearms\/#breadcrumb\"},\"inLanguage\":\"fr-FR\",\"potentialAction\":[{\"@type\":\"ReadAction\",\"target\":[\"https:\/\/frouharlaw.com\/our-expertise\/firearms-and-other-weapons\/possession-of-prohibited-restricted-firearms\/\"]}]},{\"@type\":\"BreadcrumbList\",\"@id\":\"https:\/\/frouharlaw.com\/our-expertise\/firearms-and-other-weapons\/possession-of-prohibited-restricted-firearms\/#breadcrumb\",\"itemListElement\":[{\"@type\":\"ListItem\",\"position\":1,\"name\":\"Home\",\"item\":\"https:\/\/frouharlaw.com\/fr\/\"},{\"@type\":\"ListItem\",\"position\":2,\"name\":\"Comp\u00e9tences\",\"item\":\"https:\/\/frouharlaw.com\/fr\/notre-expertise\/\"},{\"@type\":\"ListItem\",\"position\":3,\"name\":\"Armes et armes \u00e0 feu\",\"item\":\"https:\/\/frouharlaw.com\/our-expertise\/firearms-and-other-weapons\/\"},{\"@type\":\"ListItem\",\"position\":4,\"name\":\"Possession d&#8217;armes \u00e0 feu prohib\u00e9es\/\u00e0 autorisation restreinte\"}]},{\"@type\":\"WebSite\",\"@id\":\"https:\/\/frouharlaw.com\/#website\",\"url\":\"https:\/\/frouharlaw.com\/\",\"name\":\"Frouhar Law\",\"description\":\"Determined. Creative. Tireless. Passionate.\",\"publisher\":{\"@id\":\"https:\/\/frouharlaw.com\/#organization\"},\"potentialAction\":[{\"@type\":\"SearchAction\",\"target\":{\"@type\":\"EntryPoint\",\"urlTemplate\":\"https:\/\/frouharlaw.com\/?s={search_term_string}\"},\"query-input\":{\"@type\":\"PropertyValueSpecification\",\"valueRequired\":true,\"valueName\":\"search_term_string\"}}],\"inLanguage\":\"fr-FR\"},{\"@type\":\"Organization\",\"@id\":\"https:\/\/frouharlaw.com\/#organization\",\"name\":\"Frouhar Law\",\"url\":\"https:\/\/frouharlaw.com\/\",\"logo\":{\"@type\":\"ImageObject\",\"inLanguage\":\"fr-FR\",\"@id\":\"https:\/\/frouharlaw.com\/#\/schema\/logo\/image\/\",\"url\":\"https:\/\/frouharlaw.com\/wp-content\/uploads\/frouhar-law-logo.png\",\"contentUrl\":\"https:\/\/frouharlaw.com\/wp-content\/uploads\/frouhar-law-logo.png\",\"width\":3601,\"height\":3600,\"caption\":\"Frouhar Law\"},\"image\":{\"@id\":\"https:\/\/frouharlaw.com\/#\/schema\/logo\/image\/\"}}]}<\/script>\n<!-- \/ Yoast SEO plugin. -->","yoast_head_json":{"title":"Possession d'armes \u00e0 feu prohib\u00e9es\/\u00e0 autorisation restreinte - Frouhar Law","robots":{"index":"index","follow":"follow","max-snippet":"max-snippet:-1","max-image-preview":"max-image-preview:large","max-video-preview":"max-video-preview:-1"},"canonical":"https:\/\/frouharlaw.com\/our-expertise\/firearms-and-other-weapons\/possession-of-prohibited-restricted-firearms\/","og_locale":"fr_FR","og_type":"article","og_title":"Possession d'armes \u00e0 feu prohib\u00e9es\/\u00e0 autorisation restreinte - Frouhar Law","og_description":"Nos Competences La possession d&rsquo;une arme \u00e0 feu prohib\u00e9e est d\u00e9finie comme la possession ou le contr\u00f4le d&rsquo;une arme \u00e0 feu qui est prohib\u00e9e par la loi canadienne, sans y \u00eatre autoris\u00e9. Cela peut inclure certains types d&rsquo;armes \u00e0 feu, comme les armes enti\u00e8rement automatiques ou les armes de poing dont la longueur du canon [&hellip;]","og_url":"https:\/\/frouharlaw.com\/our-expertise\/firearms-and-other-weapons\/possession-of-prohibited-restricted-firearms\/","og_site_name":"Frouhar Law","article_modified_time":"2024-04-20T03:54:51+00:00","og_image":[{"width":1200,"height":630,"url":"https:\/\/frouharlaw.com\/wp-content\/uploads\/frouharlaw-og.jpg","type":"image\/jpeg"}],"twitter_card":"summary_large_image","twitter_misc":{"Dur\u00e9e de lecture estim\u00e9e":"1 minute"},"schema":{"@context":"https:\/\/schema.org","@graph":[{"@type":"WebPage","@id":"https:\/\/frouharlaw.com\/our-expertise\/firearms-and-other-weapons\/possession-of-prohibited-restricted-firearms\/","url":"https:\/\/frouharlaw.com\/our-expertise\/firearms-and-other-weapons\/possession-of-prohibited-restricted-firearms\/","name":"Possession d'armes \u00e0 feu prohib\u00e9es\/\u00e0 autorisation restreinte - Frouhar Law","isPartOf":{"@id":"https:\/\/frouharlaw.com\/#website"},"datePublished":"2023-02-10T17:52:15+00:00","dateModified":"2024-04-20T03:54:51+00:00","breadcrumb":{"@id":"https:\/\/frouharlaw.com\/our-expertise\/firearms-and-other-weapons\/possession-of-prohibited-restricted-firearms\/#breadcrumb"},"inLanguage":"fr-FR","potentialAction":[{"@type":"ReadAction","target":["https:\/\/frouharlaw.com\/our-expertise\/firearms-and-other-weapons\/possession-of-prohibited-restricted-firearms\/"]}]},{"@type":"BreadcrumbList","@id":"https:\/\/frouharlaw.com\/our-expertise\/firearms-and-other-weapons\/possession-of-prohibited-restricted-firearms\/#breadcrumb","itemListElement":[{"@type":"ListItem","position":1,"name":"Home","item":"https:\/\/frouharlaw.com\/fr\/"},{"@type":"ListItem","position":2,"name":"Comp\u00e9tences","item":"https:\/\/frouharlaw.com\/fr\/notre-expertise\/"},{"@type":"ListItem","position":3,"name":"Armes et armes \u00e0 feu","item":"https:\/\/frouharlaw.com\/our-expertise\/firearms-and-other-weapons\/"},{"@type":"ListItem","position":4,"name":"Possession d&#8217;armes \u00e0 feu prohib\u00e9es\/\u00e0 autorisation restreinte"}]},{"@type":"WebSite","@id":"https:\/\/frouharlaw.com\/#website","url":"https:\/\/frouharlaw.com\/","name":"Frouhar Law","description":"Determined. Creative. Tireless. Passionate.","publisher":{"@id":"https:\/\/frouharlaw.com\/#organization"},"potentialAction":[{"@type":"SearchAction","target":{"@type":"EntryPoint","urlTemplate":"https:\/\/frouharlaw.com\/?s={search_term_string}"},"query-input":{"@type":"PropertyValueSpecification","valueRequired":true,"valueName":"search_term_string"}}],"inLanguage":"fr-FR"},{"@type":"Organization","@id":"https:\/\/frouharlaw.com\/#organization","name":"Frouhar Law","url":"https:\/\/frouharlaw.com\/","logo":{"@type":"ImageObject","inLanguage":"fr-FR","@id":"https:\/\/frouharlaw.com\/#\/schema\/logo\/image\/","url":"https:\/\/frouharlaw.com\/wp-content\/uploads\/frouhar-law-logo.png","contentUrl":"https:\/\/frouharlaw.com\/wp-content\/uploads\/frouhar-law-logo.png","width":3601,"height":3600,"caption":"Frouhar Law"},"image":{"@id":"https:\/\/frouharlaw.com\/#\/schema\/logo\/image\/"}}]}},"_links":{"self":[{"href":"https:\/\/frouharlaw.com\/fr\/wp-json\/wp\/v2\/pages\/2306","targetHints":{"allow":["GET"]}}],"collection":[{"href":"https:\/\/frouharlaw.com\/fr\/wp-json\/wp\/v2\/pages"}],"about":[{"href":"https:\/\/frouharlaw.com\/fr\/wp-json\/wp\/v2\/types\/page"}],"author":[{"embeddable":true,"href":"https:\/\/frouharlaw.com\/fr\/wp-json\/wp\/v2\/users\/5"}],"replies":[{"embeddable":true,"href":"https:\/\/frouharlaw.com\/fr\/wp-json\/wp\/v2\/comments?post=2306"}],"version-history":[{"count":7,"href":"https:\/\/frouharlaw.com\/fr\/wp-json\/wp\/v2\/pages\/2306\/revisions"}],"predecessor-version":[{"id":3793,"href":"https:\/\/frouharlaw.com\/fr\/wp-json\/wp\/v2\/pages\/2306\/revisions\/3793"}],"up":[{"embeddable":true,"href":"https:\/\/frouharlaw.com\/fr\/wp-json\/wp\/v2\/pages\/2304"}],"wp:attachment":[{"href":"https:\/\/frouharlaw.com\/fr\/wp-json\/wp\/v2\/media?parent=2306"}],"curies":[{"name":"wp","href":"https:\/\/api.w.org\/{rel}","templated":true}]}}