{"id":2318,"date":"2023-02-10T17:50:24","date_gmt":"2023-02-10T17:50:24","guid":{"rendered":"https:\/\/frouharlaw.com\/notre-expertise\/agressions\/agressions-domestiques\/"},"modified":"2024-08-07T14:18:41","modified_gmt":"2024-08-07T14:18:41","slug":"agressions-domestiques","status":"publish","type":"page","link":"https:\/\/frouharlaw.com\/fr\/notre-expertise\/agressions\/agressions-domestiques\/","title":{"rendered":"Agressions domestiques"},"content":{"rendered":"\t\t<div data-elementor-type=\"wp-page\" data-elementor-id=\"2318\" class=\"elementor elementor-2318 elementor-1410\" data-elementor-post-type=\"page\">\n\t\t\t\t\t\t<section data-particle_enable=\"false\" data-particle-mobile-disabled=\"false\" class=\"elementor-section elementor-top-section elementor-element elementor-element-1963bc2a elementor-section-height-min-height elementor-section-boxed elementor-section-height-default elementor-section-items-middle\" data-id=\"1963bc2a\" data-element_type=\"section\" data-e-type=\"section\" data-settings=\"{&quot;background_background&quot;:&quot;classic&quot;}\">\n\t\t\t\t\t\t\t<div class=\"elementor-background-overlay\"><\/div>\n\t\t\t\t\t\t\t<div class=\"elementor-container elementor-column-gap-default\">\n\t\t\t\t\t<div class=\"elementor-column elementor-col-100 elementor-top-column elementor-element elementor-element-7b21a00f\" data-id=\"7b21a00f\" data-element_type=\"column\" data-e-type=\"column\">\n\t\t\t<div class=\"elementor-widget-wrap elementor-element-populated\">\n\t\t\t\t\t\t<div class=\"elementor-element elementor-element-15d05bd3 elementor-widget elementor-widget-heading\" data-id=\"15d05bd3\" data-element_type=\"widget\" data-e-type=\"widget\" data-widget_type=\"heading.default\">\n\t\t\t\t<div class=\"elementor-widget-container\">\n\t\t\t\t\t<h1 class=\"elementor-heading-title elementor-size-default\">Agressions domestiques<\/h1>\t\t\t\t<\/div>\n\t\t\t\t<\/div>\n\t\t\t\t\t<\/div>\n\t\t<\/div>\n\t\t\t\t\t<\/div>\n\t\t<\/section>\n\t\t\t\t<section data-particle_enable=\"false\" data-particle-mobile-disabled=\"false\" class=\"elementor-section elementor-top-section elementor-element elementor-element-3ee9244 elementor-section-boxed elementor-section-height-default elementor-section-height-default\" data-id=\"3ee9244\" data-element_type=\"section\" data-e-type=\"section\">\n\t\t\t\t\t\t<div class=\"elementor-container elementor-column-gap-default\">\n\t\t\t\t\t<div class=\"elementor-column elementor-col-100 elementor-top-column elementor-element elementor-element-721eb8d3\" data-id=\"721eb8d3\" data-element_type=\"column\" data-e-type=\"column\">\n\t\t\t<div class=\"elementor-widget-wrap elementor-element-populated\">\n\t\t\t\t\t\t<section data-particle_enable=\"false\" data-particle-mobile-disabled=\"false\" class=\"elementor-section elementor-inner-section elementor-element elementor-element-1834786b elementor-section-boxed elementor-section-height-default elementor-section-height-default\" data-id=\"1834786b\" data-element_type=\"section\" data-e-type=\"section\">\n\t\t\t\t\t\t<div class=\"elementor-container elementor-column-gap-default\">\n\t\t\t\t\t<div class=\"elementor-column elementor-col-50 elementor-inner-column elementor-element elementor-element-6525bf73\" data-id=\"6525bf73\" data-element_type=\"column\" data-e-type=\"column\">\n\t\t\t<div class=\"elementor-widget-wrap elementor-element-populated\">\n\t\t\t\t\t\t<div class=\"elementor-element elementor-element-8079100 elementor-widget elementor-widget-heading\" data-id=\"8079100\" data-element_type=\"widget\" data-e-type=\"widget\" data-widget_type=\"heading.default\">\n\t\t\t\t<div class=\"elementor-widget-container\">\n\t\t\t\t\t<span class=\"elementor-heading-title elementor-size-default\">Nos Competences<\/span>\t\t\t\t<\/div>\n\t\t\t\t<\/div>\n\t\t\t\t<div class=\"elementor-element elementor-element-24c1fd0b elementor-widget elementor-widget-heading\" data-id=\"24c1fd0b\" data-element_type=\"widget\" data-e-type=\"widget\" data-widget_type=\"heading.default\">\n\t\t\t\t<div class=\"elementor-widget-container\">\n\t\t\t\t\t<span class=\"elementor-heading-title elementor-size-default\">Agressions domestiques<\/span>\t\t\t\t<\/div>\n\t\t\t\t<\/div>\n\t\t\t\t\t<\/div>\n\t\t<\/div>\n\t\t\t\t<div class=\"elementor-column elementor-col-50 elementor-inner-column elementor-element elementor-element-5c48e26e\" data-id=\"5c48e26e\" data-element_type=\"column\" data-e-type=\"column\">\n\t\t\t<div class=\"elementor-widget-wrap elementor-element-populated\">\n\t\t\t\t\t\t<div class=\"elementor-element elementor-element-4a692791 elementor-widget elementor-widget-text-editor\" data-id=\"4a692791\" data-element_type=\"widget\" data-e-type=\"widget\" data-widget_type=\"text-editor.default\">\n\t\t\t\t<div class=\"elementor-widget-container\">\n\t\t\t\t\t\t\t\t\t<p>L&rsquo;agression domestique fait r\u00e9f\u00e9rence \u00e0 l&rsquo;utilisation de la force physique ou \u00e0 la menace d&rsquo;utiliser la force physique dans une relation intime, comme entre \u00e9poux, partenaires ou membres de la famille. Les agressions domestiques peuvent inclure des actes tels que frapper, gifler, pousser ou menacer de blessures physiques.<\/p><p>Les agressions domestiques entra\u00eenent des peines importantes, y compris l&#8217;emprisonnement et un casier judiciaire. En outre, une condamnation pour agression domestique peut avoir des cons\u00e9quences consid\u00e9rables, telles qu&rsquo;une incidence sur le statut d&rsquo;immigration, les modalit\u00e9s de garde des enfants et les perspectives d&#8217;emploi futures. Si vous avez \u00e9t\u00e9 accus\u00e9 de violence domestique, il est important de demander des conseils et un soutien juridique d\u00e8s que possible.<\/p>\t\t\t\t\t\t\t\t<\/div>\n\t\t\t\t<\/div>\n\t\t\t\t\t<\/div>\n\t\t<\/div>\n\t\t\t\t\t<\/div>\n\t\t<\/section>\n\t\t\t\t\t<\/div>\n\t\t<\/div>\n\t\t\t\t\t<\/div>\n\t\t<\/section>\n\t\t\t\t<\/div>\n\t\t","protected":false},"excerpt":{"rendered":"<p>Nos Competences L&rsquo;agression domestique fait r\u00e9f\u00e9rence \u00e0 l&rsquo;utilisation de la force physique ou \u00e0 la menace d&rsquo;utiliser la force physique dans une relation intime, comme entre \u00e9poux, partenaires ou membres de la famille. Les agressions domestiques peuvent inclure des actes tels que frapper, gifler, pousser ou menacer de blessures physiques. Les agressions domestiques entra\u00eenent des [&hellip;]<\/p>\n","protected":false},"author":5,"featured_media":0,"parent":2310,"menu_order":18,"comment_status":"closed","ping_status":"closed","template":"","meta":{"footnotes":""},"class_list":["post-2318","page","type-page","status-publish","hentry"],"yoast_head":"<!-- This site is optimized with the Yoast SEO plugin v27.2 - https:\/\/yoast.com\/product\/yoast-seo-wordpress\/ -->\n<title>Agressions domestiques - Frouhar Law<\/title>\n<meta name=\"description\" content=\"Assistance juridique sp\u00e9cialis\u00e9e en voies de fait domestiques. Prot\u00e9gez vos droits et obtenez le soutien n\u00e9cessaire pour votre cas.\" \/>\n<meta name=\"robots\" content=\"index, follow, max-snippet:-1, max-image-preview:large, max-video-preview:-1\" \/>\n<link rel=\"canonical\" href=\"https:\/\/frouharlaw.com\/our-expertise\/assaults\/domestic-assaults\/\" \/>\n<meta property=\"og:locale\" content=\"fr_FR\" \/>\n<meta property=\"og:type\" content=\"article\" \/>\n<meta property=\"og:title\" content=\"Agressions domestiques - Frouhar Law\" \/>\n<meta property=\"og:description\" content=\"Assistance juridique sp\u00e9cialis\u00e9e en voies de fait domestiques. Prot\u00e9gez vos droits et obtenez le soutien n\u00e9cessaire pour votre cas.\" \/>\n<meta property=\"og:url\" content=\"https:\/\/frouharlaw.com\/our-expertise\/assaults\/domestic-assaults\/\" \/>\n<meta property=\"og:site_name\" content=\"Frouhar Law\" \/>\n<meta property=\"article:modified_time\" content=\"2024-08-07T14:18:41+00:00\" \/>\n<meta property=\"og:image\" content=\"https:\/\/frouharlaw.com\/wp-content\/uploads\/frouharlaw-og.jpg\" \/>\n\t<meta property=\"og:image:width\" content=\"1200\" \/>\n\t<meta property=\"og:image:height\" content=\"630\" \/>\n\t<meta property=\"og:image:type\" content=\"image\/jpeg\" \/>\n<meta name=\"twitter:card\" content=\"summary_large_image\" \/>\n<meta name=\"twitter:label1\" content=\"Dur\u00e9e de lecture estim\u00e9e\" \/>\n\t<meta name=\"twitter:data1\" content=\"1 minute\" \/>\n<script type=\"application\/ld+json\" class=\"yoast-schema-graph\">{\"@context\":\"https:\/\/schema.org\",\"@graph\":[{\"@type\":\"WebPage\",\"@id\":\"https:\/\/frouharlaw.com\/our-expertise\/assaults\/domestic-assaults\/\",\"url\":\"https:\/\/frouharlaw.com\/our-expertise\/assaults\/domestic-assaults\/\",\"name\":\"Agressions domestiques - Frouhar Law\",\"isPartOf\":{\"@id\":\"https:\/\/frouharlaw.com\/#website\"},\"datePublished\":\"2023-02-10T17:50:24+00:00\",\"dateModified\":\"2024-08-07T14:18:41+00:00\",\"description\":\"Assistance juridique sp\u00e9cialis\u00e9e en voies de fait domestiques. Prot\u00e9gez vos droits et obtenez le soutien n\u00e9cessaire pour votre cas.\",\"breadcrumb\":{\"@id\":\"https:\/\/frouharlaw.com\/our-expertise\/assaults\/domestic-assaults\/#breadcrumb\"},\"inLanguage\":\"fr-FR\",\"potentialAction\":[{\"@type\":\"ReadAction\",\"target\":[\"https:\/\/frouharlaw.com\/our-expertise\/assaults\/domestic-assaults\/\"]}]},{\"@type\":\"BreadcrumbList\",\"@id\":\"https:\/\/frouharlaw.com\/our-expertise\/assaults\/domestic-assaults\/#breadcrumb\",\"itemListElement\":[{\"@type\":\"ListItem\",\"position\":1,\"name\":\"Home\",\"item\":\"https:\/\/frouharlaw.com\/fr\/\"},{\"@type\":\"ListItem\",\"position\":2,\"name\":\"Comp\u00e9tences\",\"item\":\"https:\/\/frouharlaw.com\/fr\/notre-expertise\/\"},{\"@type\":\"ListItem\",\"position\":3,\"name\":\"Agressions\",\"item\":\"https:\/\/frouharlaw.com\/our-expertise\/assaults\/\"},{\"@type\":\"ListItem\",\"position\":4,\"name\":\"Agressions domestiques\"}]},{\"@type\":\"WebSite\",\"@id\":\"https:\/\/frouharlaw.com\/#website\",\"url\":\"https:\/\/frouharlaw.com\/\",\"name\":\"Frouhar Law\",\"description\":\"Determined. Creative. Tireless. Passionate.\",\"publisher\":{\"@id\":\"https:\/\/frouharlaw.com\/#organization\"},\"potentialAction\":[{\"@type\":\"SearchAction\",\"target\":{\"@type\":\"EntryPoint\",\"urlTemplate\":\"https:\/\/frouharlaw.com\/?s={search_term_string}\"},\"query-input\":{\"@type\":\"PropertyValueSpecification\",\"valueRequired\":true,\"valueName\":\"search_term_string\"}}],\"inLanguage\":\"fr-FR\"},{\"@type\":\"Organization\",\"@id\":\"https:\/\/frouharlaw.com\/#organization\",\"name\":\"Frouhar Law\",\"url\":\"https:\/\/frouharlaw.com\/\",\"logo\":{\"@type\":\"ImageObject\",\"inLanguage\":\"fr-FR\",\"@id\":\"https:\/\/frouharlaw.com\/#\/schema\/logo\/image\/\",\"url\":\"https:\/\/frouharlaw.com\/wp-content\/uploads\/frouhar-law-logo.png\",\"contentUrl\":\"https:\/\/frouharlaw.com\/wp-content\/uploads\/frouhar-law-logo.png\",\"width\":3601,\"height\":3600,\"caption\":\"Frouhar Law\"},\"image\":{\"@id\":\"https:\/\/frouharlaw.com\/#\/schema\/logo\/image\/\"}}]}<\/script>\n<!-- \/ Yoast SEO plugin. -->","yoast_head_json":{"title":"Agressions domestiques - Frouhar Law","description":"Assistance juridique sp\u00e9cialis\u00e9e en voies de fait domestiques. Prot\u00e9gez vos droits et obtenez le soutien n\u00e9cessaire pour votre cas.","robots":{"index":"index","follow":"follow","max-snippet":"max-snippet:-1","max-image-preview":"max-image-preview:large","max-video-preview":"max-video-preview:-1"},"canonical":"https:\/\/frouharlaw.com\/our-expertise\/assaults\/domestic-assaults\/","og_locale":"fr_FR","og_type":"article","og_title":"Agressions domestiques - Frouhar Law","og_description":"Assistance juridique sp\u00e9cialis\u00e9e en voies de fait domestiques. Prot\u00e9gez vos droits et obtenez le soutien n\u00e9cessaire pour votre cas.","og_url":"https:\/\/frouharlaw.com\/our-expertise\/assaults\/domestic-assaults\/","og_site_name":"Frouhar Law","article_modified_time":"2024-08-07T14:18:41+00:00","og_image":[{"width":1200,"height":630,"url":"https:\/\/frouharlaw.com\/wp-content\/uploads\/frouharlaw-og.jpg","type":"image\/jpeg"}],"twitter_card":"summary_large_image","twitter_misc":{"Dur\u00e9e de lecture estim\u00e9e":"1 minute"},"schema":{"@context":"https:\/\/schema.org","@graph":[{"@type":"WebPage","@id":"https:\/\/frouharlaw.com\/our-expertise\/assaults\/domestic-assaults\/","url":"https:\/\/frouharlaw.com\/our-expertise\/assaults\/domestic-assaults\/","name":"Agressions domestiques - Frouhar Law","isPartOf":{"@id":"https:\/\/frouharlaw.com\/#website"},"datePublished":"2023-02-10T17:50:24+00:00","dateModified":"2024-08-07T14:18:41+00:00","description":"Assistance juridique sp\u00e9cialis\u00e9e en voies de fait domestiques. Prot\u00e9gez vos droits et obtenez le soutien n\u00e9cessaire pour votre cas.","breadcrumb":{"@id":"https:\/\/frouharlaw.com\/our-expertise\/assaults\/domestic-assaults\/#breadcrumb"},"inLanguage":"fr-FR","potentialAction":[{"@type":"ReadAction","target":["https:\/\/frouharlaw.com\/our-expertise\/assaults\/domestic-assaults\/"]}]},{"@type":"BreadcrumbList","@id":"https:\/\/frouharlaw.com\/our-expertise\/assaults\/domestic-assaults\/#breadcrumb","itemListElement":[{"@type":"ListItem","position":1,"name":"Home","item":"https:\/\/frouharlaw.com\/fr\/"},{"@type":"ListItem","position":2,"name":"Comp\u00e9tences","item":"https:\/\/frouharlaw.com\/fr\/notre-expertise\/"},{"@type":"ListItem","position":3,"name":"Agressions","item":"https:\/\/frouharlaw.com\/our-expertise\/assaults\/"},{"@type":"ListItem","position":4,"name":"Agressions domestiques"}]},{"@type":"WebSite","@id":"https:\/\/frouharlaw.com\/#website","url":"https:\/\/frouharlaw.com\/","name":"Frouhar Law","description":"Determined. Creative. Tireless. Passionate.","publisher":{"@id":"https:\/\/frouharlaw.com\/#organization"},"potentialAction":[{"@type":"SearchAction","target":{"@type":"EntryPoint","urlTemplate":"https:\/\/frouharlaw.com\/?s={search_term_string}"},"query-input":{"@type":"PropertyValueSpecification","valueRequired":true,"valueName":"search_term_string"}}],"inLanguage":"fr-FR"},{"@type":"Organization","@id":"https:\/\/frouharlaw.com\/#organization","name":"Frouhar Law","url":"https:\/\/frouharlaw.com\/","logo":{"@type":"ImageObject","inLanguage":"fr-FR","@id":"https:\/\/frouharlaw.com\/#\/schema\/logo\/image\/","url":"https:\/\/frouharlaw.com\/wp-content\/uploads\/frouhar-law-logo.png","contentUrl":"https:\/\/frouharlaw.com\/wp-content\/uploads\/frouhar-law-logo.png","width":3601,"height":3600,"caption":"Frouhar Law"},"image":{"@id":"https:\/\/frouharlaw.com\/#\/schema\/logo\/image\/"}}]}},"_links":{"self":[{"href":"https:\/\/frouharlaw.com\/fr\/wp-json\/wp\/v2\/pages\/2318","targetHints":{"allow":["GET"]}}],"collection":[{"href":"https:\/\/frouharlaw.com\/fr\/wp-json\/wp\/v2\/pages"}],"about":[{"href":"https:\/\/frouharlaw.com\/fr\/wp-json\/wp\/v2\/types\/page"}],"author":[{"embeddable":true,"href":"https:\/\/frouharlaw.com\/fr\/wp-json\/wp\/v2\/users\/5"}],"replies":[{"embeddable":true,"href":"https:\/\/frouharlaw.com\/fr\/wp-json\/wp\/v2\/comments?post=2318"}],"version-history":[{"count":15,"href":"https:\/\/frouharlaw.com\/fr\/wp-json\/wp\/v2\/pages\/2318\/revisions"}],"predecessor-version":[{"id":4012,"href":"https:\/\/frouharlaw.com\/fr\/wp-json\/wp\/v2\/pages\/2318\/revisions\/4012"}],"up":[{"embeddable":true,"href":"https:\/\/frouharlaw.com\/fr\/wp-json\/wp\/v2\/pages\/2310"}],"wp:attachment":[{"href":"https:\/\/frouharlaw.com\/fr\/wp-json\/wp\/v2\/media?parent=2318"}],"curies":[{"name":"wp","href":"https:\/\/api.w.org\/{rel}","templated":true}]}}