{"id":2328,"date":"2023-02-10T17:49:20","date_gmt":"2023-02-10T17:49:20","guid":{"rendered":"https:\/\/frouharlaw.com\/notre-expertise\/homicide\/meurtre-au-premier-degre\/"},"modified":"2024-04-20T03:57:15","modified_gmt":"2024-04-20T03:57:15","slug":"meurtre-au-premier-degre","status":"publish","type":"page","link":"https:\/\/frouharlaw.com\/fr\/notre-expertise\/homicide\/meurtre-au-premier-degre\/","title":{"rendered":"Meurtre au premier degr\u00e9"},"content":{"rendered":"\t\t<div data-elementor-type=\"wp-page\" data-elementor-id=\"2328\" class=\"elementor elementor-2328 elementor-1402\" data-elementor-post-type=\"page\">\n\t\t\t\t\t\t<section data-particle_enable=\"false\" data-particle-mobile-disabled=\"false\" class=\"elementor-section elementor-top-section elementor-element elementor-element-1eab1b3a elementor-section-height-min-height elementor-section-boxed elementor-section-height-default elementor-section-items-middle\" data-id=\"1eab1b3a\" data-element_type=\"section\" data-e-type=\"section\" data-settings=\"{&quot;background_background&quot;:&quot;classic&quot;}\">\n\t\t\t\t\t\t\t<div class=\"elementor-background-overlay\"><\/div>\n\t\t\t\t\t\t\t<div class=\"elementor-container elementor-column-gap-default\">\n\t\t\t\t\t<div class=\"elementor-column elementor-col-100 elementor-top-column elementor-element elementor-element-609a81f1\" data-id=\"609a81f1\" data-element_type=\"column\" data-e-type=\"column\">\n\t\t\t<div class=\"elementor-widget-wrap elementor-element-populated\">\n\t\t\t\t\t\t<div class=\"elementor-element elementor-element-10a1d4ca elementor-widget elementor-widget-heading\" data-id=\"10a1d4ca\" data-element_type=\"widget\" data-e-type=\"widget\" data-widget_type=\"heading.default\">\n\t\t\t\t<div class=\"elementor-widget-container\">\n\t\t\t\t\t<h1 class=\"elementor-heading-title elementor-size-default\">Meurtre au premier degr\u00e9<\/h1>\t\t\t\t<\/div>\n\t\t\t\t<\/div>\n\t\t\t\t\t<\/div>\n\t\t<\/div>\n\t\t\t\t\t<\/div>\n\t\t<\/section>\n\t\t\t\t<section data-particle_enable=\"false\" data-particle-mobile-disabled=\"false\" class=\"elementor-section elementor-top-section elementor-element elementor-element-52997a1e elementor-section-boxed elementor-section-height-default elementor-section-height-default\" data-id=\"52997a1e\" data-element_type=\"section\" data-e-type=\"section\">\n\t\t\t\t\t\t<div class=\"elementor-container elementor-column-gap-default\">\n\t\t\t\t\t<div class=\"elementor-column elementor-col-100 elementor-top-column elementor-element elementor-element-d875719\" data-id=\"d875719\" data-element_type=\"column\" data-e-type=\"column\">\n\t\t\t<div class=\"elementor-widget-wrap elementor-element-populated\">\n\t\t\t\t\t\t<section data-particle_enable=\"false\" data-particle-mobile-disabled=\"false\" class=\"elementor-section elementor-inner-section elementor-element elementor-element-6f097e10 elementor-section-boxed elementor-section-height-default elementor-section-height-default\" data-id=\"6f097e10\" data-element_type=\"section\" data-e-type=\"section\">\n\t\t\t\t\t\t<div class=\"elementor-container elementor-column-gap-default\">\n\t\t\t\t\t<div class=\"elementor-column elementor-col-50 elementor-inner-column elementor-element elementor-element-7f63eaee\" data-id=\"7f63eaee\" data-element_type=\"column\" data-e-type=\"column\">\n\t\t\t<div class=\"elementor-widget-wrap elementor-element-populated\">\n\t\t\t\t\t\t<div class=\"elementor-element elementor-element-64b7a29b elementor-widget elementor-widget-heading\" data-id=\"64b7a29b\" data-element_type=\"widget\" data-e-type=\"widget\" data-widget_type=\"heading.default\">\n\t\t\t\t<div class=\"elementor-widget-container\">\n\t\t\t\t\t<span class=\"elementor-heading-title elementor-size-default\">Nos Competences<\/span>\t\t\t\t<\/div>\n\t\t\t\t<\/div>\n\t\t\t\t<div class=\"elementor-element elementor-element-7bd37560 elementor-widget elementor-widget-heading\" data-id=\"7bd37560\" data-element_type=\"widget\" data-e-type=\"widget\" data-widget_type=\"heading.default\">\n\t\t\t\t<div class=\"elementor-widget-container\">\n\t\t\t\t\t<span class=\"elementor-heading-title elementor-size-default\">Meurtre au premier degr\u00e9<\/span>\t\t\t\t<\/div>\n\t\t\t\t<\/div>\n\t\t\t\t\t<\/div>\n\t\t<\/div>\n\t\t\t\t<div class=\"elementor-column elementor-col-50 elementor-inner-column elementor-element elementor-element-6347aba5\" data-id=\"6347aba5\" data-element_type=\"column\" data-e-type=\"column\">\n\t\t\t<div class=\"elementor-widget-wrap elementor-element-populated\">\n\t\t\t\t\t\t<div class=\"elementor-element elementor-element-77523f2f elementor-widget elementor-widget-text-editor\" data-id=\"77523f2f\" data-element_type=\"widget\" data-e-type=\"widget\" data-widget_type=\"text-editor.default\">\n\t\t\t\t<div class=\"elementor-widget-container\">\n\t\t\t\t\t\t\t\t\t<p>Le meurtre au premier degr\u00e9 est la forme de meurtre la plus grave au Canada et est d\u00e9fini comme le meurtre intentionnel d&rsquo;une autre personne avec planification ou pr\u00e9m\u00e9ditation. Le meurtre au premier degr\u00e9 est passible d&rsquo;une peine obligatoire d&#8217;emprisonnement \u00e0 perp\u00e9tuit\u00e9 sans possibilit\u00e9 de lib\u00e9ration conditionnelle avant au moins 25 ans.<\/p>\n\t\t\t\t\t\t\t\t<\/div>\n\t\t\t\t<\/div>\n\t\t\t\t\t<\/div>\n\t\t<\/div>\n\t\t\t\t\t<\/div>\n\t\t<\/section>\n\t\t\t\t\t<\/div>\n\t\t<\/div>\n\t\t\t\t\t<\/div>\n\t\t<\/section>\n\t\t\t\t<\/div>\n\t\t","protected":false},"excerpt":{"rendered":"<p>Nos Competences Le meurtre au premier degr\u00e9 est la forme de meurtre la plus grave au Canada et est d\u00e9fini comme le meurtre intentionnel d&rsquo;une autre personne avec planification ou pr\u00e9m\u00e9ditation. Le meurtre au premier degr\u00e9 est passible d&rsquo;une peine obligatoire d&#8217;emprisonnement \u00e0 perp\u00e9tuit\u00e9 sans possibilit\u00e9 de lib\u00e9ration conditionnelle avant au moins 25 ans.<\/p>\n","protected":false},"author":5,"featured_media":0,"parent":2320,"menu_order":22,"comment_status":"closed","ping_status":"closed","template":"","meta":{"footnotes":""},"class_list":["post-2328","page","type-page","status-publish","hentry"],"yoast_head":"<!-- This site is optimized with the Yoast SEO plugin v27.2 - https:\/\/yoast.com\/product\/yoast-seo-wordpress\/ -->\n<title>Meurtre au premier degr\u00e9 - Frouhar Law<\/title>\n<meta name=\"robots\" content=\"index, follow, max-snippet:-1, max-image-preview:large, max-video-preview:-1\" \/>\n<link rel=\"canonical\" href=\"https:\/\/frouharlaw.com\/our-expertise\/homicide\/first-degree-murder\/\" \/>\n<meta property=\"og:locale\" content=\"fr_FR\" \/>\n<meta property=\"og:type\" content=\"article\" \/>\n<meta property=\"og:title\" content=\"Meurtre au premier degr\u00e9 - Frouhar Law\" \/>\n<meta property=\"og:description\" content=\"Nos Competences Le meurtre au premier degr\u00e9 est la forme de meurtre la plus grave au Canada et est d\u00e9fini comme le meurtre intentionnel d&rsquo;une autre personne avec planification ou pr\u00e9m\u00e9ditation. Le meurtre au premier degr\u00e9 est passible d&rsquo;une peine obligatoire d&#8217;emprisonnement \u00e0 perp\u00e9tuit\u00e9 sans possibilit\u00e9 de lib\u00e9ration conditionnelle avant au moins 25 ans.\" \/>\n<meta property=\"og:url\" content=\"https:\/\/frouharlaw.com\/our-expertise\/homicide\/first-degree-murder\/\" \/>\n<meta property=\"og:site_name\" content=\"Frouhar Law\" \/>\n<meta property=\"article:modified_time\" content=\"2024-04-20T03:57:15+00:00\" \/>\n<meta property=\"og:image\" content=\"https:\/\/frouharlaw.com\/wp-content\/uploads\/frouharlaw-og.jpg\" \/>\n\t<meta property=\"og:image:width\" content=\"1200\" \/>\n\t<meta property=\"og:image:height\" content=\"630\" \/>\n\t<meta property=\"og:image:type\" content=\"image\/jpeg\" \/>\n<meta name=\"twitter:card\" content=\"summary_large_image\" \/>\n<meta name=\"twitter:label1\" content=\"Dur\u00e9e de lecture estim\u00e9e\" \/>\n\t<meta name=\"twitter:data1\" content=\"1 minute\" \/>\n<script type=\"application\/ld+json\" class=\"yoast-schema-graph\">{\"@context\":\"https:\/\/schema.org\",\"@graph\":[{\"@type\":\"WebPage\",\"@id\":\"https:\/\/frouharlaw.com\/our-expertise\/homicide\/first-degree-murder\/\",\"url\":\"https:\/\/frouharlaw.com\/our-expertise\/homicide\/first-degree-murder\/\",\"name\":\"Meurtre au premier degr\u00e9 - Frouhar Law\",\"isPartOf\":{\"@id\":\"https:\/\/frouharlaw.com\/#website\"},\"datePublished\":\"2023-02-10T17:49:20+00:00\",\"dateModified\":\"2024-04-20T03:57:15+00:00\",\"breadcrumb\":{\"@id\":\"https:\/\/frouharlaw.com\/our-expertise\/homicide\/first-degree-murder\/#breadcrumb\"},\"inLanguage\":\"fr-FR\",\"potentialAction\":[{\"@type\":\"ReadAction\",\"target\":[\"https:\/\/frouharlaw.com\/our-expertise\/homicide\/first-degree-murder\/\"]}]},{\"@type\":\"BreadcrumbList\",\"@id\":\"https:\/\/frouharlaw.com\/our-expertise\/homicide\/first-degree-murder\/#breadcrumb\",\"itemListElement\":[{\"@type\":\"ListItem\",\"position\":1,\"name\":\"Home\",\"item\":\"https:\/\/frouharlaw.com\/fr\/\"},{\"@type\":\"ListItem\",\"position\":2,\"name\":\"Comp\u00e9tences\",\"item\":\"https:\/\/frouharlaw.com\/fr\/notre-expertise\/\"},{\"@type\":\"ListItem\",\"position\":3,\"name\":\"Homicide\",\"item\":\"https:\/\/frouharlaw.com\/fr\/notre-expertise\/homicide\/\"},{\"@type\":\"ListItem\",\"position\":4,\"name\":\"Meurtre au premier degr\u00e9\"}]},{\"@type\":\"WebSite\",\"@id\":\"https:\/\/frouharlaw.com\/#website\",\"url\":\"https:\/\/frouharlaw.com\/\",\"name\":\"Frouhar Law\",\"description\":\"Determined. Creative. Tireless. Passionate.\",\"publisher\":{\"@id\":\"https:\/\/frouharlaw.com\/#organization\"},\"potentialAction\":[{\"@type\":\"SearchAction\",\"target\":{\"@type\":\"EntryPoint\",\"urlTemplate\":\"https:\/\/frouharlaw.com\/?s={search_term_string}\"},\"query-input\":{\"@type\":\"PropertyValueSpecification\",\"valueRequired\":true,\"valueName\":\"search_term_string\"}}],\"inLanguage\":\"fr-FR\"},{\"@type\":\"Organization\",\"@id\":\"https:\/\/frouharlaw.com\/#organization\",\"name\":\"Frouhar Law\",\"url\":\"https:\/\/frouharlaw.com\/\",\"logo\":{\"@type\":\"ImageObject\",\"inLanguage\":\"fr-FR\",\"@id\":\"https:\/\/frouharlaw.com\/#\/schema\/logo\/image\/\",\"url\":\"https:\/\/frouharlaw.com\/wp-content\/uploads\/frouhar-law-logo.png\",\"contentUrl\":\"https:\/\/frouharlaw.com\/wp-content\/uploads\/frouhar-law-logo.png\",\"width\":3601,\"height\":3600,\"caption\":\"Frouhar Law\"},\"image\":{\"@id\":\"https:\/\/frouharlaw.com\/#\/schema\/logo\/image\/\"}}]}<\/script>\n<!-- \/ Yoast SEO plugin. -->","yoast_head_json":{"title":"Meurtre au premier degr\u00e9 - Frouhar Law","robots":{"index":"index","follow":"follow","max-snippet":"max-snippet:-1","max-image-preview":"max-image-preview:large","max-video-preview":"max-video-preview:-1"},"canonical":"https:\/\/frouharlaw.com\/our-expertise\/homicide\/first-degree-murder\/","og_locale":"fr_FR","og_type":"article","og_title":"Meurtre au premier degr\u00e9 - Frouhar Law","og_description":"Nos Competences Le meurtre au premier degr\u00e9 est la forme de meurtre la plus grave au Canada et est d\u00e9fini comme le meurtre intentionnel d&rsquo;une autre personne avec planification ou pr\u00e9m\u00e9ditation. Le meurtre au premier degr\u00e9 est passible d&rsquo;une peine obligatoire d&#8217;emprisonnement \u00e0 perp\u00e9tuit\u00e9 sans possibilit\u00e9 de lib\u00e9ration conditionnelle avant au moins 25 ans.","og_url":"https:\/\/frouharlaw.com\/our-expertise\/homicide\/first-degree-murder\/","og_site_name":"Frouhar Law","article_modified_time":"2024-04-20T03:57:15+00:00","og_image":[{"width":1200,"height":630,"url":"https:\/\/frouharlaw.com\/wp-content\/uploads\/frouharlaw-og.jpg","type":"image\/jpeg"}],"twitter_card":"summary_large_image","twitter_misc":{"Dur\u00e9e de lecture estim\u00e9e":"1 minute"},"schema":{"@context":"https:\/\/schema.org","@graph":[{"@type":"WebPage","@id":"https:\/\/frouharlaw.com\/our-expertise\/homicide\/first-degree-murder\/","url":"https:\/\/frouharlaw.com\/our-expertise\/homicide\/first-degree-murder\/","name":"Meurtre au premier degr\u00e9 - Frouhar Law","isPartOf":{"@id":"https:\/\/frouharlaw.com\/#website"},"datePublished":"2023-02-10T17:49:20+00:00","dateModified":"2024-04-20T03:57:15+00:00","breadcrumb":{"@id":"https:\/\/frouharlaw.com\/our-expertise\/homicide\/first-degree-murder\/#breadcrumb"},"inLanguage":"fr-FR","potentialAction":[{"@type":"ReadAction","target":["https:\/\/frouharlaw.com\/our-expertise\/homicide\/first-degree-murder\/"]}]},{"@type":"BreadcrumbList","@id":"https:\/\/frouharlaw.com\/our-expertise\/homicide\/first-degree-murder\/#breadcrumb","itemListElement":[{"@type":"ListItem","position":1,"name":"Home","item":"https:\/\/frouharlaw.com\/fr\/"},{"@type":"ListItem","position":2,"name":"Comp\u00e9tences","item":"https:\/\/frouharlaw.com\/fr\/notre-expertise\/"},{"@type":"ListItem","position":3,"name":"Homicide","item":"https:\/\/frouharlaw.com\/fr\/notre-expertise\/homicide\/"},{"@type":"ListItem","position":4,"name":"Meurtre au premier degr\u00e9"}]},{"@type":"WebSite","@id":"https:\/\/frouharlaw.com\/#website","url":"https:\/\/frouharlaw.com\/","name":"Frouhar Law","description":"Determined. Creative. Tireless. Passionate.","publisher":{"@id":"https:\/\/frouharlaw.com\/#organization"},"potentialAction":[{"@type":"SearchAction","target":{"@type":"EntryPoint","urlTemplate":"https:\/\/frouharlaw.com\/?s={search_term_string}"},"query-input":{"@type":"PropertyValueSpecification","valueRequired":true,"valueName":"search_term_string"}}],"inLanguage":"fr-FR"},{"@type":"Organization","@id":"https:\/\/frouharlaw.com\/#organization","name":"Frouhar Law","url":"https:\/\/frouharlaw.com\/","logo":{"@type":"ImageObject","inLanguage":"fr-FR","@id":"https:\/\/frouharlaw.com\/#\/schema\/logo\/image\/","url":"https:\/\/frouharlaw.com\/wp-content\/uploads\/frouhar-law-logo.png","contentUrl":"https:\/\/frouharlaw.com\/wp-content\/uploads\/frouhar-law-logo.png","width":3601,"height":3600,"caption":"Frouhar Law"},"image":{"@id":"https:\/\/frouharlaw.com\/#\/schema\/logo\/image\/"}}]}},"_links":{"self":[{"href":"https:\/\/frouharlaw.com\/fr\/wp-json\/wp\/v2\/pages\/2328","targetHints":{"allow":["GET"]}}],"collection":[{"href":"https:\/\/frouharlaw.com\/fr\/wp-json\/wp\/v2\/pages"}],"about":[{"href":"https:\/\/frouharlaw.com\/fr\/wp-json\/wp\/v2\/types\/page"}],"author":[{"embeddable":true,"href":"https:\/\/frouharlaw.com\/fr\/wp-json\/wp\/v2\/users\/5"}],"replies":[{"embeddable":true,"href":"https:\/\/frouharlaw.com\/fr\/wp-json\/wp\/v2\/comments?post=2328"}],"version-history":[{"count":7,"href":"https:\/\/frouharlaw.com\/fr\/wp-json\/wp\/v2\/pages\/2328\/revisions"}],"predecessor-version":[{"id":3799,"href":"https:\/\/frouharlaw.com\/fr\/wp-json\/wp\/v2\/pages\/2328\/revisions\/3799"}],"up":[{"embeddable":true,"href":"https:\/\/frouharlaw.com\/fr\/wp-json\/wp\/v2\/pages\/2320"}],"wp:attachment":[{"href":"https:\/\/frouharlaw.com\/fr\/wp-json\/wp\/v2\/media?parent=2328"}],"curies":[{"name":"wp","href":"https:\/\/api.w.org\/{rel}","templated":true}]}}