{"id":2372,"date":"2023-02-10T17:48:42","date_gmt":"2023-02-10T17:48:42","guid":{"rendered":"https:\/\/frouharlaw.com\/notre-expertise\/infractions-provinciales\/infractions-a-la-loi-sur-les-permis-dalcool\/"},"modified":"2024-04-20T08:28:01","modified_gmt":"2024-04-20T08:28:01","slug":"infractions-a-la-loi-sur-les-permis-dalcool","status":"publish","type":"page","link":"https:\/\/frouharlaw.com\/fr\/notre-expertise\/infractions-provinciales\/infractions-a-la-loi-sur-les-permis-dalcool\/","title":{"rendered":"Infractions \u00e0 la loi sur les permis d&rsquo;alcool"},"content":{"rendered":"\t\t<div data-elementor-type=\"wp-page\" data-elementor-id=\"2372\" class=\"elementor elementor-2372 elementor-1400\" data-elementor-post-type=\"page\">\n\t\t\t\t\t\t<section data-particle_enable=\"false\" data-particle-mobile-disabled=\"false\" class=\"elementor-section elementor-top-section elementor-element elementor-element-5e434df7 elementor-section-height-min-height elementor-section-boxed elementor-section-height-default elementor-section-items-middle\" data-id=\"5e434df7\" data-element_type=\"section\" data-e-type=\"section\" data-settings=\"{&quot;background_background&quot;:&quot;classic&quot;}\">\n\t\t\t\t\t\t\t<div class=\"elementor-background-overlay\"><\/div>\n\t\t\t\t\t\t\t<div class=\"elementor-container elementor-column-gap-default\">\n\t\t\t\t\t<div class=\"elementor-column elementor-col-100 elementor-top-column elementor-element elementor-element-3f1fce39\" data-id=\"3f1fce39\" data-element_type=\"column\" data-e-type=\"column\">\n\t\t\t<div class=\"elementor-widget-wrap elementor-element-populated\">\n\t\t\t\t\t\t<div class=\"elementor-element elementor-element-5a438a4b elementor-widget elementor-widget-heading\" data-id=\"5a438a4b\" data-element_type=\"widget\" data-e-type=\"widget\" data-widget_type=\"heading.default\">\n\t\t\t\t<div class=\"elementor-widget-container\">\n\t\t\t\t\t<h1 class=\"elementor-heading-title elementor-size-default\">Infractions \u00e0 la <span class=\"ita\">loi sur les permis d'alcool<\/span><\/h1>\t\t\t\t<\/div>\n\t\t\t\t<\/div>\n\t\t\t\t\t<\/div>\n\t\t<\/div>\n\t\t\t\t\t<\/div>\n\t\t<\/section>\n\t\t\t\t<section data-particle_enable=\"false\" data-particle-mobile-disabled=\"false\" class=\"elementor-section elementor-top-section elementor-element elementor-element-7ea9c483 elementor-section-boxed elementor-section-height-default elementor-section-height-default\" data-id=\"7ea9c483\" data-element_type=\"section\" data-e-type=\"section\">\n\t\t\t\t\t\t<div class=\"elementor-container elementor-column-gap-default\">\n\t\t\t\t\t<div class=\"elementor-column elementor-col-100 elementor-top-column elementor-element elementor-element-769eaac\" data-id=\"769eaac\" data-element_type=\"column\" data-e-type=\"column\">\n\t\t\t<div class=\"elementor-widget-wrap elementor-element-populated\">\n\t\t\t\t\t\t<section data-particle_enable=\"false\" data-particle-mobile-disabled=\"false\" class=\"elementor-section elementor-inner-section elementor-element elementor-element-338ae2b6 elementor-section-boxed elementor-section-height-default elementor-section-height-default\" data-id=\"338ae2b6\" data-element_type=\"section\" data-e-type=\"section\">\n\t\t\t\t\t\t<div class=\"elementor-container elementor-column-gap-default\">\n\t\t\t\t\t<div class=\"elementor-column elementor-col-50 elementor-inner-column elementor-element elementor-element-69175662\" data-id=\"69175662\" data-element_type=\"column\" data-e-type=\"column\">\n\t\t\t<div class=\"elementor-widget-wrap elementor-element-populated\">\n\t\t\t\t\t\t<div class=\"elementor-element elementor-element-490bb650 elementor-widget elementor-widget-heading\" data-id=\"490bb650\" data-element_type=\"widget\" data-e-type=\"widget\" data-widget_type=\"heading.default\">\n\t\t\t\t<div class=\"elementor-widget-container\">\n\t\t\t\t\t<span class=\"elementor-heading-title elementor-size-default\">Nos Competences<\/span>\t\t\t\t<\/div>\n\t\t\t\t<\/div>\n\t\t\t\t<div class=\"elementor-element elementor-element-f7dcbf3 elementor-widget elementor-widget-heading\" data-id=\"f7dcbf3\" data-element_type=\"widget\" data-e-type=\"widget\" data-widget_type=\"heading.default\">\n\t\t\t\t<div class=\"elementor-widget-container\">\n\t\t\t\t\t<span class=\"elementor-heading-title elementor-size-default\">Infractions \u00e0 la <span class=\"ita\">loi sur les permis d'alcool<\/span><\/span>\t\t\t\t<\/div>\n\t\t\t\t<\/div>\n\t\t\t\t\t<\/div>\n\t\t<\/div>\n\t\t\t\t<div class=\"elementor-column elementor-col-50 elementor-inner-column elementor-element elementor-element-7eb8bd77\" data-id=\"7eb8bd77\" data-element_type=\"column\" data-e-type=\"column\">\n\t\t\t<div class=\"elementor-widget-wrap elementor-element-populated\">\n\t\t\t\t\t\t<div class=\"elementor-element elementor-element-2032b6c3 elementor-widget elementor-widget-text-editor\" data-id=\"2032b6c3\" data-element_type=\"widget\" data-e-type=\"widget\" data-widget_type=\"text-editor.default\">\n\t\t\t\t<div class=\"elementor-widget-container\">\n\t\t\t\t\t\t\t\t\t<p>La<em> Loi sur les permis d\u2019alcool (The Liquor Licence Act, LLA)<\/em> r\u00e9glemente la vente, le service et la consommation d\u2019alcool.<\/p><p>Quelques infractions communes de la Loi sur les permis l&rsquo;alcool comprennent:<\/p><ul><li>Vendre de l\u2019alcool \u00e0 des mineurs ou \u00e0 une personne d\u00e9j\u00e0 en \u00e9tat d\u2019\u00e9bri\u00e9t\u00e9<\/li><li>Autoriser les mineurs \u00e0 consommer de l\u2019alcool sur place<\/li><li>Exploitation d\u2019un \u00e9tablissement licenci\u00e9 apr\u00e8s les heures d\u2019ouverture<\/li><li>Vendre de l\u2019alcool sans permis d\u2019alcool valide<\/li><li>Exploitation d\u2019un \u00e9tablissement titulaire d\u2019un permis qui constitue une nuisance publique<\/li><li>Importation ou exportation ill\u00e9gale d\u2019alcool<\/li><li>Entraver une inspection ou fournir de faux renseignements \u00e0 un inspecteur d&rsquo;alcool<\/li><\/ul><p>Les sanctions pour les infractions en vertu de la Loi sur les permis d&rsquo;alcool peuvent varier en fonction de la gravit\u00e9 de l\u2019infraction et des circonstances qui l\u2019entourent.<\/p><p>Il est important pour les personnes et les entreprises impliqu\u00e9es dans la vente et le service d\u2019alcool de se familiariser avec la Loi sur les permis d&rsquo;alcool et de se conformer \u00e0 ses dispositions afin d\u2019\u00e9viter les sanctions, et de garantir la vente et la consommation s\u00fbre et responsable de l\u2019alcool.<\/p>\t\t\t\t\t\t\t\t<\/div>\n\t\t\t\t<\/div>\n\t\t\t\t\t<\/div>\n\t\t<\/div>\n\t\t\t\t\t<\/div>\n\t\t<\/section>\n\t\t\t\t\t<\/div>\n\t\t<\/div>\n\t\t\t\t\t<\/div>\n\t\t<\/section>\n\t\t\t\t<\/div>\n\t\t","protected":false},"excerpt":{"rendered":"<p>Infractions \u00e0 la loi sur les permis d&rsquo;alcool Nos Competences Infractions \u00e0 la loi sur les permis d&rsquo;alcool La Loi sur les permis d\u2019alcool (The Liquor Licence Act, LLA) r\u00e9glemente la vente, le service et la consommation d\u2019alcool. Quelques infractions communes de la Loi sur les permis l&rsquo;alcool comprennent: Vendre de l\u2019alcool \u00e0 des mineurs [&hellip;]<\/p>\n","protected":false},"author":5,"featured_media":0,"parent":2370,"menu_order":23,"comment_status":"closed","ping_status":"closed","template":"","meta":{"footnotes":""},"class_list":["post-2372","page","type-page","status-publish","hentry"],"yoast_head":"<!-- This site is optimized with the Yoast SEO plugin v27.2 - https:\/\/yoast.com\/product\/yoast-seo-wordpress\/ -->\n<title>Infractions \u00e0 la loi sur les permis d&#039;alcool - Frouhar Law<\/title>\n<meta name=\"robots\" content=\"index, follow, max-snippet:-1, max-image-preview:large, max-video-preview:-1\" \/>\n<link rel=\"canonical\" href=\"https:\/\/frouharlaw.com\/our-expertise\/provincial-offences\/liquor-licence-act-offences\/\" \/>\n<meta property=\"og:locale\" content=\"fr_FR\" \/>\n<meta property=\"og:type\" content=\"article\" \/>\n<meta property=\"og:title\" content=\"Infractions \u00e0 la loi sur les permis d&#039;alcool - Frouhar Law\" \/>\n<meta property=\"og:description\" content=\"Infractions \u00e0 la loi sur les permis d&rsquo;alcool Nos Competences Infractions \u00e0 la loi sur les permis d&rsquo;alcool La Loi sur les permis d\u2019alcool (The Liquor Licence Act, LLA) r\u00e9glemente la vente, le service et la consommation d\u2019alcool. Quelques infractions communes de la Loi sur les permis l&rsquo;alcool comprennent: Vendre de l\u2019alcool \u00e0 des mineurs [&hellip;]\" \/>\n<meta property=\"og:url\" content=\"https:\/\/frouharlaw.com\/our-expertise\/provincial-offences\/liquor-licence-act-offences\/\" \/>\n<meta property=\"og:site_name\" content=\"Frouhar Law\" \/>\n<meta property=\"article:modified_time\" content=\"2024-04-20T08:28:01+00:00\" \/>\n<meta property=\"og:image\" content=\"https:\/\/frouharlaw.com\/wp-content\/uploads\/frouharlaw-og.jpg\" \/>\n\t<meta property=\"og:image:width\" content=\"1200\" \/>\n\t<meta property=\"og:image:height\" content=\"630\" \/>\n\t<meta property=\"og:image:type\" content=\"image\/jpeg\" \/>\n<meta name=\"twitter:card\" content=\"summary_large_image\" \/>\n<meta name=\"twitter:label1\" content=\"Dur\u00e9e de lecture estim\u00e9e\" \/>\n\t<meta name=\"twitter:data1\" content=\"1 minute\" \/>\n<script type=\"application\/ld+json\" class=\"yoast-schema-graph\">{\"@context\":\"https:\/\/schema.org\",\"@graph\":[{\"@type\":\"WebPage\",\"@id\":\"https:\/\/frouharlaw.com\/our-expertise\/provincial-offences\/liquor-licence-act-offences\/\",\"url\":\"https:\/\/frouharlaw.com\/our-expertise\/provincial-offences\/liquor-licence-act-offences\/\",\"name\":\"Infractions \u00e0 la loi sur les permis d'alcool - Frouhar Law\",\"isPartOf\":{\"@id\":\"https:\/\/frouharlaw.com\/#website\"},\"datePublished\":\"2023-02-10T17:48:42+00:00\",\"dateModified\":\"2024-04-20T08:28:01+00:00\",\"breadcrumb\":{\"@id\":\"https:\/\/frouharlaw.com\/our-expertise\/provincial-offences\/liquor-licence-act-offences\/#breadcrumb\"},\"inLanguage\":\"fr-FR\",\"potentialAction\":[{\"@type\":\"ReadAction\",\"target\":[\"https:\/\/frouharlaw.com\/our-expertise\/provincial-offences\/liquor-licence-act-offences\/\"]}]},{\"@type\":\"BreadcrumbList\",\"@id\":\"https:\/\/frouharlaw.com\/our-expertise\/provincial-offences\/liquor-licence-act-offences\/#breadcrumb\",\"itemListElement\":[{\"@type\":\"ListItem\",\"position\":1,\"name\":\"Home\",\"item\":\"https:\/\/frouharlaw.com\/fr\/\"},{\"@type\":\"ListItem\",\"position\":2,\"name\":\"Comp\u00e9tences\",\"item\":\"https:\/\/frouharlaw.com\/fr\/notre-expertise\/\"},{\"@type\":\"ListItem\",\"position\":3,\"name\":\"Infractions provinciales\",\"item\":\"https:\/\/frouharlaw.com\/our-expertise\/provincial-offences\/\"},{\"@type\":\"ListItem\",\"position\":4,\"name\":\"Infractions \u00e0 la loi sur les permis d&#8217;alcool\"}]},{\"@type\":\"WebSite\",\"@id\":\"https:\/\/frouharlaw.com\/#website\",\"url\":\"https:\/\/frouharlaw.com\/\",\"name\":\"Frouhar Law\",\"description\":\"Determined. Creative. Tireless. Passionate.\",\"publisher\":{\"@id\":\"https:\/\/frouharlaw.com\/#organization\"},\"potentialAction\":[{\"@type\":\"SearchAction\",\"target\":{\"@type\":\"EntryPoint\",\"urlTemplate\":\"https:\/\/frouharlaw.com\/?s={search_term_string}\"},\"query-input\":{\"@type\":\"PropertyValueSpecification\",\"valueRequired\":true,\"valueName\":\"search_term_string\"}}],\"inLanguage\":\"fr-FR\"},{\"@type\":\"Organization\",\"@id\":\"https:\/\/frouharlaw.com\/#organization\",\"name\":\"Frouhar Law\",\"url\":\"https:\/\/frouharlaw.com\/\",\"logo\":{\"@type\":\"ImageObject\",\"inLanguage\":\"fr-FR\",\"@id\":\"https:\/\/frouharlaw.com\/#\/schema\/logo\/image\/\",\"url\":\"https:\/\/frouharlaw.com\/wp-content\/uploads\/frouhar-law-logo.png\",\"contentUrl\":\"https:\/\/frouharlaw.com\/wp-content\/uploads\/frouhar-law-logo.png\",\"width\":3601,\"height\":3600,\"caption\":\"Frouhar Law\"},\"image\":{\"@id\":\"https:\/\/frouharlaw.com\/#\/schema\/logo\/image\/\"}}]}<\/script>\n<!-- \/ Yoast SEO plugin. -->","yoast_head_json":{"title":"Infractions \u00e0 la loi sur les permis d'alcool - Frouhar Law","robots":{"index":"index","follow":"follow","max-snippet":"max-snippet:-1","max-image-preview":"max-image-preview:large","max-video-preview":"max-video-preview:-1"},"canonical":"https:\/\/frouharlaw.com\/our-expertise\/provincial-offences\/liquor-licence-act-offences\/","og_locale":"fr_FR","og_type":"article","og_title":"Infractions \u00e0 la loi sur les permis d'alcool - Frouhar Law","og_description":"Infractions \u00e0 la loi sur les permis d&rsquo;alcool Nos Competences Infractions \u00e0 la loi sur les permis d&rsquo;alcool La Loi sur les permis d\u2019alcool (The Liquor Licence Act, LLA) r\u00e9glemente la vente, le service et la consommation d\u2019alcool. Quelques infractions communes de la Loi sur les permis l&rsquo;alcool comprennent: Vendre de l\u2019alcool \u00e0 des mineurs [&hellip;]","og_url":"https:\/\/frouharlaw.com\/our-expertise\/provincial-offences\/liquor-licence-act-offences\/","og_site_name":"Frouhar Law","article_modified_time":"2024-04-20T08:28:01+00:00","og_image":[{"width":1200,"height":630,"url":"https:\/\/frouharlaw.com\/wp-content\/uploads\/frouharlaw-og.jpg","type":"image\/jpeg"}],"twitter_card":"summary_large_image","twitter_misc":{"Dur\u00e9e de lecture estim\u00e9e":"1 minute"},"schema":{"@context":"https:\/\/schema.org","@graph":[{"@type":"WebPage","@id":"https:\/\/frouharlaw.com\/our-expertise\/provincial-offences\/liquor-licence-act-offences\/","url":"https:\/\/frouharlaw.com\/our-expertise\/provincial-offences\/liquor-licence-act-offences\/","name":"Infractions \u00e0 la loi sur les permis d'alcool - Frouhar Law","isPartOf":{"@id":"https:\/\/frouharlaw.com\/#website"},"datePublished":"2023-02-10T17:48:42+00:00","dateModified":"2024-04-20T08:28:01+00:00","breadcrumb":{"@id":"https:\/\/frouharlaw.com\/our-expertise\/provincial-offences\/liquor-licence-act-offences\/#breadcrumb"},"inLanguage":"fr-FR","potentialAction":[{"@type":"ReadAction","target":["https:\/\/frouharlaw.com\/our-expertise\/provincial-offences\/liquor-licence-act-offences\/"]}]},{"@type":"BreadcrumbList","@id":"https:\/\/frouharlaw.com\/our-expertise\/provincial-offences\/liquor-licence-act-offences\/#breadcrumb","itemListElement":[{"@type":"ListItem","position":1,"name":"Home","item":"https:\/\/frouharlaw.com\/fr\/"},{"@type":"ListItem","position":2,"name":"Comp\u00e9tences","item":"https:\/\/frouharlaw.com\/fr\/notre-expertise\/"},{"@type":"ListItem","position":3,"name":"Infractions provinciales","item":"https:\/\/frouharlaw.com\/our-expertise\/provincial-offences\/"},{"@type":"ListItem","position":4,"name":"Infractions \u00e0 la loi sur les permis d&#8217;alcool"}]},{"@type":"WebSite","@id":"https:\/\/frouharlaw.com\/#website","url":"https:\/\/frouharlaw.com\/","name":"Frouhar Law","description":"Determined. Creative. Tireless. Passionate.","publisher":{"@id":"https:\/\/frouharlaw.com\/#organization"},"potentialAction":[{"@type":"SearchAction","target":{"@type":"EntryPoint","urlTemplate":"https:\/\/frouharlaw.com\/?s={search_term_string}"},"query-input":{"@type":"PropertyValueSpecification","valueRequired":true,"valueName":"search_term_string"}}],"inLanguage":"fr-FR"},{"@type":"Organization","@id":"https:\/\/frouharlaw.com\/#organization","name":"Frouhar Law","url":"https:\/\/frouharlaw.com\/","logo":{"@type":"ImageObject","inLanguage":"fr-FR","@id":"https:\/\/frouharlaw.com\/#\/schema\/logo\/image\/","url":"https:\/\/frouharlaw.com\/wp-content\/uploads\/frouhar-law-logo.png","contentUrl":"https:\/\/frouharlaw.com\/wp-content\/uploads\/frouhar-law-logo.png","width":3601,"height":3600,"caption":"Frouhar Law"},"image":{"@id":"https:\/\/frouharlaw.com\/#\/schema\/logo\/image\/"}}]}},"_links":{"self":[{"href":"https:\/\/frouharlaw.com\/fr\/wp-json\/wp\/v2\/pages\/2372","targetHints":{"allow":["GET"]}}],"collection":[{"href":"https:\/\/frouharlaw.com\/fr\/wp-json\/wp\/v2\/pages"}],"about":[{"href":"https:\/\/frouharlaw.com\/fr\/wp-json\/wp\/v2\/types\/page"}],"author":[{"embeddable":true,"href":"https:\/\/frouharlaw.com\/fr\/wp-json\/wp\/v2\/users\/5"}],"replies":[{"embeddable":true,"href":"https:\/\/frouharlaw.com\/fr\/wp-json\/wp\/v2\/comments?post=2372"}],"version-history":[{"count":12,"href":"https:\/\/frouharlaw.com\/fr\/wp-json\/wp\/v2\/pages\/2372\/revisions"}],"predecessor-version":[{"id":3869,"href":"https:\/\/frouharlaw.com\/fr\/wp-json\/wp\/v2\/pages\/2372\/revisions\/3869"}],"up":[{"embeddable":true,"href":"https:\/\/frouharlaw.com\/fr\/wp-json\/wp\/v2\/pages\/2370"}],"wp:attachment":[{"href":"https:\/\/frouharlaw.com\/fr\/wp-json\/wp\/v2\/media?parent=2372"}],"curies":[{"name":"wp","href":"https:\/\/api.w.org\/{rel}","templated":true}]}}