{"id":2376,"date":"2023-02-10T17:48:24","date_gmt":"2023-02-10T17:48:24","guid":{"rendered":"https:\/\/frouharlaw.com\/notre-expertise\/infractions-provinciales\/infractions-au-code-de-la-route\/"},"modified":"2024-04-20T04:59:07","modified_gmt":"2024-04-20T04:59:07","slug":"infractions-au-code-de-la-route","status":"publish","type":"page","link":"https:\/\/frouharlaw.com\/fr\/notre-expertise\/infractions-provinciales\/infractions-au-code-de-la-route\/","title":{"rendered":"Infractions au Code de la route"},"content":{"rendered":"\t\t<div data-elementor-type=\"wp-page\" data-elementor-id=\"2376\" class=\"elementor elementor-2376 elementor-1398\" data-elementor-post-type=\"page\">\n\t\t\t\t\t\t<section data-particle_enable=\"false\" data-particle-mobile-disabled=\"false\" class=\"elementor-section elementor-top-section elementor-element elementor-element-6476916a elementor-section-height-min-height elementor-section-boxed elementor-section-height-default elementor-section-items-middle\" data-id=\"6476916a\" data-element_type=\"section\" data-e-type=\"section\" data-settings=\"{&quot;background_background&quot;:&quot;classic&quot;}\">\n\t\t\t\t\t\t\t<div class=\"elementor-background-overlay\"><\/div>\n\t\t\t\t\t\t\t<div class=\"elementor-container elementor-column-gap-default\">\n\t\t\t\t\t<div class=\"elementor-column elementor-col-100 elementor-top-column elementor-element elementor-element-76f9cba1\" data-id=\"76f9cba1\" data-element_type=\"column\" data-e-type=\"column\">\n\t\t\t<div class=\"elementor-widget-wrap elementor-element-populated\">\n\t\t\t\t\t\t<div class=\"elementor-element elementor-element-4ae50156 elementor-widget elementor-widget-heading\" data-id=\"4ae50156\" data-element_type=\"widget\" data-e-type=\"widget\" data-widget_type=\"heading.default\">\n\t\t\t\t<div class=\"elementor-widget-container\">\n\t\t\t\t\t<h1 class=\"elementor-heading-title elementor-size-default\">Infractions au <span class=\"ita\">Code de la route<\/span><\/h1>\t\t\t\t<\/div>\n\t\t\t\t<\/div>\n\t\t\t\t\t<\/div>\n\t\t<\/div>\n\t\t\t\t\t<\/div>\n\t\t<\/section>\n\t\t\t\t<section data-particle_enable=\"false\" data-particle-mobile-disabled=\"false\" class=\"elementor-section elementor-top-section elementor-element elementor-element-4728283d elementor-section-boxed elementor-section-height-default elementor-section-height-default\" data-id=\"4728283d\" data-element_type=\"section\" data-e-type=\"section\">\n\t\t\t\t\t\t<div class=\"elementor-container elementor-column-gap-default\">\n\t\t\t\t\t<div class=\"elementor-column elementor-col-100 elementor-top-column elementor-element elementor-element-27a06b93\" data-id=\"27a06b93\" data-element_type=\"column\" data-e-type=\"column\">\n\t\t\t<div class=\"elementor-widget-wrap elementor-element-populated\">\n\t\t\t\t\t\t<section data-particle_enable=\"false\" data-particle-mobile-disabled=\"false\" class=\"elementor-section elementor-inner-section elementor-element elementor-element-54325006 elementor-section-boxed elementor-section-height-default elementor-section-height-default\" data-id=\"54325006\" data-element_type=\"section\" data-e-type=\"section\">\n\t\t\t\t\t\t<div class=\"elementor-container elementor-column-gap-default\">\n\t\t\t\t\t<div class=\"elementor-column elementor-col-50 elementor-inner-column elementor-element elementor-element-282ac385\" data-id=\"282ac385\" data-element_type=\"column\" data-e-type=\"column\">\n\t\t\t<div class=\"elementor-widget-wrap elementor-element-populated\">\n\t\t\t\t\t\t<div class=\"elementor-element elementor-element-276f245 elementor-widget elementor-widget-heading\" data-id=\"276f245\" data-element_type=\"widget\" data-e-type=\"widget\" data-widget_type=\"heading.default\">\n\t\t\t\t<div class=\"elementor-widget-container\">\n\t\t\t\t\t<span class=\"elementor-heading-title elementor-size-default\">Nos Competences<\/span>\t\t\t\t<\/div>\n\t\t\t\t<\/div>\n\t\t\t\t<div class=\"elementor-element elementor-element-70e745f5 elementor-widget elementor-widget-heading\" data-id=\"70e745f5\" data-element_type=\"widget\" data-e-type=\"widget\" data-widget_type=\"heading.default\">\n\t\t\t\t<div class=\"elementor-widget-container\">\n\t\t\t\t\t<span class=\"elementor-heading-title elementor-size-default\">Infractions au <span class=\"ita\">Code de la route<\/span><\/span>\t\t\t\t<\/div>\n\t\t\t\t<\/div>\n\t\t\t\t\t<\/div>\n\t\t<\/div>\n\t\t\t\t<div class=\"elementor-column elementor-col-50 elementor-inner-column elementor-element elementor-element-1f05846b\" data-id=\"1f05846b\" data-element_type=\"column\" data-e-type=\"column\">\n\t\t\t<div class=\"elementor-widget-wrap elementor-element-populated\">\n\t\t\t\t\t\t<div class=\"elementor-element elementor-element-6e0941a elementor-widget elementor-widget-text-editor\" data-id=\"6e0941a\" data-element_type=\"widget\" data-e-type=\"widget\" data-widget_type=\"text-editor.default\">\n\t\t\t\t<div class=\"elementor-widget-container\">\n\t\t\t\t\t\t\t\t\t<p>Le <em>Code de la route<\/em> (Highway Traffic Act, HTA) r\u00e9glemente divers aspects de la conduite et de l\u2019utilisation des v\u00e9hicules sur les voies publiques.<\/p><p>Les infractions les plus courantes en mati\u00e8re du<em> Code de la route<\/em> sont les suivantes :<\/p><ul><li>Exc\u00e8s de vitesse : d\u00e9passement de la limite de vitesse affich\u00e9e ou conduite trop rapide pour les conditions routi\u00e8res.<\/li><li>Distraction au volant : conduite d\u2019un v\u00e9hicule tout en utilisant un appareil \u00e9lectronique portatif, comme un t\u00e9l\u00e9phone ou une tablette, ou se livrer \u00e0 d\u2019autres distractions, comme manger ou se maquiller.<\/li><li>Conduite avec facult\u00e9s affaiblies : conduite d\u2019un v\u00e9hicule sous l\u2019influence de drogues ou d\u2019alcool.<\/li><li>Omettre de s\u2019arr\u00eater \u00e0 un feu rouge ou \u00e0 un panneau d\u2019arr\u00eat : ne pas tenir compte d\u2019un feu rouge ou d\u2019un panneau d\u2019arr\u00eat, mettant en danger les autres conducteurs et les pi\u00e9tons.<\/li><li>Conduite imprudente : conduire d\u2019une mani\u00e8re dangereuse pour le public, comme ne pas signaler lors d\u2019un changement de voie ou d\u2019un talonnage.<\/li><li>Ne pas c\u00e9der le passage : ne pas permettre aux autres conducteurs ou pi\u00e9tons de passer en premier lorsque la loi l\u2019exige.<\/li><li>D\u00e9faut de porter une ceinture de s\u00e9curit\u00e9 : ne pas porter de ceinture de s\u00e9curit\u00e9, comme l\u2019exige la loi, lors de la conduite d\u2019un v\u00e9hicule.<\/li><\/ul><p>Les sanctions pour les infractions au <em>Code de la route<\/em> peuvent aller d&rsquo;une amende et des points d\u2019inaptitude \u00e0 l\u2019emprisonnement et un casier judiciaire, selon la gravit\u00e9 de l\u2019infraction et les circonstances qui l\u2019entourent.<\/p>\t\t\t\t\t\t\t\t<\/div>\n\t\t\t\t<\/div>\n\t\t\t\t\t<\/div>\n\t\t<\/div>\n\t\t\t\t\t<\/div>\n\t\t<\/section>\n\t\t\t\t\t<\/div>\n\t\t<\/div>\n\t\t\t\t\t<\/div>\n\t\t<\/section>\n\t\t\t\t<\/div>\n\t\t","protected":false},"excerpt":{"rendered":"<p>Infractions au Code de la route Nos Competences Infractions au Code de la route Le Code de la route (Highway Traffic Act, HTA) r\u00e9glemente divers aspects de la conduite et de l\u2019utilisation des v\u00e9hicules sur les voies publiques. Les infractions les plus courantes en mati\u00e8re du Code de la route sont les suivantes : Exc\u00e8s [&hellip;]<\/p>\n","protected":false},"author":5,"featured_media":0,"parent":2370,"menu_order":24,"comment_status":"closed","ping_status":"closed","template":"","meta":{"footnotes":""},"class_list":["post-2376","page","type-page","status-publish","hentry"],"yoast_head":"<!-- This site is optimized with the Yoast SEO plugin v27.2 - https:\/\/yoast.com\/product\/yoast-seo-wordpress\/ -->\n<title>Infractions au Code de la route - Frouhar Law<\/title>\n<meta name=\"robots\" content=\"index, follow, max-snippet:-1, max-image-preview:large, max-video-preview:-1\" \/>\n<link rel=\"canonical\" href=\"https:\/\/frouharlaw.com\/our-expertise\/provincial-offences\/highway-traffic-act-offences\/\" \/>\n<meta property=\"og:locale\" content=\"fr_FR\" \/>\n<meta property=\"og:type\" content=\"article\" \/>\n<meta property=\"og:title\" content=\"Infractions au Code de la route - Frouhar Law\" \/>\n<meta property=\"og:description\" content=\"Infractions au Code de la route Nos Competences Infractions au Code de la route Le Code de la route (Highway Traffic Act, HTA) r\u00e9glemente divers aspects de la conduite et de l\u2019utilisation des v\u00e9hicules sur les voies publiques. Les infractions les plus courantes en mati\u00e8re du Code de la route sont les suivantes : Exc\u00e8s [&hellip;]\" \/>\n<meta property=\"og:url\" content=\"https:\/\/frouharlaw.com\/our-expertise\/provincial-offences\/highway-traffic-act-offences\/\" \/>\n<meta property=\"og:site_name\" content=\"Frouhar Law\" \/>\n<meta property=\"article:modified_time\" content=\"2024-04-20T04:59:07+00:00\" \/>\n<meta property=\"og:image\" content=\"https:\/\/frouharlaw.com\/wp-content\/uploads\/frouharlaw-og.jpg\" \/>\n\t<meta property=\"og:image:width\" content=\"1200\" \/>\n\t<meta property=\"og:image:height\" content=\"630\" \/>\n\t<meta property=\"og:image:type\" content=\"image\/jpeg\" \/>\n<meta name=\"twitter:card\" content=\"summary_large_image\" \/>\n<meta name=\"twitter:label1\" content=\"Dur\u00e9e de lecture estim\u00e9e\" \/>\n\t<meta name=\"twitter:data1\" content=\"2 minutes\" \/>\n<script type=\"application\/ld+json\" class=\"yoast-schema-graph\">{\"@context\":\"https:\/\/schema.org\",\"@graph\":[{\"@type\":\"WebPage\",\"@id\":\"https:\/\/frouharlaw.com\/our-expertise\/provincial-offences\/highway-traffic-act-offences\/\",\"url\":\"https:\/\/frouharlaw.com\/our-expertise\/provincial-offences\/highway-traffic-act-offences\/\",\"name\":\"Infractions au Code de la route - Frouhar Law\",\"isPartOf\":{\"@id\":\"https:\/\/frouharlaw.com\/#website\"},\"datePublished\":\"2023-02-10T17:48:24+00:00\",\"dateModified\":\"2024-04-20T04:59:07+00:00\",\"breadcrumb\":{\"@id\":\"https:\/\/frouharlaw.com\/our-expertise\/provincial-offences\/highway-traffic-act-offences\/#breadcrumb\"},\"inLanguage\":\"fr-FR\",\"potentialAction\":[{\"@type\":\"ReadAction\",\"target\":[\"https:\/\/frouharlaw.com\/our-expertise\/provincial-offences\/highway-traffic-act-offences\/\"]}]},{\"@type\":\"BreadcrumbList\",\"@id\":\"https:\/\/frouharlaw.com\/our-expertise\/provincial-offences\/highway-traffic-act-offences\/#breadcrumb\",\"itemListElement\":[{\"@type\":\"ListItem\",\"position\":1,\"name\":\"Home\",\"item\":\"https:\/\/frouharlaw.com\/fr\/\"},{\"@type\":\"ListItem\",\"position\":2,\"name\":\"Comp\u00e9tences\",\"item\":\"https:\/\/frouharlaw.com\/fr\/notre-expertise\/\"},{\"@type\":\"ListItem\",\"position\":3,\"name\":\"Infractions provinciales\",\"item\":\"https:\/\/frouharlaw.com\/our-expertise\/provincial-offences\/\"},{\"@type\":\"ListItem\",\"position\":4,\"name\":\"Infractions au Code de la route\"}]},{\"@type\":\"WebSite\",\"@id\":\"https:\/\/frouharlaw.com\/#website\",\"url\":\"https:\/\/frouharlaw.com\/\",\"name\":\"Frouhar Law\",\"description\":\"Determined. Creative. Tireless. Passionate.\",\"publisher\":{\"@id\":\"https:\/\/frouharlaw.com\/#organization\"},\"potentialAction\":[{\"@type\":\"SearchAction\",\"target\":{\"@type\":\"EntryPoint\",\"urlTemplate\":\"https:\/\/frouharlaw.com\/?s={search_term_string}\"},\"query-input\":{\"@type\":\"PropertyValueSpecification\",\"valueRequired\":true,\"valueName\":\"search_term_string\"}}],\"inLanguage\":\"fr-FR\"},{\"@type\":\"Organization\",\"@id\":\"https:\/\/frouharlaw.com\/#organization\",\"name\":\"Frouhar Law\",\"url\":\"https:\/\/frouharlaw.com\/\",\"logo\":{\"@type\":\"ImageObject\",\"inLanguage\":\"fr-FR\",\"@id\":\"https:\/\/frouharlaw.com\/#\/schema\/logo\/image\/\",\"url\":\"https:\/\/frouharlaw.com\/wp-content\/uploads\/frouhar-law-logo.png\",\"contentUrl\":\"https:\/\/frouharlaw.com\/wp-content\/uploads\/frouhar-law-logo.png\",\"width\":3601,\"height\":3600,\"caption\":\"Frouhar Law\"},\"image\":{\"@id\":\"https:\/\/frouharlaw.com\/#\/schema\/logo\/image\/\"}}]}<\/script>\n<!-- \/ Yoast SEO plugin. -->","yoast_head_json":{"title":"Infractions au Code de la route - Frouhar Law","robots":{"index":"index","follow":"follow","max-snippet":"max-snippet:-1","max-image-preview":"max-image-preview:large","max-video-preview":"max-video-preview:-1"},"canonical":"https:\/\/frouharlaw.com\/our-expertise\/provincial-offences\/highway-traffic-act-offences\/","og_locale":"fr_FR","og_type":"article","og_title":"Infractions au Code de la route - Frouhar Law","og_description":"Infractions au Code de la route Nos Competences Infractions au Code de la route Le Code de la route (Highway Traffic Act, HTA) r\u00e9glemente divers aspects de la conduite et de l\u2019utilisation des v\u00e9hicules sur les voies publiques. Les infractions les plus courantes en mati\u00e8re du Code de la route sont les suivantes : Exc\u00e8s [&hellip;]","og_url":"https:\/\/frouharlaw.com\/our-expertise\/provincial-offences\/highway-traffic-act-offences\/","og_site_name":"Frouhar Law","article_modified_time":"2024-04-20T04:59:07+00:00","og_image":[{"width":1200,"height":630,"url":"https:\/\/frouharlaw.com\/wp-content\/uploads\/frouharlaw-og.jpg","type":"image\/jpeg"}],"twitter_card":"summary_large_image","twitter_misc":{"Dur\u00e9e de lecture estim\u00e9e":"2 minutes"},"schema":{"@context":"https:\/\/schema.org","@graph":[{"@type":"WebPage","@id":"https:\/\/frouharlaw.com\/our-expertise\/provincial-offences\/highway-traffic-act-offences\/","url":"https:\/\/frouharlaw.com\/our-expertise\/provincial-offences\/highway-traffic-act-offences\/","name":"Infractions au Code de la route - Frouhar Law","isPartOf":{"@id":"https:\/\/frouharlaw.com\/#website"},"datePublished":"2023-02-10T17:48:24+00:00","dateModified":"2024-04-20T04:59:07+00:00","breadcrumb":{"@id":"https:\/\/frouharlaw.com\/our-expertise\/provincial-offences\/highway-traffic-act-offences\/#breadcrumb"},"inLanguage":"fr-FR","potentialAction":[{"@type":"ReadAction","target":["https:\/\/frouharlaw.com\/our-expertise\/provincial-offences\/highway-traffic-act-offences\/"]}]},{"@type":"BreadcrumbList","@id":"https:\/\/frouharlaw.com\/our-expertise\/provincial-offences\/highway-traffic-act-offences\/#breadcrumb","itemListElement":[{"@type":"ListItem","position":1,"name":"Home","item":"https:\/\/frouharlaw.com\/fr\/"},{"@type":"ListItem","position":2,"name":"Comp\u00e9tences","item":"https:\/\/frouharlaw.com\/fr\/notre-expertise\/"},{"@type":"ListItem","position":3,"name":"Infractions provinciales","item":"https:\/\/frouharlaw.com\/our-expertise\/provincial-offences\/"},{"@type":"ListItem","position":4,"name":"Infractions au Code de la route"}]},{"@type":"WebSite","@id":"https:\/\/frouharlaw.com\/#website","url":"https:\/\/frouharlaw.com\/","name":"Frouhar Law","description":"Determined. Creative. Tireless. Passionate.","publisher":{"@id":"https:\/\/frouharlaw.com\/#organization"},"potentialAction":[{"@type":"SearchAction","target":{"@type":"EntryPoint","urlTemplate":"https:\/\/frouharlaw.com\/?s={search_term_string}"},"query-input":{"@type":"PropertyValueSpecification","valueRequired":true,"valueName":"search_term_string"}}],"inLanguage":"fr-FR"},{"@type":"Organization","@id":"https:\/\/frouharlaw.com\/#organization","name":"Frouhar Law","url":"https:\/\/frouharlaw.com\/","logo":{"@type":"ImageObject","inLanguage":"fr-FR","@id":"https:\/\/frouharlaw.com\/#\/schema\/logo\/image\/","url":"https:\/\/frouharlaw.com\/wp-content\/uploads\/frouhar-law-logo.png","contentUrl":"https:\/\/frouharlaw.com\/wp-content\/uploads\/frouhar-law-logo.png","width":3601,"height":3600,"caption":"Frouhar Law"},"image":{"@id":"https:\/\/frouharlaw.com\/#\/schema\/logo\/image\/"}}]}},"_links":{"self":[{"href":"https:\/\/frouharlaw.com\/fr\/wp-json\/wp\/v2\/pages\/2376","targetHints":{"allow":["GET"]}}],"collection":[{"href":"https:\/\/frouharlaw.com\/fr\/wp-json\/wp\/v2\/pages"}],"about":[{"href":"https:\/\/frouharlaw.com\/fr\/wp-json\/wp\/v2\/types\/page"}],"author":[{"embeddable":true,"href":"https:\/\/frouharlaw.com\/fr\/wp-json\/wp\/v2\/users\/5"}],"replies":[{"embeddable":true,"href":"https:\/\/frouharlaw.com\/fr\/wp-json\/wp\/v2\/comments?post=2376"}],"version-history":[{"count":10,"href":"https:\/\/frouharlaw.com\/fr\/wp-json\/wp\/v2\/pages\/2376\/revisions"}],"predecessor-version":[{"id":3863,"href":"https:\/\/frouharlaw.com\/fr\/wp-json\/wp\/v2\/pages\/2376\/revisions\/3863"}],"up":[{"embeddable":true,"href":"https:\/\/frouharlaw.com\/fr\/wp-json\/wp\/v2\/pages\/2370"}],"wp:attachment":[{"href":"https:\/\/frouharlaw.com\/fr\/wp-json\/wp\/v2\/media?parent=2376"}],"curies":[{"name":"wp","href":"https:\/\/api.w.org\/{rel}","templated":true}]}}