{"id":2380,"date":"2023-02-10T17:39:18","date_gmt":"2023-02-10T17:39:18","guid":{"rendered":"https:\/\/frouharlaw.com\/notre-expertise\/infractions-liees-a-la-drogue\/possession-en-vue-de-la-traite-des-etres-humains\/"},"modified":"2024-04-20T03:40:13","modified_gmt":"2024-04-20T03:40:13","slug":"possession-en-vue-de-la-traite-des-etres-humains","status":"publish","type":"page","link":"https:\/\/frouharlaw.com\/fr\/notre-expertise\/infractions-liees-a-la-drogue\/possession-en-vue-de-la-traite-des-etres-humains\/","title":{"rendered":"Possession en vue de la traite des \u00eatres humains"},"content":{"rendered":"\t\t<div data-elementor-type=\"wp-page\" data-elementor-id=\"2380\" class=\"elementor elementor-2380 elementor-1375\" data-elementor-post-type=\"page\">\n\t\t\t\t\t\t<section data-particle_enable=\"false\" data-particle-mobile-disabled=\"false\" class=\"elementor-section elementor-top-section elementor-element elementor-element-65fe4957 elementor-section-height-min-height elementor-section-boxed elementor-section-height-default elementor-section-items-middle\" data-id=\"65fe4957\" data-element_type=\"section\" data-e-type=\"section\" data-settings=\"{&quot;background_background&quot;:&quot;classic&quot;}\">\n\t\t\t\t\t\t\t<div class=\"elementor-background-overlay\"><\/div>\n\t\t\t\t\t\t\t<div class=\"elementor-container elementor-column-gap-default\">\n\t\t\t\t\t<div class=\"elementor-column elementor-col-100 elementor-top-column elementor-element elementor-element-321bb08f\" data-id=\"321bb08f\" data-element_type=\"column\" data-e-type=\"column\">\n\t\t\t<div class=\"elementor-widget-wrap elementor-element-populated\">\n\t\t\t\t\t\t<div class=\"elementor-element elementor-element-5bfefe93 elementor-widget elementor-widget-heading\" data-id=\"5bfefe93\" data-element_type=\"widget\" data-e-type=\"widget\" data-widget_type=\"heading.default\">\n\t\t\t\t<div class=\"elementor-widget-container\">\n\t\t\t\t\t<h1 class=\"elementor-heading-title elementor-size-default\">Possession en vue de la traite des \u00eatres humains<\/h1>\t\t\t\t<\/div>\n\t\t\t\t<\/div>\n\t\t\t\t\t<\/div>\n\t\t<\/div>\n\t\t\t\t\t<\/div>\n\t\t<\/section>\n\t\t\t\t<section data-particle_enable=\"false\" data-particle-mobile-disabled=\"false\" class=\"elementor-section elementor-top-section elementor-element elementor-element-7340205c elementor-section-boxed elementor-section-height-default elementor-section-height-default\" data-id=\"7340205c\" data-element_type=\"section\" data-e-type=\"section\">\n\t\t\t\t\t\t<div class=\"elementor-container elementor-column-gap-default\">\n\t\t\t\t\t<div class=\"elementor-column elementor-col-100 elementor-top-column elementor-element elementor-element-7fd8c055\" data-id=\"7fd8c055\" data-element_type=\"column\" data-e-type=\"column\">\n\t\t\t<div class=\"elementor-widget-wrap elementor-element-populated\">\n\t\t\t\t\t\t<section data-particle_enable=\"false\" data-particle-mobile-disabled=\"false\" class=\"elementor-section elementor-inner-section elementor-element elementor-element-37b63bad elementor-section-boxed elementor-section-height-default elementor-section-height-default\" data-id=\"37b63bad\" data-element_type=\"section\" data-e-type=\"section\">\n\t\t\t\t\t\t<div class=\"elementor-container elementor-column-gap-default\">\n\t\t\t\t\t<div class=\"elementor-column elementor-col-50 elementor-inner-column elementor-element elementor-element-2d50a3\" data-id=\"2d50a3\" data-element_type=\"column\" data-e-type=\"column\">\n\t\t\t<div class=\"elementor-widget-wrap elementor-element-populated\">\n\t\t\t\t\t\t<div class=\"elementor-element elementor-element-139067bb elementor-widget elementor-widget-heading\" data-id=\"139067bb\" data-element_type=\"widget\" data-e-type=\"widget\" data-widget_type=\"heading.default\">\n\t\t\t\t<div class=\"elementor-widget-container\">\n\t\t\t\t\t<span class=\"elementor-heading-title elementor-size-default\">Nos Competences<\/span>\t\t\t\t<\/div>\n\t\t\t\t<\/div>\n\t\t\t\t<div class=\"elementor-element elementor-element-56f4c0c0 elementor-widget elementor-widget-heading\" data-id=\"56f4c0c0\" data-element_type=\"widget\" data-e-type=\"widget\" data-widget_type=\"heading.default\">\n\t\t\t\t<div class=\"elementor-widget-container\">\n\t\t\t\t\t<span class=\"elementor-heading-title elementor-size-default\">Possession en vue de la traite des \u00eatres humains<\/span>\t\t\t\t<\/div>\n\t\t\t\t<\/div>\n\t\t\t\t\t<\/div>\n\t\t<\/div>\n\t\t\t\t<div class=\"elementor-column elementor-col-50 elementor-inner-column elementor-element elementor-element-48064153\" data-id=\"48064153\" data-element_type=\"column\" data-e-type=\"column\">\n\t\t\t<div class=\"elementor-widget-wrap elementor-element-populated\">\n\t\t\t\t\t\t<div class=\"elementor-element elementor-element-6e763492 elementor-widget elementor-widget-text-editor\" data-id=\"6e763492\" data-element_type=\"widget\" data-e-type=\"widget\" data-widget_type=\"text-editor.default\">\n\t\t\t\t<div class=\"elementor-widget-container\">\n\t\t\t\t\t\t\t\t\t<p>Le trafic de drogue est une infraction criminelle au Canada d\u00e9finie comme la production, l\u2019importation, l\u2019exportation, la possession ou la vente d\u2019une substance contr\u00f4l\u00e9e, comme des drogues illicites, dans l\u2019intention de les distribuer ou de les vendre. Ce type d\u2019infraction peut comprendre des activit\u00e9s telles que faire pousser et la production de drogues ill\u00e9gales, faire entrer ou sortir clandestinement de la drogue au Canada ou vendre de la drogue \u00e0 des tiers. Le trafic de drogue est consid\u00e9r\u00e9 comme une infraction grave au Canada et peut entra\u00eener une peine importante, y compris une peine d\u2019emprisonnement pouvant aller jusqu\u2019\u00e0 l\u2019emprisonnement \u00e0 perp\u00e9tuit\u00e9, selon les circonstances de l\u2019infraction et la quantit\u00e9 de drogue en cause.<\/p>\t\t\t\t\t\t\t\t<\/div>\n\t\t\t\t<\/div>\n\t\t\t\t\t<\/div>\n\t\t<\/div>\n\t\t\t\t\t<\/div>\n\t\t<\/section>\n\t\t\t\t\t<\/div>\n\t\t<\/div>\n\t\t\t\t\t<\/div>\n\t\t<\/section>\n\t\t\t\t<\/div>\n\t\t","protected":false},"excerpt":{"rendered":"<p>Nos Competences Le trafic de drogue est une infraction criminelle au Canada d\u00e9finie comme la production, l\u2019importation, l\u2019exportation, la possession ou la vente d\u2019une substance contr\u00f4l\u00e9e, comme des drogues illicites, dans l\u2019intention de les distribuer ou de les vendre. Ce type d\u2019infraction peut comprendre des activit\u00e9s telles que faire pousser et la production de drogues [&hellip;]<\/p>\n","protected":false},"author":5,"featured_media":0,"parent":2187,"menu_order":26,"comment_status":"closed","ping_status":"closed","template":"","meta":{"footnotes":""},"class_list":["post-2380","page","type-page","status-publish","hentry"],"yoast_head":"<!-- This site is optimized with the Yoast SEO plugin v27.2 - https:\/\/yoast.com\/product\/yoast-seo-wordpress\/ -->\n<title>Possession en vue de la traite des \u00eatres humains - Frouhar Law<\/title>\n<meta name=\"robots\" content=\"index, follow, max-snippet:-1, max-image-preview:large, max-video-preview:-1\" \/>\n<link rel=\"canonical\" href=\"https:\/\/frouharlaw.com\/our-expertise\/drug-offences\/possession-for-the-purpose-of-trafficking\/\" \/>\n<meta property=\"og:locale\" content=\"fr_FR\" \/>\n<meta property=\"og:type\" content=\"article\" \/>\n<meta property=\"og:title\" content=\"Possession en vue de la traite des \u00eatres humains - Frouhar Law\" \/>\n<meta property=\"og:description\" content=\"Nos Competences Le trafic de drogue est une infraction criminelle au Canada d\u00e9finie comme la production, l\u2019importation, l\u2019exportation, la possession ou la vente d\u2019une substance contr\u00f4l\u00e9e, comme des drogues illicites, dans l\u2019intention de les distribuer ou de les vendre. Ce type d\u2019infraction peut comprendre des activit\u00e9s telles que faire pousser et la production de drogues [&hellip;]\" \/>\n<meta property=\"og:url\" content=\"https:\/\/frouharlaw.com\/our-expertise\/drug-offences\/possession-for-the-purpose-of-trafficking\/\" \/>\n<meta property=\"og:site_name\" content=\"Frouhar Law\" \/>\n<meta property=\"article:modified_time\" content=\"2024-04-20T03:40:13+00:00\" \/>\n<meta property=\"og:image\" content=\"https:\/\/frouharlaw.com\/wp-content\/uploads\/frouharlaw-og.jpg\" \/>\n\t<meta property=\"og:image:width\" content=\"1200\" \/>\n\t<meta property=\"og:image:height\" content=\"630\" \/>\n\t<meta property=\"og:image:type\" content=\"image\/jpeg\" \/>\n<meta name=\"twitter:card\" content=\"summary_large_image\" \/>\n<meta name=\"twitter:label1\" content=\"Dur\u00e9e de lecture estim\u00e9e\" \/>\n\t<meta name=\"twitter:data1\" content=\"1 minute\" \/>\n<script type=\"application\/ld+json\" class=\"yoast-schema-graph\">{\"@context\":\"https:\/\/schema.org\",\"@graph\":[{\"@type\":\"WebPage\",\"@id\":\"https:\/\/frouharlaw.com\/our-expertise\/drug-offences\/possession-for-the-purpose-of-trafficking\/\",\"url\":\"https:\/\/frouharlaw.com\/our-expertise\/drug-offences\/possession-for-the-purpose-of-trafficking\/\",\"name\":\"Possession en vue de la traite des \u00eatres humains - Frouhar Law\",\"isPartOf\":{\"@id\":\"https:\/\/frouharlaw.com\/#website\"},\"datePublished\":\"2023-02-10T17:39:18+00:00\",\"dateModified\":\"2024-04-20T03:40:13+00:00\",\"breadcrumb\":{\"@id\":\"https:\/\/frouharlaw.com\/our-expertise\/drug-offences\/possession-for-the-purpose-of-trafficking\/#breadcrumb\"},\"inLanguage\":\"fr-FR\",\"potentialAction\":[{\"@type\":\"ReadAction\",\"target\":[\"https:\/\/frouharlaw.com\/our-expertise\/drug-offences\/possession-for-the-purpose-of-trafficking\/\"]}]},{\"@type\":\"BreadcrumbList\",\"@id\":\"https:\/\/frouharlaw.com\/our-expertise\/drug-offences\/possession-for-the-purpose-of-trafficking\/#breadcrumb\",\"itemListElement\":[{\"@type\":\"ListItem\",\"position\":1,\"name\":\"Home\",\"item\":\"https:\/\/frouharlaw.com\/fr\/\"},{\"@type\":\"ListItem\",\"position\":2,\"name\":\"Comp\u00e9tences\",\"item\":\"https:\/\/frouharlaw.com\/fr\/notre-expertise\/\"},{\"@type\":\"ListItem\",\"position\":3,\"name\":\"Infractions li\u00e9es \u00e0 la drogue\",\"item\":\"https:\/\/frouharlaw.com\/our-expertise\/drug-offences\/\"},{\"@type\":\"ListItem\",\"position\":4,\"name\":\"Possession en vue de la traite des \u00eatres humains\"}]},{\"@type\":\"WebSite\",\"@id\":\"https:\/\/frouharlaw.com\/#website\",\"url\":\"https:\/\/frouharlaw.com\/\",\"name\":\"Frouhar Law\",\"description\":\"Determined. Creative. Tireless. Passionate.\",\"publisher\":{\"@id\":\"https:\/\/frouharlaw.com\/#organization\"},\"potentialAction\":[{\"@type\":\"SearchAction\",\"target\":{\"@type\":\"EntryPoint\",\"urlTemplate\":\"https:\/\/frouharlaw.com\/?s={search_term_string}\"},\"query-input\":{\"@type\":\"PropertyValueSpecification\",\"valueRequired\":true,\"valueName\":\"search_term_string\"}}],\"inLanguage\":\"fr-FR\"},{\"@type\":\"Organization\",\"@id\":\"https:\/\/frouharlaw.com\/#organization\",\"name\":\"Frouhar Law\",\"url\":\"https:\/\/frouharlaw.com\/\",\"logo\":{\"@type\":\"ImageObject\",\"inLanguage\":\"fr-FR\",\"@id\":\"https:\/\/frouharlaw.com\/#\/schema\/logo\/image\/\",\"url\":\"https:\/\/frouharlaw.com\/wp-content\/uploads\/frouhar-law-logo.png\",\"contentUrl\":\"https:\/\/frouharlaw.com\/wp-content\/uploads\/frouhar-law-logo.png\",\"width\":3601,\"height\":3600,\"caption\":\"Frouhar Law\"},\"image\":{\"@id\":\"https:\/\/frouharlaw.com\/#\/schema\/logo\/image\/\"}}]}<\/script>\n<!-- \/ Yoast SEO plugin. -->","yoast_head_json":{"title":"Possession en vue de la traite des \u00eatres humains - Frouhar Law","robots":{"index":"index","follow":"follow","max-snippet":"max-snippet:-1","max-image-preview":"max-image-preview:large","max-video-preview":"max-video-preview:-1"},"canonical":"https:\/\/frouharlaw.com\/our-expertise\/drug-offences\/possession-for-the-purpose-of-trafficking\/","og_locale":"fr_FR","og_type":"article","og_title":"Possession en vue de la traite des \u00eatres humains - Frouhar Law","og_description":"Nos Competences Le trafic de drogue est une infraction criminelle au Canada d\u00e9finie comme la production, l\u2019importation, l\u2019exportation, la possession ou la vente d\u2019une substance contr\u00f4l\u00e9e, comme des drogues illicites, dans l\u2019intention de les distribuer ou de les vendre. Ce type d\u2019infraction peut comprendre des activit\u00e9s telles que faire pousser et la production de drogues [&hellip;]","og_url":"https:\/\/frouharlaw.com\/our-expertise\/drug-offences\/possession-for-the-purpose-of-trafficking\/","og_site_name":"Frouhar Law","article_modified_time":"2024-04-20T03:40:13+00:00","og_image":[{"width":1200,"height":630,"url":"https:\/\/frouharlaw.com\/wp-content\/uploads\/frouharlaw-og.jpg","type":"image\/jpeg"}],"twitter_card":"summary_large_image","twitter_misc":{"Dur\u00e9e de lecture estim\u00e9e":"1 minute"},"schema":{"@context":"https:\/\/schema.org","@graph":[{"@type":"WebPage","@id":"https:\/\/frouharlaw.com\/our-expertise\/drug-offences\/possession-for-the-purpose-of-trafficking\/","url":"https:\/\/frouharlaw.com\/our-expertise\/drug-offences\/possession-for-the-purpose-of-trafficking\/","name":"Possession en vue de la traite des \u00eatres humains - Frouhar Law","isPartOf":{"@id":"https:\/\/frouharlaw.com\/#website"},"datePublished":"2023-02-10T17:39:18+00:00","dateModified":"2024-04-20T03:40:13+00:00","breadcrumb":{"@id":"https:\/\/frouharlaw.com\/our-expertise\/drug-offences\/possession-for-the-purpose-of-trafficking\/#breadcrumb"},"inLanguage":"fr-FR","potentialAction":[{"@type":"ReadAction","target":["https:\/\/frouharlaw.com\/our-expertise\/drug-offences\/possession-for-the-purpose-of-trafficking\/"]}]},{"@type":"BreadcrumbList","@id":"https:\/\/frouharlaw.com\/our-expertise\/drug-offences\/possession-for-the-purpose-of-trafficking\/#breadcrumb","itemListElement":[{"@type":"ListItem","position":1,"name":"Home","item":"https:\/\/frouharlaw.com\/fr\/"},{"@type":"ListItem","position":2,"name":"Comp\u00e9tences","item":"https:\/\/frouharlaw.com\/fr\/notre-expertise\/"},{"@type":"ListItem","position":3,"name":"Infractions li\u00e9es \u00e0 la drogue","item":"https:\/\/frouharlaw.com\/our-expertise\/drug-offences\/"},{"@type":"ListItem","position":4,"name":"Possession en vue de la traite des \u00eatres humains"}]},{"@type":"WebSite","@id":"https:\/\/frouharlaw.com\/#website","url":"https:\/\/frouharlaw.com\/","name":"Frouhar Law","description":"Determined. Creative. Tireless. Passionate.","publisher":{"@id":"https:\/\/frouharlaw.com\/#organization"},"potentialAction":[{"@type":"SearchAction","target":{"@type":"EntryPoint","urlTemplate":"https:\/\/frouharlaw.com\/?s={search_term_string}"},"query-input":{"@type":"PropertyValueSpecification","valueRequired":true,"valueName":"search_term_string"}}],"inLanguage":"fr-FR"},{"@type":"Organization","@id":"https:\/\/frouharlaw.com\/#organization","name":"Frouhar Law","url":"https:\/\/frouharlaw.com\/","logo":{"@type":"ImageObject","inLanguage":"fr-FR","@id":"https:\/\/frouharlaw.com\/#\/schema\/logo\/image\/","url":"https:\/\/frouharlaw.com\/wp-content\/uploads\/frouhar-law-logo.png","contentUrl":"https:\/\/frouharlaw.com\/wp-content\/uploads\/frouhar-law-logo.png","width":3601,"height":3600,"caption":"Frouhar Law"},"image":{"@id":"https:\/\/frouharlaw.com\/#\/schema\/logo\/image\/"}}]}},"_links":{"self":[{"href":"https:\/\/frouharlaw.com\/fr\/wp-json\/wp\/v2\/pages\/2380","targetHints":{"allow":["GET"]}}],"collection":[{"href":"https:\/\/frouharlaw.com\/fr\/wp-json\/wp\/v2\/pages"}],"about":[{"href":"https:\/\/frouharlaw.com\/fr\/wp-json\/wp\/v2\/types\/page"}],"author":[{"embeddable":true,"href":"https:\/\/frouharlaw.com\/fr\/wp-json\/wp\/v2\/users\/5"}],"replies":[{"embeddable":true,"href":"https:\/\/frouharlaw.com\/fr\/wp-json\/wp\/v2\/comments?post=2380"}],"version-history":[{"count":8,"href":"https:\/\/frouharlaw.com\/fr\/wp-json\/wp\/v2\/pages\/2380\/revisions"}],"predecessor-version":[{"id":3778,"href":"https:\/\/frouharlaw.com\/fr\/wp-json\/wp\/v2\/pages\/2380\/revisions\/3778"}],"up":[{"embeddable":true,"href":"https:\/\/frouharlaw.com\/fr\/wp-json\/wp\/v2\/pages\/2187"}],"wp:attachment":[{"href":"https:\/\/frouharlaw.com\/fr\/wp-json\/wp\/v2\/media?parent=2380"}],"curies":[{"name":"wp","href":"https:\/\/api.w.org\/{rel}","templated":true}]}}