{"id":2382,"date":"2023-02-10T17:35:14","date_gmt":"2023-02-10T17:35:14","guid":{"rendered":"https:\/\/frouharlaw.com\/notre-expertise\/infractions-liees-a-la-drogue\/possession-personnelle-de-drogues\/"},"modified":"2024-04-19T21:16:51","modified_gmt":"2024-04-19T21:16:51","slug":"possession-personnelle-de-drogues","status":"publish","type":"page","link":"https:\/\/frouharlaw.com\/fr\/notre-expertise\/infractions-liees-a-la-drogue\/possession-personnelle-de-drogues\/","title":{"rendered":"Possession personnelle de drogues"},"content":{"rendered":"\t\t<div data-elementor-type=\"wp-page\" data-elementor-id=\"2382\" class=\"elementor elementor-2382 elementor-1370\" data-elementor-post-type=\"page\">\n\t\t\t\t\t\t<section data-particle_enable=\"false\" data-particle-mobile-disabled=\"false\" class=\"elementor-section elementor-top-section elementor-element elementor-element-1b4ddd84 elementor-section-height-min-height elementor-section-boxed elementor-section-height-default elementor-section-items-middle\" data-id=\"1b4ddd84\" data-element_type=\"section\" data-e-type=\"section\" data-settings=\"{&quot;background_background&quot;:&quot;classic&quot;}\">\n\t\t\t\t\t\t\t<div class=\"elementor-background-overlay\"><\/div>\n\t\t\t\t\t\t\t<div class=\"elementor-container elementor-column-gap-default\">\n\t\t\t\t\t<div class=\"elementor-column elementor-col-100 elementor-top-column elementor-element elementor-element-38d576b3\" data-id=\"38d576b3\" data-element_type=\"column\" data-e-type=\"column\">\n\t\t\t<div class=\"elementor-widget-wrap elementor-element-populated\">\n\t\t\t\t\t\t<div class=\"elementor-element elementor-element-d98dfc9 elementor-widget elementor-widget-heading\" data-id=\"d98dfc9\" data-element_type=\"widget\" data-e-type=\"widget\" data-widget_type=\"heading.default\">\n\t\t\t\t<div class=\"elementor-widget-container\">\n\t\t\t\t\t<h1 class=\"elementor-heading-title elementor-size-default\">Possession personnelle de drogues<\/h1>\t\t\t\t<\/div>\n\t\t\t\t<\/div>\n\t\t\t\t\t<\/div>\n\t\t<\/div>\n\t\t\t\t\t<\/div>\n\t\t<\/section>\n\t\t\t\t<section data-particle_enable=\"false\" data-particle-mobile-disabled=\"false\" class=\"elementor-section elementor-top-section elementor-element elementor-element-15720649 elementor-section-boxed elementor-section-height-default elementor-section-height-default\" data-id=\"15720649\" data-element_type=\"section\" data-e-type=\"section\">\n\t\t\t\t\t\t<div class=\"elementor-container elementor-column-gap-default\">\n\t\t\t\t\t<div class=\"elementor-column elementor-col-100 elementor-top-column elementor-element elementor-element-66c13e89\" data-id=\"66c13e89\" data-element_type=\"column\" data-e-type=\"column\">\n\t\t\t<div class=\"elementor-widget-wrap elementor-element-populated\">\n\t\t\t\t\t\t<section data-particle_enable=\"false\" data-particle-mobile-disabled=\"false\" class=\"elementor-section elementor-inner-section elementor-element elementor-element-390205d elementor-section-boxed elementor-section-height-default elementor-section-height-default\" data-id=\"390205d\" data-element_type=\"section\" data-e-type=\"section\">\n\t\t\t\t\t\t<div class=\"elementor-container elementor-column-gap-default\">\n\t\t\t\t\t<div class=\"elementor-column elementor-col-50 elementor-inner-column elementor-element elementor-element-464de9bc\" data-id=\"464de9bc\" data-element_type=\"column\" data-e-type=\"column\">\n\t\t\t<div class=\"elementor-widget-wrap elementor-element-populated\">\n\t\t\t\t\t\t<div class=\"elementor-element elementor-element-519be8d2 elementor-widget elementor-widget-heading\" data-id=\"519be8d2\" data-element_type=\"widget\" data-e-type=\"widget\" data-widget_type=\"heading.default\">\n\t\t\t\t<div class=\"elementor-widget-container\">\n\t\t\t\t\t<span class=\"elementor-heading-title elementor-size-default\">Nos Competences<\/span>\t\t\t\t<\/div>\n\t\t\t\t<\/div>\n\t\t\t\t<div class=\"elementor-element elementor-element-2612b88d elementor-widget elementor-widget-heading\" data-id=\"2612b88d\" data-element_type=\"widget\" data-e-type=\"widget\" data-widget_type=\"heading.default\">\n\t\t\t\t<div class=\"elementor-widget-container\">\n\t\t\t\t\t<span class=\"elementor-heading-title elementor-size-default\">Possession personnelle de drogues<\/span>\t\t\t\t<\/div>\n\t\t\t\t<\/div>\n\t\t\t\t\t<\/div>\n\t\t<\/div>\n\t\t\t\t<div class=\"elementor-column elementor-col-50 elementor-inner-column elementor-element elementor-element-42298307\" data-id=\"42298307\" data-element_type=\"column\" data-e-type=\"column\">\n\t\t\t<div class=\"elementor-widget-wrap elementor-element-populated\">\n\t\t\t\t\t\t<div class=\"elementor-element elementor-element-6fc0b587 elementor-widget elementor-widget-text-editor\" data-id=\"6fc0b587\" data-element_type=\"widget\" data-e-type=\"widget\" data-widget_type=\"text-editor.default\">\n\t\t\t\t<div class=\"elementor-widget-container\">\n\t\t\t\t\t\t\t\t\t<p>La possession de drogues est une infraction \u00e0 la <em>Loi r\u00e9glementant certaines drogues et autres substances (LRCDAS<\/em> ) au Canada. La <em>LRCDAS<\/em> r\u00e9glemente la production, la distribution, la vente et la possession de substances contr\u00f4l\u00e9es, telles que les drogues et les produits chimiques, afin de pr\u00e9venir leur abus et leur mauvaise utilisation.<\/p>\n<p>En vertu de la <em>LRCDAS<\/em>, il est ill\u00e9gal de poss\u00e9der une substance contr\u00f4l\u00e9e \u00e0 moins d&rsquo;y \u00eatre autoris\u00e9, par exemple par une ordonnance d&rsquo;un m\u00e9decin. Les sanctions pour possession de drogue peuvent aller d&rsquo;une amende \u00e0 une peine d&#8217;emprisonnement, selon le type et la quantit\u00e9 de substance en cause, ainsi que les ant\u00e9c\u00e9dents criminels de l&rsquo;individu.<\/p>\n<p>Le gouvernement canadien prend au s\u00e9rieux les d\u00e9lits li\u00e9s \u00e0 la drogue et a mis en \u0153uvre une s\u00e9rie de mesures pour r\u00e9soudre le probl\u00e8me de la toxicomanie, notamment des efforts d&rsquo;\u00e9ducation, de traitement et d&rsquo;application de la loi. Si vous avez \u00e9t\u00e9 accus\u00e9 d&rsquo;une infraction li\u00e9e \u00e0 la drogue, il est important de demander des conseils et un soutien juridiques d\u00e8s que possible.<\/p>\n\t\t\t\t\t\t\t\t<\/div>\n\t\t\t\t<\/div>\n\t\t\t\t\t<\/div>\n\t\t<\/div>\n\t\t\t\t\t<\/div>\n\t\t<\/section>\n\t\t\t\t\t<\/div>\n\t\t<\/div>\n\t\t\t\t\t<\/div>\n\t\t<\/section>\n\t\t\t\t<\/div>\n\t\t","protected":false},"excerpt":{"rendered":"<p>Nos Competences La possession de drogues est une infraction \u00e0 la Loi r\u00e9glementant certaines drogues et autres substances (LRCDAS ) au Canada. La LRCDAS r\u00e9glemente la production, la distribution, la vente et la possession de substances contr\u00f4l\u00e9es, telles que les drogues et les produits chimiques, afin de pr\u00e9venir leur abus et leur mauvaise utilisation. En [&hellip;]<\/p>\n","protected":false},"author":5,"featured_media":0,"parent":2187,"menu_order":27,"comment_status":"closed","ping_status":"closed","template":"","meta":{"footnotes":""},"class_list":["post-2382","page","type-page","status-publish","hentry"],"yoast_head":"<!-- This site is optimized with the Yoast SEO plugin v27.2 - https:\/\/yoast.com\/product\/yoast-seo-wordpress\/ -->\n<title>Possession personnelle de drogues - Frouhar Law<\/title>\n<meta name=\"robots\" content=\"index, follow, max-snippet:-1, max-image-preview:large, max-video-preview:-1\" \/>\n<link rel=\"canonical\" href=\"https:\/\/frouharlaw.com\/our-expertise\/drug-offences\/possession-of-substances\/\" \/>\n<meta property=\"og:locale\" content=\"fr_FR\" \/>\n<meta property=\"og:type\" content=\"article\" \/>\n<meta property=\"og:title\" content=\"Possession personnelle de drogues - Frouhar Law\" \/>\n<meta property=\"og:description\" content=\"Nos Competences La possession de drogues est une infraction \u00e0 la Loi r\u00e9glementant certaines drogues et autres substances (LRCDAS ) au Canada. La LRCDAS r\u00e9glemente la production, la distribution, la vente et la possession de substances contr\u00f4l\u00e9es, telles que les drogues et les produits chimiques, afin de pr\u00e9venir leur abus et leur mauvaise utilisation. En [&hellip;]\" \/>\n<meta property=\"og:url\" content=\"https:\/\/frouharlaw.com\/our-expertise\/drug-offences\/possession-of-substances\/\" \/>\n<meta property=\"og:site_name\" content=\"Frouhar Law\" \/>\n<meta property=\"article:modified_time\" content=\"2024-04-19T21:16:51+00:00\" \/>\n<meta property=\"og:image\" content=\"https:\/\/frouharlaw.com\/wp-content\/uploads\/frouharlaw-og.jpg\" \/>\n\t<meta property=\"og:image:width\" content=\"1200\" \/>\n\t<meta property=\"og:image:height\" content=\"630\" \/>\n\t<meta property=\"og:image:type\" content=\"image\/jpeg\" \/>\n<meta name=\"twitter:card\" content=\"summary_large_image\" \/>\n<meta name=\"twitter:label1\" content=\"Dur\u00e9e de lecture estim\u00e9e\" \/>\n\t<meta name=\"twitter:data1\" content=\"1 minute\" \/>\n<script type=\"application\/ld+json\" class=\"yoast-schema-graph\">{\"@context\":\"https:\/\/schema.org\",\"@graph\":[{\"@type\":\"WebPage\",\"@id\":\"https:\/\/frouharlaw.com\/our-expertise\/drug-offences\/possession-of-substances\/\",\"url\":\"https:\/\/frouharlaw.com\/our-expertise\/drug-offences\/possession-of-substances\/\",\"name\":\"Possession personnelle de drogues - Frouhar Law\",\"isPartOf\":{\"@id\":\"https:\/\/frouharlaw.com\/#website\"},\"datePublished\":\"2023-02-10T17:35:14+00:00\",\"dateModified\":\"2024-04-19T21:16:51+00:00\",\"breadcrumb\":{\"@id\":\"https:\/\/frouharlaw.com\/our-expertise\/drug-offences\/possession-of-substances\/#breadcrumb\"},\"inLanguage\":\"fr-FR\",\"potentialAction\":[{\"@type\":\"ReadAction\",\"target\":[\"https:\/\/frouharlaw.com\/our-expertise\/drug-offences\/possession-of-substances\/\"]}]},{\"@type\":\"BreadcrumbList\",\"@id\":\"https:\/\/frouharlaw.com\/our-expertise\/drug-offences\/possession-of-substances\/#breadcrumb\",\"itemListElement\":[{\"@type\":\"ListItem\",\"position\":1,\"name\":\"Home\",\"item\":\"https:\/\/frouharlaw.com\/fr\/\"},{\"@type\":\"ListItem\",\"position\":2,\"name\":\"Comp\u00e9tences\",\"item\":\"https:\/\/frouharlaw.com\/fr\/notre-expertise\/\"},{\"@type\":\"ListItem\",\"position\":3,\"name\":\"Infractions li\u00e9es \u00e0 la drogue\",\"item\":\"https:\/\/frouharlaw.com\/our-expertise\/drug-offences\/\"},{\"@type\":\"ListItem\",\"position\":4,\"name\":\"Possession personnelle de drogues\"}]},{\"@type\":\"WebSite\",\"@id\":\"https:\/\/frouharlaw.com\/#website\",\"url\":\"https:\/\/frouharlaw.com\/\",\"name\":\"Frouhar Law\",\"description\":\"Determined. Creative. Tireless. Passionate.\",\"publisher\":{\"@id\":\"https:\/\/frouharlaw.com\/#organization\"},\"potentialAction\":[{\"@type\":\"SearchAction\",\"target\":{\"@type\":\"EntryPoint\",\"urlTemplate\":\"https:\/\/frouharlaw.com\/?s={search_term_string}\"},\"query-input\":{\"@type\":\"PropertyValueSpecification\",\"valueRequired\":true,\"valueName\":\"search_term_string\"}}],\"inLanguage\":\"fr-FR\"},{\"@type\":\"Organization\",\"@id\":\"https:\/\/frouharlaw.com\/#organization\",\"name\":\"Frouhar Law\",\"url\":\"https:\/\/frouharlaw.com\/\",\"logo\":{\"@type\":\"ImageObject\",\"inLanguage\":\"fr-FR\",\"@id\":\"https:\/\/frouharlaw.com\/#\/schema\/logo\/image\/\",\"url\":\"https:\/\/frouharlaw.com\/wp-content\/uploads\/frouhar-law-logo.png\",\"contentUrl\":\"https:\/\/frouharlaw.com\/wp-content\/uploads\/frouhar-law-logo.png\",\"width\":3601,\"height\":3600,\"caption\":\"Frouhar Law\"},\"image\":{\"@id\":\"https:\/\/frouharlaw.com\/#\/schema\/logo\/image\/\"}}]}<\/script>\n<!-- \/ Yoast SEO plugin. -->","yoast_head_json":{"title":"Possession personnelle de drogues - Frouhar Law","robots":{"index":"index","follow":"follow","max-snippet":"max-snippet:-1","max-image-preview":"max-image-preview:large","max-video-preview":"max-video-preview:-1"},"canonical":"https:\/\/frouharlaw.com\/our-expertise\/drug-offences\/possession-of-substances\/","og_locale":"fr_FR","og_type":"article","og_title":"Possession personnelle de drogues - Frouhar Law","og_description":"Nos Competences La possession de drogues est une infraction \u00e0 la Loi r\u00e9glementant certaines drogues et autres substances (LRCDAS ) au Canada. La LRCDAS r\u00e9glemente la production, la distribution, la vente et la possession de substances contr\u00f4l\u00e9es, telles que les drogues et les produits chimiques, afin de pr\u00e9venir leur abus et leur mauvaise utilisation. En [&hellip;]","og_url":"https:\/\/frouharlaw.com\/our-expertise\/drug-offences\/possession-of-substances\/","og_site_name":"Frouhar Law","article_modified_time":"2024-04-19T21:16:51+00:00","og_image":[{"width":1200,"height":630,"url":"https:\/\/frouharlaw.com\/wp-content\/uploads\/frouharlaw-og.jpg","type":"image\/jpeg"}],"twitter_card":"summary_large_image","twitter_misc":{"Dur\u00e9e de lecture estim\u00e9e":"1 minute"},"schema":{"@context":"https:\/\/schema.org","@graph":[{"@type":"WebPage","@id":"https:\/\/frouharlaw.com\/our-expertise\/drug-offences\/possession-of-substances\/","url":"https:\/\/frouharlaw.com\/our-expertise\/drug-offences\/possession-of-substances\/","name":"Possession personnelle de drogues - Frouhar Law","isPartOf":{"@id":"https:\/\/frouharlaw.com\/#website"},"datePublished":"2023-02-10T17:35:14+00:00","dateModified":"2024-04-19T21:16:51+00:00","breadcrumb":{"@id":"https:\/\/frouharlaw.com\/our-expertise\/drug-offences\/possession-of-substances\/#breadcrumb"},"inLanguage":"fr-FR","potentialAction":[{"@type":"ReadAction","target":["https:\/\/frouharlaw.com\/our-expertise\/drug-offences\/possession-of-substances\/"]}]},{"@type":"BreadcrumbList","@id":"https:\/\/frouharlaw.com\/our-expertise\/drug-offences\/possession-of-substances\/#breadcrumb","itemListElement":[{"@type":"ListItem","position":1,"name":"Home","item":"https:\/\/frouharlaw.com\/fr\/"},{"@type":"ListItem","position":2,"name":"Comp\u00e9tences","item":"https:\/\/frouharlaw.com\/fr\/notre-expertise\/"},{"@type":"ListItem","position":3,"name":"Infractions li\u00e9es \u00e0 la drogue","item":"https:\/\/frouharlaw.com\/our-expertise\/drug-offences\/"},{"@type":"ListItem","position":4,"name":"Possession personnelle de drogues"}]},{"@type":"WebSite","@id":"https:\/\/frouharlaw.com\/#website","url":"https:\/\/frouharlaw.com\/","name":"Frouhar Law","description":"Determined. Creative. Tireless. Passionate.","publisher":{"@id":"https:\/\/frouharlaw.com\/#organization"},"potentialAction":[{"@type":"SearchAction","target":{"@type":"EntryPoint","urlTemplate":"https:\/\/frouharlaw.com\/?s={search_term_string}"},"query-input":{"@type":"PropertyValueSpecification","valueRequired":true,"valueName":"search_term_string"}}],"inLanguage":"fr-FR"},{"@type":"Organization","@id":"https:\/\/frouharlaw.com\/#organization","name":"Frouhar Law","url":"https:\/\/frouharlaw.com\/","logo":{"@type":"ImageObject","inLanguage":"fr-FR","@id":"https:\/\/frouharlaw.com\/#\/schema\/logo\/image\/","url":"https:\/\/frouharlaw.com\/wp-content\/uploads\/frouhar-law-logo.png","contentUrl":"https:\/\/frouharlaw.com\/wp-content\/uploads\/frouhar-law-logo.png","width":3601,"height":3600,"caption":"Frouhar Law"},"image":{"@id":"https:\/\/frouharlaw.com\/#\/schema\/logo\/image\/"}}]}},"_links":{"self":[{"href":"https:\/\/frouharlaw.com\/fr\/wp-json\/wp\/v2\/pages\/2382","targetHints":{"allow":["GET"]}}],"collection":[{"href":"https:\/\/frouharlaw.com\/fr\/wp-json\/wp\/v2\/pages"}],"about":[{"href":"https:\/\/frouharlaw.com\/fr\/wp-json\/wp\/v2\/types\/page"}],"author":[{"embeddable":true,"href":"https:\/\/frouharlaw.com\/fr\/wp-json\/wp\/v2\/users\/5"}],"replies":[{"embeddable":true,"href":"https:\/\/frouharlaw.com\/fr\/wp-json\/wp\/v2\/comments?post=2382"}],"version-history":[{"count":5,"href":"https:\/\/frouharlaw.com\/fr\/wp-json\/wp\/v2\/pages\/2382\/revisions"}],"predecessor-version":[{"id":3772,"href":"https:\/\/frouharlaw.com\/fr\/wp-json\/wp\/v2\/pages\/2382\/revisions\/3772"}],"up":[{"embeddable":true,"href":"https:\/\/frouharlaw.com\/fr\/wp-json\/wp\/v2\/pages\/2187"}],"wp:attachment":[{"href":"https:\/\/frouharlaw.com\/fr\/wp-json\/wp\/v2\/media?parent=2382"}],"curies":[{"name":"wp","href":"https:\/\/api.w.org\/{rel}","templated":true}]}}