{"id":4190,"date":"2026-03-02T18:33:23","date_gmt":"2026-03-02T18:33:23","guid":{"rendered":"https:\/\/frouharlaw.com\/?page_id=4190"},"modified":"2026-03-02T19:20:19","modified_gmt":"2026-03-02T19:20:19","slug":"yuna-martin","status":"publish","type":"page","link":"https:\/\/frouharlaw.com\/fr\/notre-equipe\/yuna-martin\/","title":{"rendered":"Yuna Martin"},"content":{"rendered":"\t\t<div data-elementor-type=\"wp-page\" data-elementor-id=\"4190\" class=\"elementor elementor-4190\" data-elementor-post-type=\"page\">\n\t\t\t\t\t\t<section data-particle_enable=\"false\" data-particle-mobile-disabled=\"false\" class=\"elementor-section elementor-top-section elementor-element elementor-element-9330f8a elementor-section-height-min-height elementor-section-boxed elementor-section-height-default elementor-section-items-middle\" data-id=\"9330f8a\" data-element_type=\"section\" data-e-type=\"section\" data-settings=\"{&quot;background_background&quot;:&quot;classic&quot;}\">\n\t\t\t\t\t\t\t<div class=\"elementor-background-overlay\"><\/div>\n\t\t\t\t\t\t\t<div class=\"elementor-container elementor-column-gap-default\">\n\t\t\t\t\t<div class=\"elementor-column elementor-col-100 elementor-top-column elementor-element elementor-element-fd1eeff\" data-id=\"fd1eeff\" data-element_type=\"column\" data-e-type=\"column\">\n\t\t\t<div class=\"elementor-widget-wrap elementor-element-populated\">\n\t\t\t\t\t\t<div class=\"elementor-element elementor-element-e051670 elementor-widget elementor-widget-heading\" data-id=\"e051670\" data-element_type=\"widget\" data-e-type=\"widget\" data-widget_type=\"heading.default\">\n\t\t\t\t<div class=\"elementor-widget-container\">\n\t\t\t\t\t<h1 class=\"elementor-heading-title elementor-size-default\">Yuna Martin\n<\/h1>\t\t\t\t<\/div>\n\t\t\t\t<\/div>\n\t\t\t\t<div class=\"elementor-element elementor-element-ea4a7e6 elementor-widget elementor-widget-heading\" data-id=\"ea4a7e6\" data-element_type=\"widget\" data-e-type=\"widget\" data-widget_type=\"heading.default\">\n\t\t\t\t<div class=\"elementor-widget-container\">\n\t\t\t\t\t<span class=\"elementor-heading-title elementor-size-default\">Adjointe juridique \/ Parajuriste\n\n<\/span>\t\t\t\t<\/div>\n\t\t\t\t<\/div>\n\t\t\t\t\t<\/div>\n\t\t<\/div>\n\t\t\t\t\t<\/div>\n\t\t<\/section>\n\t\t\t\t<section data-particle_enable=\"false\" data-particle-mobile-disabled=\"false\" class=\"elementor-section elementor-top-section elementor-element elementor-element-708af75 elementor-section-boxed elementor-section-height-default elementor-section-height-default\" data-id=\"708af75\" data-element_type=\"section\" data-e-type=\"section\">\n\t\t\t\t\t\t<div class=\"elementor-container elementor-column-gap-default\">\n\t\t\t\t\t<div class=\"elementor-column elementor-col-100 elementor-top-column elementor-element elementor-element-3dc0ab2\" data-id=\"3dc0ab2\" data-element_type=\"column\" data-e-type=\"column\">\n\t\t\t<div class=\"elementor-widget-wrap elementor-element-populated\">\n\t\t\t\t\t\t<section data-particle_enable=\"false\" data-particle-mobile-disabled=\"false\" class=\"elementor-section elementor-inner-section elementor-element elementor-element-69b519b elementor-section-boxed elementor-section-height-default elementor-section-height-default\" data-id=\"69b519b\" data-element_type=\"section\" data-e-type=\"section\">\n\t\t\t\t\t\t<div class=\"elementor-container elementor-column-gap-default\">\n\t\t\t\t\t<div class=\"elementor-column elementor-col-50 elementor-inner-column elementor-element elementor-element-457d4c1\" data-id=\"457d4c1\" data-element_type=\"column\" data-e-type=\"column\">\n\t\t\t<div class=\"elementor-widget-wrap elementor-element-populated\">\n\t\t\t\t\t\t<div class=\"elementor-element elementor-element-f2bff2a elementor-cta--skin-classic elementor-animated-content elementor-bg-transform elementor-bg-transform-zoom-in elementor-widget elementor-widget-call-to-action\" data-id=\"f2bff2a\" data-element_type=\"widget\" data-e-type=\"widget\" data-widget_type=\"call-to-action.default\">\n\t\t\t\t<div class=\"elementor-widget-container\">\n\t\t\t\t\t\t\t<div class=\"elementor-cta\">\n\t\t\t\t\t\t\t<div class=\"elementor-cta__content\">\n\t\t\t\t\n\t\t\t\t\t\t\t\t\t<h2 class=\"elementor-cta__title elementor-cta__content-item elementor-content-item\">\n\t\t\t\t\t\tNum\u00e9ro de t\u00e9l\u00e9phone : \t\t\t\t\t<\/h2>\n\t\t\t\t\n\t\t\t\t\t\t\t\t\t<div class=\"elementor-cta__description elementor-cta__content-item elementor-content-item\">\n\t\t\t\t\t\t613.238.2000\n\t\t\t\t\t<\/div>\n\t\t\t\t\n\t\t\t\t\t\t\t<\/div>\n\t\t\t\t\t\t<\/div>\n\t\t\t\t\t\t<\/div>\n\t\t\t\t<\/div>\n\t\t\t\t<div class=\"elementor-element elementor-element-42a074d elementor-cta--skin-classic elementor-animated-content elementor-bg-transform elementor-bg-transform-zoom-in elementor-widget elementor-widget-call-to-action\" data-id=\"42a074d\" data-element_type=\"widget\" data-e-type=\"widget\" data-widget_type=\"call-to-action.default\">\n\t\t\t\t<div class=\"elementor-widget-container\">\n\t\t\t\t\t\t\t<div class=\"elementor-cta\">\n\t\t\t\t\t\t\t<div class=\"elementor-cta__content\">\n\t\t\t\t\n\t\t\t\t\t\t\t\t\t<h2 class=\"elementor-cta__title elementor-cta__content-item elementor-content-item\">\n\t\t\t\t\t\tCourriel : \t\t\t\t\t<\/h2>\n\t\t\t\t\n\t\t\t\t\t\t\t\t\t<div class=\"elementor-cta__description elementor-cta__content-item elementor-content-item\">\n\t\t\t\t\t\tyuna@frouharlaw.com\n\t\t\t\t\t<\/div>\n\t\t\t\t\n\t\t\t\t\t\t\t<\/div>\n\t\t\t\t\t\t<\/div>\n\t\t\t\t\t\t<\/div>\n\t\t\t\t<\/div>\n\t\t\t\t\t<\/div>\n\t\t<\/div>\n\t\t\t\t<div class=\"elementor-column elementor-col-50 elementor-inner-column elementor-element elementor-element-a653175\" data-id=\"a653175\" data-element_type=\"column\" data-e-type=\"column\">\n\t\t\t<div class=\"elementor-widget-wrap elementor-element-populated\">\n\t\t\t\t\t\t<div class=\"elementor-element elementor-element-61e323f elementor-widget elementor-widget-text-editor\" data-id=\"61e323f\" data-element_type=\"widget\" data-e-type=\"widget\" data-widget_type=\"text-editor.default\">\n\t\t\t\t<div class=\"elementor-widget-container\">\n\t\t\t\t\t\t\t\t\t<p><b>Yuna Martin <\/b><span style=\"font-weight: 400;\">est adjointe juridique et parajuriste chez Frouhar Law, offrant un soutien administratif, proc\u00e9dural et ax\u00e9 sur le client essentiel \u00e0 l&rsquo;\u00e9quipe juridique du cabinet.<\/span><\/p><p><span style=\"font-weight: 400;\">Travaillant en \u00e9troite collaboration avec les avocats et l&rsquo;adjointe juridique du cabinet, Yuna joue un r\u00f4le essentiel dans les op\u00e9rations quotidiennes de la pratique. Elle se consacre \u00e0 s&rsquo;assurer que les clients se sentent inform\u00e9s et soutenus, en veillant au professionnalisme, \u00e0 l&rsquo;exactitude et \u00e0 la confidentialit\u00e9 dans tous les aspects de son travail.<\/span><\/p><p><span style=\"font-weight: 400;\">Anim\u00e9e par un engagement profond envers le service \u00e0 la client\u00e8le et l&rsquo;acc\u00e8s \u00e0 la justice, Yuna met un point d&rsquo;honneur \u00e0 assister tant les clients que les avocats afin que les dossiers progressent de mani\u00e8re efficace et harmonieuse.<\/span><\/p>\t\t\t\t\t\t\t\t<\/div>\n\t\t\t\t<\/div>\n\t\t\t\t\t<\/div>\n\t\t<\/div>\n\t\t\t\t\t<\/div>\n\t\t<\/section>\n\t\t\t\t\t<\/div>\n\t\t<\/div>\n\t\t\t\t\t<\/div>\n\t\t<\/section>\n\t\t\t\t<\/div>\n\t\t","protected":false},"excerpt":{"rendered":"<p>Yuna Martin Adjointe juridique \/ Parajuriste Num\u00e9ro de t\u00e9l\u00e9phone : 613.238.2000 Courriel : yuna@frouharlaw.com Yuna Martin est adjointe juridique et parajuriste chez Frouhar Law, offrant un soutien administratif, proc\u00e9dural et ax\u00e9 sur le client essentiel \u00e0 l&rsquo;\u00e9quipe juridique du cabinet. Travaillant en \u00e9troite collaboration avec les avocats et l&rsquo;adjointe juridique du cabinet, Yuna joue un [&hellip;]<\/p>\n","protected":false},"author":9,"featured_media":0,"parent":144,"menu_order":0,"comment_status":"closed","ping_status":"closed","template":"","meta":{"footnotes":""},"class_list":["post-4190","page","type-page","status-publish","hentry"],"yoast_head":"<!-- This site is optimized with the Yoast SEO plugin v27.2 - https:\/\/yoast.com\/product\/yoast-seo-wordpress\/ -->\n<title>Yuna Martin | Adjointe juridique et parajuriste | Frouhar Law Ottawa<\/title>\n<meta name=\"description\" content=\"Yuna Martin est adjointe juridique et parajuriste chez Frouhar Law \u00e0 Ottawa. Elle offre un soutien administratif, proc\u00e9dural et ax\u00e9 sur le client \u00e0 l&#039;\u00e9quipe de d\u00e9fense en droit criminel du cabinet.\" \/>\n<meta name=\"robots\" content=\"index, follow, max-snippet:-1, max-image-preview:large, max-video-preview:-1\" \/>\n<link rel=\"canonical\" href=\"https:\/\/frouharlaw.com\/fr\/notre-equipe\/yuna-martin\/\" \/>\n<meta property=\"og:locale\" content=\"fr_FR\" \/>\n<meta property=\"og:type\" content=\"article\" \/>\n<meta property=\"og:title\" content=\"Yuna Martin | Adjointe juridique et parajuriste | Frouhar Law Ottawa\" \/>\n<meta property=\"og:description\" content=\"Yuna Martin est adjointe juridique et parajuriste chez Frouhar Law \u00e0 Ottawa. Elle offre un soutien administratif, proc\u00e9dural et ax\u00e9 sur le client \u00e0 l&#039;\u00e9quipe de d\u00e9fense en droit criminel du cabinet.\" \/>\n<meta property=\"og:url\" content=\"https:\/\/frouharlaw.com\/fr\/notre-equipe\/yuna-martin\/\" \/>\n<meta property=\"og:site_name\" content=\"Frouhar Law\" \/>\n<meta property=\"article:modified_time\" content=\"2026-03-02T19:20:19+00:00\" \/>\n<meta property=\"og:image\" content=\"https:\/\/frouharlaw.com\/wp-content\/uploads\/frouharlaw-og.jpg\" \/>\n\t<meta property=\"og:image:width\" content=\"1200\" \/>\n\t<meta property=\"og:image:height\" content=\"630\" \/>\n\t<meta property=\"og:image:type\" content=\"image\/jpeg\" \/>\n<meta name=\"twitter:card\" content=\"summary_large_image\" \/>\n<meta name=\"twitter:label1\" content=\"Dur\u00e9e de lecture estim\u00e9e\" \/>\n\t<meta name=\"twitter:data1\" content=\"1 minute\" \/>\n<script type=\"application\/ld+json\" class=\"yoast-schema-graph\">{\"@context\":\"https:\/\/schema.org\",\"@graph\":[{\"@type\":\"WebPage\",\"@id\":\"https:\/\/frouharlaw.com\/fr\/notre-equipe\/yuna-martin\/\",\"url\":\"https:\/\/frouharlaw.com\/fr\/notre-equipe\/yuna-martin\/\",\"name\":\"Yuna Martin | Adjointe juridique et parajuriste | Frouhar Law Ottawa\",\"isPartOf\":{\"@id\":\"https:\/\/frouharlaw.com\/#website\"},\"datePublished\":\"2026-03-02T18:33:23+00:00\",\"dateModified\":\"2026-03-02T19:20:19+00:00\",\"description\":\"Yuna Martin est adjointe juridique et parajuriste chez Frouhar Law \u00e0 Ottawa. Elle offre un soutien administratif, proc\u00e9dural et ax\u00e9 sur le client \u00e0 l'\u00e9quipe de d\u00e9fense en droit criminel du cabinet.\",\"breadcrumb\":{\"@id\":\"https:\/\/frouharlaw.com\/fr\/notre-equipe\/yuna-martin\/#breadcrumb\"},\"inLanguage\":\"fr-FR\",\"potentialAction\":[{\"@type\":\"ReadAction\",\"target\":[\"https:\/\/frouharlaw.com\/fr\/notre-equipe\/yuna-martin\/\"]}]},{\"@type\":\"BreadcrumbList\",\"@id\":\"https:\/\/frouharlaw.com\/fr\/notre-equipe\/yuna-martin\/#breadcrumb\",\"itemListElement\":[{\"@type\":\"ListItem\",\"position\":1,\"name\":\"Home\",\"item\":\"https:\/\/frouharlaw.com\/fr\/\"},{\"@type\":\"ListItem\",\"position\":2,\"name\":\"Notre \u00e9quipe\",\"item\":\"https:\/\/frouharlaw.com\/fr\/notre-equipe\/\"},{\"@type\":\"ListItem\",\"position\":3,\"name\":\"Yuna Martin\"}]},{\"@type\":\"WebSite\",\"@id\":\"https:\/\/frouharlaw.com\/#website\",\"url\":\"https:\/\/frouharlaw.com\/\",\"name\":\"Frouhar Law\",\"description\":\"Determined. Creative. Tireless. Passionate.\",\"publisher\":{\"@id\":\"https:\/\/frouharlaw.com\/#organization\"},\"potentialAction\":[{\"@type\":\"SearchAction\",\"target\":{\"@type\":\"EntryPoint\",\"urlTemplate\":\"https:\/\/frouharlaw.com\/?s={search_term_string}\"},\"query-input\":{\"@type\":\"PropertyValueSpecification\",\"valueRequired\":true,\"valueName\":\"search_term_string\"}}],\"inLanguage\":\"fr-FR\"},{\"@type\":\"Organization\",\"@id\":\"https:\/\/frouharlaw.com\/#organization\",\"name\":\"Frouhar Law\",\"url\":\"https:\/\/frouharlaw.com\/\",\"logo\":{\"@type\":\"ImageObject\",\"inLanguage\":\"fr-FR\",\"@id\":\"https:\/\/frouharlaw.com\/#\/schema\/logo\/image\/\",\"url\":\"https:\/\/frouharlaw.com\/wp-content\/uploads\/frouhar-law-logo.png\",\"contentUrl\":\"https:\/\/frouharlaw.com\/wp-content\/uploads\/frouhar-law-logo.png\",\"width\":3601,\"height\":3600,\"caption\":\"Frouhar Law\"},\"image\":{\"@id\":\"https:\/\/frouharlaw.com\/#\/schema\/logo\/image\/\"}}]}<\/script>\n<!-- \/ Yoast SEO plugin. -->","yoast_head_json":{"title":"Yuna Martin | Adjointe juridique et parajuriste | Frouhar Law Ottawa","description":"Yuna Martin est adjointe juridique et parajuriste chez Frouhar Law \u00e0 Ottawa. Elle offre un soutien administratif, proc\u00e9dural et ax\u00e9 sur le client \u00e0 l'\u00e9quipe de d\u00e9fense en droit criminel du cabinet.","robots":{"index":"index","follow":"follow","max-snippet":"max-snippet:-1","max-image-preview":"max-image-preview:large","max-video-preview":"max-video-preview:-1"},"canonical":"https:\/\/frouharlaw.com\/fr\/notre-equipe\/yuna-martin\/","og_locale":"fr_FR","og_type":"article","og_title":"Yuna Martin | Adjointe juridique et parajuriste | Frouhar Law Ottawa","og_description":"Yuna Martin est adjointe juridique et parajuriste chez Frouhar Law \u00e0 Ottawa. Elle offre un soutien administratif, proc\u00e9dural et ax\u00e9 sur le client \u00e0 l'\u00e9quipe de d\u00e9fense en droit criminel du cabinet.","og_url":"https:\/\/frouharlaw.com\/fr\/notre-equipe\/yuna-martin\/","og_site_name":"Frouhar Law","article_modified_time":"2026-03-02T19:20:19+00:00","og_image":[{"width":1200,"height":630,"url":"https:\/\/frouharlaw.com\/wp-content\/uploads\/frouharlaw-og.jpg","type":"image\/jpeg"}],"twitter_card":"summary_large_image","twitter_misc":{"Dur\u00e9e de lecture estim\u00e9e":"1 minute"},"schema":{"@context":"https:\/\/schema.org","@graph":[{"@type":"WebPage","@id":"https:\/\/frouharlaw.com\/fr\/notre-equipe\/yuna-martin\/","url":"https:\/\/frouharlaw.com\/fr\/notre-equipe\/yuna-martin\/","name":"Yuna Martin | Adjointe juridique et parajuriste | Frouhar Law Ottawa","isPartOf":{"@id":"https:\/\/frouharlaw.com\/#website"},"datePublished":"2026-03-02T18:33:23+00:00","dateModified":"2026-03-02T19:20:19+00:00","description":"Yuna Martin est adjointe juridique et parajuriste chez Frouhar Law \u00e0 Ottawa. Elle offre un soutien administratif, proc\u00e9dural et ax\u00e9 sur le client \u00e0 l'\u00e9quipe de d\u00e9fense en droit criminel du cabinet.","breadcrumb":{"@id":"https:\/\/frouharlaw.com\/fr\/notre-equipe\/yuna-martin\/#breadcrumb"},"inLanguage":"fr-FR","potentialAction":[{"@type":"ReadAction","target":["https:\/\/frouharlaw.com\/fr\/notre-equipe\/yuna-martin\/"]}]},{"@type":"BreadcrumbList","@id":"https:\/\/frouharlaw.com\/fr\/notre-equipe\/yuna-martin\/#breadcrumb","itemListElement":[{"@type":"ListItem","position":1,"name":"Home","item":"https:\/\/frouharlaw.com\/fr\/"},{"@type":"ListItem","position":2,"name":"Notre \u00e9quipe","item":"https:\/\/frouharlaw.com\/fr\/notre-equipe\/"},{"@type":"ListItem","position":3,"name":"Yuna Martin"}]},{"@type":"WebSite","@id":"https:\/\/frouharlaw.com\/#website","url":"https:\/\/frouharlaw.com\/","name":"Frouhar Law","description":"Determined. Creative. Tireless. Passionate.","publisher":{"@id":"https:\/\/frouharlaw.com\/#organization"},"potentialAction":[{"@type":"SearchAction","target":{"@type":"EntryPoint","urlTemplate":"https:\/\/frouharlaw.com\/?s={search_term_string}"},"query-input":{"@type":"PropertyValueSpecification","valueRequired":true,"valueName":"search_term_string"}}],"inLanguage":"fr-FR"},{"@type":"Organization","@id":"https:\/\/frouharlaw.com\/#organization","name":"Frouhar Law","url":"https:\/\/frouharlaw.com\/","logo":{"@type":"ImageObject","inLanguage":"fr-FR","@id":"https:\/\/frouharlaw.com\/#\/schema\/logo\/image\/","url":"https:\/\/frouharlaw.com\/wp-content\/uploads\/frouhar-law-logo.png","contentUrl":"https:\/\/frouharlaw.com\/wp-content\/uploads\/frouhar-law-logo.png","width":3601,"height":3600,"caption":"Frouhar Law"},"image":{"@id":"https:\/\/frouharlaw.com\/#\/schema\/logo\/image\/"}}]}},"_links":{"self":[{"href":"https:\/\/frouharlaw.com\/fr\/wp-json\/wp\/v2\/pages\/4190","targetHints":{"allow":["GET"]}}],"collection":[{"href":"https:\/\/frouharlaw.com\/fr\/wp-json\/wp\/v2\/pages"}],"about":[{"href":"https:\/\/frouharlaw.com\/fr\/wp-json\/wp\/v2\/types\/page"}],"author":[{"embeddable":true,"href":"https:\/\/frouharlaw.com\/fr\/wp-json\/wp\/v2\/users\/9"}],"replies":[{"embeddable":true,"href":"https:\/\/frouharlaw.com\/fr\/wp-json\/wp\/v2\/comments?post=4190"}],"version-history":[{"count":9,"href":"https:\/\/frouharlaw.com\/fr\/wp-json\/wp\/v2\/pages\/4190\/revisions"}],"predecessor-version":[{"id":4205,"href":"https:\/\/frouharlaw.com\/fr\/wp-json\/wp\/v2\/pages\/4190\/revisions\/4205"}],"up":[{"embeddable":true,"href":"https:\/\/frouharlaw.com\/fr\/wp-json\/wp\/v2\/pages\/144"}],"wp:attachment":[{"href":"https:\/\/frouharlaw.com\/fr\/wp-json\/wp\/v2\/media?parent=4190"}],"curies":[{"name":"wp","href":"https:\/\/api.w.org\/{rel}","templated":true}]}}