{"id":510,"date":"2021-12-15T16:17:44","date_gmt":"2021-12-15T16:17:44","guid":{"rendered":"https:\/\/frouharlaw.com\/notre-equipe\/kevin-weinstein\/"},"modified":"2024-08-07T14:53:27","modified_gmt":"2024-08-07T14:53:27","slug":"connie-dangelo","status":"publish","type":"page","link":"https:\/\/frouharlaw.com\/fr\/notre-equipe\/connie-dangelo\/","title":{"rendered":"Connie D\u2019Angelo"},"content":{"rendered":"\t\t<div data-elementor-type=\"wp-page\" data-elementor-id=\"510\" class=\"elementor elementor-510 elementor-507\" data-elementor-post-type=\"page\">\n\t\t\t\t\t\t<section data-particle_enable=\"false\" data-particle-mobile-disabled=\"false\" class=\"elementor-section elementor-top-section elementor-element elementor-element-e03753d elementor-section-height-min-height elementor-section-boxed elementor-section-height-default elementor-section-items-middle\" data-id=\"e03753d\" data-element_type=\"section\" data-e-type=\"section\" data-settings=\"{&quot;background_background&quot;:&quot;classic&quot;}\">\n\t\t\t\t\t\t\t<div class=\"elementor-background-overlay\"><\/div>\n\t\t\t\t\t\t\t<div class=\"elementor-container elementor-column-gap-default\">\n\t\t\t\t\t<div class=\"elementor-column elementor-col-100 elementor-top-column elementor-element elementor-element-9247120\" data-id=\"9247120\" data-element_type=\"column\" data-e-type=\"column\">\n\t\t\t<div class=\"elementor-widget-wrap elementor-element-populated\">\n\t\t\t\t\t\t<div class=\"elementor-element elementor-element-04403ce elementor-widget elementor-widget-heading\" data-id=\"04403ce\" data-element_type=\"widget\" data-e-type=\"widget\" data-widget_type=\"heading.default\">\n\t\t\t\t<div class=\"elementor-widget-container\">\n\t\t\t\t\t<h1 class=\"elementor-heading-title elementor-size-default\">Connie D\u2019Angelo<\/h1>\t\t\t\t<\/div>\n\t\t\t\t<\/div>\n\t\t\t\t<div class=\"elementor-element elementor-element-6e6005f elementor-widget elementor-widget-heading\" data-id=\"6e6005f\" data-element_type=\"widget\" data-e-type=\"widget\" data-widget_type=\"heading.default\">\n\t\t\t\t<div class=\"elementor-widget-container\">\n\t\t\t\t\t<span class=\"elementor-heading-title elementor-size-default\">Avocat &amp; Solicitor<\/span>\t\t\t\t<\/div>\n\t\t\t\t<\/div>\n\t\t\t\t<div class=\"elementor-element elementor-element-c2bc2d5 elementor-align-center elementor-widget elementor-widget-button\" data-id=\"c2bc2d5\" data-element_type=\"widget\" data-e-type=\"widget\" data-widget_type=\"button.default\">\n\t\t\t\t<div class=\"elementor-widget-container\">\n\t\t\t\t\t\t\t\t\t<div class=\"elementor-button-wrapper\">\n\t\t\t\t\t<a class=\"elementor-button elementor-button-link elementor-size-lg\" href=\"#bio\">\n\t\t\t\t\t\t<span class=\"elementor-button-content-wrapper\">\n\t\t\t\t\t\t<span class=\"elementor-button-icon\">\n\t\t\t\t<i aria-hidden=\"true\" class=\"fas fa-angle-down\"><\/i>\t\t\t<\/span>\n\t\t\t\t\t\t\t\t\t<span class=\"elementor-button-text\">Lire la biographie<\/span>\n\t\t\t\t\t<\/span>\n\t\t\t\t\t<\/a>\n\t\t\t\t<\/div>\n\t\t\t\t\t\t\t\t<\/div>\n\t\t\t\t<\/div>\n\t\t\t\t\t<\/div>\n\t\t<\/div>\n\t\t\t\t\t<\/div>\n\t\t<\/section>\n\t\t\t\t<section data-particle_enable=\"false\" data-particle-mobile-disabled=\"false\" class=\"elementor-section elementor-top-section elementor-element elementor-element-3219ca8 elementor-section-boxed elementor-section-height-default elementor-section-height-default\" data-id=\"3219ca8\" data-element_type=\"section\" data-e-type=\"section\">\n\t\t\t\t\t\t<div class=\"elementor-container elementor-column-gap-default\">\n\t\t\t\t\t<div class=\"elementor-column elementor-col-100 elementor-top-column elementor-element elementor-element-e16c65c\" data-id=\"e16c65c\" data-element_type=\"column\" data-e-type=\"column\">\n\t\t\t<div class=\"elementor-widget-wrap elementor-element-populated\">\n\t\t\t\t\t\t<section data-particle_enable=\"false\" data-particle-mobile-disabled=\"false\" class=\"elementor-section elementor-inner-section elementor-element elementor-element-6b80a37 elementor-section-boxed elementor-section-height-default elementor-section-height-default\" data-id=\"6b80a37\" data-element_type=\"section\" data-e-type=\"section\">\n\t\t\t\t\t\t<div class=\"elementor-container elementor-column-gap-default\">\n\t\t\t\t\t<div class=\"elementor-column elementor-col-50 elementor-inner-column elementor-element elementor-element-6b707fc\" data-id=\"6b707fc\" data-element_type=\"column\" data-e-type=\"column\">\n\t\t\t<div class=\"elementor-widget-wrap elementor-element-populated\">\n\t\t\t\t\t\t<div class=\"elementor-element elementor-element-490b7e9 elementor-cta--skin-classic elementor-animated-content elementor-bg-transform elementor-bg-transform-zoom-in elementor-widget elementor-widget-call-to-action\" data-id=\"490b7e9\" data-element_type=\"widget\" data-e-type=\"widget\" data-widget_type=\"call-to-action.default\">\n\t\t\t\t<div class=\"elementor-widget-container\">\n\t\t\t\t\t\t\t<div class=\"elementor-cta\">\n\t\t\t\t\t\t\t<div class=\"elementor-cta__content\">\n\t\t\t\t\n\t\t\t\t\t\t\t\t\t<h2 class=\"elementor-cta__title elementor-cta__content-item elementor-content-item\">\n\t\t\t\t\t\tNum\u00e9ro de t\u00e9l\u00e9phone :\t\t\t\t\t<\/h2>\n\t\t\t\t\n\t\t\t\t\t\t\t\t\t<div class=\"elementor-cta__description elementor-cta__content-item elementor-content-item\">\n\t\t\t\t\t\t<p>613.238.2000<\/p>\n\t\t\t\t\t<\/div>\n\t\t\t\t\n\t\t\t\t\t\t\t<\/div>\n\t\t\t\t\t\t<\/div>\n\t\t\t\t\t\t<\/div>\n\t\t\t\t<\/div>\n\t\t\t\t<div class=\"elementor-element elementor-element-38ef3e3 elementor-cta--skin-classic elementor-animated-content elementor-bg-transform elementor-bg-transform-zoom-in elementor-widget elementor-widget-call-to-action\" data-id=\"38ef3e3\" data-element_type=\"widget\" data-e-type=\"widget\" data-widget_type=\"call-to-action.default\">\n\t\t\t\t<div class=\"elementor-widget-container\">\n\t\t\t\t\t\t\t<div class=\"elementor-cta\">\n\t\t\t\t\t\t\t<div class=\"elementor-cta__content\">\n\t\t\t\t\n\t\t\t\t\t\t\t\t\t<h2 class=\"elementor-cta__title elementor-cta__content-item elementor-content-item\">\n\t\t\t\t\t\tNum\u00e9ro d'urgence (24h) :\t\t\t\t\t<\/h2>\n\t\t\t\t\n\t\t\t\t\t\t\t\t\t<div class=\"elementor-cta__description elementor-cta__content-item elementor-content-item\">\n\t\t\t\t\t\t<p>613.808.2508<\/p>\n\t\t\t\t\t<\/div>\n\t\t\t\t\n\t\t\t\t\t\t\t<\/div>\n\t\t\t\t\t\t<\/div>\n\t\t\t\t\t\t<\/div>\n\t\t\t\t<\/div>\n\t\t\t\t<div class=\"elementor-element elementor-element-e018c52 elementor-cta--skin-classic elementor-animated-content elementor-bg-transform elementor-bg-transform-zoom-in elementor-widget elementor-widget-call-to-action\" data-id=\"e018c52\" data-element_type=\"widget\" data-e-type=\"widget\" data-widget_type=\"call-to-action.default\">\n\t\t\t\t<div class=\"elementor-widget-container\">\n\t\t\t\t\t\t\t<div class=\"elementor-cta\">\n\t\t\t\t\t\t\t<div class=\"elementor-cta__content\">\n\t\t\t\t\n\t\t\t\t\t\t\t\t\t<h2 class=\"elementor-cta__title elementor-cta__content-item elementor-content-item\">\n\t\t\t\t\t\tCourriel :\t\t\t\t\t<\/h2>\n\t\t\t\t\n\t\t\t\t\t\t\t\t\t<div class=\"elementor-cta__description elementor-cta__content-item elementor-content-item\">\n\t\t\t\t\t\t<p>connie@frouharlaw.com<\/p>\n\t\t\t\t\t<\/div>\n\t\t\t\t\n\t\t\t\t\t\t\t<\/div>\n\t\t\t\t\t\t<\/div>\n\t\t\t\t\t\t<\/div>\n\t\t\t\t<\/div>\n\t\t\t\t\t<\/div>\n\t\t<\/div>\n\t\t\t\t<div class=\"elementor-column elementor-col-50 elementor-inner-column elementor-element elementor-element-1a57098\" data-id=\"1a57098\" data-element_type=\"column\" data-e-type=\"column\">\n\t\t\t<div class=\"elementor-widget-wrap elementor-element-populated\">\n\t\t\t\t\t\t<div class=\"elementor-element elementor-element-8bf7d2e elementor-widget elementor-widget-text-editor\" data-id=\"8bf7d2e\" data-element_type=\"widget\" data-e-type=\"widget\" data-widget_type=\"text-editor.default\">\n\t\t\t\t<div class=\"elementor-widget-container\">\n\t\t\t\t\t\t\t\t\t<p>Connie a \u00e9t\u00e9 admise au Barreau de l\u2019Ontario en 1993 et a pratiqu\u00e9 exclusivement dans le domaine du droit p\u00e9nal. Elle a plus de trente ann\u00e9es d\u2019exp\u00e9rience dans la d\u00e9fense r\u00e9ussie de certains des plus hauts cas de profil dans Le Canada et Ontario, souvent dans un contexte de m\u00e9dias et d\u2019examens minutieux concernant ses clients. Ces cas comprennent, des politiciens, des policiers, des athl\u00e8tes, des c\u00e9l\u00e9brit\u00e9s et des professionnels r\u00e9glement\u00e9s.<\/p><p>Connie a de l&rsquo;exp\u00e9rience exceptionnelle dans la pr\u00e9paration et la d\u00e9fense d\u2019affaires de conduite en \u00e9tat d\u2019ivresse (DUI), accidents mortels de v\u00e9hicules \u00e0 moteur, homicides, infractions \u00e0 la l\u00e9gislation sur les stup\u00e9fiants, infractions sexuelles, infractions avec violence, crimes non violents, abus de confiance criminelle et obstruction \u00e0 la justice, les infractions contre les biens, repr\u00e9sentant des policiers accus\u00e9s p\u00e9nalement et\/ou avec infractions disciplinaires en vertu de la Loi sur les services de police, lors d\u2019audiences disciplinaires, et de conseiller les policiers dans le cadre d\u2019enqu\u00eates men\u00e9es par l\u2019Unit\u00e9 des enqu\u00eates sp\u00e9ciales, ainsi que dans le cadre de grandes affaires complexes.<\/p><p>En raison de l&rsquo;exp\u00e9rience unique de Connie dans la repr\u00e9sentation de policiers, elle poss\u00e8de une connaissance approfondie des domaines de la police\/la formation polici\u00e8re, protocoles et proc\u00e9dures d\u2019enqu\u00eate.<\/p><p>En concevant des arguments juridiques cr\u00e9atifs et innovants, qui font souvent jurisprudence, elle fournit un service exceptionnel \u00e0 ses clients, tant en anglais qu\u2019en italien.<\/p><h2><strong>\u00c9ducation<\/strong><\/h2><p>Connie a obtenu un Baccalaur\u00e9at en sciences sociales, concentration criminologie, \u00e0 l\u2019Universit\u00e9 d\u2019Ottawa et a obtenu Magna Cum Laude en 1988. Elle s\u2019est ensuite inscrite au programme de Common Law de l\u2019Universit\u00e9 d\u2019Ottawa et a obtenu son dipl\u00f4me Magna Cum Laude en 1991. Depuis son appel admis au Barreau en 1993, Connie a \u00e9galement suivi le Programme de certificat sur les fondements des comp\u00e9tences judiciaires avec l\u2019Association du Barreau de l\u2019Ontario en 2021.<\/p><h2><strong>Associations professionnelles<\/strong><\/h2><p>Connie est un membre de bonne r\u00e9putation en r\u00e8gle du Barreau de l\u2019Ontario, de l&rsquo;association d&rsquo;avocats criminelle (Criminal Lawyers Association), de l\u2019association des avocats de la d\u00e9fense d\u2019Ottawa (Defence Counsel Association of Ottawa) et de \u00ab the American DUI Defense Lawyers Association \u00bb.<\/p>\t\t\t\t\t\t\t\t<\/div>\n\t\t\t\t<\/div>\n\t\t\t\t\t<\/div>\n\t\t<\/div>\n\t\t\t\t\t<\/div>\n\t\t<\/section>\n\t\t\t\t\t<\/div>\n\t\t<\/div>\n\t\t\t\t\t<\/div>\n\t\t<\/section>\n\t\t\t\t<\/div>\n\t\t","protected":false},"excerpt":{"rendered":"<p>Connie D\u2019Angelo Avocat &amp; Solicitor Lire la biographie Num\u00e9ro de t\u00e9l\u00e9phone : 613.238.2000 Num\u00e9ro d&rsquo;urgence (24h) : 613.808.2508 Courriel : connie@frouharlaw.com Connie a \u00e9t\u00e9 admise au Barreau de l\u2019Ontario en 1993 et a pratiqu\u00e9 exclusivement dans le domaine du droit p\u00e9nal. Elle a plus de trente ann\u00e9es d\u2019exp\u00e9rience dans la d\u00e9fense r\u00e9ussie de certains des [&hellip;]<\/p>\n","protected":false},"author":5,"featured_media":0,"parent":144,"menu_order":49,"comment_status":"closed","ping_status":"closed","template":"","meta":{"footnotes":""},"class_list":["post-510","page","type-page","status-publish","hentry"],"yoast_head":"<!-- This site is optimized with the Yoast SEO plugin v27.2 - https:\/\/yoast.com\/product\/yoast-seo-wordpress\/ -->\n<title>Connie D\u2019Angelo - Frouhar Law<\/title>\n<meta name=\"description\" content=\"Connie D\u2019Angelo a plus de trente ann\u00e9es d\u2019exp\u00e9rience dans la d\u00e9fense r\u00e9ussie de certains des plus hauts cas de profil dans Le Canada.\" \/>\n<meta name=\"robots\" content=\"index, follow, max-snippet:-1, max-image-preview:large, max-video-preview:-1\" \/>\n<link rel=\"canonical\" href=\"https:\/\/frouharlaw.com\/fr\/notre-equipe\/connie-dangelo\/\" \/>\n<meta property=\"og:locale\" content=\"fr_FR\" \/>\n<meta property=\"og:type\" content=\"article\" \/>\n<meta property=\"og:title\" content=\"Connie D\u2019Angelo - Frouhar Law\" \/>\n<meta property=\"og:description\" content=\"Connie D\u2019Angelo a plus de trente ann\u00e9es d\u2019exp\u00e9rience dans la d\u00e9fense r\u00e9ussie de certains des plus hauts cas de profil dans Le Canada.\" \/>\n<meta property=\"og:url\" content=\"https:\/\/frouharlaw.com\/fr\/notre-equipe\/connie-dangelo\/\" \/>\n<meta property=\"og:site_name\" content=\"Frouhar Law\" \/>\n<meta property=\"article:modified_time\" content=\"2024-08-07T14:53:27+00:00\" \/>\n<meta property=\"og:image\" content=\"https:\/\/frouharlaw.com\/wp-content\/uploads\/frouharlaw-og.jpg\" \/>\n\t<meta property=\"og:image:width\" content=\"1200\" \/>\n\t<meta property=\"og:image:height\" content=\"630\" \/>\n\t<meta property=\"og:image:type\" content=\"image\/jpeg\" \/>\n<meta name=\"twitter:card\" content=\"summary_large_image\" \/>\n<meta name=\"twitter:label1\" content=\"Dur\u00e9e de lecture estim\u00e9e\" \/>\n\t<meta name=\"twitter:data1\" content=\"2 minutes\" \/>\n<script type=\"application\/ld+json\" class=\"yoast-schema-graph\">{\"@context\":\"https:\/\/schema.org\",\"@graph\":[{\"@type\":\"WebPage\",\"@id\":\"https:\/\/frouharlaw.com\/fr\/notre-equipe\/connie-dangelo\/\",\"url\":\"https:\/\/frouharlaw.com\/fr\/notre-equipe\/connie-dangelo\/\",\"name\":\"Connie D\u2019Angelo - Frouhar Law\",\"isPartOf\":{\"@id\":\"https:\/\/frouharlaw.com\/#website\"},\"datePublished\":\"2021-12-15T16:17:44+00:00\",\"dateModified\":\"2024-08-07T14:53:27+00:00\",\"description\":\"Connie D\u2019Angelo a plus de trente ann\u00e9es d\u2019exp\u00e9rience dans la d\u00e9fense r\u00e9ussie de certains des plus hauts cas de profil dans Le Canada.\",\"breadcrumb\":{\"@id\":\"https:\/\/frouharlaw.com\/fr\/notre-equipe\/connie-dangelo\/#breadcrumb\"},\"inLanguage\":\"fr-FR\",\"potentialAction\":[{\"@type\":\"ReadAction\",\"target\":[\"https:\/\/frouharlaw.com\/fr\/notre-equipe\/connie-dangelo\/\"]}]},{\"@type\":\"BreadcrumbList\",\"@id\":\"https:\/\/frouharlaw.com\/fr\/notre-equipe\/connie-dangelo\/#breadcrumb\",\"itemListElement\":[{\"@type\":\"ListItem\",\"position\":1,\"name\":\"Home\",\"item\":\"https:\/\/frouharlaw.com\/fr\/\"},{\"@type\":\"ListItem\",\"position\":2,\"name\":\"Notre \u00e9quipe\",\"item\":\"https:\/\/frouharlaw.com\/fr\/notre-equipe\/\"},{\"@type\":\"ListItem\",\"position\":3,\"name\":\"Connie D\u2019Angelo\"}]},{\"@type\":\"WebSite\",\"@id\":\"https:\/\/frouharlaw.com\/#website\",\"url\":\"https:\/\/frouharlaw.com\/\",\"name\":\"Frouhar Law\",\"description\":\"Determined. Creative. Tireless. Passionate.\",\"publisher\":{\"@id\":\"https:\/\/frouharlaw.com\/#organization\"},\"potentialAction\":[{\"@type\":\"SearchAction\",\"target\":{\"@type\":\"EntryPoint\",\"urlTemplate\":\"https:\/\/frouharlaw.com\/?s={search_term_string}\"},\"query-input\":{\"@type\":\"PropertyValueSpecification\",\"valueRequired\":true,\"valueName\":\"search_term_string\"}}],\"inLanguage\":\"fr-FR\"},{\"@type\":\"Organization\",\"@id\":\"https:\/\/frouharlaw.com\/#organization\",\"name\":\"Frouhar Law\",\"url\":\"https:\/\/frouharlaw.com\/\",\"logo\":{\"@type\":\"ImageObject\",\"inLanguage\":\"fr-FR\",\"@id\":\"https:\/\/frouharlaw.com\/#\/schema\/logo\/image\/\",\"url\":\"https:\/\/frouharlaw.com\/wp-content\/uploads\/frouhar-law-logo.png\",\"contentUrl\":\"https:\/\/frouharlaw.com\/wp-content\/uploads\/frouhar-law-logo.png\",\"width\":3601,\"height\":3600,\"caption\":\"Frouhar Law\"},\"image\":{\"@id\":\"https:\/\/frouharlaw.com\/#\/schema\/logo\/image\/\"}}]}<\/script>\n<!-- \/ Yoast SEO plugin. -->","yoast_head_json":{"title":"Connie D\u2019Angelo - Frouhar Law","description":"Connie D\u2019Angelo a plus de trente ann\u00e9es d\u2019exp\u00e9rience dans la d\u00e9fense r\u00e9ussie de certains des plus hauts cas de profil dans Le Canada.","robots":{"index":"index","follow":"follow","max-snippet":"max-snippet:-1","max-image-preview":"max-image-preview:large","max-video-preview":"max-video-preview:-1"},"canonical":"https:\/\/frouharlaw.com\/fr\/notre-equipe\/connie-dangelo\/","og_locale":"fr_FR","og_type":"article","og_title":"Connie D\u2019Angelo - Frouhar Law","og_description":"Connie D\u2019Angelo a plus de trente ann\u00e9es d\u2019exp\u00e9rience dans la d\u00e9fense r\u00e9ussie de certains des plus hauts cas de profil dans Le Canada.","og_url":"https:\/\/frouharlaw.com\/fr\/notre-equipe\/connie-dangelo\/","og_site_name":"Frouhar Law","article_modified_time":"2024-08-07T14:53:27+00:00","og_image":[{"width":1200,"height":630,"url":"https:\/\/frouharlaw.com\/wp-content\/uploads\/frouharlaw-og.jpg","type":"image\/jpeg"}],"twitter_card":"summary_large_image","twitter_misc":{"Dur\u00e9e de lecture estim\u00e9e":"2 minutes"},"schema":{"@context":"https:\/\/schema.org","@graph":[{"@type":"WebPage","@id":"https:\/\/frouharlaw.com\/fr\/notre-equipe\/connie-dangelo\/","url":"https:\/\/frouharlaw.com\/fr\/notre-equipe\/connie-dangelo\/","name":"Connie D\u2019Angelo - Frouhar Law","isPartOf":{"@id":"https:\/\/frouharlaw.com\/#website"},"datePublished":"2021-12-15T16:17:44+00:00","dateModified":"2024-08-07T14:53:27+00:00","description":"Connie D\u2019Angelo a plus de trente ann\u00e9es d\u2019exp\u00e9rience dans la d\u00e9fense r\u00e9ussie de certains des plus hauts cas de profil dans Le Canada.","breadcrumb":{"@id":"https:\/\/frouharlaw.com\/fr\/notre-equipe\/connie-dangelo\/#breadcrumb"},"inLanguage":"fr-FR","potentialAction":[{"@type":"ReadAction","target":["https:\/\/frouharlaw.com\/fr\/notre-equipe\/connie-dangelo\/"]}]},{"@type":"BreadcrumbList","@id":"https:\/\/frouharlaw.com\/fr\/notre-equipe\/connie-dangelo\/#breadcrumb","itemListElement":[{"@type":"ListItem","position":1,"name":"Home","item":"https:\/\/frouharlaw.com\/fr\/"},{"@type":"ListItem","position":2,"name":"Notre \u00e9quipe","item":"https:\/\/frouharlaw.com\/fr\/notre-equipe\/"},{"@type":"ListItem","position":3,"name":"Connie D\u2019Angelo"}]},{"@type":"WebSite","@id":"https:\/\/frouharlaw.com\/#website","url":"https:\/\/frouharlaw.com\/","name":"Frouhar Law","description":"Determined. Creative. Tireless. Passionate.","publisher":{"@id":"https:\/\/frouharlaw.com\/#organization"},"potentialAction":[{"@type":"SearchAction","target":{"@type":"EntryPoint","urlTemplate":"https:\/\/frouharlaw.com\/?s={search_term_string}"},"query-input":{"@type":"PropertyValueSpecification","valueRequired":true,"valueName":"search_term_string"}}],"inLanguage":"fr-FR"},{"@type":"Organization","@id":"https:\/\/frouharlaw.com\/#organization","name":"Frouhar Law","url":"https:\/\/frouharlaw.com\/","logo":{"@type":"ImageObject","inLanguage":"fr-FR","@id":"https:\/\/frouharlaw.com\/#\/schema\/logo\/image\/","url":"https:\/\/frouharlaw.com\/wp-content\/uploads\/frouhar-law-logo.png","contentUrl":"https:\/\/frouharlaw.com\/wp-content\/uploads\/frouhar-law-logo.png","width":3601,"height":3600,"caption":"Frouhar Law"},"image":{"@id":"https:\/\/frouharlaw.com\/#\/schema\/logo\/image\/"}}]}},"_links":{"self":[{"href":"https:\/\/frouharlaw.com\/fr\/wp-json\/wp\/v2\/pages\/510","targetHints":{"allow":["GET"]}}],"collection":[{"href":"https:\/\/frouharlaw.com\/fr\/wp-json\/wp\/v2\/pages"}],"about":[{"href":"https:\/\/frouharlaw.com\/fr\/wp-json\/wp\/v2\/types\/page"}],"author":[{"embeddable":true,"href":"https:\/\/frouharlaw.com\/fr\/wp-json\/wp\/v2\/users\/5"}],"replies":[{"embeddable":true,"href":"https:\/\/frouharlaw.com\/fr\/wp-json\/wp\/v2\/comments?post=510"}],"version-history":[{"count":17,"href":"https:\/\/frouharlaw.com\/fr\/wp-json\/wp\/v2\/pages\/510\/revisions"}],"predecessor-version":[{"id":4023,"href":"https:\/\/frouharlaw.com\/fr\/wp-json\/wp\/v2\/pages\/510\/revisions\/4023"}],"up":[{"embeddable":true,"href":"https:\/\/frouharlaw.com\/fr\/wp-json\/wp\/v2\/pages\/144"}],"wp:attachment":[{"href":"https:\/\/frouharlaw.com\/fr\/wp-json\/wp\/v2\/media?parent=510"}],"curies":[{"name":"wp","href":"https:\/\/api.w.org\/{rel}","templated":true}]}}